{"id":24374,"date":"2026-01-26T23:24:03","date_gmt":"2026-01-26T15:24:03","guid":{"rendered":"https:\/\/agoravape.com\/?post_type=product&#038;p=24374"},"modified":"2026-03-21T12:43:59","modified_gmt":"2026-03-21T11:43:59","slug":"bang-leader-100k-4in1-100000-soffi","status":"publish","type":"product","link":"https:\/\/agoravape.com\/it\/product\/bang-leader-100k-4in1-100000-puffs\/","title":{"rendered":"Bang Leader 100k 100000 tiri 4 in 1 Multi Flavor | Quattro gusti, un dispositivo, meno problemi"},"content":{"rendered":"<h2 data-v-md-heading=\"what-is-the-special-feature-of-bang-leader-100k-100000-mouth-4-in-1-multi-flavor\" data-v-md-line=\"3\"><img loading=\"lazy\" decoding=\"async\" class=\"aligncenter size-full wp-image-24401\" src=\"https:\/\/agoravape.com\/wp-content\/uploads\/2026\/01\/Bang-Leader-100k-100000-Puffs-4in1-Multi-Flavor-Four-Flavours-One-Device-Less-Hassle_Agora_vape-11-scaled.webp\" alt=\"\" width=\"1371\" height=\"2560\" srcset=\"https:\/\/agoravape.com\/wp-content\/uploads\/2026\/01\/Bang-Leader-100k-100000-Puffs-4in1-Multi-Flavor-Four-Flavours-One-Device-Less-Hassle_Agora_vape-11-scaled.webp 1371w, https:\/\/agoravape.com\/wp-content\/uploads\/2026\/01\/Bang-Leader-100k-100000-Puffs-4in1-Multi-Flavor-Four-Flavours-One-Device-Less-Hassle_Agora_vape-11-scaled-1200x2241.webp 1200w, https:\/\/agoravape.com\/wp-content\/uploads\/2026\/01\/Bang-Leader-100k-100000-Puffs-4in1-Multi-Flavor-Four-Flavours-One-Device-Less-Hassle_Agora_vape-11-161x300.webp 161w, https:\/\/agoravape.com\/wp-content\/uploads\/2026\/01\/Bang-Leader-100k-100000-Puffs-4in1-Multi-Flavor-Four-Flavours-One-Device-Less-Hassle_Agora_vape-11-548x1024.webp 548w, https:\/\/agoravape.com\/wp-content\/uploads\/2026\/01\/Bang-Leader-100k-100000-Puffs-4in1-Multi-Flavor-Four-Flavours-One-Device-Less-Hassle_Agora_vape-11-768x1434.webp 768w, https:\/\/agoravape.com\/wp-content\/uploads\/2026\/01\/Bang-Leader-100k-100000-Puffs-4in1-Multi-Flavor-Four-Flavours-One-Device-Less-Hassle_Agora_vape-11-823x1536.webp 823w, https:\/\/agoravape.com\/wp-content\/uploads\/2026\/01\/Bang-Leader-100k-100000-Puffs-4in1-Multi-Flavor-Four-Flavours-One-Device-Less-Hassle_Agora_vape-11-1097x2048.webp 1097w, https:\/\/agoravape.com\/wp-content\/uploads\/2026\/01\/Bang-Leader-100k-100000-Puffs-4in1-Multi-Flavor-Four-Flavours-One-Device-Less-Hassle_Agora_vape-11-6x12.webp 6w\" sizes=\"auto, (max-width: 1371px) 100vw, 1371px\" \/><\/h2>\n<h2 data-v-md-heading=\"what-is-the-special-feature-of-bang-leader-100k-100000-mouth-4-in-1-multi-flavor\" data-v-md-line=\"3\">Qual \u00e8 la caratteristica speciale di Bang Leader 100k 100000 mouth 4-in-1 multi flavour?<\/h2>\n<p data-v-md-line=\"5\">Se sei stanco di fumare un solo aroma tutto il giorno, questo prodotto ti semplificher\u00e0 la vita. Bang Leader 100k \u00e8 uno svapo usa e getta di grande capacit\u00e0 che ti permette di provare quattro aromi con un solo dispositivo, permettendoti di cambiare aroma in qualsiasi momento e ovunque, senza dover portare con te cartucce di ricambio o acquistare pi\u00f9 svapo diversi per mantenere la freschezza.<\/p>\n<p data-v-md-line=\"7\">Un'altra cosa inaspettata: potresti pensare che un dispositivo con una capacit\u00e0 di 100.000 porte sia pesante come un mattone in tasca, ma in realt\u00e0 \u00e8 molto facile da trasportare. Questo prodotto \u00e8 progettato per chi cerca durevolezza, facilit\u00e0 d'uso e vuole ridurre la necessit\u00e0 di \"acquistare, buttare e riacquistare\".<\/p>\n<h2 data-v-md-heading=\"excellent-performance-and-easy-operation\" data-v-md-line=\"9\">Prestazioni eccellenti e facilit\u00e0 d'uso<\/h2>\n<p data-v-md-line=\"11\">La resistenza mesh da 1,0 \u03a9 integrata garantisce un sapore costante e non si deteriora rapidamente come accade con altri vaporizzatori. Quando la batteria \u00e8 scarica, \u00e8 possibile utilizzare l'interfaccia Type-C per la ricarica, la stessa utilizzata dalla maggior parte delle persone per ricaricare i propri telefoni. Non \u00e8 necessario alcun caricabatterie speciale ed \u00e8 anche molto comodo da usare.<\/p>\n<h2 data-v-md-heading=\"quick-specifications\" data-v-md-line=\"13\">Specifiche rapide<\/h2>\n<ul data-v-md-line=\"14\">\n<li>Frequenza di fumo: fino a 100000 tiri<\/li>\n<li>Contenuto di nicotina: (non esplicitamente indicato nei dati del prodotto \u2013 consultateci e vi confermeremo le attuali opzioni di inventario)<\/li>\n<li>Utilizzo: Inspirare per attivare<\/li>\n<li>Charging method: Type-C USB interface<\/li>\n<li>Capacit\u00e0 della batteria: 850 mAh (17350)<\/li>\n<li>Nucleo di atomizzazione: nucleo di atomizzazione a maglie da 1,0 \u03a9<\/li>\n<li>Stato del prodotto: pronto all'uso appena estratto dalla confezione<\/li>\n<li>Peso della singola unit\u00e0: 137,8 grammi<\/li>\n<\/ul>\n<h2 data-v-md-heading=\"complete-flavor-lineup\" data-v-md-line=\"23\">Gamma completa di gusti<\/h2>\n<p data-v-md-line=\"25\">Trattandosi di uno svapo quattro in uno, gli aromi sono offerti sotto forma di quattro combinazioni (tutti e quattro gli aromi sono disponibili sullo stesso dispositivo). Ecco alcune combinazioni di aromi confermate:<\/p>\n<ul data-v-md-line=\"26\">\n<li>Limone e lime \/ Ghiaccio all'anguria \/ Ghiaccio al drago nero \/ Frutto del drago alla fragola \/ Amore 666<\/li>\n<li>Cola alla vaniglia \/ Pesca al limone \/ Ghiaccio alla fragola, lampone e ciliegia \/ Ghiaccio all'uva<\/li>\n<li>Uva scoppiata \/ Ghiaccio al litchi \/ Pesca e frutti di bosco \/ Kiwi e frutto della passione e guava<\/li>\n<li>Ghiaccio all'anguria \/ Ghiaccio alla fragola e mango \/ Ghiaccio al mirtillo \/ Ghiaccio alla ciliegia frizzante<\/li>\n<li>Fragola e anguria \/ Cola alla ciliegia \/ Ghiaccio alla pesca succosa \/ Rinfrescante al pompelmo<\/li>\n<li>Limone e lime \/ Ghiaccio alla fragola \/ Anguria al lampone \/ Ciliegia frizzante<\/li>\n<li>Limonata rosa \/ Kiwi e frutto della passione \/ Guava \/ Pesca e frutti di bosco \/ Fragola e banana<\/li>\n<li>Fragola e mango \/ Limonata Blue Razz \/ Gelato alla vaniglia \/ Sour Triple Berry<\/li>\n<li>Frutti di bosco misti \/ Ciliegia Limone \/ Fragola Kiwi \/ Fragola Anguria Gomma da masticare<\/li>\n<li>Mojito \/ Monster Mango \/ Lady Killer \/ Limonata rosa<\/li>\n<\/ul>\n<h2 data-v-md-heading=\"suitable-for-you-and-your-business\" data-v-md-line=\"37\">Adatto a te e alla tua attivit\u00e0<\/h2>\n<p data-v-md-line=\"39\">Se lo usi per uso personale, puoi acquistare Bang Leader 100k separatamente. Se gestisci un negozio o vendi online, anche la vendita all'ingrosso \u00e8 una buona scelta, perch\u00e9 i clienti apprezzano il concetto di design \"un dispositivo, quattro gusti\", che pu\u00f2 ridurre l'affaticamento del gusto.<\/p>\n<p data-v-md-line=\"41\">Per quanto riguarda il commercio all'ingrosso, i dati di imballaggio supportano 200 pezzi\/scatola (dimensioni della scatola: 51,5 \u00d7 51,5 \u00d7 30,5 cm, peso totale: 30 kg). Collaboriamo con rotte di spedizione affidabili nell'UE e con i principali corrieri come DHL, DPD e UPS per garantire che non si verifichino \"incidenti\" in dogana.<\/p>\n<h2 data-v-md-heading=\"reasons-why-you-will-like-it\" data-v-md-line=\"43\">Reasons why you will like it<\/h2>\n<ul data-v-md-line=\"44\">\n<li>Durevole: batteria a lunga durata, non \u00e8 necessario sostituire frequentemente le sigarette elettroniche.<\/li>\n<li>Quattro gusti: quando ti stanchi dei gusti, puoi cambiarli in qualsiasi momento.<\/li>\n<li>Interfaccia di ricarica di tipo C: comoda per sfruttare appieno il dispositivo ed evitare lo smaltimento prematuro.<\/li>\n<li>Nucleo dell'atomizzatore a rete: garantisce un gusto uniforme.<\/li>\n<\/ul>\n<h2 data-v-md-heading=\"why-choose-agoravape\" data-v-md-line=\"49\">Perch\u00e9 scegliere AgoraVape?<\/h2>\n<p data-v-md-line=\"51\">Adottiamo il principio della semplicit\u00e0 al primo posto: garanzia di un prodotto originale al 100%, un comodo supporto all'ingrosso e una consegna logistica europea rapida e affidabile. Se desiderate distribuire il dentifricio Bang Leader 100k 4 in 1 Multi Flavor e sperate di invogliare i clienti ad acquistarlo regolarmente grazie alla sua praticit\u00e0, contattateci e concorderemo prezzo e fornitura per voi.<\/p>\n<p><script src=\"chrome-extension:\/\/fpelahbljekknahkcaegamhcndkfpfnc\/iFrame.js\" type=\"text\/javascript\"><\/script><\/p>","protected":false},"excerpt":{"rendered":"<p>&nbsp;<\/p>\n<p><script src=\"chrome-extension:\/\/fpelahbljekknahkcaegamhcndkfpfnc\/iFrame.js\" type=\"text\/javascript\"><\/script><\/p>\n<p><script src=\"chrome-extension:\/\/fpelahbljekknahkcaegamhcndkfpfnc\/iFrame.js\" type=\"text\/javascript\"><\/script><\/p>\n<p><script src=\"chrome-extension:\/\/fpelahbljekknahkcaegamhcndkfpfnc\/iFrame.js\" type=\"text\/javascript\"><\/script><\/p>\n<p><script src=\"chrome-extension:\/\/fpelahbljekknahkcaegamhcndkfpfnc\/iFrame.js\" type=\"text\/javascript\"><\/script><\/p>\n<p><script src=\"chrome-extension:\/\/fpelahbljekknahkcaegamhcndkfpfnc\/iFrame.js\" type=\"text\/javascript\"><\/script><\/p>","protected":false},"featured_media":24400,"comment_status":"open","ping_status":"closed","template":"","meta":[],"product_brand":[197],"product_cat":[124,187,185,188,189,123,1674,174,175,193,191,179,173,186,180,190,192],"product_tag":[],"class_list":{"0":"post-24374","1":"product","2":"type-product","3":"status-publish","4":"has-post-thumbnail","6":"product_brand-bang","7":"product_cat-vape-by-brand","8":"product_cat-0mg-nicotine-free-vapes","9":"product_cat-10000-puffs-high-capacity","10":"product_cat-10mg-low-nicotine-vapes","11":"product_cat-20mg-standard-nicotine-vapes","12":"product_cat-bang","13":"product_cat-eu-warehouse","14":"product_cat-fruit-flavors","15":"product_cat-icy-mint","16":"product_cat-mesh-coil","17":"product_cat-rechargeable-disposables","18":"product_cat-unique-blends","19":"product_cat-vape-by-flavor-profile","20":"product_cat-vape-by-nicotine-strength","21":"product_cat-vape-by-puff-count","22":"product_cat-vape-by-feature-or-type","23":"product_cat-vapes-with-screens","25":"first","26":"instock","27":"shipping-taxable","28":"purchasable","29":"product-type-variable","30":"has-default-attributes"},"tiered_pricing_type":"percentage","tiered_pricing_fixed_rules":[],"tiered_pricing_product_settings":{"layout":"default","base_unit_name":{"singular":null,"plural":null},"default_variation":null},"tiered_pricing_minimum_quantity":10,"tiered_pricing_roles_data":[],"tiered_pricing_percentage_rules":{"30":"9","50":"17","100":"23","200":"25","500":"28","1000":"33"},"tiered_pricing_maximum_quantity":null,"tiered_pricing_quantity_step":"10","_links":{"self":[{"href":"https:\/\/agoravape.com\/it\/wp-json\/wp\/v2\/product\/24374","targetHints":{"allow":["GET"]}}],"collection":[{"href":"https:\/\/agoravape.com\/it\/wp-json\/wp\/v2\/product"}],"about":[{"href":"https:\/\/agoravape.com\/it\/wp-json\/wp\/v2\/types\/product"}],"replies":[{"embeddable":true,"href":"https:\/\/agoravape.com\/it\/wp-json\/wp\/v2\/comments?post=24374"}],"version-history":[{"count":0,"href":"https:\/\/agoravape.com\/it\/wp-json\/wp\/v2\/product\/24374\/revisions"}],"wp:featuredmedia":[{"embeddable":true,"href":"https:\/\/agoravape.com\/it\/wp-json\/wp\/v2\/media\/24400"}],"wp:attachment":[{"href":"https:\/\/agoravape.com\/it\/wp-json\/wp\/v2\/media?parent=24374"}],"wp:term":[{"taxonomy":"product_brand","embeddable":true,"href":"https:\/\/agoravape.com\/it\/wp-json\/wp\/v2\/product_brand?post=24374"},{"taxonomy":"product_cat","embeddable":true,"href":"https:\/\/agoravape.com\/it\/wp-json\/wp\/v2\/product_cat?post=24374"},{"taxonomy":"product_tag","embeddable":true,"href":"https:\/\/agoravape.com\/it\/wp-json\/wp\/v2\/product_tag?post=24374"}],"curies":[{"name":"wp","href":"https:\/\/api.w.org\/{rel}","templated":true}]}}