{"id":24433,"date":"2026-01-26T23:44:29","date_gmt":"2026-01-26T15:44:29","guid":{"rendered":"https:\/\/agoravape.com\/?post_type=product&#038;p=24433"},"modified":"2026-03-09T03:29:44","modified_gmt":"2026-03-09T02:29:44","slug":"bang-leader-120k-2in1-120000-soffi","status":"publish","type":"product","link":"https:\/\/agoravape.com\/it\/product\/bang-leader-120k-2in1-120000-puffs\/","title":{"rendered":"Bang Leader 120k 120000 tiri 2 in 1 Flavor Vape | Due aromi in uno, meno problemi quotidiani"},"content":{"rendered":"<h2 data-v-md-heading=\"what-is-the-special-feature-of-bang-leader-120k-120000-2-in-1-flavor-vape\" data-v-md-line=\"3\"><img loading=\"lazy\" decoding=\"async\" class=\"aligncenter size-full wp-image-24459\" src=\"https:\/\/agoravape.com\/wp-content\/uploads\/2026\/01\/Bang-Leader-120k-120000-Puffs-2in1-Flavor-Vape-Two-Flavours-in-One-Less-Hassle-Day-to-Day_Agora_vape-15-scaled.webp\" alt=\"\" width=\"2560\" height=\"1440\" srcset=\"https:\/\/agoravape.com\/wp-content\/uploads\/2026\/01\/Bang-Leader-120k-120000-Puffs-2in1-Flavor-Vape-Two-Flavours-in-One-Less-Hassle-Day-to-Day_Agora_vape-15-scaled.webp 2560w, https:\/\/agoravape.com\/wp-content\/uploads\/2026\/01\/Bang-Leader-120k-120000-Puffs-2in1-Flavor-Vape-Two-Flavours-in-One-Less-Hassle-Day-to-Day_Agora_vape-15-scaled-1200x675.webp 1200w, https:\/\/agoravape.com\/wp-content\/uploads\/2026\/01\/Bang-Leader-120k-120000-Puffs-2in1-Flavor-Vape-Two-Flavours-in-One-Less-Hassle-Day-to-Day_Agora_vape-15-300x169.webp 300w, https:\/\/agoravape.com\/wp-content\/uploads\/2026\/01\/Bang-Leader-120k-120000-Puffs-2in1-Flavor-Vape-Two-Flavours-in-One-Less-Hassle-Day-to-Day_Agora_vape-15-1024x576.webp 1024w, https:\/\/agoravape.com\/wp-content\/uploads\/2026\/01\/Bang-Leader-120k-120000-Puffs-2in1-Flavor-Vape-Two-Flavours-in-One-Less-Hassle-Day-to-Day_Agora_vape-15-768x432.webp 768w, https:\/\/agoravape.com\/wp-content\/uploads\/2026\/01\/Bang-Leader-120k-120000-Puffs-2in1-Flavor-Vape-Two-Flavours-in-One-Less-Hassle-Day-to-Day_Agora_vape-15-1536x864.webp 1536w, https:\/\/agoravape.com\/wp-content\/uploads\/2026\/01\/Bang-Leader-120k-120000-Puffs-2in1-Flavor-Vape-Two-Flavours-in-One-Less-Hassle-Day-to-Day_Agora_vape-15-2048x1152.webp 2048w, https:\/\/agoravape.com\/wp-content\/uploads\/2026\/01\/Bang-Leader-120k-120000-Puffs-2in1-Flavor-Vape-Two-Flavours-in-One-Less-Hassle-Day-to-Day_Agora_vape-15-18x10.webp 18w\" sizes=\"auto, (max-width: 2560px) 100vw, 2560px\" \/><\/h2>\n<h2 data-v-md-heading=\"what-is-the-special-feature-of-bang-leader-120k-120000-2-in-1-flavor-vape\" data-v-md-line=\"3\"><img loading=\"lazy\" decoding=\"async\" class=\"aligncenter size-full wp-image-27745\" src=\"https:\/\/agoravape.com\/wp-content\/uploads\/2026\/01\/ab2846df4361fdef09fcd33e8cf96839.jpg\" alt=\"\" width=\"1706\" height=\"1279\" srcset=\"https:\/\/agoravape.com\/wp-content\/uploads\/2026\/01\/ab2846df4361fdef09fcd33e8cf96839.jpg 1706w, https:\/\/agoravape.com\/wp-content\/uploads\/2026\/01\/ab2846df4361fdef09fcd33e8cf96839-300x225.jpg 300w, https:\/\/agoravape.com\/wp-content\/uploads\/2026\/01\/ab2846df4361fdef09fcd33e8cf96839-1024x768.jpg 1024w, https:\/\/agoravape.com\/wp-content\/uploads\/2026\/01\/ab2846df4361fdef09fcd33e8cf96839-768x576.jpg 768w, https:\/\/agoravape.com\/wp-content\/uploads\/2026\/01\/ab2846df4361fdef09fcd33e8cf96839-1536x1152.jpg 1536w, https:\/\/agoravape.com\/wp-content\/uploads\/2026\/01\/ab2846df4361fdef09fcd33e8cf96839-16x12.jpg 16w, https:\/\/agoravape.com\/wp-content\/uploads\/2026\/01\/ab2846df4361fdef09fcd33e8cf96839-1200x900.jpg 1200w\" sizes=\"auto, (max-width: 1706px) 100vw, 1706px\" \/><\/h2>\n<h2 data-v-md-heading=\"what-is-the-special-feature-of-bang-leader-120k-120000-2-in-1-flavor-vape\" data-v-md-line=\"3\"><img loading=\"lazy\" decoding=\"async\" class=\"aligncenter size-full wp-image-27747\" src=\"https:\/\/agoravape.com\/wp-content\/uploads\/2026\/01\/2f022db8983595eff96ae895b83c9f3e.jpg\" alt=\"\" width=\"1706\" height=\"1279\" srcset=\"https:\/\/agoravape.com\/wp-content\/uploads\/2026\/01\/2f022db8983595eff96ae895b83c9f3e.jpg 1706w, https:\/\/agoravape.com\/wp-content\/uploads\/2026\/01\/2f022db8983595eff96ae895b83c9f3e-300x225.jpg 300w, https:\/\/agoravape.com\/wp-content\/uploads\/2026\/01\/2f022db8983595eff96ae895b83c9f3e-1024x768.jpg 1024w, https:\/\/agoravape.com\/wp-content\/uploads\/2026\/01\/2f022db8983595eff96ae895b83c9f3e-768x576.jpg 768w, https:\/\/agoravape.com\/wp-content\/uploads\/2026\/01\/2f022db8983595eff96ae895b83c9f3e-1536x1152.jpg 1536w, https:\/\/agoravape.com\/wp-content\/uploads\/2026\/01\/2f022db8983595eff96ae895b83c9f3e-16x12.jpg 16w, https:\/\/agoravape.com\/wp-content\/uploads\/2026\/01\/2f022db8983595eff96ae895b83c9f3e-1200x900.jpg 1200w\" sizes=\"auto, (max-width: 1706px) 100vw, 1706px\" \/><\/h2>\n<h2 data-v-md-heading=\"what-is-the-special-feature-of-bang-leader-120k-120000-2-in-1-flavor-vape\" data-v-md-line=\"3\">Qual \u00e8 la caratteristica speciale del Bang Leader 120K 120000 2-in-1 flavor vape?<\/h2>\n<p data-v-md-line=\"5\">Se sei stanco delle sigarette elettroniche usa e getta che durano solo uno o due giorni e poi subiscono un brusco calo del sapore, Bang Leader 120K \u00e8 la scelta ideale che stavi sognando. \u00c8 progettato per un uso a lungo termine (fino a 120.000 tiri) ed \u00e8 dotato di un sistema di aromi 2 in 1, che ti consente di cambiare facilmente aroma senza dover portare con te una seconda sigaretta elettronica.<\/p>\n<p data-v-md-line=\"7\">Potresti pensare che una sigaretta elettronica che vanta un numero cos\u00ec elevato di fumatori sia pesante come un mattone in tasca. Ma in realt\u00e0, ha un'impugnatura comoda, con un peso di soli 110,2 grammi, che la rende leggera e non ingombrante.<\/p>\n<h2 data-v-md-heading=\"excellent-performance-and-easy-operation\" data-v-md-line=\"9\">Prestazioni eccellenti e facilit\u00e0 d'uso<\/h2>\n<p data-v-md-line=\"11\">Bang\u2019s design is simple and clear: 1.0 \u03a9 mesh coil is r<\/p>\n<p data-v-md-line=\"11\">esponsible for the taste, ensuring consistent suction resistance and avoiding the situation of thinning or sticking to the core halfway through suction. When the battery is low, it can be charged through the Type-C interface, which means you can use the same data cable that you usually charge your phone with. Everything is under control.<\/p>\n<h2 data-v-md-heading=\"quick-specifications\" data-v-md-line=\"13\">Specifiche rapide<\/h2>\n<ul data-v-md-line=\"14\">\n<li>Frequenza di fumo: fino a 120000 tiri<\/li>\n<li>Capacit\u00e0 della batteria: 650 mAh (ricaricabile)<\/li>\n<li>Nucleo di atomizzazione: nucleo di atomizzazione a maglie da 1,0 \u03a9<\/li>\n<li>Utilizzo: Inspirare per attivare<\/li>\n<li>Interfaccia di ricarica: interfaccia di tipo C<\/li>\n<li>Peso: 110,2 grammi per unit\u00e0<\/li>\n<li>Stato: pronto all'uso appena estratto dalla confezione<\/li>\n<\/ul>\n<h2 data-v-md-heading=\"complete-flavor-lineup\" data-v-md-line=\"22\">Gamma completa di gusti<\/h2>\n<p data-v-md-line=\"24\">Ogni dispositivo \u00e8 dotato di due combinazioni di gusti:<\/p>\n<ul data-v-md-line=\"25\">\n<li>Blue Razz \/ Love 66<\/li>\n<li>Fragola Ciliegia \/ Kiwi Frutto della Passione Guava<\/li>\n<li>Gomma da masticare all'anguria \/ Frutta mista<\/li>\n<li>Festa di fragole e banane \/ ciliegie<\/li>\n<li>Ghiaccio all'anguria \/ Pesca e mango<\/li>\n<li>Ghiaccio al mirtillo \/ Lampone e limone<\/li>\n<li>Energia rossa \/ Ghiaccio all'uva<\/li>\n<li>Fragola Anguria \/ Aranciata<\/li>\n<li>Cola Ice \/ Ciliegia e mirtillo rosso<\/li>\n<li>Ghiaccio al mirtillo \/ Ribes nero<\/li>\n<li>Mojito al lampone, ghiaccio alla pesca \/ Lady Killer<\/li>\n<li>Ghiaccio all'anguria \/ Mamba alla fragola<\/li>\n<\/ul>\n<h2 data-v-md-heading=\"suitable-for-you-and-your-business\" data-v-md-line=\"38\">Adatto a te e alla tua attivit\u00e0<\/h2>\n<p data-v-md-line=\"40\">Bang Leader 120K \u00e8 disponibile per uso personale, ma \u00e8 adatto anche per la vendita in negozio. \u00c8 un prodotto da svapo pratico, veloce e saporito, molto apprezzato dai clienti.<\/p>\n<p data-v-md-line=\"42\">Per quanto riguarda la pianificazione della vendita all'ingrosso e della logistica, le nostre specifiche di imballaggio sono le seguenti: 200 pezzi per scatola (dimensioni cartone: 65 \u00d7 31 \u00d7 26 cm, 23,7 kg). Se effettuate un ordine all'ingrosso, vi aiuteremo a scegliere la soluzione di spedizione pi\u00f9 adatta per garantire una logistica fluida e senza intoppi.<\/p>\n<h2 data-v-md-heading=\"reasons-why-you-will-like-it\" data-v-md-line=\"44\">Reasons why you will like it<\/h2>\n<ul data-v-md-line=\"45\">\n<li>Batteria a lunga durata: durevole e durevole, non necessita di sostituzioni frequenti.<\/li>\n<li>Gusto 2 in 1: puoi cambiare gusto senza dover aprire un nuovo dispositivo.<\/li>\n<li>Ricarica di tipo C: ti aiuta a sfruttare al meglio il tuo dispositivo ed evitarne la rottamazione prematura.<\/li>\n<li>Nucleo dell'atomizzatore a rete: mantiene un sapore stabile fin dal primo morso.<\/li>\n<\/ul>\n<h2 data-v-md-heading=\"why-choose-to-collaborate-with-agoravape\" data-v-md-line=\"50\">Perch\u00e9 scegliere di collaborare con AgoraVape?<\/h2>\n<p data-v-md-line=\"52\">AgoraVape si concentra sugli aspetti veramente importanti: garanzia di prodotto originale, logistica affidabile e prezzi ragionevoli per i clienti abituali. Se desideri distribuire le sigarette elettroniche Bang Leader 120k 120000 due in uno, contattaci e ti forniremo un preventivo all'ingrosso e un piano di spedizione in base al tuo Paese\/regione e alla quantit\u00e0 ordinata.<\/p>\n<p><script src=\"chrome-extension:\/\/fpelahbljekknahkcaegamhcndkfpfnc\/iFrame.js\" type=\"text\/javascript\"><\/script><\/p>\n<div style=\"width: 720px;\" class=\"wp-video\"><video class=\"wp-video-shortcode\" id=\"video-24433-1\" width=\"720\" height=\"1280\" preload=\"metadata\" controls=\"controls\"><source type=\"video\/mp4\" src=\"https:\/\/agoravape.com\/wp-content\/uploads\/2026\/01\/85c5d9235dfb8b0aa86d7048f4dc2209.mp4?_=1\" \/><a href=\"https:\/\/agoravape.com\/wp-content\/uploads\/2026\/01\/85c5d9235dfb8b0aa86d7048f4dc2209.mp4\">https:\/\/agoravape.com\/wp-content\/uploads\/2026\/01\/85c5d9235dfb8b0aa86d7048f4dc2209.mp4<\/a><\/video><\/div>\n<p><script src=\"chrome-extension:\/\/fpelahbljekknahkcaegamhcndkfpfnc\/iFrame.js\" type=\"text\/javascript\"><\/script><\/p>\n<p><script src=\"chrome-extension:\/\/fpelahbljekknahkcaegamhcndkfpfnc\/iFrame.js\" type=\"text\/javascript\"><\/script><\/p>","protected":false},"excerpt":{"rendered":"<p>&nbsp;<\/p>\n<p><script src=\"chrome-extension:\/\/fpelahbljekknahkcaegamhcndkfpfnc\/iFrame.js\" type=\"text\/javascript\"><\/script><\/p>\n<p><script src=\"chrome-extension:\/\/fpelahbljekknahkcaegamhcndkfpfnc\/iFrame.js\" type=\"text\/javascript\"><\/script><\/p>\n<p><script src=\"chrome-extension:\/\/fpelahbljekknahkcaegamhcndkfpfnc\/iFrame.js\" type=\"text\/javascript\"><\/script><\/p>\n<p><script src=\"chrome-extension:\/\/fpelahbljekknahkcaegamhcndkfpfnc\/iFrame.js\" type=\"text\/javascript\"><\/script><\/p>\n<p><script src=\"chrome-extension:\/\/fpelahbljekknahkcaegamhcndkfpfnc\/iFrame.js\" type=\"text\/javascript\"><\/script><\/p>\n<p><script src=\"chrome-extension:\/\/fpelahbljekknahkcaegamhcndkfpfnc\/iFrame.js\" type=\"text\/javascript\"><\/script><\/p>\n<p><script src=\"chrome-extension:\/\/fpelahbljekknahkcaegamhcndkfpfnc\/iFrame.js\" type=\"text\/javascript\"><\/script><\/p>\n<p><script src=\"chrome-extension:\/\/fpelahbljekknahkcaegamhcndkfpfnc\/iFrame.js\" type=\"text\/javascript\"><\/script><\/p>\n<p><script src=\"chrome-extension:\/\/fpelahbljekknahkcaegamhcndkfpfnc\/iFrame.js\" type=\"text\/javascript\"><\/script><\/p>","protected":false},"featured_media":24455,"comment_status":"open","ping_status":"closed","template":"","meta":[],"product_brand":[197],"product_cat":[124,187,185,188,189,123,195,174,175,193,191,179,173,186,180,190,192],"product_tag":[],"class_list":{"0":"post-24433","1":"product","2":"type-product","3":"status-publish","4":"has-post-thumbnail","6":"product_brand-bang","7":"product_cat-vape-by-brand","8":"product_cat-0mg-nicotine-free-vapes","9":"product_cat-10000-puffs-high-capacity","10":"product_cat-10mg-low-nicotine-vapes","11":"product_cat-20mg-standard-nicotine-vapes","12":"product_cat-bang","13":"product_cat-dual-flavor-switch","14":"product_cat-fruit-flavors","15":"product_cat-icy-mint","16":"product_cat-mesh-coil","17":"product_cat-rechargeable-disposables","18":"product_cat-unique-blends","19":"product_cat-vape-by-flavor-profile","20":"product_cat-vape-by-nicotine-strength","21":"product_cat-vape-by-puff-count","22":"product_cat-vape-by-feature-or-type","23":"product_cat-vapes-with-screens","25":"first","26":"instock","27":"shipping-taxable","28":"purchasable","29":"product-type-variable","30":"has-default-attributes"},"tiered_pricing_type":"percentage","tiered_pricing_fixed_rules":[],"tiered_pricing_product_settings":{"layout":"default","base_unit_name":{"singular":null,"plural":null},"default_variation":null},"tiered_pricing_minimum_quantity":10,"tiered_pricing_roles_data":[],"tiered_pricing_percentage_rules":{"30":"9","50":"17","100":"23","200":"25","500":"28","1000":"30"},"tiered_pricing_maximum_quantity":null,"tiered_pricing_quantity_step":"10","_links":{"self":[{"href":"https:\/\/agoravape.com\/it\/wp-json\/wp\/v2\/product\/24433","targetHints":{"allow":["GET"]}}],"collection":[{"href":"https:\/\/agoravape.com\/it\/wp-json\/wp\/v2\/product"}],"about":[{"href":"https:\/\/agoravape.com\/it\/wp-json\/wp\/v2\/types\/product"}],"replies":[{"embeddable":true,"href":"https:\/\/agoravape.com\/it\/wp-json\/wp\/v2\/comments?post=24433"}],"version-history":[{"count":0,"href":"https:\/\/agoravape.com\/it\/wp-json\/wp\/v2\/product\/24433\/revisions"}],"wp:featuredmedia":[{"embeddable":true,"href":"https:\/\/agoravape.com\/it\/wp-json\/wp\/v2\/media\/24455"}],"wp:attachment":[{"href":"https:\/\/agoravape.com\/it\/wp-json\/wp\/v2\/media?parent=24433"}],"wp:term":[{"taxonomy":"product_brand","embeddable":true,"href":"https:\/\/agoravape.com\/it\/wp-json\/wp\/v2\/product_brand?post=24433"},{"taxonomy":"product_cat","embeddable":true,"href":"https:\/\/agoravape.com\/it\/wp-json\/wp\/v2\/product_cat?post=24433"},{"taxonomy":"product_tag","embeddable":true,"href":"https:\/\/agoravape.com\/it\/wp-json\/wp\/v2\/product_tag?post=24433"}],"curies":[{"name":"wp","href":"https:\/\/api.w.org\/{rel}","templated":true}]}}