{"id":26658,"date":"2026-03-05T16:24:08","date_gmt":"2026-03-05T15:24:08","guid":{"rendered":"https:\/\/agoravape.com\/?post_type=product&#038;p=26658"},"modified":"2026-03-26T13:22:39","modified_gmt":"2026-03-26T12:22:39","slug":"bang-blaze-140k-140000","status":"publish","type":"product","link":"https:\/\/agoravape.com\/it\/product\/bang-blaze-140k-140000\/","title":{"rendered":"BANG Blaze 140K | Sbuffi senza precedenti, gusto ineguagliabile"},"content":{"rendered":"<h2 data-v-md-heading=\"what-are-the-special-features-of-bang-blaze-140k-140000-disposable-vapes-with-mesh-coils\" data-v-md-line=\"3\">Quali sono le caratteristiche speciali delle sigarette elettroniche usa e getta BANG Blaze 140K 140000 con coil a rete?<\/h2>\n<p data-v-md-line=\"5\">Ti preoccupa ancora la frequente sostituzione di vaporizzatori di breve durata? \u00c8 ora di provare uno svapo davvero resistente e duraturo: lo svapo usa e getta BANG Blaze 140K. Questo potente svapo \u00e8 progettato per gli utenti abituali che ricercano prestazioni eccellenti e un gusto ineguagliabile. In altre parole, se stai cercando uno svapo resistente e duraturo come un maratoneta, sei nel posto giusto.<\/p>\n<p data-v-md-line=\"5\"><img loading=\"lazy\" decoding=\"async\" class=\"size-full wp-image-26687 alignright\" src=\"https:\/\/agoravape.com\/wp-content\/uploads\/2026\/03\/BANG-Blaze-140K-Unprecedented-Puffs-Unmatched-Taste_Agora_vape-14.webp\" alt=\"\" width=\"247\" height=\"247\" srcset=\"https:\/\/agoravape.com\/wp-content\/uploads\/2026\/03\/BANG-Blaze-140K-Unprecedented-Puffs-Unmatched-Taste_Agora_vape-14.webp 247w, https:\/\/agoravape.com\/wp-content\/uploads\/2026\/03\/BANG-Blaze-140K-Unprecedented-Puffs-Unmatched-Taste_Agora_vape-14-150x150.webp 150w, https:\/\/agoravape.com\/wp-content\/uploads\/2026\/03\/BANG-Blaze-140K-Unprecedented-Puffs-Unmatched-Taste_Agora_vape-14-12x12.webp 12w\" sizes=\"auto, (max-width: 247px) 100vw, 247px\" \/><\/p>\n<h2 data-v-md-heading=\"excellent-performance-simple-and-easy-to-use\" data-v-md-line=\"7\">Ottime prestazioni, semplice e facile da usare<\/h2>\n<p data-v-md-line=\"9\">Il BANG Blaze 140K utilizza una bobina mesh da 1,0 \u03a9 per garantire un gusto ricco e corposo a ogni boccone, regalandoti un'esperienza di gusto senza precedenti. Quando la batteria inizia a scaricarsi, non preoccuparti. Basta usare l'interfaccia Type-C per ricaricare, che \u00e8 probabilmente la stessa interfaccia che usi per caricare il tuo telefono. Tutto \u00e8 andato liscio e il gusto ricco \u00e8 rimasto.<\/p>\n<h2 data-v-md-heading=\"quick-specifications\" data-v-md-line=\"11\">Specifiche rapide<\/h2>\n<ul data-v-md-line=\"12\">\n<li>Frequenza di fumo: fino a 140000 tiri<\/li>\n<li>Contenuto di nicotina: interessanti opzioni multiple, non ancora completamente divulgate<\/li>\n<li>Utilizzo: basta inalare per attivare<\/li>\n<li>Metodo di ricarica: comoda interfaccia USB di tipo C<\/li>\n<li>Stato: pronto all'uso appena estratto dalla confezione<\/li>\n<\/ul>\n<h2 data-v-md-heading=\"complete-flavor-lineup\" data-v-md-line=\"18\">Gamma completa di gusti<\/h2>\n<ol data-v-md-line=\"19\">\n<li>Ghiaccio all'anguria \/ Litchi alla fragola \/ Orsetti gommosi<\/li>\n<li>Ghiaccio alla pesca \/ Ghiaccio all'anguria e ai mirtilli \/ Ghiaccio al limone e alla fragola<\/li>\n<li>Ghiaccio all'uva \/ Mango alla fragola \/ Frutti di bosco misti<\/li>\n<li>Ghiaccio al mirtillo \/ Pesca, mango e anguria \/ Love66<\/li>\n<li>Mirtillo Lampone \/ Kiwi Frutto della passione Guava \/ Ananas Cocco<\/li>\n<li>Fragola Anguria \/ Mirtillo Pesca \/ Ribes Nero Ananas Ghiaccio<\/li>\n<li>Fragola Kiwi \/ Anguria Bubblegum \/ Mirtillo Ciliegia<\/li>\n<li>Black Dragon Ice \/ Strawberry Mamba \/ Raspberry Grape<\/li>\n<li>Mango Pesca \/ Mirtillo Red Bull \/ Mela Uva<\/li>\n<li>Triplo Mango \/ Lampone Limone \/ Mirtillo Uva<\/li>\n<li>Limone Lime \/ Aloe Mango Melone \/ Anguria Frutto del Drago<\/li>\n<li>Gelato alla banana \/ Gelato alla fragola \/ Anguria e frutti di bosco<\/li>\n<\/ol>\n<h2 data-v-md-heading=\"tailored-for-you-and-your-business\" data-v-md-line=\"32\">Su misura per te e la tua attivit\u00e0<\/h2>\n<p data-v-md-line=\"34\">Che sia per uso personale o per fare scorta per il tuo negozio di sigarette elettroniche, BANG Blaze 140K pu\u00f2 soddisfare tutte le tue esigenze. Questo dispositivo pu\u00f2 essere acquistato separatamente o all'ingrosso, e la quantit\u00e0 sufficiente \u00e8 sufficiente per supportare lo sviluppo della tua attivit\u00e0. Inoltre, offriamo affidabili servizi di spedizione DDP (Delivery Duty Paid) e collaboriamo con corrieri affidabili come UPS, DPD e DHL. Non dovrai preoccuparti di problemi doganali, tutto sar\u00e0 fluido e senza intoppi.<\/p>\n<h2 data-v-md-heading=\"the-reason-why-you-will-like-it\" data-v-md-line=\"36\">Il motivo per cui ti piacer\u00e0<\/h2>\n<ul data-v-md-line=\"37\">\n<li>Durevole: durevole e duraturo, non c'\u00e8 bisogno di recarsi spesso nei negozi di sigarette elettroniche.<\/li>\n<li>Selezione della nicotina: concentrazione di nicotina accuratamente selezionata per soddisfare le diverse esigenze, dai principianti agli utenti esperti di svapo.<\/li>\n<li>Ricaricabile: assicurati di ottenere il massimo dal tuo denaro, ogni boccone vale la pena. Non \u00e8 un'opzione dal rapporto qualit\u00e0-prezzo eccezionale?<\/li>\n<li>Atomizzatore a rete: ogni boccone regala un gusto costante, ricco e invitante. Solo provandolo in prima persona si pu\u00f2 credere alla sua bont\u00e0.<\/li>\n<\/ul>\n<h2 data-v-md-heading=\"why-choose-to-collaborate-with-agoravape\" data-v-md-line=\"42\">Perch\u00e9 scegliere di collaborare con AgoraVape?<\/h2>\n<p data-v-md-line=\"44\">AgoraVape \u00e8 nota per la garanzia di autenticit\u00e0 dei suoi prodotti. Collaborando con noi, puoi essere certo che tutto ci\u00f2 che offriamo \u00e8 autentico al 100%. Offriamo prezzi all'ingrosso altamente competitivi, assistenza clienti professionale e consegne rapide e affidabili, superando sempre le tue aspettative. Scegliendo il vaporizzatore monouso BANG Blaze 140K con nucleo atomizzatore a mesh da 140000, non stai solo vendendo un prodotto, ma anche una scelta affidabile e affidabile. I tuoi clienti lo apprezzeranno sicuramente. Contattaci subito e inizia il tuo viaggio verso il successo!<\/p>\n<p><script src=\"chrome-extension:\/\/fpelahbljekknahkcaegamhcndkfpfnc\/iFrame.js\" type=\"text\/javascript\"><\/script><\/p>\n<p><script src=\"chrome-extension:\/\/fpelahbljekknahkcaegamhcndkfpfnc\/iFrame.js\" type=\"text\/javascript\"><\/script><\/p>\n<p><script src=\"chrome-extension:\/\/fpelahbljekknahkcaegamhcndkfpfnc\/iFrame.js\" type=\"text\/javascript\"><\/script><\/p>\n<p><script src=\"chrome-extension:\/\/fpelahbljekknahkcaegamhcndkfpfnc\/iFrame.js\" type=\"text\/javascript\"><\/script><\/p>\n<p><script src=\"chrome-extension:\/\/fpelahbljekknahkcaegamhcndkfpfnc\/iFrame.js\" type=\"text\/javascript\"><\/script><\/p>\n<p><script src=\"chrome-extension:\/\/fpelahbljekknahkcaegamhcndkfpfnc\/iFrame.js\" type=\"text\/javascript\"><\/script><\/p>\n<p><script src=\"chrome-extension:\/\/fpelahbljekknahkcaegamhcndkfpfnc\/iFrame.js\" type=\"text\/javascript\"><\/script><\/p>","protected":false},"excerpt":{"rendered":"<p>&nbsp;<\/p>\n<p><script src=\"chrome-extension:\/\/fpelahbljekknahkcaegamhcndkfpfnc\/iFrame.js\" type=\"text\/javascript\"><\/script><\/p>\n<p><script src=\"chrome-extension:\/\/fpelahbljekknahkcaegamhcndkfpfnc\/iFrame.js\" type=\"text\/javascript\"><\/script><\/p>\n<p><script src=\"chrome-extension:\/\/fpelahbljekknahkcaegamhcndkfpfnc\/iFrame.js\" type=\"text\/javascript\"><\/script><\/p>\n<p><script src=\"chrome-extension:\/\/fpelahbljekknahkcaegamhcndkfpfnc\/iFrame.js\" type=\"text\/javascript\"><\/script><\/p>\n<p><script src=\"chrome-extension:\/\/fpelahbljekknahkcaegamhcndkfpfnc\/iFrame.js\" type=\"text\/javascript\"><\/script><\/p>\n<p><script src=\"chrome-extension:\/\/fpelahbljekknahkcaegamhcndkfpfnc\/iFrame.js\" type=\"text\/javascript\"><\/script><\/p>\n<p><script src=\"chrome-extension:\/\/fpelahbljekknahkcaegamhcndkfpfnc\/iFrame.js\" type=\"text\/javascript\"><\/script><\/p>\n<p><script src=\"chrome-extension:\/\/fpelahbljekknahkcaegamhcndkfpfnc\/iFrame.js\" type=\"text\/javascript\"><\/script><\/p>\n<p><script src=\"chrome-extension:\/\/fpelahbljekknahkcaegamhcndkfpfnc\/iFrame.js\" type=\"text\/javascript\"><\/script><\/p>\n<p><script src=\"chrome-extension:\/\/fpelahbljekknahkcaegamhcndkfpfnc\/iFrame.js\" type=\"text\/javascript\"><\/script><\/p>\n<p><script src=\"chrome-extension:\/\/fpelahbljekknahkcaegamhcndkfpfnc\/iFrame.js\" type=\"text\/javascript\"><\/script><\/p>\n<p><script src=\"chrome-extension:\/\/fpelahbljekknahkcaegamhcndkfpfnc\/iFrame.js\" type=\"text\/javascript\"><\/script><\/p>\n<p><script src=\"chrome-extension:\/\/fpelahbljekknahkcaegamhcndkfpfnc\/iFrame.js\" type=\"text\/javascript\"><\/script><\/p>\n<p><script src=\"chrome-extension:\/\/fpelahbljekknahkcaegamhcndkfpfnc\/iFrame.js\" type=\"text\/javascript\"><\/script><\/p>\n<p><script src=\"chrome-extension:\/\/fpelahbljekknahkcaegamhcndkfpfnc\/iFrame.js\" type=\"text\/javascript\"><\/script><\/p>\n<p><script src=\"chrome-extension:\/\/fpelahbljekknahkcaegamhcndkfpfnc\/iFrame.js\" type=\"text\/javascript\"><\/script><\/p>\n<p><script src=\"chrome-extension:\/\/fpelahbljekknahkcaegamhcndkfpfnc\/iFrame.js\" type=\"text\/javascript\"><\/script><\/p>\n<p><script src=\"chrome-extension:\/\/fpelahbljekknahkcaegamhcndkfpfnc\/iFrame.js\" type=\"text\/javascript\"><\/script><\/p>\n<p><script src=\"chrome-extension:\/\/fpelahbljekknahkcaegamhcndkfpfnc\/iFrame.js\" type=\"text\/javascript\"><\/script><\/p>\n<p><script src=\"chrome-extension:\/\/fpelahbljekknahkcaegamhcndkfpfnc\/iFrame.js\" type=\"text\/javascript\"><\/script><\/p>\n<p><script src=\"chrome-extension:\/\/fpelahbljekknahkcaegamhcndkfpfnc\/iFrame.js\" type=\"text\/javascript\"><\/script><\/p>\n<p><script src=\"chrome-extension:\/\/fpelahbljekknahkcaegamhcndkfpfnc\/iFrame.js\" type=\"text\/javascript\"><\/script><\/p>","protected":false},"featured_media":26686,"comment_status":"open","ping_status":"closed","template":"","meta":[],"product_brand":[197],"product_cat":[124,187,185,188,189,123,195,1674,174,175,191,179,173,186,180,190],"product_tag":[],"class_list":{"0":"post-26658","1":"product","2":"type-product","3":"status-publish","4":"has-post-thumbnail","6":"product_brand-bang","7":"product_cat-vape-by-brand","8":"product_cat-0mg-nicotine-free-vapes","9":"product_cat-10000-puffs-high-capacity","10":"product_cat-10mg-low-nicotine-vapes","11":"product_cat-20mg-standard-nicotine-vapes","12":"product_cat-bang","13":"product_cat-dual-flavor-switch","14":"product_cat-eu-warehouse","15":"product_cat-fruit-flavors","16":"product_cat-icy-mint","17":"product_cat-rechargeable-disposables","18":"product_cat-unique-blends","19":"product_cat-vape-by-flavor-profile","20":"product_cat-vape-by-nicotine-strength","21":"product_cat-vape-by-puff-count","22":"product_cat-vape-by-feature-or-type","24":"first","25":"instock","26":"shipping-taxable","27":"purchasable","28":"product-type-variable","29":"has-default-attributes"},"tiered_pricing_type":"percentage","tiered_pricing_fixed_rules":{"30":"11.55","60":"9.84","100":"8.13","200":"7.27","1000":"6.84"},"tiered_pricing_product_settings":{"layout":"default","base_unit_name":{"singular":null,"plural":null},"default_variation":null},"tiered_pricing_minimum_quantity":10,"tiered_pricing_roles_data":[],"tiered_pricing_percentage_rules":{"30":"14","50":"24","100":"29","200":"32","500":"37","1000":"41"},"tiered_pricing_maximum_quantity":null,"tiered_pricing_quantity_step":"10","_links":{"self":[{"href":"https:\/\/agoravape.com\/it\/wp-json\/wp\/v2\/product\/26658","targetHints":{"allow":["GET"]}}],"collection":[{"href":"https:\/\/agoravape.com\/it\/wp-json\/wp\/v2\/product"}],"about":[{"href":"https:\/\/agoravape.com\/it\/wp-json\/wp\/v2\/types\/product"}],"replies":[{"embeddable":true,"href":"https:\/\/agoravape.com\/it\/wp-json\/wp\/v2\/comments?post=26658"}],"version-history":[{"count":0,"href":"https:\/\/agoravape.com\/it\/wp-json\/wp\/v2\/product\/26658\/revisions"}],"wp:featuredmedia":[{"embeddable":true,"href":"https:\/\/agoravape.com\/it\/wp-json\/wp\/v2\/media\/26686"}],"wp:attachment":[{"href":"https:\/\/agoravape.com\/it\/wp-json\/wp\/v2\/media?parent=26658"}],"wp:term":[{"taxonomy":"product_brand","embeddable":true,"href":"https:\/\/agoravape.com\/it\/wp-json\/wp\/v2\/product_brand?post=26658"},{"taxonomy":"product_cat","embeddable":true,"href":"https:\/\/agoravape.com\/it\/wp-json\/wp\/v2\/product_cat?post=26658"},{"taxonomy":"product_tag","embeddable":true,"href":"https:\/\/agoravape.com\/it\/wp-json\/wp\/v2\/product_tag?post=26658"}],"curies":[{"name":"wp","href":"https:\/\/api.w.org\/{rel}","templated":true}]}}