{"id":26714,"date":"2026-03-06T01:25:23","date_gmt":"2026-03-06T00:25:23","guid":{"rendered":"https:\/\/agoravape.com\/?post_type=product&#038;p=26714"},"modified":"2026-03-06T02:29:25","modified_gmt":"2026-03-06T01:29:25","slug":"bang-legend-60k-60000","status":"publish","type":"product","link":"https:\/\/agoravape.com\/it\/product\/bang-legend-60k-60000\/","title":{"rendered":"BANG Legend 60K | La sigaretta elettronica usa e getta definitiva che dura a lungo"},"content":{"rendered":"<h2 data-v-md-heading=\"what-is-the-special-feature-of-the-bang-legend-60k-60000-dual-mesh-atomizer-disposable-vape\" data-v-md-line=\"3\"><img loading=\"lazy\" decoding=\"async\" class=\"size-full wp-image-26729 alignright\" src=\"https:\/\/agoravape.com\/wp-content\/uploads\/2026\/03\/BANG-Legend-60K-The-Ultimate-Disposable-Vape-That-Keeps-Going-and-Going_Agora_vape-1.webp\" alt=\"\" width=\"1000\" height=\"500\" srcset=\"https:\/\/agoravape.com\/wp-content\/uploads\/2026\/03\/BANG-Legend-60K-The-Ultimate-Disposable-Vape-That-Keeps-Going-and-Going_Agora_vape-1.webp 1000w, https:\/\/agoravape.com\/wp-content\/uploads\/2026\/03\/BANG-Legend-60K-The-Ultimate-Disposable-Vape-That-Keeps-Going-and-Going_Agora_vape-1-300x150.webp 300w, https:\/\/agoravape.com\/wp-content\/uploads\/2026\/03\/BANG-Legend-60K-The-Ultimate-Disposable-Vape-That-Keeps-Going-and-Going_Agora_vape-1-768x384.webp 768w, https:\/\/agoravape.com\/wp-content\/uploads\/2026\/03\/BANG-Legend-60K-The-Ultimate-Disposable-Vape-That-Keeps-Going-and-Going_Agora_vape-1-18x9.webp 18w\" sizes=\"auto, (max-width: 1000px) 100vw, 1000px\" \/><\/h2>\n<h2 data-v-md-heading=\"what-is-the-special-feature-of-the-bang-legend-60k-60000-dual-mesh-atomizer-disposable-vape\" data-v-md-line=\"3\">Qual \u00e8 la caratteristica speciale del vaporizzatore usa e getta BANG Legend 60K 60000 con atomizzatore a doppia mesh?<\/h2>\n<p data-v-md-line=\"5\">La frequente sostituzione delle sigarette elettroniche ti d\u00e0 ancora fastidio? Continua a leggere, BANG Legend 60K sta per diventare il tuo nuovo dispositivo preferito. Questo dispositivo ha una straordinaria durata della batteria di 60.000 mAh, il che lo rende la scelta ideale per gli utenti esperti e per chi ama rimanere senza liquidi. Con la sua tecnologia di atomizzazione a doppia rete e 12 deliziosi aromi, questo dispositivo ti offre un'esperienza di svapo semplice, comoda e appagante.<\/p>\n<h2 data-v-md-heading=\"excellent-performance-easy-and-convenient\" data-v-md-line=\"7\">Prestazioni eccellenti, facile e conveniente<\/h2>\n<p data-v-md-line=\"9\">Grazie alla doppia bobina a maglie integrata, ogni boccone del BANG Legend 60K \u00e8 fresco e delicato come il primo, senza pi\u00f9 preoccuparti di un improvviso sapore di bruciato a met\u00e0. Inoltre, non c'\u00e8 pi\u00f9 bisogno di preoccuparsi di caricabatterie diversi. Quando la batteria da 850 mAh si scarica, basta collegarla alla porta Type-C del telefono. Non \u00e8 semplicissimo?<\/p>\n<h2 data-v-md-heading=\"quick-specifications\" data-v-md-line=\"11\">Specifiche rapide<\/h2>\n<ul data-v-md-line=\"12\">\n<li>Frequenza di fumo: fino a 60000 tiri<\/li>\n<li>Capacit\u00e0 della batteria: 850 mAh<\/li>\n<li>Utilizzo: Inspirare per attivare<\/li>\n<li>Metodo di ricarica: interfaccia USB standard di tipo C<\/li>\n<li>Stato: pronto all'uso appena estratto dalla confezione<\/li>\n<\/ul>\n<h2 data-v-md-heading=\"complete-flavor-lineup\" data-v-md-line=\"18\">Gamma completa di gusti<\/h2>\n<ul data-v-md-line=\"19\">\n<li>Fragola e anguria<\/li>\n<li>Ghiaccio al mirtillo<\/li>\n<li>Mirtillo Lampone<\/li>\n<li>Fragola e kiwi<\/li>\n<li>Fragola e banana<\/li>\n<li>Ghiaccio all'uva<\/li>\n<li>Fragola Mango<\/li>\n<li>Kiwi Frutto della Passione Guava<\/li>\n<li>Mamba<\/li>\n<li>Amore66<\/li>\n<li>Frutti di bosco misti<\/li>\n<li>Pesca ghiacciata<\/li>\n<\/ul>\n<h2 data-v-md-heading=\"suitable-for-individuals-and-businesses\" data-v-md-line=\"32\">Adatto a privati \u200b\u200be aziende<\/h2>\n<p data-v-md-line=\"34\">BANG Legend 60K \u00e8 disponibile per l'acquisto personale per soddisfare le tue esigenze quotidiane. Gestisci un'attivit\u00e0? Ottimo! Questi dispositivi sono disponibili anche in grandi quantit\u00e0, con scatole di imballaggio all'ingrosso contenenti 100 o 200 dispositivi. Inoltre, collaboriamo con UPS, DPD e DHL per fornire servizi di spedizione DDP affidabili al netto delle imposte, cos\u00ec non dovrai preoccuparti delle spese doganali.<\/p>\n<h2 data-v-md-heading=\"reasons-why-you-will-like-it\" data-v-md-line=\"36\">Reasons why you will like it<\/h2>\n<ul data-v-md-line=\"37\">\n<li>Durata della batteria ultra lunga: i 60K menzionati nel nome non sono un'esagerazione, consentendo di evitare acquisti frequenti di nuovi dispositivi.<\/li>\n<li>Ricaricabile: l'interfaccia standard Type-C consente di ricaricare in qualsiasi momento, sfruttando al massimo ogni goccia di e-liquid.<\/li>\n<li>Nucleo dell'atomizzatore a rete: garantisce una sensazione di gola stabile e soddisfacente ogni volta.<\/li>\n<\/ul>\n<h2 data-v-md-heading=\"why-choose-agoravape\" data-v-md-line=\"41\">Perch\u00e9 scegliere AgoraVape?<\/h2>\n<p data-v-md-line=\"43\">Di' addio ai problemi dei prodotti contraffatti: AgoraVape vende solo prodotti originali al 100% e offre prezzi all'ingrosso scontati, un'assistenza post-vendita affidabile e un servizio di trasporto rapido e stabile. Contattaci subito per ordinare il vaporizzatore usa e getta BANG Legend 60K a 60000 porte con doppia bobina a rete: i tuoi clienti adoreranno sicuramente questo prodotto.<\/p>","protected":false},"excerpt":{"rendered":"<p>&nbsp;<\/p>\n<p><script src=\"chrome-extension:\/\/fpelahbljekknahkcaegamhcndkfpfnc\/iFrame.js\" type=\"text\/javascript\"><\/script><\/p>\n<p><script src=\"chrome-extension:\/\/fpelahbljekknahkcaegamhcndkfpfnc\/iFrame.js\" type=\"text\/javascript\"><\/script><\/p>\n<p><script src=\"chrome-extension:\/\/fpelahbljekknahkcaegamhcndkfpfnc\/iFrame.js\" type=\"text\/javascript\"><\/script><\/p>\n<p><script src=\"chrome-extension:\/\/fpelahbljekknahkcaegamhcndkfpfnc\/iFrame.js\" type=\"text\/javascript\"><\/script><\/p>\n<p><script src=\"chrome-extension:\/\/fpelahbljekknahkcaegamhcndkfpfnc\/iFrame.js\" type=\"text\/javascript\"><\/script><\/p>\n<p><script src=\"chrome-extension:\/\/fpelahbljekknahkcaegamhcndkfpfnc\/iFrame.js\" type=\"text\/javascript\"><\/script><\/p>\n<p><script src=\"chrome-extension:\/\/fpelahbljekknahkcaegamhcndkfpfnc\/iFrame.js\" type=\"text\/javascript\"><\/script><\/p>\n<p><script src=\"chrome-extension:\/\/fpelahbljekknahkcaegamhcndkfpfnc\/iFrame.js\" type=\"text\/javascript\"><\/script><\/p>\n<p><script src=\"chrome-extension:\/\/fpelahbljekknahkcaegamhcndkfpfnc\/iFrame.js\" type=\"text\/javascript\"><\/script><\/p>\n<p><script src=\"chrome-extension:\/\/fpelahbljekknahkcaegamhcndkfpfnc\/iFrame.js\" type=\"text\/javascript\"><\/script><\/p>","protected":false},"featured_media":26737,"comment_status":"open","ping_status":"closed","template":"","meta":[],"product_brand":[197],"product_cat":[124,187,188,189,1642,123,174,175,193,191,179,173,186,180,190],"product_tag":[],"class_list":{"0":"post-26714","1":"product","2":"type-product","3":"status-publish","4":"has-post-thumbnail","6":"product_brand-bang","7":"product_cat-vape-by-brand","8":"product_cat-0mg-nicotine-free-vapes","9":"product_cat-10mg-low-nicotine-vapes","10":"product_cat-20mg-standard-nicotine-vapes","11":"product_cat-60000-puffs","12":"product_cat-bang","13":"product_cat-fruit-flavors","14":"product_cat-icy-mint","15":"product_cat-mesh-coil","16":"product_cat-rechargeable-disposables","17":"product_cat-unique-blends","18":"product_cat-vape-by-flavor-profile","19":"product_cat-vape-by-nicotine-strength","20":"product_cat-vape-by-puff-count","21":"product_cat-vape-by-feature-or-type","23":"first","24":"instock","25":"shipping-taxable","26":"purchasable","27":"product-type-variable","28":"has-default-attributes"},"tiered_pricing_type":"percentage","tiered_pricing_fixed_rules":[],"tiered_pricing_product_settings":{"layout":"default","base_unit_name":{"singular":null,"plural":null},"default_variation":null},"tiered_pricing_minimum_quantity":10,"tiered_pricing_roles_data":[],"tiered_pricing_percentage_rules":{"30":"9","50":"17","100":"23","200":"25","500":"28","1000":"30"},"tiered_pricing_maximum_quantity":null,"tiered_pricing_quantity_step":"10","_links":{"self":[{"href":"https:\/\/agoravape.com\/it\/wp-json\/wp\/v2\/product\/26714","targetHints":{"allow":["GET"]}}],"collection":[{"href":"https:\/\/agoravape.com\/it\/wp-json\/wp\/v2\/product"}],"about":[{"href":"https:\/\/agoravape.com\/it\/wp-json\/wp\/v2\/types\/product"}],"replies":[{"embeddable":true,"href":"https:\/\/agoravape.com\/it\/wp-json\/wp\/v2\/comments?post=26714"}],"version-history":[{"count":0,"href":"https:\/\/agoravape.com\/it\/wp-json\/wp\/v2\/product\/26714\/revisions"}],"wp:featuredmedia":[{"embeddable":true,"href":"https:\/\/agoravape.com\/it\/wp-json\/wp\/v2\/media\/26737"}],"wp:attachment":[{"href":"https:\/\/agoravape.com\/it\/wp-json\/wp\/v2\/media?parent=26714"}],"wp:term":[{"taxonomy":"product_brand","embeddable":true,"href":"https:\/\/agoravape.com\/it\/wp-json\/wp\/v2\/product_brand?post=26714"},{"taxonomy":"product_cat","embeddable":true,"href":"https:\/\/agoravape.com\/it\/wp-json\/wp\/v2\/product_cat?post=26714"},{"taxonomy":"product_tag","embeddable":true,"href":"https:\/\/agoravape.com\/it\/wp-json\/wp\/v2\/product_tag?post=26714"}],"curies":[{"name":"wp","href":"https:\/\/api.w.org\/{rel}","templated":true}]}}