{"id":27345,"date":"2026-03-08T07:49:53","date_gmt":"2026-03-08T06:49:53","guid":{"rendered":"https:\/\/agoravape.com\/?post_type=product&#038;p=27345"},"modified":"2026-03-21T12:44:22","modified_gmt":"2026-03-21T11:44:22","slug":"bang-350k-8in1-350000","status":"publish","type":"product","link":"https:\/\/agoravape.com\/it\/product\/bang-350k-8in1-350000\/","title":{"rendered":"BANG 350K 350000 tiri 8 in 1 Mesh Coil Vape usa e getta | Otto gusti in un unico dispositivo"},"content":{"rendered":"<h2 data-v-md-heading=\"what-are-the-special-features-of-bang-350k-350000-8-in-1-mesh-coil-disposable-vapes\" data-v-md-line=\"3\"><img loading=\"lazy\" decoding=\"async\" class=\"aligncenter size-full wp-image-27359\" src=\"https:\/\/agoravape.com\/wp-content\/uploads\/2026\/03\/BANG-350K-350000-Puffs-8in1-Mesh-Coil-Disposable-Vape-Eight-Flavours-in-One-Device_Agora_vape-1.webp\" alt=\"\" width=\"1920\" height=\"700\" srcset=\"https:\/\/agoravape.com\/wp-content\/uploads\/2026\/03\/BANG-350K-350000-Puffs-8in1-Mesh-Coil-Disposable-Vape-Eight-Flavours-in-One-Device_Agora_vape-1.webp 1920w, https:\/\/agoravape.com\/wp-content\/uploads\/2026\/03\/BANG-350K-350000-Puffs-8in1-Mesh-Coil-Disposable-Vape-Eight-Flavours-in-One-Device_Agora_vape-1-300x109.webp 300w, https:\/\/agoravape.com\/wp-content\/uploads\/2026\/03\/BANG-350K-350000-Puffs-8in1-Mesh-Coil-Disposable-Vape-Eight-Flavours-in-One-Device_Agora_vape-1-1024x373.webp 1024w, https:\/\/agoravape.com\/wp-content\/uploads\/2026\/03\/BANG-350K-350000-Puffs-8in1-Mesh-Coil-Disposable-Vape-Eight-Flavours-in-One-Device_Agora_vape-1-768x280.webp 768w, https:\/\/agoravape.com\/wp-content\/uploads\/2026\/03\/BANG-350K-350000-Puffs-8in1-Mesh-Coil-Disposable-Vape-Eight-Flavours-in-One-Device_Agora_vape-1-1536x560.webp 1536w, https:\/\/agoravape.com\/wp-content\/uploads\/2026\/03\/BANG-350K-350000-Puffs-8in1-Mesh-Coil-Disposable-Vape-Eight-Flavours-in-One-Device_Agora_vape-1-18x7.webp 18w, https:\/\/agoravape.com\/wp-content\/uploads\/2026\/03\/BANG-350K-350000-Puffs-8in1-Mesh-Coil-Disposable-Vape-Eight-Flavours-in-One-Device_Agora_vape-1-1200x438.webp 1200w\" sizes=\"auto, (max-width: 1920px) 100vw, 1920px\" \/> <img loading=\"lazy\" decoding=\"async\" class=\"aligncenter size-full wp-image-27374\" src=\"https:\/\/agoravape.com\/wp-content\/uploads\/2026\/03\/BANG-350K-350000-Puffs-8in1-Mesh-Coil-Disposable-Vape-Eight-Flavours-in-One-Device_Agora_vape-16-scaled.webp\" alt=\"\" width=\"2560\" height=\"1517\" srcset=\"https:\/\/agoravape.com\/wp-content\/uploads\/2026\/03\/BANG-350K-350000-Puffs-8in1-Mesh-Coil-Disposable-Vape-Eight-Flavours-in-One-Device_Agora_vape-16-scaled.webp 2560w, https:\/\/agoravape.com\/wp-content\/uploads\/2026\/03\/BANG-350K-350000-Puffs-8in1-Mesh-Coil-Disposable-Vape-Eight-Flavours-in-One-Device_Agora_vape-16-300x178.webp 300w, https:\/\/agoravape.com\/wp-content\/uploads\/2026\/03\/BANG-350K-350000-Puffs-8in1-Mesh-Coil-Disposable-Vape-Eight-Flavours-in-One-Device_Agora_vape-16-1024x607.webp 1024w, https:\/\/agoravape.com\/wp-content\/uploads\/2026\/03\/BANG-350K-350000-Puffs-8in1-Mesh-Coil-Disposable-Vape-Eight-Flavours-in-One-Device_Agora_vape-16-768x455.webp 768w, https:\/\/agoravape.com\/wp-content\/uploads\/2026\/03\/BANG-350K-350000-Puffs-8in1-Mesh-Coil-Disposable-Vape-Eight-Flavours-in-One-Device_Agora_vape-16-1536x910.webp 1536w, https:\/\/agoravape.com\/wp-content\/uploads\/2026\/03\/BANG-350K-350000-Puffs-8in1-Mesh-Coil-Disposable-Vape-Eight-Flavours-in-One-Device_Agora_vape-16-2048x1214.webp 2048w, https:\/\/agoravape.com\/wp-content\/uploads\/2026\/03\/BANG-350K-350000-Puffs-8in1-Mesh-Coil-Disposable-Vape-Eight-Flavours-in-One-Device_Agora_vape-16-18x12.webp 18w, https:\/\/agoravape.com\/wp-content\/uploads\/2026\/03\/BANG-350K-350000-Puffs-8in1-Mesh-Coil-Disposable-Vape-Eight-Flavours-in-One-Device_Agora_vape-16-1200x711.webp 1200w\" sizes=\"auto, (max-width: 2560px) 100vw, 2560px\" \/> <img loading=\"lazy\" decoding=\"async\" class=\"size-full wp-image-27375 alignright\" src=\"https:\/\/agoravape.com\/wp-content\/uploads\/2026\/03\/BANG-350K-350000-Puffs-8in1-Mesh-Coil-Disposable-Vape-Eight-Flavours-in-One-Device_Agora_vape-17-scaled.webp\" alt=\"\" width=\"1067\" height=\"2560\" srcset=\"https:\/\/agoravape.com\/wp-content\/uploads\/2026\/03\/BANG-350K-350000-Puffs-8in1-Mesh-Coil-Disposable-Vape-Eight-Flavours-in-One-Device_Agora_vape-17-scaled.webp 1067w, https:\/\/agoravape.com\/wp-content\/uploads\/2026\/03\/BANG-350K-350000-Puffs-8in1-Mesh-Coil-Disposable-Vape-Eight-Flavours-in-One-Device_Agora_vape-17-125x300.webp 125w, https:\/\/agoravape.com\/wp-content\/uploads\/2026\/03\/BANG-350K-350000-Puffs-8in1-Mesh-Coil-Disposable-Vape-Eight-Flavours-in-One-Device_Agora_vape-17-427x1024.webp 427w, https:\/\/agoravape.com\/wp-content\/uploads\/2026\/03\/BANG-350K-350000-Puffs-8in1-Mesh-Coil-Disposable-Vape-Eight-Flavours-in-One-Device_Agora_vape-17-768x1843.webp 768w, https:\/\/agoravape.com\/wp-content\/uploads\/2026\/03\/BANG-350K-350000-Puffs-8in1-Mesh-Coil-Disposable-Vape-Eight-Flavours-in-One-Device_Agora_vape-17-640x1536.webp 640w, https:\/\/agoravape.com\/wp-content\/uploads\/2026\/03\/BANG-350K-350000-Puffs-8in1-Mesh-Coil-Disposable-Vape-Eight-Flavours-in-One-Device_Agora_vape-17-854x2048.webp 854w, https:\/\/agoravape.com\/wp-content\/uploads\/2026\/03\/BANG-350K-350000-Puffs-8in1-Mesh-Coil-Disposable-Vape-Eight-Flavours-in-One-Device_Agora_vape-17-5x12.webp 5w, https:\/\/agoravape.com\/wp-content\/uploads\/2026\/03\/BANG-350K-350000-Puffs-8in1-Mesh-Coil-Disposable-Vape-Eight-Flavours-in-One-Device_Agora_vape-17-1200x2879.webp 1200w\" sizes=\"auto, (max-width: 1067px) 100vw, 1067px\" \/><\/h2>\n<h2 data-v-md-heading=\"what-are-the-special-features-of-bang-350k-350000-8-in-1-mesh-coil-disposable-vapes\" data-v-md-line=\"3\">Quali sono le caratteristiche speciali delle sigarette elettroniche usa e getta BANG 350K 350000 8 in 1 mesh coil?<\/h2>\n<p data-v-md-line=\"5\">Se siete stanchi di quelle sigarette elettroniche che si scaricano a met\u00e0 settimana o che hanno un solo aroma dopo due giorni, allora dovete dare un'occhiata a questo prodotto. Il BANG 350K combina otto aromi diversi in un unico dispositivo, rivoluzionando completamente l'esperienza di svapo. Per gli utenti che desiderano solo vapori affidabili, deliziosi e comodi, senza dover portare con s\u00e9 pi\u00f9 dispositivi, \u00e8 la scelta ideale. Ha una batteria a lunga durata e un'ampia gamma di aromi, sufficienti a mantenere le vostre papille gustative fresche per le prossime settimane.<\/p>\n<p data-v-md-line=\"7\">Immagina di mettere in tasca un'intera scatola di sigarette elettroniche usa e getta senza sprecare nulla. Sappiamo che il suo numero di sigarette elettroniche sembra incredibile, ma il suo principio di progettazione \u00e8 la durevolezza. Questo dispositivo \u00e8 adatto sia agli utenti esperti che richiedono prodotti affidabili, sia agli utenti occasionali che non amano sostituire frequentemente il nucleo dell'atomizzatore. \u00c8 noto per il suo aspetto elegante e la praticit\u00e0 d'uso.<\/p>\n<h2 data-v-md-heading=\"excellent-performance-and-simple-operation\" data-v-md-line=\"9\">Prestazioni eccellenti e funzionamento semplice<\/h2>\n<p data-v-md-line=\"11\">Si potrebbe pensare che una tecnologia complessa sia difficile da usare, ma questo dispositivo \u00e8 sorprendentemente semplice. Il segreto sta nel suo nucleo atomizzatore mesh da 1,0 \u03a9, che pu\u00f2 riscaldare uniformemente l'e-liquid, garantendo un gusto rinfrescante ogni volta che viene inalato. Ci\u00f2 significa che ogni boccone \u00e8 delizioso come il primo, senza produrre lo sgradevole sapore di bruciato tipico dei nuclei atomizzatori economici. Quando la batteria \u00e8 scarica, \u00e8 sufficiente utilizzare il cavo dati Type-C che si usa per caricare il telefono per ricaricarlo facilmente.<\/p>\n<p data-v-md-line=\"13\">La batteria da 850 mAh garantisce una lunga durata del dispositivo, eliminando la necessit\u00e0 di cercare frequentemente un caricabatterie. Il peso di 140 grammi garantisce una presa salda e pu\u00f2 essere facilmente riposto in tasca. Basta inalare per attivare e godere di un flusso d'aria fluido. Non \u00e8 necessario premere alcun pulsante o regolare alcuna impostazione.<\/p>\n<h2 data-v-md-heading=\"quick-specifications\" data-v-md-line=\"15\">Specifiche rapide<\/h2>\n<ul data-v-md-line=\"16\">\n<li>Frequenza di fumo: fino a 350000 tiri<\/li>\n<li>Contenuto di nicotina: fornisce la concentrazione standard UE<\/li>\n<li>Utilizzo: Inspirare per attivare<\/li>\n<li>Metodo di ricarica: interfaccia USB standard di tipo C<\/li>\n<li>Stato: pronto all'uso appena estratto dalla confezione<\/li>\n<li>Batteria: 17350 850mAh<\/li>\n<li>Nucleo di atomizzazione: nucleo di atomizzazione a maglie da 1,0 \u03a9<\/li>\n<li>Peso: 140 grammi per unit\u00e0<\/li>\n<\/ul>\n<h2 data-v-md-heading=\"rich-flavor-options\" data-v-md-line=\"25\">Ricche opzioni di sapore<\/h2>\n<p data-v-md-line=\"27\">Questo dispositivo offre dodici diverse combinazioni di aromi, ciascuna contenente otto aromi unici. \u00c8 possibile scegliere tra un singolo aroma di frutta o una creativa miscela di aromi. Ecco la gamma di bevande:<\/p>\n<blockquote data-v-md-line=\"28\">\n<p data-v-md-line=\"28\">Formato: i gusti 1-4 sono gusti singoli; i gusti 5-8 sono gusti misti (Mix1+2 = Gusto 1 \/ Gusto 2)<\/p>\n<\/blockquote>\n<ul data-v-md-line=\"30\">\n<li>Ghiaccio Blue Razz \/ Ghiaccio all'anguria \/ Ghiaccio alla fragola \/ Limone e lime \/ Mix1+2 \/ Mix2+3 \/ Mix3+4 \/ Mix4+1<\/li>\n<li>Ghiaccio al mirtillo \/ Frutta tropicale \/ Ghiaccio al kiwi e mela \/ Ciliegia al lampone blu \/ Mix1+2 \/ Mix2+3 \/ Mix3+4 \/ Mix4+1<\/li>\n<li>Cola alla ciliegia \/ Pesca al limone \/ Limonata rosa \/ Mango al frutto della passione \/ Mix1+2 \/ Mix2+3 \/ Mix3+4 \/ Mix4+1<\/li>\n<li>Fragola Kiwi \/ Mirtillo Menta \/ Mango Aspro Ananas \/ Fragola Anguria Ghiaccio \/ Mix1+2 \/ Mix2+3 \/ Mix3+4 \/ Mix4+1<\/li>\n<li>Kiwi Dragon Berry \/ Mirtillo Anguria \/ Fragola Banana \/ Ciliegia Ghiaccio \/ Mix1+2 \/ Mix2+3 \/ Mix3+4 \/ Mix4+1<\/li>\n<li>Fragola e anguria \/ Ananas e cocco ghiacciato \/ Kiwi e frutto della passione \/ Guava e uva \/ Mix1+2 \/ Mix2+3 \/ Mix3+4 \/ Mix4+1<\/li>\n<li>Red Bull \/ Ciliegia Melograno \/ Anguria \/ Limone Lime \/ Mix1+2 \/ Mix2+3 \/ Mix3+4 \/ Mix4+1<\/li>\n<li>Ghiaccio all'anguria \/ Fantastico \/ Fragola e lampone \/ Ghiaccio alla mela e kiwi \/ Mix1+2 \/ Mix2+3 \/ Mix3+4 \/ Mix4+1<\/li>\n<li>Ghiaccio all'uva \/ Amore 66 \/ Mirtillo su ghiaccio \/ Ghiaccio al frutto del drago \/ Mix1+2 \/ Mix2+3 \/ Mix3+4 \/ Mix4+1<\/li>\n<li>Ghiaccio all'anguria \/ Anguria alla fragola \/ Anguria al lampone \/ Mirtillo al lampone \/ Mix1+2 \/ Mix2+3 \/ Mix3+4 \/ Mix4+1<\/li>\n<li>Pesca Mango Anguria \/ Mirtillo Ciliegia \/ Anguria Frutto del Drago \/ Bacio della Passione \/ Mix1+2 \/ Mix2+3 \/ Mix3+4 \/ Mix4+1<\/li>\n<li>Fragola Lampone \/ Fragola Kiwi \/ Fragola Ghiaccio \/ Pesca Mango Anguria \/ Mix1+2 \/ Mix2+3 \/ Mix3+4 \/ Mix4+1<\/li>\n<\/ul>\n<h2 data-v-md-heading=\"tailored-for-you-and-your-business\" data-v-md-line=\"43\">Su misura per te e la tua attivit\u00e0<\/h2>\n<p data-v-md-line=\"45\">Abbiamo lanciato il vaporizzatore monouso BANG 350K 350000 8 in 1 con resistenza a mesh, acquistabile separatamente. Se sei un imprenditore, puoi anche acquistarlo all'ingrosso. Offriamo confezioni all'ingrosso da 200 unit\u00e0 per scatola. Per i negozi che desiderano offrire prodotti unici e fidelizzare i clienti, questo metodo di acquisto all'ingrosso \u00e8 molto conveniente.<\/p>\n<p data-v-md-line=\"47\">Ci occupiamo della logistica, quindi non dovrete preoccuparvi di eventuali problemi di frontiera. Il nostro affidabile servizio di spedizione DDP (Delivery Duty Paid) collabora con partner come UPS, DPD e DHL per garantire che non dobbiate affrontare spese doganali impreviste. Potete ricevere la merce in modo sicuro e rapido, senza preoccuparvi di tasse e oneri di importazione. L'intero processo, dal nostro magazzino fino a casa vostra, \u00e8 fluido e senza intoppi.<\/p>\n<h2 data-v-md-heading=\"reasons-why-you-will-like-it\" data-v-md-line=\"49\">Reasons why you will like it<\/h2>\n<ul data-v-md-line=\"50\">\n<li>Durevole e duraturo: pi\u00f9 durevole e duraturo, non c'\u00e8 bisogno di acquisti frequenti.<\/li>\n<li>Selezione della concentrazione di nicotina: puoi scegliere la concentrazione di nicotina pi\u00f9 adatta a te.<\/li>\n<li>Ricaricabile: ti consente di utilizzare tutto l'e-liquid acquistato.<\/li>\n<li>Nucleo di atomizzazione a rete: pu\u00f2 offrire un gusto stabile e ricco ogni volta.<\/li>\n<li>Otto gusti: puoi cambiare gusto senza cambiare dispositivo.<\/li>\n<li>Design portatile: leggero e portatile, comodo da trasportare.<\/li>\n<\/ul>\n<h2 data-v-md-heading=\"why-choose-agoravape\" data-v-md-line=\"57\">Perch\u00e9 scegliere AgoraVape?<\/h2>\n<p data-v-md-line=\"59\">Essendo uno dei distributori di sigarette elettroniche pi\u00f9 affidabili in Europa, vendiamo solo prodotti originali al 100%. Per i nostri clienti aziendali, questo significa prezzi all'ingrosso altamente competitivi e un supporto affidabile. Offriamo servizi di consegna rapidi e affidabili per sigarette elettroniche usa e getta con coil a mesh BANG 350K 350000 8 in 1. Effettuiamo rigorosi controlli su ogni prodotto per garantire che non dobbiate preoccuparvi di prodotti contraffatti che possano danneggiare la vostra reputazione. Contattateci per avere questo prodotto che soddisfi davvero i vostri clienti.<\/p>","protected":false},"excerpt":{"rendered":"<p>&nbsp;<\/p>\n<p><script src=\"chrome-extension:\/\/fpelahbljekknahkcaegamhcndkfpfnc\/iFrame.js\" type=\"text\/javascript\"><\/script><\/p>\n<p><script src=\"chrome-extension:\/\/fpelahbljekknahkcaegamhcndkfpfnc\/iFrame.js\" type=\"text\/javascript\"><\/script><\/p>\n<p><script src=\"chrome-extension:\/\/fpelahbljekknahkcaegamhcndkfpfnc\/iFrame.js\" type=\"text\/javascript\"><\/script><\/p>\n<p><script src=\"chrome-extension:\/\/fpelahbljekknahkcaegamhcndkfpfnc\/iFrame.js\" type=\"text\/javascript\"><\/script><\/p>\n<p><script src=\"chrome-extension:\/\/fpelahbljekknahkcaegamhcndkfpfnc\/iFrame.js\" type=\"text\/javascript\"><\/script><\/p>\n<p><script src=\"chrome-extension:\/\/fpelahbljekknahkcaegamhcndkfpfnc\/iFrame.js\" type=\"text\/javascript\"><\/script><\/p>\n<p><script src=\"chrome-extension:\/\/fpelahbljekknahkcaegamhcndkfpfnc\/iFrame.js\" type=\"text\/javascript\"><\/script><\/p>\n<p><script src=\"chrome-extension:\/\/fpelahbljekknahkcaegamhcndkfpfnc\/iFrame.js\" type=\"text\/javascript\"><\/script><\/p>\n<p><script src=\"chrome-extension:\/\/fpelahbljekknahkcaegamhcndkfpfnc\/iFrame.js\" type=\"text\/javascript\"><\/script><\/p>\n<p><script src=\"chrome-extension:\/\/fpelahbljekknahkcaegamhcndkfpfnc\/iFrame.js\" type=\"text\/javascript\"><\/script><\/p>\n<p><script src=\"chrome-extension:\/\/fpelahbljekknahkcaegamhcndkfpfnc\/iFrame.js\" type=\"text\/javascript\"><\/script><\/p>\n<p><script src=\"chrome-extension:\/\/fpelahbljekknahkcaegamhcndkfpfnc\/iFrame.js\" type=\"text\/javascript\"><\/script><\/p>","protected":false},"featured_media":27360,"comment_status":"open","ping_status":"closed","template":"","meta":[],"product_brand":[197],"product_cat":[124,187,185,188,189,123,195,174,175,193,191,179,173,186,180,190],"product_tag":[],"class_list":{"0":"post-27345","1":"product","2":"type-product","3":"status-publish","4":"has-post-thumbnail","6":"product_brand-bang","7":"product_cat-vape-by-brand","8":"product_cat-0mg-nicotine-free-vapes","9":"product_cat-10000-puffs-high-capacity","10":"product_cat-10mg-low-nicotine-vapes","11":"product_cat-20mg-standard-nicotine-vapes","12":"product_cat-bang","13":"product_cat-dual-flavor-switch","14":"product_cat-fruit-flavors","15":"product_cat-icy-mint","16":"product_cat-mesh-coil","17":"product_cat-rechargeable-disposables","18":"product_cat-unique-blends","19":"product_cat-vape-by-flavor-profile","20":"product_cat-vape-by-nicotine-strength","21":"product_cat-vape-by-puff-count","22":"product_cat-vape-by-feature-or-type","24":"first","25":"instock","26":"shipping-taxable","27":"purchasable","28":"product-type-variable","29":"has-default-attributes"},"tiered_pricing_type":"percentage","tiered_pricing_fixed_rules":[],"tiered_pricing_product_settings":{"layout":"default","base_unit_name":{"singular":null,"plural":null},"default_variation":null},"tiered_pricing_minimum_quantity":10,"tiered_pricing_roles_data":[],"tiered_pricing_percentage_rules":{"30":"29","50":"34","100":"40","200":"44","500":"47","1000":"49"},"tiered_pricing_maximum_quantity":null,"tiered_pricing_quantity_step":"10","_links":{"self":[{"href":"https:\/\/agoravape.com\/it\/wp-json\/wp\/v2\/product\/27345","targetHints":{"allow":["GET"]}}],"collection":[{"href":"https:\/\/agoravape.com\/it\/wp-json\/wp\/v2\/product"}],"about":[{"href":"https:\/\/agoravape.com\/it\/wp-json\/wp\/v2\/types\/product"}],"replies":[{"embeddable":true,"href":"https:\/\/agoravape.com\/it\/wp-json\/wp\/v2\/comments?post=27345"}],"version-history":[{"count":0,"href":"https:\/\/agoravape.com\/it\/wp-json\/wp\/v2\/product\/27345\/revisions"}],"wp:featuredmedia":[{"embeddable":true,"href":"https:\/\/agoravape.com\/it\/wp-json\/wp\/v2\/media\/27360"}],"wp:attachment":[{"href":"https:\/\/agoravape.com\/it\/wp-json\/wp\/v2\/media?parent=27345"}],"wp:term":[{"taxonomy":"product_brand","embeddable":true,"href":"https:\/\/agoravape.com\/it\/wp-json\/wp\/v2\/product_brand?post=27345"},{"taxonomy":"product_cat","embeddable":true,"href":"https:\/\/agoravape.com\/it\/wp-json\/wp\/v2\/product_cat?post=27345"},{"taxonomy":"product_tag","embeddable":true,"href":"https:\/\/agoravape.com\/it\/wp-json\/wp\/v2\/product_tag?post=27345"}],"curies":[{"name":"wp","href":"https:\/\/api.w.org\/{rel}","templated":true}]}}