{"id":27404,"date":"2026-03-08T08:04:44","date_gmt":"2026-03-08T07:04:44","guid":{"rendered":"https:\/\/agoravape.com\/?post_type=product&#038;p=27404"},"modified":"2026-03-26T13:22:39","modified_gmt":"2026-03-26T12:22:39","slug":"bang-box-160000-puffs","status":"publish","type":"product","link":"https:\/\/agoravape.com\/it\/product\/bang-box-160000-puffs\/","title":{"rendered":"BANG BOX 160000 Puffs 4 in 1 Display Schermo Monouso Vape | Quattro Aromi in Un Unico Dispositivo Tascabile"},"content":{"rendered":"<h2 data-v-md-heading=\"what-are-the-special-features-of-bang-box-160000-four-in-one-screen-display-disposable-vapes\" data-v-md-line=\"3\"><img loading=\"lazy\" decoding=\"async\" class=\"aligncenter size-full wp-image-27425\" src=\"https:\/\/agoravape.com\/wp-content\/uploads\/2026\/03\/BANG-BOX-160000-Puffs-4in1-Screen-Display-Disposable-Vape-Four-Flavours-in-One-Pocket-Device_Agora_vape-2-scaled.webp\" alt=\"\" width=\"2560\" height=\"1440\" srcset=\"https:\/\/agoravape.com\/wp-content\/uploads\/2026\/03\/BANG-BOX-160000-Puffs-4in1-Screen-Display-Disposable-Vape-Four-Flavours-in-One-Pocket-Device_Agora_vape-2-scaled.webp 2560w, https:\/\/agoravape.com\/wp-content\/uploads\/2026\/03\/BANG-BOX-160000-Puffs-4in1-Screen-Display-Disposable-Vape-Four-Flavours-in-One-Pocket-Device_Agora_vape-2-300x169.webp 300w, https:\/\/agoravape.com\/wp-content\/uploads\/2026\/03\/BANG-BOX-160000-Puffs-4in1-Screen-Display-Disposable-Vape-Four-Flavours-in-One-Pocket-Device_Agora_vape-2-1024x576.webp 1024w, https:\/\/agoravape.com\/wp-content\/uploads\/2026\/03\/BANG-BOX-160000-Puffs-4in1-Screen-Display-Disposable-Vape-Four-Flavours-in-One-Pocket-Device_Agora_vape-2-768x432.webp 768w, https:\/\/agoravape.com\/wp-content\/uploads\/2026\/03\/BANG-BOX-160000-Puffs-4in1-Screen-Display-Disposable-Vape-Four-Flavours-in-One-Pocket-Device_Agora_vape-2-1536x864.webp 1536w, https:\/\/agoravape.com\/wp-content\/uploads\/2026\/03\/BANG-BOX-160000-Puffs-4in1-Screen-Display-Disposable-Vape-Four-Flavours-in-One-Pocket-Device_Agora_vape-2-2048x1152.webp 2048w, https:\/\/agoravape.com\/wp-content\/uploads\/2026\/03\/BANG-BOX-160000-Puffs-4in1-Screen-Display-Disposable-Vape-Four-Flavours-in-One-Pocket-Device_Agora_vape-2-18x10.webp 18w, https:\/\/agoravape.com\/wp-content\/uploads\/2026\/03\/BANG-BOX-160000-Puffs-4in1-Screen-Display-Disposable-Vape-Four-Flavours-in-One-Pocket-Device_Agora_vape-2-1200x675.webp 1200w\" sizes=\"auto, (max-width: 2560px) 100vw, 2560px\" \/> <img loading=\"lazy\" decoding=\"async\" class=\"aligncenter size-full wp-image-27424\" src=\"https:\/\/agoravape.com\/wp-content\/uploads\/2026\/03\/BANG-BOX-160000-Puffs-4in1-Screen-Display-Disposable-Vape-Four-Flavours-in-One-Pocket-Device_Agora_vape-1.webp\" alt=\"\" width=\"11112\" height=\"11112\" \/><\/h2>\n<h2 data-v-md-heading=\"what-are-the-special-features-of-bang-box-160000-four-in-one-screen-display-disposable-vapes\" data-v-md-line=\"3\">Quali sono le caratteristiche speciali delle sigarette elettroniche usa e getta con display quattro in uno BANG BOX 160000?<\/h2>\n<p data-v-md-line=\"5\">Se sei stanco di portare con te tre diversi tipi di sigarette elettroniche ogni giorno, questo dispositivo ti cambier\u00e0 completamente la vita. Integra quattro scomparti indipendenti per l'e-liquid in un corpo sottile, permettendoti di cambiare aroma in qualsiasi momento e ovunque. Per gli utenti che desiderano sperimentare aromi diversi senza dover portare con s\u00e9 dispositivi ingombranti o dover cambiare frequentemente le cartucce, \u00e8 la scelta ideale. Potresti essere curioso di sapere come uno svapo cos\u00ec piccolo possa contenere cos\u00ec tanto e-liquid, ma il suo design intelligente \u00e8 sufficiente a consentire a ogni scomparto di contenere 20 millilitri di e-liquid, senza farti sentire come se avessi un mattone in tasca.<\/p>\n<h2 data-v-md-heading=\"excellent-performance-and-easy-operation\" data-v-md-line=\"7\">Prestazioni eccellenti e facilit\u00e0 d'uso<\/h2>\n<p data-v-md-line=\"9\">Non \u00e8 necessario essere un esperto di tecnologia per gestire facilmente questo vaporizzatore. La coil a quattro mesh si riscalda rapidamente, offrendo una sensazione di gola stabile e costante a ogni inalazione. Il display non \u00e8 solo una tabella, ma pu\u00f2 monitorare il livello della batteria e il livello del liquido in tempo reale. In questo modo, \u00e8 possibile sapere con precisione quando \u00e8 necessario caricare o sostituire il vano del liquido, evitando che l'odore svanisca. Anche la ricarica \u00e8 molto comoda: adotta un'interfaccia standard di tipo C, compatibile con i cavi di ricarica che potresti gi\u00e0 avere sulla scrivania.<\/p>\n<h2 data-v-md-heading=\"quick-specifications\" data-v-md-line=\"11\">Specifiche rapide<\/h2>\n<ul data-v-md-line=\"12\">\n<li>Numero di porte: fino a 160000 porte<\/li>\n<li>Concentrazione di nicotina: diverse concentrazioni tra cui scegliere (fare riferimento alle opzioni SKU specifiche)<\/li>\n<li>Utilizzo: inalare per attivare, alternare tra quattro gusti<\/li>\n<li>Metodo di ricarica: interfaccia USB standard di tipo C<\/li>\n<li>Stato: pronto all'uso appena estratto dalla confezione<\/li>\n<li>Batteria: batteria ricaricabile da 600 mAh<\/li>\n<li>capacit\u00e0 e-liquid: 20 ml x 4 scomparti per la conservazione dell'e-liquid<\/li>\n<\/ul>\n<h2 data-v-md-heading=\"complete-flavor-lineup\" data-v-md-line=\"20\">Gamma completa di gusti<\/h2>\n<ul data-v-md-line=\"21\">\n<li>Limone e lime \/ Ghiaccio all'anguria \/ Ghiaccio nero Frutto del drago alla fragola \/ Love66<\/li>\n<li>Cola alla vaniglia \/ Pesca al limone \/ Ghiaccio alla fragola, lampone e ciliegia \/ Ghiaccio all'uva<\/li>\n<li>Ghiaccio all'uva \/ Ghiaccio al litchi \/ Pesca e frutti di bosco \/ Kiwi e frutto della passione, guava<\/li>\n<li>Ghiaccio all'anguria \/ Ghiaccio alla fragola e mango \/ Ghiaccio al mirtillo \/ Ghiaccio alla ciliegia frizzante<\/li>\n<li>Fragola e anguria \/ Red Bull \/ Pesca succosa ghiacciata \/ Rinfrescante al pompelmo<\/li>\n<li>Limone e lime \/ Ghiaccio alla fragola \/ Anguria al lampone \/ Pesca al mango<\/li>\n<li>Mango acido e ananas \/ Cola al limone \/ Pesca e frutti di bosco \/ Fragola e banana<\/li>\n<li>Mango alla fragola \/ Cola alla fragola \/ Vaniglia Cola \/ Blue Razz Ice \/ Kiwi alla fragola<\/li>\n<li>Ciliegia e mirtillo rosso \/ Tripla bacca \/ Fragola e pitaya \/ Gomma da masticare all'anguria<\/li>\n<li>Anguria alla fragola \/ Limonata rosa \/ Triplo melone \/ Ghiaccio drago nero<\/li>\n<\/ul>\n<h2 data-v-md-heading=\"for-you-and-your-business\" data-v-md-line=\"32\">For you and your business<\/h2>\n<p data-v-md-line=\"34\">Abbiamo lanciato una sigaretta elettronica usa e getta BANG BOX 160000 con display quattro in uno, disponibile per l'acquisto individuale, semplificando al contempo il rifornimento da parte dei negozi. Il prodotto \u00e8 disponibile all'ingrosso in confezioni da 10, per una comoda gestione dell'inventario e un risparmio di spazio sugli scaffali. Ci avvaliamo di partner affidabili come UPS, DPD e DHL per la spedizione con consegna sdoganata (DDP). Ci\u00f2 significa che il pacco verr\u00e0 consegnato direttamente a domicilio in Germania, Francia o Spagna, senza la preoccupazione dello sdoganamento o il pagamento di costi aggiuntivi.<\/p>\n<h2 data-v-md-heading=\"reasons-why-you-will-like-it\" data-v-md-line=\"36\">Reasons why you will like it<\/h2>\n<ul data-v-md-line=\"37\">\n<li>Durevole: durevole, non \u00e8 necessario acquistare frequentemente nuove cartucce.<\/li>\n<li>Selezione della concentrazione di nicotina: puoi scegliere la concentrazione di nicotina pi\u00f9 adatta a te.<\/li>\n<li>Ricaricabile: ti consente di utilizzare tutto l'e-liquid acquistato.<\/li>\n<li>Nucleo di atomizzazione a rete: pu\u00f2 offrire un gusto stabile e ricco ogni volta.<\/li>\n<li>Schermo intelligente: visualizza il livello della batteria e il livello di liquido rimanente, cos\u00ec non dovrai pi\u00f9 preoccuparti di rimanere senza liquido.<\/li>\n<li>Quattro gusti: cambia facilmente gusto senza dover portare con s\u00e9 pi\u00f9 dispositivi.<\/li>\n<\/ul>\n<h2 data-v-md-heading=\"why-choose-agoravape\" data-v-md-line=\"44\">Perch\u00e9 scegliere AgoraVape?<\/h2>\n<p data-v-md-line=\"46\">Essendo uno dei distributori di sigarette elettroniche pi\u00f9 affidabili in Europa, vendiamo solo prodotti originali al 100%. Per i nostri clienti aziendali, questo significa che le sigarette elettroniche usa e getta BANG BOX 160000 con display quattro in uno offrono prezzi all'ingrosso altamente competitivi, un'assistenza post-vendita affidabile e una consegna rapida. Contattaci subito e acquista questo prodotto. I tuoi clienti lo apprezzeranno davvero.<\/p>","protected":false},"excerpt":{"rendered":"<p>&nbsp;<\/p>\n<p><script src=\"chrome-extension:\/\/fpelahbljekknahkcaegamhcndkfpfnc\/iFrame.js\" type=\"text\/javascript\"><\/script><\/p>\n<p><script src=\"chrome-extension:\/\/fpelahbljekknahkcaegamhcndkfpfnc\/iFrame.js\" type=\"text\/javascript\"><\/script><\/p>\n<p><script src=\"chrome-extension:\/\/fpelahbljekknahkcaegamhcndkfpfnc\/iFrame.js\" type=\"text\/javascript\"><\/script><\/p>\n<p><script src=\"chrome-extension:\/\/fpelahbljekknahkcaegamhcndkfpfnc\/iFrame.js\" type=\"text\/javascript\"><\/script><\/p>\n<p><script src=\"chrome-extension:\/\/fpelahbljekknahkcaegamhcndkfpfnc\/iFrame.js\" type=\"text\/javascript\"><\/script><\/p>\n<p><script src=\"chrome-extension:\/\/fpelahbljekknahkcaegamhcndkfpfnc\/iFrame.js\" type=\"text\/javascript\"><\/script><\/p>\n<p><script src=\"chrome-extension:\/\/fpelahbljekknahkcaegamhcndkfpfnc\/iFrame.js\" type=\"text\/javascript\"><\/script><\/p>\n<p><script src=\"chrome-extension:\/\/fpelahbljekknahkcaegamhcndkfpfnc\/iFrame.js\" type=\"text\/javascript\"><\/script><\/p>\n<p><script src=\"chrome-extension:\/\/fpelahbljekknahkcaegamhcndkfpfnc\/iFrame.js\" type=\"text\/javascript\"><\/script><\/p>\n<p><script src=\"chrome-extension:\/\/fpelahbljekknahkcaegamhcndkfpfnc\/iFrame.js\" type=\"text\/javascript\"><\/script><\/p>\n<p><script src=\"chrome-extension:\/\/fpelahbljekknahkcaegamhcndkfpfnc\/iFrame.js\" type=\"text\/javascript\"><\/script><\/p>\n<p><script src=\"chrome-extension:\/\/fpelahbljekknahkcaegamhcndkfpfnc\/iFrame.js\" type=\"text\/javascript\"><\/script><\/p>","protected":false},"featured_media":27427,"comment_status":"open","ping_status":"closed","template":"","meta":[],"product_brand":[231,197],"product_cat":[124,187,185,188,189,123,158,195,174,175,193,191,179,173,186,180,190,192],"product_tag":[],"class_list":{"0":"post-27404","1":"product","2":"type-product","3":"status-publish","4":"has-post-thumbnail","6":"product_brand-bang-box","7":"product_brand-bang","8":"product_cat-vape-by-brand","9":"product_cat-0mg-nicotine-free-vapes","10":"product_cat-10000-puffs-high-capacity","11":"product_cat-10mg-low-nicotine-vapes","12":"product_cat-20mg-standard-nicotine-vapes","13":"product_cat-bang","14":"product_cat-bang-box","15":"product_cat-dual-flavor-switch","16":"product_cat-fruit-flavors","17":"product_cat-icy-mint","18":"product_cat-mesh-coil","19":"product_cat-rechargeable-disposables","20":"product_cat-unique-blends","21":"product_cat-vape-by-flavor-profile","22":"product_cat-vape-by-nicotine-strength","23":"product_cat-vape-by-puff-count","24":"product_cat-vape-by-feature-or-type","25":"product_cat-vapes-with-screens","27":"first","28":"instock","29":"shipping-taxable","30":"purchasable","31":"product-type-variable","32":"has-default-attributes"},"tiered_pricing_type":"percentage","tiered_pricing_fixed_rules":[],"tiered_pricing_product_settings":{"layout":"default","base_unit_name":{"singular":null,"plural":null},"default_variation":null},"tiered_pricing_minimum_quantity":10,"tiered_pricing_roles_data":[],"tiered_pricing_percentage_rules":{"30":"29","50":"34","100":"37","200":"40","500":"44","1000":"47"},"tiered_pricing_maximum_quantity":null,"tiered_pricing_quantity_step":"10","_links":{"self":[{"href":"https:\/\/agoravape.com\/it\/wp-json\/wp\/v2\/product\/27404","targetHints":{"allow":["GET"]}}],"collection":[{"href":"https:\/\/agoravape.com\/it\/wp-json\/wp\/v2\/product"}],"about":[{"href":"https:\/\/agoravape.com\/it\/wp-json\/wp\/v2\/types\/product"}],"replies":[{"embeddable":true,"href":"https:\/\/agoravape.com\/it\/wp-json\/wp\/v2\/comments?post=27404"}],"version-history":[{"count":0,"href":"https:\/\/agoravape.com\/it\/wp-json\/wp\/v2\/product\/27404\/revisions"}],"wp:featuredmedia":[{"embeddable":true,"href":"https:\/\/agoravape.com\/it\/wp-json\/wp\/v2\/media\/27427"}],"wp:attachment":[{"href":"https:\/\/agoravape.com\/it\/wp-json\/wp\/v2\/media?parent=27404"}],"wp:term":[{"taxonomy":"product_brand","embeddable":true,"href":"https:\/\/agoravape.com\/it\/wp-json\/wp\/v2\/product_brand?post=27404"},{"taxonomy":"product_cat","embeddable":true,"href":"https:\/\/agoravape.com\/it\/wp-json\/wp\/v2\/product_cat?post=27404"},{"taxonomy":"product_tag","embeddable":true,"href":"https:\/\/agoravape.com\/it\/wp-json\/wp\/v2\/product_tag?post=27404"}],"curies":[{"name":"wp","href":"https:\/\/api.w.org\/{rel}","templated":true}]}}