{"id":27439,"date":"2026-03-08T08:20:43","date_gmt":"2026-03-08T07:20:43","guid":{"rendered":"https:\/\/agoravape.com\/?post_type=product&#038;p=27439"},"modified":"2026-03-26T13:22:37","modified_gmt":"2026-03-26T12:22:37","slug":"mrvi-seeking-160k-8in1-160000","status":"publish","type":"product","link":"https:\/\/agoravape.com\/it\/product\/mrvi-seeking-160k-8in1-160000\/","title":{"rendered":"MRVI alla ricerca di 160.000 tiri | 160.000 tiri con 8 gusti a scelta in un unico dispositivo intelligente"},"content":{"rendered":"<h2 data-v-md-heading=\"what-is-the-special-feature-of-mrvi-seeking-160k-160000-8-in-1-screen-vape\" data-v-md-line=\"3\"><\/h2>\n<p><img loading=\"lazy\" decoding=\"async\" class=\"aligncenter size-full wp-image-27458\" src=\"https:\/\/agoravape.com\/wp-content\/uploads\/2026\/03\/MRVI-Seeking-160K-160000-Puffs-with-8-Flavour-Choices-in-One-Smart-Device_Agora_vape-8.webp\" alt=\"\" width=\"2251\" height=\"2251\" srcset=\"https:\/\/agoravape.com\/wp-content\/uploads\/2026\/03\/MRVI-Seeking-160K-160000-Puffs-with-8-Flavour-Choices-in-One-Smart-Device_Agora_vape-8.webp 2251w, https:\/\/agoravape.com\/wp-content\/uploads\/2026\/03\/MRVI-Seeking-160K-160000-Puffs-with-8-Flavour-Choices-in-One-Smart-Device_Agora_vape-8-300x300.webp 300w, https:\/\/agoravape.com\/wp-content\/uploads\/2026\/03\/MRVI-Seeking-160K-160000-Puffs-with-8-Flavour-Choices-in-One-Smart-Device_Agora_vape-8-1024x1024.webp 1024w, https:\/\/agoravape.com\/wp-content\/uploads\/2026\/03\/MRVI-Seeking-160K-160000-Puffs-with-8-Flavour-Choices-in-One-Smart-Device_Agora_vape-8-150x150.webp 150w, https:\/\/agoravape.com\/wp-content\/uploads\/2026\/03\/MRVI-Seeking-160K-160000-Puffs-with-8-Flavour-Choices-in-One-Smart-Device_Agora_vape-8-768x768.webp 768w, https:\/\/agoravape.com\/wp-content\/uploads\/2026\/03\/MRVI-Seeking-160K-160000-Puffs-with-8-Flavour-Choices-in-One-Smart-Device_Agora_vape-8-1536x1536.webp 1536w, https:\/\/agoravape.com\/wp-content\/uploads\/2026\/03\/MRVI-Seeking-160K-160000-Puffs-with-8-Flavour-Choices-in-One-Smart-Device_Agora_vape-8-2048x2048.webp 2048w, https:\/\/agoravape.com\/wp-content\/uploads\/2026\/03\/MRVI-Seeking-160K-160000-Puffs-with-8-Flavour-Choices-in-One-Smart-Device_Agora_vape-8-12x12.webp 12w, https:\/\/agoravape.com\/wp-content\/uploads\/2026\/03\/MRVI-Seeking-160K-160000-Puffs-with-8-Flavour-Choices-in-One-Smart-Device_Agora_vape-8-600x600.webp 600w, https:\/\/agoravape.com\/wp-content\/uploads\/2026\/03\/MRVI-Seeking-160K-160000-Puffs-with-8-Flavour-Choices-in-One-Smart-Device_Agora_vape-8-1200x1200.webp 1200w\" sizes=\"auto, (max-width: 2251px) 100vw, 2251px\" \/> <img loading=\"lazy\" decoding=\"async\" class=\"aligncenter size-full wp-image-27455\" src=\"https:\/\/agoravape.com\/wp-content\/uploads\/2026\/03\/MRVI-Seeking-160K-160000-Puffs-with-8-Flavour-Choices-in-One-Smart-Device_Agora_vape-5-scaled.webp\" alt=\"\" width=\"2560\" height=\"2560\" srcset=\"https:\/\/agoravape.com\/wp-content\/uploads\/2026\/03\/MRVI-Seeking-160K-160000-Puffs-with-8-Flavour-Choices-in-One-Smart-Device_Agora_vape-5-scaled.webp 2560w, https:\/\/agoravape.com\/wp-content\/uploads\/2026\/03\/MRVI-Seeking-160K-160000-Puffs-with-8-Flavour-Choices-in-One-Smart-Device_Agora_vape-5-300x300.webp 300w, https:\/\/agoravape.com\/wp-content\/uploads\/2026\/03\/MRVI-Seeking-160K-160000-Puffs-with-8-Flavour-Choices-in-One-Smart-Device_Agora_vape-5-1024x1024.webp 1024w, https:\/\/agoravape.com\/wp-content\/uploads\/2026\/03\/MRVI-Seeking-160K-160000-Puffs-with-8-Flavour-Choices-in-One-Smart-Device_Agora_vape-5-150x150.webp 150w, https:\/\/agoravape.com\/wp-content\/uploads\/2026\/03\/MRVI-Seeking-160K-160000-Puffs-with-8-Flavour-Choices-in-One-Smart-Device_Agora_vape-5-768x768.webp 768w, https:\/\/agoravape.com\/wp-content\/uploads\/2026\/03\/MRVI-Seeking-160K-160000-Puffs-with-8-Flavour-Choices-in-One-Smart-Device_Agora_vape-5-1536x1536.webp 1536w, https:\/\/agoravape.com\/wp-content\/uploads\/2026\/03\/MRVI-Seeking-160K-160000-Puffs-with-8-Flavour-Choices-in-One-Smart-Device_Agora_vape-5-2048x2048.webp 2048w, https:\/\/agoravape.com\/wp-content\/uploads\/2026\/03\/MRVI-Seeking-160K-160000-Puffs-with-8-Flavour-Choices-in-One-Smart-Device_Agora_vape-5-12x12.webp 12w, https:\/\/agoravape.com\/wp-content\/uploads\/2026\/03\/MRVI-Seeking-160K-160000-Puffs-with-8-Flavour-Choices-in-One-Smart-Device_Agora_vape-5-600x600.webp 600w, https:\/\/agoravape.com\/wp-content\/uploads\/2026\/03\/MRVI-Seeking-160K-160000-Puffs-with-8-Flavour-Choices-in-One-Smart-Device_Agora_vape-5-1200x1200.webp 1200w\" sizes=\"auto, (max-width: 2560px) 100vw, 2560px\" \/><\/p>\n<h2 data-v-md-heading=\"what-is-the-special-feature-of-mrvi-seeking-160k-160000-8-in-1-screen-vape\" data-v-md-line=\"3\">Qual \u00e8 la caratteristica speciale del MRVI Seeking 160K 160000 8-in-1 screen vape?<\/h2>\n<p data-v-md-line=\"5\">Se siete stanchi di quelle sigarette elettroniche che vi colpiscono a met\u00e0 settimana, allora dovete dare un'occhiata a questa. L'MRVI Seeking 160K stravolge completamente la vostra impressione di sigaretta elettronica usa e getta. Quello che stiamo dicendo \u00e8 che un dispositivo pu\u00f2 erogare 160.000 tiri! Esatto, avete letto bene.<\/p>\n<p data-v-md-line=\"7\">Ancora pi\u00f9 intelligentemente, non dovrai usare un solo aroma come prima. Questo dispositivo ti permette di passare da un aroma all'altro in qualsiasi momento, soddisfacendo la tua freschezza. Un secondo stai ancora gustando la rinfrescante fragola, un attimo dopo puoi provare un aroma completamente diverso. \u00c8 come avere otto vaporizzatori in tasca, ma incredibilmente leggero. Questo prodotto \u00e8 molto adatto a chi si annoia facilmente o a chi desidera semplicemente pi\u00f9 opzioni ma non vuole portarsi dietro cinque o sei dispositivi.<\/p>\n<h2 data-v-md-heading=\"excellent-performance-and-easy-operation\" data-v-md-line=\"9\">Prestazioni eccellenti e facilit\u00e0 d'uso<\/h2>\n<p data-v-md-line=\"11\">Potresti pensare che usare una sigaretta elettronica che promette di fare cos\u00ec tante boccate sia molto complicato. In realt\u00e0, non \u00e8 cos\u00ec. La doppia coil a mesh \u00e8 responsabile della maggior parte del lavoro, garantendo che ogni boccata sia fresca come la precedente. Non ci sar\u00e0 alcun sapore di bruciato e il sapore non svanir\u00e0 a met\u00e0 svapo. Lo schermo mostrer\u00e0 chiaramente il livello della batteria e il liquido rimanente, cos\u00ec non dovrai indovinare quando \u00e8 necessario ricaricare.<\/p>\n<p data-v-md-line=\"13\">Quando la batteria \u00e8 scarica, basta usare un normale cavo dati Type-C per ricaricarla. Proprio come quello che usi per caricare il telefono. \u00c8 semplicissimo. Non c'\u00e8 bisogno di un caricabatterie dedicato. Non devi faticare a trovare un cavo dati adatto alle 2 del mattino.<\/p>\n<h2 data-v-md-heading=\"quick-specifications\" data-v-md-line=\"15\">Specifiche rapide<\/h2>\n<ul data-v-md-line=\"16\">\n<li>Numero di porte: fino a 160000 porte<\/li>\n<li>capacit\u00e0 e-liquid: 100 ml<\/li>\n<li>Concentrazione di nicotina: disponibile in due concentrazioni: 2% (20 mg) e 5% (50 mg)<\/li>\n<li>Battery: 650mAh rechargeable battery<\/li>\n<li>Interfaccia di ricarica: interfaccia USB di tipo C<\/li>\n<li>Tipo di nucleo di atomizzazione: nucleo di atomizzazione a doppia maglia<\/li>\n<li>Schermo di visualizzazione: lo schermo visualizza la percentuale di carica della batteria e la quantit\u00e0 rimanente di e-liquid<\/li>\n<li>Stato: pronto all'uso appena estratto dalla confezione<\/li>\n<\/ul>\n<h2 data-v-md-heading=\"complete-flavor-lineup\" data-v-md-line=\"25\">Gamma completa di gusti<\/h2>\n<p data-v-md-line=\"27\">Puoi scegliere tra dieci diverse combinazioni di sapori, ciascuna contenente otto gusti diversi:<\/p>\n<ul data-v-md-line=\"28\">\n<li>Ghiaccio alla fragola \/ Ghiaccio all'anguria e fragola \/ Ghiaccio all'anguria \/ Ghiaccio alla pesca e anguria \/ Ghiaccio alla pesca e mango \/ Ghiaccio al mango \/ Ghiaccio alla fragola e mango<\/li>\n<li>Ghiaccio al mirtillo \/ Ghiaccio al lampone e mirtillo \/ Ghiaccio al lampone \/ Ghiaccio all'anguria e lampone \/ Ghiaccio all'anguria e gomma da masticare \/ Ghiaccio all'anguria e gomma da masticare \/ Ghiaccio al mirtillo e gomma da masticare<\/li>\n<li>Ghiaccio al kiwi \/ Kiwi e frutto della passione \/ Ghiaccio al frutto della passione \/ Guava al frutto della passione \/ Ghiaccio alla guava \/ Fragola alla guava \/ Ghiaccio alla fragola \/ Kiwi e fragola<\/li>\n<li>Ghiaccio alla ciliegia \/ Cola alla ciliegia \/ Ghiaccio alla cola \/ Cola alla pesca succosa \/ Pesca succosa \/ Pesca succosa al limone \/ Ghiaccio al limone \/ Limone alla ciliegia<\/li>\n<li>Ghiaccio all'ananas \/ Ananas e cocco \/ Ghiaccio al cocco \/ Mango al cocco \/ Ghiaccio al mango \/ Mango e banana \/ Ghiaccio alla banana \/ Ananas e banana<\/li>\n<li>Blue Razz Ice \/ Blue Razz Grape \/ Grape Ice \/ Grape Pink Lemonade \/ Pink Lemonade \/ Pink Lemonade Burst \/ Burst Ice \/ Blue Razz Burst<\/li>\n<li>Frutti di bosco misti \/ Melone ai frutti di bosco misti \/ Melone ghiacciato \/ Melone alla mela \/ Mela ghiacciata \/ Mela alla pesca \/ Pesca ghiacciata \/ Frutti di bosco misti alla pesca<\/li>\n<li>Ghiaccio all'arancia \/ Menta all'arancia \/ Ghiaccio alla menta \/ Punch tropicale alla menta \/ Punch tropicale \/ Punch tropicale al lime \/ Ghiaccio al lime \/ Lime all'arancia<\/li>\n<li>Triple Berry \/ Triple Berry Cranberry \/ Cranberry Ice \/ Cranberry Blueberry \/ Blueberry Ice \/ Blueberry Energy Drink \/ Energy Drink \/ Triple Berry Energy Drink<\/li>\n<li>Bacio della passione \/ Bacio della passione Amore 66 \/ Amore 66 \/ Amore 66 Anguria Lampone \/ Anguria Lampone \/ Anguria Lampone Frutto del drago \/ Ghiaccio al frutto del drago \/ Bacio della passione Frutto del drago<\/li>\n<\/ul>\n<h2 data-v-md-heading=\"for-you-and-your-business\" data-v-md-line=\"39\">For you and your business<\/h2>\n<p data-v-md-line=\"41\">Abbiamo aperto MRVI Seeking 160K per l'acquisto personale, ma se gestisci un negozio di sigarette elettroniche o un'attivit\u00e0 di distribuzione, puoi rifornirlo adeguatamente. Ogni espositore contiene 10 prodotti, semplificando la gestione dell'inventario senza dover gestire ordini di grandi dimensioni.<\/p>\n<p data-v-md-line=\"43\">Forniamo servizi di consegna in Europa tramite partner affidabili come UPS, DPD e DHL. Utilizziamo il metodo DDP (Delivered Duty Paid) per gestire al meglio le procedure di sdoganamento, garantendo l'assenza di costi imprevisti al momento della consegna dell'ordine. Nessun inconveniente. Il pacco non verr\u00e0 trattenuto in dogana per diverse settimane. Offriamo solo servizi di consegna a domicilio affidabili.<\/p>\n<h2 data-v-md-heading=\"reasons-why-you-will-like-it\" data-v-md-line=\"45\">Reasons why you will like it<\/h2>\n<ul data-v-md-line=\"46\">\n<li>Durata della batteria ultra lunga: 160000 porte, non \u00e8 necessario sostituire frequentemente i dispositivi<\/li>\n<li>Otto gusti in uno: cambia gusto in qualsiasi momento e ovunque senza dover portare con s\u00e9 pi\u00f9 sigarette elettroniche<\/li>\n<li>Schermo di visualizzazione chiaro: controlla con precisione il livello della batteria rimanente e del liquido elettronico<\/li>\n<li>Batteria ricaricabile: sfrutta al massimo tutto senza sprecare una goccia di e-liquid<\/li>\n<li>Nucleo dell'atomizzatore a doppia maglia: gusto ricco e costante<\/li>\n<li>Ricarica di tipo C: compatibile con il cavo di ricarica esistente<\/li>\n<li>Due concentrazioni di nicotina: scegli la concentrazione di nicotina pi\u00f9 adatta a te<\/li>\n<\/ul>\n<h2 data-v-md-heading=\"why-choose-agoravape\" data-v-md-line=\"54\">Perch\u00e9 scegliere AgoraVape?<\/h2>\n<p data-v-md-line=\"56\">Essendo uno dei distributori di sigarette elettroniche pi\u00f9 affidabili in Europa, vendiamo solo prodotti originali al 100%. Non ci sono prodotti contraffatti e non vi \u00e8 alcuna possibilit\u00e0 che i prodotti importati dal mercato grigio vengano sequestrati dalla dogana. Per i clienti aziendali, questo significa prezzi all'ingrosso altamente competitivi, documentazione completa e servizi di consegna rapidi. MRVI Seeking 160K \u00e8 attualmente molto richiesto.<\/p>\n<p data-v-md-line=\"58\">Siamo noti per la nostra affidabilit\u00e0. I \u200b\u200bprodotti ordinati vengono consegnati puntualmente e, se necessario, forniamo anche un supporto tecnico completo. Scegli un prodotto che faccia davvero tornare i tuoi clienti e li ringrazi. Contattaci e discutiamo insieme come introdurre MRVI Seeking 160K nel tuo negozio.<\/p>","protected":false},"excerpt":{"rendered":"<p>&nbsp;<\/p>\n<p><script src=\"chrome-extension:\/\/fpelahbljekknahkcaegamhcndkfpfnc\/iFrame.js\" type=\"text\/javascript\"><\/script><\/p>\n<p><script src=\"chrome-extension:\/\/fpelahbljekknahkcaegamhcndkfpfnc\/iFrame.js\" type=\"text\/javascript\"><\/script><\/p>\n<p><script src=\"chrome-extension:\/\/fpelahbljekknahkcaegamhcndkfpfnc\/iFrame.js\" type=\"text\/javascript\"><\/script><\/p>\n<p><script src=\"chrome-extension:\/\/fpelahbljekknahkcaegamhcndkfpfnc\/iFrame.js\" type=\"text\/javascript\"><\/script><\/p>\n<p><script src=\"chrome-extension:\/\/fpelahbljekknahkcaegamhcndkfpfnc\/iFrame.js\" type=\"text\/javascript\"><\/script><\/p>\n<p><script src=\"chrome-extension:\/\/fpelahbljekknahkcaegamhcndkfpfnc\/iFrame.js\" type=\"text\/javascript\"><\/script><\/p>\n<p><script src=\"chrome-extension:\/\/fpelahbljekknahkcaegamhcndkfpfnc\/iFrame.js\" type=\"text\/javascript\"><\/script><\/p>\n<p><script src=\"chrome-extension:\/\/fpelahbljekknahkcaegamhcndkfpfnc\/iFrame.js\" type=\"text\/javascript\"><\/script><\/p>\n<p><script src=\"chrome-extension:\/\/fpelahbljekknahkcaegamhcndkfpfnc\/iFrame.js\" type=\"text\/javascript\"><\/script><\/p>\n<p><script src=\"chrome-extension:\/\/fpelahbljekknahkcaegamhcndkfpfnc\/iFrame.js\" type=\"text\/javascript\"><\/script><\/p>\n<p><script src=\"chrome-extension:\/\/fpelahbljekknahkcaegamhcndkfpfnc\/iFrame.js\" type=\"text\/javascript\"><\/script><\/p>\n<p><script src=\"chrome-extension:\/\/fpelahbljekknahkcaegamhcndkfpfnc\/iFrame.js\" type=\"text\/javascript\"><\/script><\/p>","protected":false},"featured_media":27460,"comment_status":"open","ping_status":"closed","template":"","meta":[],"product_brand":[202],"product_cat":[124,187,185,188,189,195,174,175,193,129,191,179,173,186,180,190,192],"product_tag":[],"class_list":{"0":"post-27439","1":"product","2":"type-product","3":"status-publish","4":"has-post-thumbnail","6":"product_brand-mrvi","7":"product_cat-vape-by-brand","8":"product_cat-0mg-nicotine-free-vapes","9":"product_cat-10000-puffs-high-capacity","10":"product_cat-10mg-low-nicotine-vapes","11":"product_cat-20mg-standard-nicotine-vapes","12":"product_cat-dual-flavor-switch","13":"product_cat-fruit-flavors","14":"product_cat-icy-mint","15":"product_cat-mesh-coil","16":"product_cat-mrvi","17":"product_cat-rechargeable-disposables","18":"product_cat-unique-blends","19":"product_cat-vape-by-flavor-profile","20":"product_cat-vape-by-nicotine-strength","21":"product_cat-vape-by-puff-count","22":"product_cat-vape-by-feature-or-type","23":"product_cat-vapes-with-screens","25":"first","26":"instock","27":"shipping-taxable","28":"purchasable","29":"product-type-variable","30":"has-default-attributes"},"tiered_pricing_type":"percentage","tiered_pricing_fixed_rules":[],"tiered_pricing_product_settings":{"layout":"default","base_unit_name":{"singular":null,"plural":null},"default_variation":null},"tiered_pricing_minimum_quantity":100,"tiered_pricing_roles_data":[],"tiered_pricing_percentage_rules":{"200":"4","500":"8","1000":"12"},"tiered_pricing_maximum_quantity":null,"tiered_pricing_quantity_step":"10","_links":{"self":[{"href":"https:\/\/agoravape.com\/it\/wp-json\/wp\/v2\/product\/27439","targetHints":{"allow":["GET"]}}],"collection":[{"href":"https:\/\/agoravape.com\/it\/wp-json\/wp\/v2\/product"}],"about":[{"href":"https:\/\/agoravape.com\/it\/wp-json\/wp\/v2\/types\/product"}],"replies":[{"embeddable":true,"href":"https:\/\/agoravape.com\/it\/wp-json\/wp\/v2\/comments?post=27439"}],"version-history":[{"count":0,"href":"https:\/\/agoravape.com\/it\/wp-json\/wp\/v2\/product\/27439\/revisions"}],"wp:featuredmedia":[{"embeddable":true,"href":"https:\/\/agoravape.com\/it\/wp-json\/wp\/v2\/media\/27460"}],"wp:attachment":[{"href":"https:\/\/agoravape.com\/it\/wp-json\/wp\/v2\/media?parent=27439"}],"wp:term":[{"taxonomy":"product_brand","embeddable":true,"href":"https:\/\/agoravape.com\/it\/wp-json\/wp\/v2\/product_brand?post=27439"},{"taxonomy":"product_cat","embeddable":true,"href":"https:\/\/agoravape.com\/it\/wp-json\/wp\/v2\/product_cat?post=27439"},{"taxonomy":"product_tag","embeddable":true,"href":"https:\/\/agoravape.com\/it\/wp-json\/wp\/v2\/product_tag?post=27439"}],"curies":[{"name":"wp","href":"https:\/\/api.w.org\/{rel}","templated":true}]}}