{"id":27489,"date":"2026-03-08T08:38:28","date_gmt":"2026-03-08T07:38:28","guid":{"rendered":"https:\/\/agoravape.com\/?post_type=product&#038;p=27489"},"modified":"2026-03-08T08:51:22","modified_gmt":"2026-03-08T07:51:22","slug":"waspe-8in1-crystal-180000","status":"publish","type":"product","link":"https:\/\/agoravape.com\/it\/product\/waspe-8in1-crystal-180000\/","title":{"rendered":"WASPE 8in1 Crystal 180000 tiri, sigaretta elettronica usa e getta con schermo LED | Cambia aroma, rimani carico, svapa pi\u00f9 a lungo"},"content":{"rendered":"<h2 data-v-md-heading=\"what-are-the-special-features-of-waspe-8-in-1-crystal-edition-180000-port-led-screen-disposable-vapes\" data-v-md-line=\"3\"><img loading=\"lazy\" decoding=\"async\" class=\"aligncenter size-full wp-image-27511\" src=\"https:\/\/agoravape.com\/wp-content\/uploads\/2026\/03\/WASPE-8in1-Crystal-180000-Puffs-LED-Screen-Disposable-Vape-Switch-Flavours-Stay-Charged-Vape-Longer_Agora_vape-13.webp\" alt=\"\" width=\"1920\" height=\"1220\" srcset=\"https:\/\/agoravape.com\/wp-content\/uploads\/2026\/03\/WASPE-8in1-Crystal-180000-Puffs-LED-Screen-Disposable-Vape-Switch-Flavours-Stay-Charged-Vape-Longer_Agora_vape-13.webp 1920w, https:\/\/agoravape.com\/wp-content\/uploads\/2026\/03\/WASPE-8in1-Crystal-180000-Puffs-LED-Screen-Disposable-Vape-Switch-Flavours-Stay-Charged-Vape-Longer_Agora_vape-13-300x191.webp 300w, https:\/\/agoravape.com\/wp-content\/uploads\/2026\/03\/WASPE-8in1-Crystal-180000-Puffs-LED-Screen-Disposable-Vape-Switch-Flavours-Stay-Charged-Vape-Longer_Agora_vape-13-1024x651.webp 1024w, https:\/\/agoravape.com\/wp-content\/uploads\/2026\/03\/WASPE-8in1-Crystal-180000-Puffs-LED-Screen-Disposable-Vape-Switch-Flavours-Stay-Charged-Vape-Longer_Agora_vape-13-768x488.webp 768w, https:\/\/agoravape.com\/wp-content\/uploads\/2026\/03\/WASPE-8in1-Crystal-180000-Puffs-LED-Screen-Disposable-Vape-Switch-Flavours-Stay-Charged-Vape-Longer_Agora_vape-13-1536x976.webp 1536w, https:\/\/agoravape.com\/wp-content\/uploads\/2026\/03\/WASPE-8in1-Crystal-180000-Puffs-LED-Screen-Disposable-Vape-Switch-Flavours-Stay-Charged-Vape-Longer_Agora_vape-13-18x12.webp 18w, https:\/\/agoravape.com\/wp-content\/uploads\/2026\/03\/WASPE-8in1-Crystal-180000-Puffs-LED-Screen-Disposable-Vape-Switch-Flavours-Stay-Charged-Vape-Longer_Agora_vape-13-1200x763.webp 1200w\" sizes=\"auto, (max-width: 1920px) 100vw, 1920px\" \/><\/h2>\n<h2 data-v-md-heading=\"what-are-the-special-features-of-waspe-8-in-1-crystal-edition-180000-port-led-screen-disposable-vapes\" data-v-md-line=\"3\">Quali sono le caratteristiche speciali delle sigarette elettroniche usa e getta con schermo LED da 180000 porte WASPE 8-in-1 Crystal Edition?<\/h2>\n<p data-v-md-line=\"5\">Se sei stanco di quelle sigarette elettroniche che si scaricano in meno di una settimana, questo prodotto ti stupir\u00e0 sicuramente. Il WASPE 8-in-1 Crystal Edition non \u00e8 un normale vaporizzatore. \u00c8 progettato specificamente per chi desidera godersi facilmente una variet\u00e0 di aromi. Un dispositivo pu\u00f2 avere quattro aromi diversi, puoi cambiarli quando vuoi, ovunque e fare ci\u00f2 che vuoi. Non c'\u00e8 bisogno di portare con s\u00e9 pi\u00f9 vaporizzatori o preoccuparsi di quale prendere. Scegli semplicemente il tuo aroma preferito e gustalo facilmente.<\/p>\n<p data-v-md-line=\"7\">Per chi apprezza la praticit\u00e0 ma non \u00e8 disposto a scendere a compromessi sulla variet\u00e0 di gusti, questo prodotto \u00e8 la scelta perfetta. Che si tratti di recarsi al lavoro, di uscire per un incontro o di rilassarsi a casa, questo dispositivo pu\u00f2 accompagnarvi e permettervi di godervi una giornata meravigliosa.<\/p>\n<h2 data-v-md-heading=\"excellent-performance-easy-to-operate\" data-v-md-line=\"9\">Excellent performance, easy to operate<\/h2>\n<p data-v-md-line=\"11\">Il passo successivo \u00e8 la messa a fuoco. Potresti pensare che una sigaretta elettronica che dichiara di poter fare 180.000 tiri debba essere ingombrante come un mattone, ma non \u00e8 cos\u00ec. WASPE 8-in-1 Crystal \u00e8 leggero e portatile, il che lo rende facile da tenere in tasca. Le quattro bobine a rete all'interno lavorano insieme per garantire un gusto corposo e costante dal primo all'ultimo boccone. Ci\u00f2 significa che non ci sar\u00e0 alcun sapore di bruciato nel mezzo e non ci saranno improvvise perdite di potenza quando ci si aspetta una potenza elevata.<\/p>\n<p data-v-md-line=\"13\">Il display LED mostrer\u00e0 chiaramente il livello della batteria e il liquido rimanente, cos\u00ec non dovrai pi\u00f9 tirare a indovinare. Quando la batteria \u00e8 scarica, puoi semplicemente utilizzare un cavo dati Type-C standard per ricaricarla. Potresti gi\u00e0 avere pi\u00f9 di una dozzina di questi cavi dati a casa. \u00c8 semplicissimo.<\/p>\n<h2 data-v-md-heading=\"quick-specifications\" data-v-md-line=\"15\">Specifiche rapide<\/h2>\n<ul data-v-md-line=\"16\">\n<li>Numero di porte: fino a 180000 porte<\/li>\n<li>Concentrazione di nicotina: disponibile in tre concentrazioni: 0%, 2% e 5%<\/li>\n<li>Utilizzo: basta inalare per attivare<\/li>\n<li>Charging method: Type-C USB interface<\/li>\n<li>capacit\u00e0 e-liquid: 68 ml<\/li>\n<li>Battery: 650mAh rechargeable battery<\/li>\n<li>Stato: pronto all'uso appena estratto dalla confezione<\/li>\n<\/ul>\n<h2 data-v-md-heading=\"complete-flavor-lineup\" data-v-md-line=\"24\">Gamma completa di gusti<\/h2>\n<p data-v-md-line=\"26\">Puoi scegliere tra dodici diverse combinazioni di sapori, ciascuna contenente quattro gusti unici:<\/p>\n<ul data-v-md-line=\"27\">\n<li>Ghiaccio all'anguria \/ Ghiaccio al limone e lime \/ Ghiaccio al mango aspro \/ Ghiaccio al kiwi e melone<\/li>\n<li>Ghiaccio al mirtillo \/ Cola alla ciliegia \/ Vaniglia alla fragola \/ Ciliegia al limone<\/li>\n<li>Red Bull Ice \/ Strawberry Ice \/ Sour Fucking Fab \/ Cola Ice<\/li>\n<li>Ghiaccio all'uva \/ Kiwi alla fragola \/ Ghiaccio all'anguria \/ Blue Rancher<\/li>\n<li>Melone Frutto della Passione \/ Mango Aspro Ananas \/ Caramella al Toffee alla Banana \/ Fragola e Bacche<\/li>\n<li>Fragola e anguria \/ Menta fresca \/ Ghiaccio al lampone blu \/ Ghiaccio al ribes nero<\/li>\n<li>Blackberry Ice \/ Double Apple \/ Black Dragon Ice \/ Strawberry Kiwi<\/li>\n<li>Fragola Red Bull \/ Ciliegia Cola \/ Ciliegia Limone \/ Frutta Tropicale<\/li>\n<li>Frutti di bosco misti \/ Limone e lime \/ Mirtillo e lampone \/ Mela verde<\/li>\n<li>Fragola Lampone Ciliegia \/ Fragola Anguria \/ Kiwi Anguria \/ Limone Lime<\/li>\n<li>Fragola e banana \/ Mango e pesca \/ Tre frutti di bosco \/ Fragola e ananas<\/li>\n<li>Limonata Blue Razz \/ Limone e ciliegia \/ Ghiaccio al mirtillo \/ Pesca e anguria<\/li>\n<\/ul>\n<h2 data-v-md-heading=\"for-you-and-your-business\" data-v-md-line=\"40\">For you and your business<\/h2>\n<p data-v-md-line=\"42\">Abbiamo lanciato una sigaretta elettronica usa e getta con un cristallo WASPE 8 in 1 e 180.000 schermi LED per l'acquisto personale. Se gestisci un negozio o un'attivit\u00e0 specializzata in sigarette elettroniche, dovresti conoscere le nostre opzioni all'ingrosso. Ogni scatola contiene 10 pezzi, per un totale di 160 pezzi per scatola. Si tratta di scorte sufficienti per le attivit\u00e0 commerciali legittime.<\/p>\n<p data-v-md-line=\"44\">Forniamo servizi di consegna in Europa tramite partner affidabili come UPS, DPD e DHL. Gestiremo in anticipo tutti i documenti doganali e le tariffe doganali. All'arrivo del pacco, non dovrai pagare alcun costo aggiuntivo. Non ci saranno inoltre ritardi durante i controlli di frontiera. Il tuo ordine verr\u00e0 consegnato puntualmente.<\/p>\n<h2 data-v-md-heading=\"reasons-why-you-will-like-it\" data-v-md-line=\"46\">Reasons why you will like it<\/h2>\n<ul data-v-md-line=\"47\">\n<li>Durata della batteria ultra lunga: 180000 porte, non \u00e8 necessario sostituire frequentemente i dispositivi<\/li>\n<li>Quattro gusti in uno: cambiare gusto senza cambiare dispositivo<\/li>\n<li>Selezione della concentrazione di nicotina: concentrazione di nicotina 0%, 2% o 5% per soddisfare le tue esigenze personalizzate<\/li>\n<li>Batteria ricaricabile: utilizza al massimo ogni goccia di e-liquid che acquisti<\/li>\n<li>Schermo LED: i livelli della batteria e del liquido elettronico sono chiari a colpo d'occhio<\/li>\n<li>Tecnologia Mesh Coil: pu\u00f2 offrire un gusto stabile e ricco ogni volta<\/li>\n<li>Design compatto: nonostante la batteria a lunga durata, pu\u00f2 essere facilmente riposto in tasca<\/li>\n<\/ul>\n<h2 data-v-md-heading=\"why-choose-to-collaborate-with-agoravape\" data-v-md-line=\"55\">Perch\u00e9 scegliere di collaborare con AgoraVape?<\/h2>\n<p data-v-md-line=\"57\">Ci impegniamo sempre a vendere solo prodotti originali e ci siamo guadagnati una buona reputazione grazie a questo. Non vendiamo mai prodotti contraffatti o falsi. Ogni dispositivo WASPE che spediamo \u00e8 dotato di un codice di verifica per confermarne l'autenticit\u00e0. Per i commercianti, questo significa tranquillit\u00e0 e fiducia da parte dei clienti nei confronti dei vostri prodotti.<\/p>\n<p data-v-md-line=\"59\">I nostri prezzi all'ingrosso ti garantiscono margini di profitto sufficienti. Il nostro servizio clienti \u00e8 sempre disponibile a rispondere alle tue chiamate. Il nostro servizio di consegna \u00e8 rapido e affidabile, pienamente conforme alle normative europee in materia. Acquistando WASPE 8in1 Crystal tramite AgoraVape, riceverai un prodotto che i clienti continueranno ad acquistare. Contattaci subito e discutiamo insieme la soluzione pi\u00f9 adatta alla tua attivit\u00e0.<\/p>","protected":false},"excerpt":{"rendered":"<p>&nbsp;<\/p>\n<p><script src=\"chrome-extension:\/\/fpelahbljekknahkcaegamhcndkfpfnc\/iFrame.js\" type=\"text\/javascript\"><\/script><\/p>\n<p><script src=\"chrome-extension:\/\/fpelahbljekknahkcaegamhcndkfpfnc\/iFrame.js\" type=\"text\/javascript\"><\/script><\/p>\n<p><script src=\"chrome-extension:\/\/fpelahbljekknahkcaegamhcndkfpfnc\/iFrame.js\" type=\"text\/javascript\"><\/script><\/p>\n<p><script src=\"chrome-extension:\/\/fpelahbljekknahkcaegamhcndkfpfnc\/iFrame.js\" type=\"text\/javascript\"><\/script><\/p>\n<p><script src=\"chrome-extension:\/\/fpelahbljekknahkcaegamhcndkfpfnc\/iFrame.js\" type=\"text\/javascript\"><\/script><\/p>\n<p><script src=\"chrome-extension:\/\/fpelahbljekknahkcaegamhcndkfpfnc\/iFrame.js\" type=\"text\/javascript\"><\/script><\/p>\n<p><script src=\"chrome-extension:\/\/fpelahbljekknahkcaegamhcndkfpfnc\/iFrame.js\" type=\"text\/javascript\"><\/script><\/p>\n<p><script src=\"chrome-extension:\/\/fpelahbljekknahkcaegamhcndkfpfnc\/iFrame.js\" type=\"text\/javascript\"><\/script><\/p>\n<p><script src=\"chrome-extension:\/\/fpelahbljekknahkcaegamhcndkfpfnc\/iFrame.js\" type=\"text\/javascript\"><\/script><\/p>\n<p><script src=\"chrome-extension:\/\/fpelahbljekknahkcaegamhcndkfpfnc\/iFrame.js\" type=\"text\/javascript\"><\/script><\/p>\n<p><script src=\"chrome-extension:\/\/fpelahbljekknahkcaegamhcndkfpfnc\/iFrame.js\" type=\"text\/javascript\"><\/script><\/p>\n<p><script src=\"chrome-extension:\/\/fpelahbljekknahkcaegamhcndkfpfnc\/iFrame.js\" type=\"text\/javascript\"><\/script><\/p>","protected":false},"featured_media":27503,"comment_status":"open","ping_status":"closed","template":"","meta":[],"product_brand":[206],"product_cat":[124,187,185,188,189,195,174,175,193,191,179,173,186,180,190,192,133],"product_tag":[],"class_list":{"0":"post-27489","1":"product","2":"type-product","3":"status-publish","4":"has-post-thumbnail","6":"product_brand-waspe","7":"product_cat-vape-by-brand","8":"product_cat-0mg-nicotine-free-vapes","9":"product_cat-10000-puffs-high-capacity","10":"product_cat-10mg-low-nicotine-vapes","11":"product_cat-20mg-standard-nicotine-vapes","12":"product_cat-dual-flavor-switch","13":"product_cat-fruit-flavors","14":"product_cat-icy-mint","15":"product_cat-mesh-coil","16":"product_cat-rechargeable-disposables","17":"product_cat-unique-blends","18":"product_cat-vape-by-flavor-profile","19":"product_cat-vape-by-nicotine-strength","20":"product_cat-vape-by-puff-count","21":"product_cat-vape-by-feature-or-type","22":"product_cat-vapes-with-screens","23":"product_cat-waspe","25":"first","26":"instock","27":"shipping-taxable","28":"purchasable","29":"product-type-variable","30":"has-default-attributes"},"tiered_pricing_type":"percentage","tiered_pricing_fixed_rules":[],"tiered_pricing_product_settings":{"layout":"default","base_unit_name":{"singular":null,"plural":null},"default_variation":null},"tiered_pricing_minimum_quantity":50,"tiered_pricing_roles_data":[],"tiered_pricing_percentage_rules":{"100":"2","200":"4","500":"8","1000":"12"},"tiered_pricing_maximum_quantity":null,"tiered_pricing_quantity_step":"10","_links":{"self":[{"href":"https:\/\/agoravape.com\/it\/wp-json\/wp\/v2\/product\/27489","targetHints":{"allow":["GET"]}}],"collection":[{"href":"https:\/\/agoravape.com\/it\/wp-json\/wp\/v2\/product"}],"about":[{"href":"https:\/\/agoravape.com\/it\/wp-json\/wp\/v2\/types\/product"}],"replies":[{"embeddable":true,"href":"https:\/\/agoravape.com\/it\/wp-json\/wp\/v2\/comments?post=27489"}],"version-history":[{"count":0,"href":"https:\/\/agoravape.com\/it\/wp-json\/wp\/v2\/product\/27489\/revisions"}],"wp:featuredmedia":[{"embeddable":true,"href":"https:\/\/agoravape.com\/it\/wp-json\/wp\/v2\/media\/27503"}],"wp:attachment":[{"href":"https:\/\/agoravape.com\/it\/wp-json\/wp\/v2\/media?parent=27489"}],"wp:term":[{"taxonomy":"product_brand","embeddable":true,"href":"https:\/\/agoravape.com\/it\/wp-json\/wp\/v2\/product_brand?post=27489"},{"taxonomy":"product_cat","embeddable":true,"href":"https:\/\/agoravape.com\/it\/wp-json\/wp\/v2\/product_cat?post=27489"},{"taxonomy":"product_tag","embeddable":true,"href":"https:\/\/agoravape.com\/it\/wp-json\/wp\/v2\/product_tag?post=27489"}],"curies":[{"name":"wp","href":"https:\/\/api.w.org\/{rel}","templated":true}]}}