{"id":10815,"date":"2025-09-22T23:21:55","date_gmt":"2025-09-22T15:21:55","guid":{"rendered":"https:\/\/green-grasshopper-921422.hostingersite.com\/?page_id=10815"},"modified":"2025-09-24T17:19:42","modified_gmt":"2025-09-24T09:19:42","slug":"faqs","status":"publish","type":"page","link":"https:\/\/agoravape.com\/nl\/faqs\/","title":{"rendered":"Veelgestelde vragen"},"content":{"rendered":"<h1 class=\"wp-block-heading has-text-align-center\">Veelgestelde vragen ( FAQ )<\/h1>\n\n\n\n<h2 class=\"wp-block-heading\"><strong>Betaling<\/strong><\/h2>\n\n\n<div id=\"rank-math-faq\" class=\"rank-math-block\">\n<ul class=\"rank-math-list\">\n<li id=\"faq-question-1758677760300\" class=\"rank-math-list-item\">\n<h3 class=\"rank-math-question\">Welke betaalmethoden accepteert u?<\/h3>\n<div class=\"rank-math-answer\">\n\n<p>We accepteren verschillende betalingsmethoden. Bijvoorbeeld Credit Card, Trustly, Bancontact, Przelewy24, Multibanco, SEPA, Crypto (USDT, BTC ect.) en meer. Bekijk de afrekenpagina voor alle opties.<\/p>\n\n<\/div>\n<\/li>\n<li id=\"faq-question-1758677791437\" class=\"rank-math-list-item\">\n<h3 class=\"rank-math-question\">Waarom is mijn betaling geweigerd?<\/h3>\n<div class=\"rank-math-answer\">\n\n<p>Betalingen kunnen om verschillende redenen worden geweigerd. Bijvoorbeeld verkeerde kaartgegevens, onvoldoende saldo of problemen met de betalingsservice. Controleer je gegevens of neem contact op met je bank\/betalingsprovider.<\/p>\n\n<\/div>\n<\/li>\n<li id=\"faq-question-1758677799119\" class=\"rank-math-list-item\">\n<h3 class=\"rank-math-question\">Hoe kan ik een factuur krijgen?<\/h3>\n<div class=\"rank-math-answer\">\n\n<p>Een factuur aanvragen? Dat kan tijdens het afrekenen. We sturen het daarna per e-mail.<\/p>\n\n<\/div>\n<\/li>\n<li id=\"faq-question-1758677805392\" class=\"rank-math-list-item\">\n<h3 class=\"rank-math-question\">Bieden jullie de mogelijkheid om onder rembours te betalen?<\/h3>\n<div class=\"rank-math-answer\">\n\n<p>Nee, we leveren niet onder rembours. Je moet online betalen als je bestelt.<\/p>\n\n<\/div>\n<\/li>\n<li id=\"faq-question-1758677842806\" class=\"rank-math-list-item\">\n<h3 class=\"rank-math-question\">Is er een optie om een kortingscode of cadeaubon in te voeren?<\/h3>\n<div class=\"rank-math-answer\">\n\n<p>Ja, heb je een code of voucher? Voer de code in op de afrekenpagina voor korting.<\/p>\n\n<\/div>\n<\/li>\n<li id=\"faq-question-1758677850262\" class=\"rank-math-list-item\">\n<h3 class=\"rank-math-question\">Is de betaling veilig?<\/h3>\n<div class=\"rank-math-answer\">\n\n<p>We bieden veilige betalingen. We gebruiken encryptie en voldoen aan de PCI-normen.<\/p>\n\n<\/div>\n<\/li>\n<li id=\"faq-question-1758677856599\" class=\"rank-math-list-item\">\n<h3 class=\"rank-math-question\">Hoe kan ik een orderbevestiging ontvangen nadat ik een betaling heb gedaan?<\/h3>\n<div class=\"rank-math-answer\">\n\n<p>Ja, direct na een succesvolle betaling ontvang je een e-mail met een orderbevestiging.<\/p>\n\n<\/div>\n<\/li>\n<li id=\"faq-question-1758677863213\" class=\"rank-math-list-item\">\n<h3 class=\"rank-math-question\">Hoe kan ik een retour aanvragen?<\/h3>\n<div class=\"rank-math-answer\">\n\n<p>Neem contact op met onze klantenservice. Geef uw bestelgegevens door. We zullen u helpen volgens ons retourbeleid.<\/p>\n\n<\/div>\n<\/li>\n<li id=\"faq-question-1758677871426\" class=\"rank-math-list-item\">\n<h3 class=\"rank-math-question\">Hoe kan ik mijn bestelgeschiedenis bekijken nadat ik een betaling heb gedaan?<\/h3>\n<div class=\"rank-math-answer\">\n\n<p>Log in op je account. Ga naar \u201cMijn account\u201d. In de bestelgeschiedenis zie je alle betalingen en de status van je bestellingen.<\/p>\n\n<\/div>\n<\/li>\n<\/ul>\n<\/div>\n\n\n<h2 class=\"wp-block-heading\">Verzending<\/h2>\n\n\n<div id=\"rank-math-faq\" class=\"rank-math-block\">\n<ul class=\"rank-math-list\">\n<li id=\"faq-question-1758677890188\" class=\"rank-math-list-item\">\n<h3 class=\"rank-math-question\">Wat is het verzendbeleid?<\/h3>\n<div class=\"rank-math-answer\">\n\n<p>Landen waarmee we kunnen verzenden\u00a0<strong>DDP<\/strong>\u00a0(<strong>Betaald leveringsrecht<\/strong>) Methode, je hoeft geen inklaring te doen en je betaalt geen invoerrechten.<br \/>- USA - UPS Express (behalve Alaska en Hawaii)<br \/>- UK - Plaatselijk DPD Express<br \/>- Europa - UPS Express\/ DPD Express\/ DHL Express<br \/>Landenlijsten van Europa DDP-methode: Duitsland, Belgi\u00eb, Luxemburg, Nederland, Tsjechi\u00eb, Polen, Kroati\u00eb, Slowakije, Sloveni\u00eb, Finland, Denemarken, Zweden, Oostenrijk, Frankrijk, Itali\u00eb, Hongarije, Bulgarije, Litouwen, Estland, Letland, Griekenland, Ierland, Portugal, Spanje.<br \/>Zendingen naar Europese landen behalve Groot-Brittanni\u00eb worden in Duitsland ingeklaard en vanuit Duitsland naar andere Europese landen verzonden.<br \/>- VAE (alleen Dubai)<br \/>- Zuid-Afrika<br \/>- Vietnam<br \/>- West-Maleisi\u00eb (het eiland Kalimantan)<\/p>\n<p><strong>Verzendtijden voor specifieke landen:<\/strong><br \/>\n<table id=\"tablepress-1\" class=\"tablepress tablepress-id-1\">\n<thead>\n<tr class=\"row-1\">\n\t<th class=\"column-1\">LAND<\/th><th class=\"column-2\">VERZENDMETHODE<\/th><th class=\"column-3\">VERZENDINGSTIJD<\/th>\n<\/tr>\n<\/thead>\n<tbody class=\"row-striping row-hover\">\n<tr class=\"row-2\">\n\t<td class=\"column-1\">VS<\/td><td class=\"column-2\">Lokale UPS Grond<\/td><td class=\"column-3\">10-15 dagen<\/td>\n<\/tr>\n<tr class=\"row-3\">\n\t<td class=\"column-1\">UK<\/td><td class=\"column-2\">Lokaal DPD Express<\/td><td class=\"column-3\">7-12 dagen<\/td>\n<\/tr>\n<tr class=\"row-4\">\n\t<td class=\"column-1\">Duitsland<\/td><td class=\"column-2\">UPS\/DPD\/DHL Duitsland<\/td><td class=\"column-3\">8-13 dagen<\/td>\n<\/tr>\n<tr class=\"row-5\">\n\t<td class=\"column-1\">Frankrijk<\/td><td class=\"column-2\">UPS\/DPD\/DHL Duitsland<\/td><td class=\"column-3\">8-13 dagen<\/td>\n<\/tr>\n<tr class=\"row-6\">\n\t<td class=\"column-1\">Belgi\u00eb<\/td><td class=\"column-2\">UPS\/DPD\/DHL Duitsland<\/td><td class=\"column-3\">8-13 dagen<\/td>\n<\/tr>\n<tr class=\"row-7\">\n\t<td class=\"column-1\">Luxemburg<\/td><td class=\"column-2\">UPS\/DPD\/DHL Duitsland<\/td><td class=\"column-3\">8-13 dagen<\/td>\n<\/tr>\n<tr class=\"row-8\">\n\t<td class=\"column-1\">Nederland<\/td><td class=\"column-2\">UPS\/DPD\/DHL Duitsland<\/td><td class=\"column-3\">8-13 dagen<\/td>\n<\/tr>\n<tr class=\"row-9\">\n\t<td class=\"column-1\">Tsjechi\u00eb<\/td><td class=\"column-2\">UPS\/DPD\/DHL Duitsland<\/td><td class=\"column-3\">8-13 dagen<\/td>\n<\/tr>\n<tr class=\"row-10\">\n\t<td class=\"column-1\">Polen<\/td><td class=\"column-2\">UPS\/DPD\/DHL Duitsland<\/td><td class=\"column-3\">8-13 dagen<\/td>\n<\/tr>\n<tr class=\"row-11\">\n\t<td class=\"column-1\">Kroati\u00eb<\/td><td class=\"column-2\">UPS\/DPD\/DHL Duitsland<\/td><td class=\"column-3\">8-13 dagen<\/td>\n<\/tr>\n<tr class=\"row-12\">\n\t<td class=\"column-1\">Slowakije<\/td><td class=\"column-2\">UPS\/DPD\/DHL Duitsland<\/td><td class=\"column-3\">8-13 dagen<\/td>\n<\/tr>\n<tr class=\"row-13\">\n\t<td class=\"column-1\">Sloveni\u00eb<\/td><td class=\"column-2\">UPS\/DPD\/DHL Duitsland<\/td><td class=\"column-3\">8-13 dagen<\/td>\n<\/tr>\n<tr class=\"row-14\">\n\t<td class=\"column-1\">Finland<\/td><td class=\"column-2\">UPS\/DPD\/DHL Duitsland<\/td><td class=\"column-3\">8-13 dagen<\/td>\n<\/tr>\n<tr class=\"row-15\">\n\t<td class=\"column-1\">Denemarken<\/td><td class=\"column-2\">UPS\/DPD\/DHL Duitsland<\/td><td class=\"column-3\">8-13 dagen<\/td>\n<\/tr>\n<tr class=\"row-16\">\n\t<td class=\"column-1\">Zweden<\/td><td class=\"column-2\">UPS\/DPD\/DHL Duitsland<\/td><td class=\"column-3\">8-13 dagen<\/td>\n<\/tr>\n<tr class=\"row-17\">\n\t<td class=\"column-1\">Oostenrijk<\/td><td class=\"column-2\">UPS\/DPD\/DHL Duitsland<\/td><td class=\"column-3\">8-13 dagen<\/td>\n<\/tr>\n<tr class=\"row-18\">\n\t<td class=\"column-1\">Itali\u00eb<\/td><td class=\"column-2\">UPS\/DPD\/DHL Duitsland<\/td><td class=\"column-3\">8-13 dagen<\/td>\n<\/tr>\n<tr class=\"row-19\">\n\t<td class=\"column-1\">Hongarije<\/td><td class=\"column-2\">UPS\/DPD\/DHL Duitsland<\/td><td class=\"column-3\">8-13 dagen<\/td>\n<\/tr>\n<tr class=\"row-20\">\n\t<td class=\"column-1\">Litouwen<\/td><td class=\"column-2\">UPS\/DPD\/DHL Duitsland<\/td><td class=\"column-3\">8-13 dagen<\/td>\n<\/tr>\n<tr class=\"row-21\">\n\t<td class=\"column-1\">Estland<\/td><td class=\"column-2\">UPS\/DPD\/DHL Duitsland<\/td><td class=\"column-3\">8-13 dagen<\/td>\n<\/tr>\n<tr class=\"row-22\">\n\t<td class=\"column-1\">Letland<\/td><td class=\"column-2\">UPS\/DPD\/DHL Duitsland<\/td><td class=\"column-3\">8-13 dagen<\/td>\n<\/tr>\n<tr class=\"row-23\">\n\t<td class=\"column-1\">Griekenland<\/td><td class=\"column-2\">UPS\/DPD\/DHL Duitsland<\/td><td class=\"column-3\">8-13 dagen<\/td>\n<\/tr>\n<tr class=\"row-24\">\n\t<td class=\"column-1\">Ierland<\/td><td class=\"column-2\">UPS\/DPD\/DHL Duitsland<\/td><td class=\"column-3\">8-13 dagen<\/td>\n<\/tr>\n<tr class=\"row-25\">\n\t<td class=\"column-1\">Portugal<\/td><td class=\"column-2\">UPS\/DPD\/DHL Duitsland<\/td><td class=\"column-3\">8-13 dagen<\/td>\n<\/tr>\n<tr class=\"row-26\">\n\t<td class=\"column-1\">Spanje<\/td><td class=\"column-2\">UPS\/DPD\/DHL Duitsland<\/td><td class=\"column-3\">8-13 dagen<\/td>\n<\/tr>\n<tr class=\"row-27\">\n\t<td class=\"column-1\">VAE (Dubai)<\/td><td class=\"column-2\">Speciale lijn Dubai<\/td><td class=\"column-3\">12-18 dagen<\/td>\n<\/tr>\n<tr class=\"row-28\">\n\t<td class=\"column-1\">Zuid-Afrika<\/td><td class=\"column-2\">Speciale lijn voor Zuid-Afrika<\/td><td class=\"column-3\">15-25 dagen<\/td>\n<\/tr>\n<tr class=\"row-29\">\n\t<td class=\"column-1\">Vietnam<\/td><td class=\"column-2\">Speciale lijn Vietnam<\/td><td class=\"column-3\">3-5 dagen<\/td>\n<\/tr>\n<tr class=\"row-30\">\n\t<td class=\"column-1\">West-Maleisi\u00eb<\/td><td class=\"column-2\">Speciale lijn Maleisi\u00eb<\/td><td class=\"column-3\">4-8 dagen<\/td>\n<\/tr>\n<\/tbody>\n<\/table>\n<!-- #tablepress-1 from cache --><\/p>\n<p>Andere landen<br \/>Behalve deze landen in de lijst hierboven, moet je\u00a0<strong>inklaring doen<\/strong>\u00a0En\u00a0<strong>loonheffingen<\/strong>\u00a0Wanneer het pakket bij de douane aankomt, kunt u bij de plaatselijke douane navragen hoeveel belasting u moet betalen.<br \/>Uw douane kan u vragen om het volgende te verstrekken\u00a0<strong>zakelijke licentie<\/strong>\u00a0ook. (indien aanwezig)<\/p>\n\n<\/div>\n<\/li>\n<li id=\"faq-question-1758705293446\" class=\"rank-math-list-item\">\n<h3 class=\"rank-math-question\">Hoe worden de verzendkosten berekend?<\/h3>\n<div class=\"rank-math-answer\">\n\n<p>De verzendkosten worden meestal berekend op basis van het gewicht van de artikelen, de verzendbestemming en de geselecteerde verzendmethode. Je kunt de verzendkosten zien tijdens het afrekenen.<\/p>\n\n<\/div>\n<\/li>\n<li id=\"faq-question-1758705303927\" class=\"rank-math-list-item\">\n<h3 class=\"rank-math-question\">Wat moet ik doen als mijn pakket zoekraakt of vertraagd is?<\/h3>\n<div class=\"rank-math-answer\">\n\n<p>Als je pakket zoek is geraakt of aanzienlijke vertraging heeft opgelopen, neem dan contact op met onze klantenservice. Wij zullen het probleem onderzoeken en helpen oplossen.<\/p>\n\n<\/div>\n<\/li>\n<li id=\"faq-question-1758705315349\" class=\"rank-math-list-item\">\n<h3 class=\"rank-math-question\">Hoe kan ik mijn bestelling volgen?<\/h3>\n<div class=\"rank-math-answer\">\n\n<p>Je kunt je bestelling volgen door in te loggen op je account en naar het gedeelte \u201cBestelgeschiedenis\u201d te gaan. We sturen ook informatie over het volgen van bestellingen via e-mail.<\/p>\n\n<\/div>\n<\/li>\n<li id=\"faq-question-1758705329899\" class=\"rank-math-list-item\">\n<h3 class=\"rank-math-question\">Moet ik douanerechten betalen?<\/h3>\n<div class=\"rank-math-answer\">\n\n<p>Voorlopig niet verplicht, behalve in Canada en Denemarken.<\/p>\n\n<\/div>\n<\/li>\n<li id=\"faq-question-1758705335223\" class=\"rank-math-list-item\">\n<h3 class=\"rank-math-question\">Wat is de geschatte verzendtijd?<\/h3>\n<div class=\"rank-math-answer\">\n\n<p>Afhankelijk van het product is de levertijd 1-5 dagen en de verzendtijd 7-15 dagen.<\/p>\n\n<\/div>\n<\/li>\n<\/ul>\n<\/div>\n\n\n<h2 class=\"wp-block-heading\">Beveiliging<\/h2>\n\n\n<div id=\"rank-math-faq\" class=\"rank-math-block\">\n<div class=\"rank-math-list\">\n<div id=\"faq-question-1758705372113\" class=\"rank-math-list-item\">\n<h3 class=\"rank-math-question\">Hoe wordt de veiligheid van websites gegarandeerd?<\/h3>\n<div class=\"rank-math-answer\">\n\n<p>We gebruiken meerdere lagen van beveiligingsmaatregelen om je gegevens en transacties te beschermen, waaronder data-encryptie, firewalls en regelmatige beveiligingsaudits.<\/p>\n\n<\/div>\n<\/div>\n<div id=\"faq-question-1758705383884\" class=\"rank-math-list-item\">\n<h3 class=\"rank-math-question\">Hoe worden mijn persoonlijke gegevens beschermd?<\/h3>\n<div class=\"rank-math-answer\">\n\n<p>Wij houden ons strikt aan ons privacybeleid en verkopen of delen uw persoonlijke gegevens niet. Uw informatie wordt uitsluitend gebruikt voor het verwerken van bestellingen en het bieden van klantenondersteuning.<\/p>\n\n<\/div>\n<\/div>\n<div id=\"faq-question-1758705391537\" class=\"rank-math-list-item\">\n<h3 class=\"rank-math-question\">Is de betalingsinformatie veilig?<\/h3>\n<div class=\"rank-math-answer\">\n\n<p>We gebruiken een beveiligd betalingsverwerkingssysteem dat voldoet aan de PCI-normen om de veiligheid van je betalingsgegevens te garanderen.<\/p>\n\n<\/div>\n<\/div>\n<div id=\"faq-question-1758705401483\" class=\"rank-math-list-item\">\n<h3 class=\"rank-math-question\">Hoe maak ik een sterk wachtwoord?<\/h3>\n<div class=\"rank-math-answer\">\n\n<p>Om een sterk wachtwoord te maken, gebruik je een combinatie van letters, cijfers en speciale tekens en vermijd je makkelijk te raden informatie zoals verjaardagen. Je wachtwoord regelmatig veranderen is ook een manier om de beveiliging te verbeteren.<\/p>\n\n<\/div>\n<\/div>\n<div id=\"faq-question-1758705409709\" class=\"rank-math-list-item\">\n<h3 class=\"rank-math-question\">Hoe kan ik de authenticiteit van de website controleren?<\/h3>\n<div class=\"rank-math-answer\">\n\n<p>Controleer of de URL van de website overeenkomt met de offici\u00eble website. Kijk ook naar het SSL-certificaat, dat zou moeten aangeven dat de site veilig is.<\/p>\n\n<\/div>\n<\/div>\n<div id=\"faq-question-1758705417995\" class=\"rank-math-list-item\">\n<h3 class=\"rank-math-question\">Hoe meld ik verdachte activiteiten?<\/h3>\n<div class=\"rank-math-answer\">\n\n<p>Als je verdachte activiteiten of beveiligingsproblemen tegenkomt, neem dan onmiddellijk contact op met onze klantenservice. We zullen dit onderzoeken en de nodige acties ondernemen.<\/p>\n\n<\/div>\n<\/div>\n<div id=\"faq-question-1758705426259\" class=\"rank-math-list-item\">\n<h3 class=\"rank-math-question\">Zijn er anti-phishingmaatregelen genomen?<\/h3>\n<div class=\"rank-math-answer\">\n\n<p>Ja, we hebben anti-phishingmaatregelen ge\u00efmplementeerd om frauduleuze activiteiten op kwaadaardige websites en e-mails te helpen voorkomen.<\/p>\n\n<\/div>\n<\/div>\n<\/div>\n<\/div>\n\n\n<h2 class=\"wp-block-heading\">Geeft<\/h2>\n\n\n<div id=\"rank-math-faq\" class=\"rank-math-block\">\n<div class=\"rank-math-list\">\n<div id=\"faq-question-1758705453340\" class=\"rank-math-list-item\">\n<h3 class=\"rank-math-question\">Ik wil mijn bestelde artikelen wijzigen. Wat moet ik doen?<\/h3>\n<div class=\"rank-math-answer\">\n\n<p>Je kunt je bestelling wijzigen op of voor 23:00 uur (PDT -7 GMT) op dezelfde dag dat de bestelling is geplaatst. Neem contact met ons op via info@agoravape.com om wijzigingen aan te vragen.<\/p>\n\n<\/div>\n<\/div>\n<div id=\"faq-question-1758705465220\" class=\"rank-math-list-item\">\n<h3 class=\"rank-math-question\">Hoe retourneer ik een product?<\/h3>\n<div class=\"rank-math-answer\">\n\n<p>Je hebt 15 dagen om iets terug te sturen. Reken vanaf de dag dat je het pakket hebt ontvangen.<\/p>\n<p>Voor retournering moet het artikel precies zo zijn als bij ontvangst. Niet gedragen\/gebruikt. Labels moeten nog bevestigd zijn. De originele verpakking moet ook aanwezig zijn. Een aankoopbewijs (kassabon) is vereist.<\/p>\n<p>Stuur een e-mail naar info@agoravape.com om de retourprocedure te starten. Als t akkoord is, sturen we een retourlabel + instructies voor verzending. Pakketten die zonder afspraak worden teruggestuurd, worden genegeerd.<\/p>\n<p>Nog meer vragen? Stuur een e-mail naar info@agoravape.com.<\/p>\n\n<\/div>\n<\/div>\n<\/div>\n<\/div>","protected":false},"excerpt":{"rendered":"<p>Frequently Asked Questions( FAQ ) Payment Shipping Security Returns<\/p>","protected":false},"author":2,"featured_media":0,"parent":0,"menu_order":0,"comment_status":"closed","ping_status":"closed","template":"elementor_header_footer","meta":{"footnotes":""},"class_list":["post-10815","page","type-page","status-publish","hentry"],"_links":{"self":[{"href":"https:\/\/agoravape.com\/nl\/wp-json\/wp\/v2\/pages\/10815","targetHints":{"allow":["GET"]}}],"collection":[{"href":"https:\/\/agoravape.com\/nl\/wp-json\/wp\/v2\/pages"}],"about":[{"href":"https:\/\/agoravape.com\/nl\/wp-json\/wp\/v2\/types\/page"}],"author":[{"embeddable":true,"href":"https:\/\/agoravape.com\/nl\/wp-json\/wp\/v2\/users\/2"}],"replies":[{"embeddable":true,"href":"https:\/\/agoravape.com\/nl\/wp-json\/wp\/v2\/comments?post=10815"}],"version-history":[{"count":0,"href":"https:\/\/agoravape.com\/nl\/wp-json\/wp\/v2\/pages\/10815\/revisions"}],"wp:attachment":[{"href":"https:\/\/agoravape.com\/nl\/wp-json\/wp\/v2\/media?parent=10815"}],"curies":[{"name":"wp","href":"https:\/\/api.w.org\/{rel}","templated":true}]}}