{"id":11045,"date":"2025-10-04T10:49:43","date_gmt":"2025-10-04T02:49:43","guid":{"rendered":"https:\/\/green-grasshopper-921422.hostingersite.com\/?post_type=product&#038;p=11045"},"modified":"2025-12-31T22:59:34","modified_gmt":"2025-12-31T14:59:34","slug":"iqte-2400-puffs-4-in-1-pod-vape","status":"publish","type":"product","link":"https:\/\/agoravape.com\/nl\/product\/iqte-2400-puffs-4-in-1-pod-vape\/","title":{"rendered":"IQTE 2400 Puffs Vier-in-\u00e9\u00e9n Vape met meerdere smaken | E\u00e9n oplaadbare set, vier smaken"},"content":{"rendered":"<h2 data-v-md-heading=\"so-what-exactly-is-the-iqte-2400-puffs-four-in-one-multi-flavor-electronic-cigarette\" data-v-md-line=\"3\">Wat is de IQTE 2400 Puffs vier in \u00e9\u00e9n multi smaak vape precies?<\/h2>\n<p data-v-md-line=\"4\">Als je na een dag of twee uitgekeken bent op dezelfde smaak, kan deze set je leven gemakkelijker maken. Een pakje bevat vier voorge\u00efnstalleerde sigarettenpatronen van 2 ml, zodat je op elk moment van smaak kunt veranderen zonder dat je meerdere apparaten hoeft aan te schaffen. Dit is een eenvoudige en handige manier om versheid te behouden.<\/p>\n<p data-v-md-line=\"6\">Elke set van vier cartridges kan tot 2400 trekjes leveren, en het is oplaadbaar, dus de e-vloeistof die je daadwerkelijk gebruikt wordt gekocht op het moment van aankoop. Het is geschikt voor iedereen die een stabiele smaak, een lange levensduur van de batterij en een eenvoudige draagbare configuratie wil.<\/p>\n<h2 data-v-md-heading=\"excellent-performance-easy-and-convenient\" data-v-md-line=\"8\">Uitstekende prestaties, eenvoudig en handig in gebruik.<\/h2>\n<p data-v-md-line=\"9\">De 500 mAh batterij zorgt voor een soepele werking van de vape, en dankzij de Type-C interface kun je hem gemakkelijk opladen met een oplaadkabel voor je telefoon. Installeer gewoon de rookcartridge en hij is klaar voor gebruik. Van de eerste tot de laatste hap blijft de smaak consistent zonder dat je herhaaldelijk instellingen hoeft aan te passen.<\/p>\n<h2 data-v-md-heading=\"specification-introduction\" data-v-md-line=\"11\">Specificatie Inleiding<\/h2>\n<ul data-v-md-line=\"12\">\n<li>Aantal zuigingen: tot 2400 zuigingen per set<\/li>\n<li>Aantal patronen: 4 cartridges per set, elk vooraf geladen met 2 milliliter e-liquid<\/li>\n<li>Batterij: oplaadbare batterij van 500 mAh<\/li>\n<li>Nicotine: Neem contact op met ons team voor meer informatie over de beschikbare nicotineconcentraties.<\/li>\n<li>Opladen: Standaard USB Type-C-interface<\/li>\n<li>Status: Direct klaar voor gebruik na het uitpakken.<\/li>\n<\/ul>\n<h2 data-v-md-heading=\"full-range-of-flavors\" data-v-md-line=\"19\">Een compleet assortiment aan smaken<\/h2>\n<ul data-v-md-line=\"20\">\n<li>Watermeloenijs<\/li>\n<li>Blauwe ijsbaan<\/li>\n<li>Bosbessen en citroenen<\/li>\n<li>Gemengde bessen<\/li>\n<li>Aardbeienijs<\/li>\n<li>Miami Mint<\/li>\n<li>Druivenijs<\/li>\n<li>Citroen en limoen<\/li>\n<li>Aardbei-watermeloenijs<\/li>\n<li>Aardbei en kiwi<\/li>\n<li>Aardbei, framboos, kers<\/li>\n<li>Perzikijs<\/li>\n<li>Ananas Mango<\/li>\n<li>Kersen Citroen<\/li>\n<li>Watermeloen kauwgom<\/li>\n<li>Bosbessen en bramen<\/li>\n<\/ul>\n<h2 data-v-md-heading=\"for-you-and-your-business\" data-v-md-line=\"37\">Voor u en uw bedrijf<\/h2>\n<p data-v-md-line=\"38\">U kunt kiezen voor IQTE 2400 four in one voor persoonlijk gebruik of voor aankoop in uw winkel. De groothandel is verkrijgbaar in dozen van 100, zodat u uw voorraad gemakkelijk kunt plannen. We bieden Duty Paid Delivery (DDP)-diensten in heel Europa via vertrouwde partners zoals UPS, DPD en DHL, zodat u verzekerd bent van een DDP-levering en douane-ongelukken kunt vermijden.<\/p>\n<h2 data-v-md-heading=\"why-do-you-like-it\" data-v-md-line=\"40\">Waarom vind je het leuk<\/h2>\n<ul data-v-md-line=\"41\">\n<li>Grote zuigcapaciteit: Elke set patronen kan tot 2400 pufjes bevatten en je hoeft ze niet om de paar dagen te vervangen.<\/li>\n<li>Vier smaken in \u00e9\u00e9n: wissel op elk moment van smaak zonder dat je meerdere apparaten hoeft mee te nemen.<\/li>\n<li>Oplaadbaar: Je kunt alle e-liquids gebruiken zonder een halve cartridge weg te gooien.<\/li>\n<li>Type-C opladen: Gebruik je bestaande kabel om snel en gemakkelijk op te laden.<\/li>\n<\/ul>\n<h2 data-v-md-heading=\"why-choose-to-collaborate-with-agoravape\" data-v-md-line=\"46\">Waarom kiezen voor een samenwerking met AgoraVape?<\/h2>\n<p data-v-md-line=\"47\">We hebben 100% originele apparatuur op voorraad, ondersteund door gereduceerde groothandelsprijzen, snelle klantenservice en snelle DDP-bezorgdiensten. Toevoegen <a class=\"wpil_keyword_link\" href=\"https:\/\/agoravape.com\/nl\/vape-per-merk\/iqte\/\" title=\"IQTE\" data-wpil-keyword-link=\"linked\" data-wpil-monitor-id=\"130\">IQTE<\/a> 2400 Puffs 4-in-1 Multi Flavor Pod Vape aan uw productlijn toe, zodat klanten een eenvoudige en veelzijdige kit krijgen waarmee ze terugkerende klanten worden.<\/p>\n<p data-v-md-line=\"47\"><img loading=\"lazy\" decoding=\"async\" class=\"aligncenter wp-image-11067 size-full\" src=\"https:\/\/agoravape.com\/wp-content\/uploads\/2025\/10\/a1678a8d4525d50d7d1f5b12b7d0c98_final-scaled.webp\" alt=\"\" width=\"908\" height=\"2560\" srcset=\"https:\/\/agoravape.com\/wp-content\/uploads\/2025\/10\/a1678a8d4525d50d7d1f5b12b7d0c98_final-scaled.webp 908w, https:\/\/agoravape.com\/wp-content\/uploads\/2025\/10\/a1678a8d4525d50d7d1f5b12b7d0c98_final-106x300.webp 106w, https:\/\/agoravape.com\/wp-content\/uploads\/2025\/10\/a1678a8d4525d50d7d1f5b12b7d0c98_final-363x1024.webp 363w, https:\/\/agoravape.com\/wp-content\/uploads\/2025\/10\/a1678a8d4525d50d7d1f5b12b7d0c98_final-768x2166.webp 768w, https:\/\/agoravape.com\/wp-content\/uploads\/2025\/10\/a1678a8d4525d50d7d1f5b12b7d0c98_final-545x1536.webp 545w, https:\/\/agoravape.com\/wp-content\/uploads\/2025\/10\/a1678a8d4525d50d7d1f5b12b7d0c98_final-726x2048.webp 726w, https:\/\/agoravape.com\/wp-content\/uploads\/2025\/10\/a1678a8d4525d50d7d1f5b12b7d0c98_final-1200x3385.webp 1200w\" sizes=\"auto, (max-width: 908px) 100vw, 908px\" \/><\/p>","protected":false},"excerpt":{"rendered":"<p>Geniet van vier smaken in \u00e9\u00e9n apparaat met de IQTE 2400 vape! Deze oplaadbare kit levert tot 2400 pufjes verdeeld over vier voorgevulde pods, zodat je op elk moment van smaak kunt wisselen. Voorzien van een 500 mAh batterij en handig Type-C opladen. De ultieme zakvriendelijke oplossing voor smaakvariatie.<\/p>","protected":false},"featured_media":18599,"comment_status":"open","ping_status":"closed","template":"","meta":[],"product_brand":[198],"product_cat":[124,183,176,195,174,175,125,191,173,186,180,190],"product_tag":[],"class_list":{"0":"post-11045","1":"product","2":"type-product","3":"status-publish","4":"has-post-thumbnail","6":"product_brand-iqte","7":"product_cat-vape-by-brand","8":"product_cat-2000-4000-puffs","9":"product_cat-beverage","10":"product_cat-dual-flavor-switch","11":"product_cat-fruit-flavors","12":"product_cat-icy-mint","13":"product_cat-iqte","14":"product_cat-rechargeable-disposables","15":"product_cat-vape-by-flavor-profile","16":"product_cat-vape-by-nicotine-strength","17":"product_cat-vape-by-puff-count","18":"product_cat-vape-by-feature-or-type","20":"first","21":"instock","22":"shipping-taxable","23":"purchasable","24":"product-type-variable","25":"has-default-attributes"},"tiered_pricing_type":"percentage","tiered_pricing_fixed_rules":[],"tiered_pricing_product_settings":{"layout":"default","base_unit_name":{"singular":null,"plural":null},"default_variation":null},"tiered_pricing_minimum_quantity":10,"tiered_pricing_roles_data":[],"tiered_pricing_percentage_rules":{"30":"29","50":"35","100":"40","200":"44","500":"47","1000":"49"},"tiered_pricing_maximum_quantity":null,"tiered_pricing_quantity_step":"10","_links":{"self":[{"href":"https:\/\/agoravape.com\/nl\/wp-json\/wp\/v2\/product\/11045","targetHints":{"allow":["GET"]}}],"collection":[{"href":"https:\/\/agoravape.com\/nl\/wp-json\/wp\/v2\/product"}],"about":[{"href":"https:\/\/agoravape.com\/nl\/wp-json\/wp\/v2\/types\/product"}],"replies":[{"embeddable":true,"href":"https:\/\/agoravape.com\/nl\/wp-json\/wp\/v2\/comments?post=11045"}],"version-history":[{"count":0,"href":"https:\/\/agoravape.com\/nl\/wp-json\/wp\/v2\/product\/11045\/revisions"}],"wp:featuredmedia":[{"embeddable":true,"href":"https:\/\/agoravape.com\/nl\/wp-json\/wp\/v2\/media\/18599"}],"wp:attachment":[{"href":"https:\/\/agoravape.com\/nl\/wp-json\/wp\/v2\/media?parent=11045"}],"wp:term":[{"taxonomy":"product_brand","embeddable":true,"href":"https:\/\/agoravape.com\/nl\/wp-json\/wp\/v2\/product_brand?post=11045"},{"taxonomy":"product_cat","embeddable":true,"href":"https:\/\/agoravape.com\/nl\/wp-json\/wp\/v2\/product_cat?post=11045"},{"taxonomy":"product_tag","embeddable":true,"href":"https:\/\/agoravape.com\/nl\/wp-json\/wp\/v2\/product_tag?post=11045"}],"curies":[{"name":"wp","href":"https:\/\/api.w.org\/{rel}","templated":true}]}}