{"id":11078,"date":"2025-10-04T18:26:57","date_gmt":"2025-10-04T10:26:57","guid":{"rendered":"https:\/\/green-grasshopper-921422.hostingersite.com\/?post_type=product&#038;p=11078"},"modified":"2026-01-19T22:09:25","modified_gmt":"2026-01-19T14:09:25","slug":"crystal-mary-3in1-65000-puffs-vape","status":"publish","type":"product","link":"https:\/\/agoravape.com\/nl\/product\/crystal-mary-3in1-65000-puffs-vape\/","title":{"rendered":"Crystal Mary 3-in-1 65000 puff vape | Drie smaken, langdurig en handig"},"content":{"rendered":"<h2 data-v-md-heading=\"what-s-so-special-about-crystal-mary-s-three-in-one-65000-pack-electronic-cigarette\" data-v-md-line=\"3\">Wat is er zo speciaal aan Crystal Mary's drie-in-\u00e9\u00e9n 65000 pack vape?<\/h2>\n<p data-v-md-line=\"4\">Als je er een hekel aan hebt om de hele week maar \u00e9\u00e9n smaak te gebruiken, kan dit product je gewoontes veranderen. Met Crystal Mary three in one vape kun je wisselen tussen drie smaken op hetzelfde apparaat, zodat je fris blijft zonder drie vapes bij je te hebben.<\/p>\n<p data-v-md-line=\"6\">Het is ontworpen voor gebruikers die een langdurige gebruikerservaring nastreven en is eenvoudig te bedienen. Vervelende handelingen en ingewikkelde menu's zijn niet nodig. Kies gewoon je favoriete smaak en geniet ervan. Je denkt misschien dat vapen met meerdere smaken en een groot volume omslachtig kan zijn, maar het wisselen van smaken gaat bij deze vape snel en intu\u00eftief.<\/p>\n<h2 data-v-md-heading=\"excellent-performance-easy-and-convenient\" data-v-md-line=\"8\">Uitstekende prestaties, eenvoudig en handig in gebruik.<\/h2>\n<p data-v-md-line=\"9\">De kern van Crystal Mary's drie-in-een vape is de mesh coil, die zorgt voor een consistente smaak bij elk trekje. De smaak is altijd helder en wordt niet halverwege flauw. Als de batterij bijna leeg is, kun je hem opladen via de Type-C interface. Gebruik gewoon de kabels die je normaal op je telefoon gebruikt. Eenvoudig en handig.<\/p>\n<h2 data-v-md-heading=\"specification-introduction\" data-v-md-line=\"11\">Specificatie Inleiding<\/h2>\n<ul data-v-md-line=\"12\">\n<li>Zuigfrequentie: tot 65000 keer<\/li>\n<li>Nicotinegehalte: 2% of 5% optioneel<\/li>\n<li>Werkingsprincipe: Gemakkelijk te bedienen, geen knoppen nodig, het apparaat heeft een ingebouwde smaakschakelaar<\/li>\n<li>Opladen: Standaard USB Type-C-interface<\/li>\n<li>Status: Direct klaar voor gebruik<\/li>\n<\/ul>\n<h2 data-v-md-heading=\"full-flavor-series\" data-v-md-line=\"18\">Volle smaak serie<\/h2>\n<p data-v-md-line=\"19\">Elk apparaat wordt geleverd met 3 geselecteerde smaken:<\/p>\n<ul data-v-md-line=\"20\">\n<li>Aardbei Vanille Cola\/Bosbes Framboos\/Lemon Limoen<\/li>\n<li>Zwarte bes\/roze citroenwater\/mango passievrucht<\/li>\n<li>Watermeloenijs\/zoetzure snoepjes\/aardbeien-kiwi<\/li>\n<li>Watermeloenijs\/aardbeienijs\/drievoudige meloen<\/li>\n<li>Aardbei Framboos\/Bessen\/Grafijs<\/li>\n<li>Zure appel ijs\/aardbei watermeloen\/citroen perzik<\/li>\n<li>Citroen limoen\/Strawberry watermeloen\/Blauwe bessen smoothie<\/li>\n<li>Bosbessen smoothie\/framboos watermeloen\/citroen limoen<\/li>\n<li>Bosbes Framboos\/Strawberry Zure Mango smoothie\/Lemon Cola<\/li>\n<li>Frisdrank framboos watermeloen\/zure mango ananas\/aardbeien kiwi<\/li>\n<\/ul>\n<h2 data-v-md-heading=\"for-you-and-for-your-business-as-well\" data-v-md-line=\"31\">Ook voor u en uw bedrijf<\/h2>\n<p data-v-md-line=\"32\">Als je een vape wilt die lang meegaat, een schakelbare smaak heeft en gemakkelijk is op te laden, waarom koop je er dan geen. Als je een voorraad aanlegt voor je winkel of een online collectie aanlegt, zijn we altijd klaar voor de groothandel. 10 stuks per doos, 200 stuks per doos, zodat je gemakkelijk je voorraad kunt plannen.<\/p>\n<p data-v-md-line=\"34\">We werken met vertrouwde partners zoals UPS, DPD en DHL om DDP (Delivered Duty Paid) transport te gebruiken, zodat douanerechten vooraf kunnen worden verwerkt en er geen ongelukken gebeuren als het pakket bij de douane aankomt.<\/p>\n<p data-v-md-line=\"36\">Verklaring van naleving: Vapes met een groot kaliber en vapes met een nicotineconcentratie van 5% voldoen op veel EU-markten niet aan de TPD-normen (Europese Richtlijn Tabaksproducten). Wij leveren aan toegestane regio's. Als je alternatieven voor de detailhandel in de EU nodig hebt die voldoen aan de TPD-normen, neem dan contact op met ons team.<\/p>\n<h2 data-v-md-heading=\"why-do-you-like-it\" data-v-md-line=\"38\">Waarom vind je het leuk<\/h2>\n<ul data-v-md-line=\"39\">\n<li>Enorme zuigkracht: minder vaak opladen en herhaalaankopen.<\/li>\n<li>Drievoudige smaakomschakeling: Wissel op elk moment van smaak om aan je behoeften te voldoen.<\/li>\n<li>Oplaadbaar: Type-C opladen helpt je e-liquid effici\u00ebnt te gebruiken.<\/li>\n<li>Mesh spoel: Consistent van begin tot eind, met een rijke en zachte smaak.<\/li>\n<\/ul>\n<h2 data-v-md-heading=\"why-collaborate-with-agoravape\" data-v-md-line=\"44\">Waarom samenwerken met AgoraVape?<\/h2>\n<p data-v-md-line=\"45\">We leveren alleen 100% originele producten en zijn verantwoordelijk voor de producten die we verkopen. Voor zakelijke klanten betekent dit dat Crystal Mary's three in one 65000 vaping flavor switch gereduceerde groothandelsprijzen, snelle klantenservice en snelle DDP-levering biedt. Welkom om met ons te bespreken hoe u uw klanten flexibele en duurzame keuzes voor terugkerende klanten kunt bieden.<\/p>\n<p data-v-md-line=\"45\"><img loading=\"lazy\" decoding=\"async\" class=\"aligncenter size-full wp-image-11080\" src=\"https:\/\/agoravape.com\/wp-content\/uploads\/2025\/10\/Crystal-Mary-3-in-1-65000-Puffs-Flavor-Switch-Vape-2.webp\" alt=\"\" width=\"1523\" height=\"2444\" srcset=\"https:\/\/agoravape.com\/wp-content\/uploads\/2025\/10\/Crystal-Mary-3-in-1-65000-Puffs-Flavor-Switch-Vape-2.webp 1523w, https:\/\/agoravape.com\/wp-content\/uploads\/2025\/10\/Crystal-Mary-3-in-1-65000-Puffs-Flavor-Switch-Vape-2-1200x1926.webp 1200w, https:\/\/agoravape.com\/wp-content\/uploads\/2025\/10\/Crystal-Mary-3-in-1-65000-Puffs-Flavor-Switch-Vape-2-187x300.webp 187w, https:\/\/agoravape.com\/wp-content\/uploads\/2025\/10\/Crystal-Mary-3-in-1-65000-Puffs-Flavor-Switch-Vape-2-638x1024.webp 638w, https:\/\/agoravape.com\/wp-content\/uploads\/2025\/10\/Crystal-Mary-3-in-1-65000-Puffs-Flavor-Switch-Vape-2-768x1232.webp 768w, https:\/\/agoravape.com\/wp-content\/uploads\/2025\/10\/Crystal-Mary-3-in-1-65000-Puffs-Flavor-Switch-Vape-2-957x1536.webp 957w, https:\/\/agoravape.com\/wp-content\/uploads\/2025\/10\/Crystal-Mary-3-in-1-65000-Puffs-Flavor-Switch-Vape-2-1276x2048.webp 1276w\" sizes=\"auto, (max-width: 1523px) 100vw, 1523px\" \/><\/p>\n<p><script src=\"chrome-extension:\/\/fpelahbljekknahkcaegamhcndkfpfnc\/iFrame.js\" type=\"text\/javascript\"><\/script><\/p>\n<p><script src=\"chrome-extension:\/\/fpelahbljekknahkcaegamhcndkfpfnc\/iFrame.js\" type=\"text\/javascript\"><\/script><\/p>\n<p><script src=\"chrome-extension:\/\/fpelahbljekknahkcaegamhcndkfpfnc\/iFrame.js\" type=\"text\/javascript\"><\/script><\/p>\n<p><script src=\"chrome-extension:\/\/fpelahbljekknahkcaegamhcndkfpfnc\/iFrame.js\" type=\"text\/javascript\"><\/script><\/p>\n<p><script src=\"chrome-extension:\/\/fpelahbljekknahkcaegamhcndkfpfnc\/iFrame.js\" type=\"text\/javascript\"><\/script><\/p>\n<p><script src=\"chrome-extension:\/\/fpelahbljekknahkcaegamhcndkfpfnc\/iFrame.js\" type=\"text\/javascript\"><\/script><\/p>\n<p><script src=\"chrome-extension:\/\/fpelahbljekknahkcaegamhcndkfpfnc\/iFrame.js\" type=\"text\/javascript\"><\/script><\/p>\n<p><script src=\"chrome-extension:\/\/fpelahbljekknahkcaegamhcndkfpfnc\/iFrame.js\" type=\"text\/javascript\"><\/script><\/p>\n<p><script src=\"chrome-extension:\/\/fpelahbljekknahkcaegamhcndkfpfnc\/iFrame.js\" type=\"text\/javascript\"><\/script><\/p>\n<p><script src=\"chrome-extension:\/\/fpelahbljekknahkcaegamhcndkfpfnc\/iFrame.js\" type=\"text\/javascript\"><\/script><\/p>\n<p><script src=\"chrome-extension:\/\/fpelahbljekknahkcaegamhcndkfpfnc\/iFrame.js\" type=\"text\/javascript\"><\/script><\/p>","protected":false},"excerpt":{"rendered":"<p>Heb je genoeg van \u00e9\u00e9n smaak? Met de Crystal Mary 3-in-1 vape kun je schakelen tussen drie verschillende smaken in \u00e9\u00e9n apparaat. Geniet van tot 65,000 trekjes met een consistente smaak van een mesh coil. Eenvoudig, zonder knoppen en oplaadbaar via Type-C voor langdurig gemak. Jouw ultieme smaakavontuur.<\/p>\n<p><script src=\"chrome-extension:\/\/fpelahbljekknahkcaegamhcndkfpfnc\/iFrame.js\" type=\"text\/javascript\"><\/script><\/p>\n<p><script src=\"chrome-extension:\/\/fpelahbljekknahkcaegamhcndkfpfnc\/iFrame.js\" type=\"text\/javascript\"><\/script><\/p>","protected":false},"featured_media":11079,"comment_status":"open","ping_status":"closed","template":"","meta":[],"product_brand":[199],"product_cat":[124,185,189,176,126,177,195,174,175,193,191,173,186,180,190],"product_tag":[],"class_list":{"0":"post-11078","1":"product","2":"type-product","3":"status-publish","4":"has-post-thumbnail","6":"product_brand-crystal-mary","7":"product_cat-vape-by-brand","8":"product_cat-10000-puffs-high-capacity","9":"product_cat-20mg-standard-nicotine-vapes","10":"product_cat-beverage","11":"product_cat-crystal-mary","12":"product_cat-dessert-sweets","13":"product_cat-dual-flavor-switch","14":"product_cat-fruit-flavors","15":"product_cat-icy-mint","16":"product_cat-mesh-coil","17":"product_cat-rechargeable-disposables","18":"product_cat-vape-by-flavor-profile","19":"product_cat-vape-by-nicotine-strength","20":"product_cat-vape-by-puff-count","21":"product_cat-vape-by-feature-or-type","23":"first","24":"onbackorder","25":"shipping-taxable","26":"purchasable","27":"product-type-variable","28":"has-default-attributes"},"tiered_pricing_type":"percentage","tiered_pricing_fixed_rules":[],"tiered_pricing_product_settings":{"layout":"default","base_unit_name":{"singular":null,"plural":null},"default_variation":null},"tiered_pricing_minimum_quantity":10,"tiered_pricing_roles_data":[],"tiered_pricing_percentage_rules":{"30":"29","50":"35","100":"40","200":"44","500":"47","1000":"49"},"tiered_pricing_maximum_quantity":null,"tiered_pricing_quantity_step":"10","_links":{"self":[{"href":"https:\/\/agoravape.com\/nl\/wp-json\/wp\/v2\/product\/11078","targetHints":{"allow":["GET"]}}],"collection":[{"href":"https:\/\/agoravape.com\/nl\/wp-json\/wp\/v2\/product"}],"about":[{"href":"https:\/\/agoravape.com\/nl\/wp-json\/wp\/v2\/types\/product"}],"replies":[{"embeddable":true,"href":"https:\/\/agoravape.com\/nl\/wp-json\/wp\/v2\/comments?post=11078"}],"version-history":[{"count":0,"href":"https:\/\/agoravape.com\/nl\/wp-json\/wp\/v2\/product\/11078\/revisions"}],"wp:featuredmedia":[{"embeddable":true,"href":"https:\/\/agoravape.com\/nl\/wp-json\/wp\/v2\/media\/11079"}],"wp:attachment":[{"href":"https:\/\/agoravape.com\/nl\/wp-json\/wp\/v2\/media?parent=11078"}],"wp:term":[{"taxonomy":"product_brand","embeddable":true,"href":"https:\/\/agoravape.com\/nl\/wp-json\/wp\/v2\/product_brand?post=11078"},{"taxonomy":"product_cat","embeddable":true,"href":"https:\/\/agoravape.com\/nl\/wp-json\/wp\/v2\/product_cat?post=11078"},{"taxonomy":"product_tag","embeddable":true,"href":"https:\/\/agoravape.com\/nl\/wp-json\/wp\/v2\/product_tag?post=11078"}],"curies":[{"name":"wp","href":"https:\/\/api.w.org\/{rel}","templated":true}]}}