{"id":24338,"date":"2026-01-26T23:10:46","date_gmt":"2026-01-26T15:10:46","guid":{"rendered":"https:\/\/agoravape.com\/?post_type=product&#038;p=24338"},"modified":"2026-02-22T15:14:05","modified_gmt":"2026-02-22T14:14:05","slug":"bang-leader-85k-3in1-85000-puffs","status":"publish","type":"product","link":"https:\/\/agoravape.com\/nl\/product\/bang-leader-85k-3in1-85000-puffs\/","title":{"rendered":"Bang Leader 85k 85000 trekjes Drievoudige Smaak Vape | Drie smaken, \u00e9\u00e9n apparaat, minder gedoe"},"content":{"rendered":"<h2 data-v-md-heading=\"what-is-the-special-feature-of-bang-leader-85k-85000-three-flavored-vapes\" data-v-md-line=\"3\"><img loading=\"lazy\" decoding=\"async\" class=\"aligncenter size-full wp-image-24356\" src=\"https:\/\/agoravape.com\/wp-content\/uploads\/2026\/01\/Bang-Leader-85k-85000-Puffs-Triple-Flavor-Vape-Three-Flavours-One-Device-Less-Hassle_Agora_vape-5.webp\" alt=\"\" width=\"2277\" height=\"1280\" srcset=\"https:\/\/agoravape.com\/wp-content\/uploads\/2026\/01\/Bang-Leader-85k-85000-Puffs-Triple-Flavor-Vape-Three-Flavours-One-Device-Less-Hassle_Agora_vape-5.webp 2277w, https:\/\/agoravape.com\/wp-content\/uploads\/2026\/01\/Bang-Leader-85k-85000-Puffs-Triple-Flavor-Vape-Three-Flavours-One-Device-Less-Hassle_Agora_vape-5-1200x675.webp 1200w, https:\/\/agoravape.com\/wp-content\/uploads\/2026\/01\/Bang-Leader-85k-85000-Puffs-Triple-Flavor-Vape-Three-Flavours-One-Device-Less-Hassle_Agora_vape-5-300x169.webp 300w, https:\/\/agoravape.com\/wp-content\/uploads\/2026\/01\/Bang-Leader-85k-85000-Puffs-Triple-Flavor-Vape-Three-Flavours-One-Device-Less-Hassle_Agora_vape-5-1024x576.webp 1024w, https:\/\/agoravape.com\/wp-content\/uploads\/2026\/01\/Bang-Leader-85k-85000-Puffs-Triple-Flavor-Vape-Three-Flavours-One-Device-Less-Hassle_Agora_vape-5-768x432.webp 768w, https:\/\/agoravape.com\/wp-content\/uploads\/2026\/01\/Bang-Leader-85k-85000-Puffs-Triple-Flavor-Vape-Three-Flavours-One-Device-Less-Hassle_Agora_vape-5-1536x863.webp 1536w, https:\/\/agoravape.com\/wp-content\/uploads\/2026\/01\/Bang-Leader-85k-85000-Puffs-Triple-Flavor-Vape-Three-Flavours-One-Device-Less-Hassle_Agora_vape-5-2048x1151.webp 2048w, https:\/\/agoravape.com\/wp-content\/uploads\/2026\/01\/Bang-Leader-85k-85000-Puffs-Triple-Flavor-Vape-Three-Flavours-One-Device-Less-Hassle_Agora_vape-5-18x10.webp 18w\" sizes=\"auto, (max-width: 2277px) 100vw, 2277px\" \/><\/h2>\n<h2 data-v-md-heading=\"what-is-the-special-feature-of-bang-leader-85k-85000-three-flavored-vapes\" data-v-md-line=\"3\"><img loading=\"lazy\" decoding=\"async\" class=\"size-full wp-image-24367 aligncenter\" src=\"https:\/\/agoravape.com\/wp-content\/uploads\/2026\/01\/Bang-Leader-85k-85000-Puffs-Triple-Flavor-Vape-Three-Flavours-One-Device-Less-Hassle_Agora_vape-16.webp\" alt=\"\" width=\"1280\" height=\"2491\" srcset=\"https:\/\/agoravape.com\/wp-content\/uploads\/2026\/01\/Bang-Leader-85k-85000-Puffs-Triple-Flavor-Vape-Three-Flavours-One-Device-Less-Hassle_Agora_vape-16.webp 1280w, https:\/\/agoravape.com\/wp-content\/uploads\/2026\/01\/Bang-Leader-85k-85000-Puffs-Triple-Flavor-Vape-Three-Flavours-One-Device-Less-Hassle_Agora_vape-16-1200x2335.webp 1200w, https:\/\/agoravape.com\/wp-content\/uploads\/2026\/01\/Bang-Leader-85k-85000-Puffs-Triple-Flavor-Vape-Three-Flavours-One-Device-Less-Hassle_Agora_vape-16-154x300.webp 154w, https:\/\/agoravape.com\/wp-content\/uploads\/2026\/01\/Bang-Leader-85k-85000-Puffs-Triple-Flavor-Vape-Three-Flavours-One-Device-Less-Hassle_Agora_vape-16-526x1024.webp 526w, https:\/\/agoravape.com\/wp-content\/uploads\/2026\/01\/Bang-Leader-85k-85000-Puffs-Triple-Flavor-Vape-Three-Flavours-One-Device-Less-Hassle_Agora_vape-16-768x1495.webp 768w, https:\/\/agoravape.com\/wp-content\/uploads\/2026\/01\/Bang-Leader-85k-85000-Puffs-Triple-Flavor-Vape-Three-Flavours-One-Device-Less-Hassle_Agora_vape-16-789x1536.webp 789w, https:\/\/agoravape.com\/wp-content\/uploads\/2026\/01\/Bang-Leader-85k-85000-Puffs-Triple-Flavor-Vape-Three-Flavours-One-Device-Less-Hassle_Agora_vape-16-1052x2048.webp 1052w, https:\/\/agoravape.com\/wp-content\/uploads\/2026\/01\/Bang-Leader-85k-85000-Puffs-Triple-Flavor-Vape-Three-Flavours-One-Device-Less-Hassle_Agora_vape-16-6x12.webp 6w\" sizes=\"auto, (max-width: 1280px) 100vw, 1280px\" \/><\/h2>\n<h2 data-v-md-heading=\"what-is-the-special-feature-of-bang-leader-85k-85000-three-flavored-vapes\" data-v-md-line=\"3\">Wat is het bijzondere kenmerk van de Bang Leader 85k 85000 e-sigaret met drie smaken?<\/h2>\n<p data-v-md-line=\"5\">Ben je het zat om elke paar dagen een nieuwe wegwerp-vape te kopen? Dan is de Bang Leader 85k precies wat je zoekt. Deze wegwerp-vape met een hoge capaciteit is ontworpen voor duurzaamheid en een lange levensduur. E\u00e9n apparaat bevat drie smaken, zodat je nog meer kunt genieten.<\/p>\n<p data-v-md-line=\"7\">Dit is waar mensen echt om geven. Je hoeft niet vast te houden aan \u00e9\u00e9n smaak totdat je klaar bent. Wil je nu een fruitsmaakje en later een bubbelsmaakje? Je kunt op elk moment wisselen zonder drie vapes mee te hoeven nemen. Je denkt misschien dat een apparaat van 85k zo zwaar is als een baksteen in je zak, maar gezien de capaciteit is het gewicht best redelijk.<\/p>\n<h2 data-v-md-heading=\"excellent-performance-and-easy-operation\" data-v-md-line=\"9\">Uitstekende prestaties en eenvoudige bediening.<\/h2>\n<p data-v-md-line=\"11\">De ontwerpfilosofie van Bang is eenvoud: het apparaat kan worden geactiveerd door te inhaleren, zonder knoppen of ingewikkelde menu's. De ingebouwde 1,0 \u03a9 mesh-verstuiver zorgt voor een stabielere smaak die niet na \u00e9\u00e9n of twee dagen abrupt afneemt, zoals bij andere producten.<\/p>\n<p data-v-md-line=\"13\">Aangezien grote apparaten opgeladen moeten worden, is het apparaat voorzien van een Type-C-aansluiting. Wanneer de batterij bijna leeg is, gebruikt u gewoon dezelfde datakabel waarmee u normaal uw telefoon oplaadt. Gemakkelijk in gebruik.<\/p>\n<h2 data-v-md-heading=\"quick-specifications\" data-v-md-line=\"15\">Snelle specificaties<\/h2>\n<ul data-v-md-line=\"16\">\n<li>Rookfrequentie: tot 85.000 trekjes<\/li>\n<li>Batterijcapaciteit: 850 mAh (17350-batterij)<\/li>\n<li>Verstuivingskern: 1,0 \u03a9 mesh-verstuivingskern<\/li>\n<li>Gebruiksaanwijzing: Inhaleer om te activeren<\/li>\n<li>Oplaadinterface: Type-C<\/li>\n<li>Status: Direct klaar voor gebruik<\/li>\n<li>Overig: Ondersteunt OEM\/ODM-maatwerk (van toepassing op grote groothandels)<\/li>\n<\/ul>\n<h2 data-v-md-heading=\"complete-flavor-lineup\" data-v-md-line=\"24\">Compleet smaakassortiment<\/h2>\n<p data-v-md-line=\"26\">Elk van de volgende smaken is een combinatie van drie smaken in \u00e9\u00e9n apparaat (\u00e9\u00e9n apparaat bevat drie smaken):<\/p>\n<ul data-v-md-line=\"27\">\n<li>Druivenijs \/ Aardbei-kiwi \/ Passievrucht-guava<\/li>\n<li>Aardbeienijs \/ Citroen-sinaasappel \/ Watermeloen-kauwgom<\/li>\n<li>Watermeloenijs \/ Mango-perzik \/ Sinaasappelsoda<\/li>\n<li>Ananasijs \/ Aardbeien Red Bull \/ Gemengde bessen<\/li>\n<li>Red Bull \/ Bosbessen-watermeloen \/ Aardbeienijs<\/li>\n<li>Coca-Cola Ice \/ Appel-Perzik \/ Roze Limonade<\/li>\n<li>Bananenijs \/ Aardbei-watermeloen \/ Beertje-gummy<\/li>\n<li>Bosbessenijs \/ Blauwe framboos \/ Geurige peer<\/li>\n<li>Gemengd fruit \/ Mojito perzik \/ Bosbes framboos<\/li>\n<li>Zwarte Draak IJs \/ Marshmallow \/ Zomerdroom<\/li>\n<li>Aardbei-framboos \/ Zwarte bes \/ Aardbei-banaan<\/li>\n<li>Aardbei-watermeloen \/ Cherry Coke \/ Aardbeienroom<\/li>\n<li>Rode appelijs \/ Framboos-watermeloen \/ Alo\u00eb-druif<\/li>\n<li>Kersen-cranberry \/ Perzik-mango \/ Ananas<\/li>\n<li>Love 666 \/ Bosbes Framboos \/ Vimto<\/li>\n<\/ul>\n<h2 data-v-md-heading=\"for-you-and-your-business\" data-v-md-line=\"43\">Voor u en uw bedrijf<\/h2>\n<p data-v-md-line=\"45\">Je kunt Bang Leader 85k voor persoonlijk gebruik kopen, maar het is ook een zeer praktisch product met een hoge omloopsnelheid voor winkels. Klanten geven de voorkeur aan een ruime keuze, en \"Triple Flavor\" is erg populair aan de kassa omdat het een praktisch probleem oplost: het product kan snel gaan vervelen tijdens het gebruik.<\/p>\n<p data-v-md-line=\"47\">Voor groothandel worden deze producten verpakt in dozen van 200 stuks (afmetingen doos: 51,5 * 51,5 * 30,5 cm, totaalgewicht: 29 kg). Als u in bulk wilt verkopen, kan deze verpakkingsinformatie u helpen bij het plannen van opslag en transport.<\/p>\n<h2 data-v-md-heading=\"the-reason-why-you-will-like-it\" data-v-md-line=\"49\">De reden waarom je het leuk zult vinden<\/h2>\n<ul data-v-md-line=\"50\">\n<li>Ultralange batterijduur: Langere levensduur, minder vaak vervangen nodig.<\/li>\n<li>Drievoudige smaakcombinatie: geen extra aankoop nodig om de versheid te behouden.<\/li>\n<li>Oplaadbaar (Type-C): Haal het maximale uit uw resources<\/li>\n<li>Verstuiverkern met gaasstructuur: zorgt voor een stabiele smaak en de smaak wordt niet snel verzwakt.<\/li>\n<\/ul>\n<h2 data-v-md-heading=\"why-choose-to-collaborate-with-agoravape\" data-v-md-line=\"55\">Waarom kiezen voor een samenwerking met AgoraVape?<\/h2>\n<p data-v-md-line=\"57\">Bij AgoraVape hanteren we het principe dat we alleen authentieke producten verkopen en nooit onze toevlucht nemen tot fraude. Als u voor uw winkel inkoopt, bieden we u directe antwoorden, zeer concurrerende groothandelsprijzen en betrouwbare leveringsdiensten, waaronder de Bang Leader 85k 85000 triple flavored vapes.<\/p>\n<p><script src=\"chrome-extension:\/\/fpelahbljekknahkcaegamhcndkfpfnc\/iFrame.js\" type=\"text\/javascript\"><\/script><\/p>","protected":false},"excerpt":{"rendered":"<p>&nbsp;<\/p>\n<p><script src=\"chrome-extension:\/\/fpelahbljekknahkcaegamhcndkfpfnc\/iFrame.js\" type=\"text\/javascript\"><\/script><\/p>\n<p><script src=\"chrome-extension:\/\/fpelahbljekknahkcaegamhcndkfpfnc\/iFrame.js\" type=\"text\/javascript\"><\/script><\/p>\n<p><script src=\"chrome-extension:\/\/fpelahbljekknahkcaegamhcndkfpfnc\/iFrame.js\" type=\"text\/javascript\"><\/script><\/p>\n<p><script src=\"chrome-extension:\/\/fpelahbljekknahkcaegamhcndkfpfnc\/iFrame.js\" type=\"text\/javascript\"><\/script><\/p>","protected":false},"featured_media":24368,"comment_status":"open","ping_status":"closed","template":"","meta":[],"product_brand":[197],"product_cat":[124,187,185,188,189,123,174,175,193,191,179,173,186,180,190,192],"product_tag":[],"class_list":{"0":"post-24338","1":"product","2":"type-product","3":"status-publish","4":"has-post-thumbnail","6":"product_brand-bang","7":"product_cat-vape-by-brand","8":"product_cat-0mg-nicotine-free-vapes","9":"product_cat-10000-puffs-high-capacity","10":"product_cat-10mg-low-nicotine-vapes","11":"product_cat-20mg-standard-nicotine-vapes","12":"product_cat-bang","13":"product_cat-fruit-flavors","14":"product_cat-icy-mint","15":"product_cat-mesh-coil","16":"product_cat-rechargeable-disposables","17":"product_cat-unique-blends","18":"product_cat-vape-by-flavor-profile","19":"product_cat-vape-by-nicotine-strength","20":"product_cat-vape-by-puff-count","21":"product_cat-vape-by-feature-or-type","22":"product_cat-vapes-with-screens","24":"first","25":"instock","26":"shipping-taxable","27":"purchasable","28":"product-type-variable","29":"has-default-attributes"},"tiered_pricing_type":"percentage","tiered_pricing_fixed_rules":[],"tiered_pricing_product_settings":{"layout":"default","base_unit_name":{"singular":null,"plural":null},"default_variation":null},"tiered_pricing_minimum_quantity":10,"tiered_pricing_roles_data":[],"tiered_pricing_percentage_rules":{"30":"9","50":"17","100":"23","200":"26","500":"29","1000":"38"},"tiered_pricing_maximum_quantity":null,"tiered_pricing_quantity_step":"10","_links":{"self":[{"href":"https:\/\/agoravape.com\/nl\/wp-json\/wp\/v2\/product\/24338","targetHints":{"allow":["GET"]}}],"collection":[{"href":"https:\/\/agoravape.com\/nl\/wp-json\/wp\/v2\/product"}],"about":[{"href":"https:\/\/agoravape.com\/nl\/wp-json\/wp\/v2\/types\/product"}],"replies":[{"embeddable":true,"href":"https:\/\/agoravape.com\/nl\/wp-json\/wp\/v2\/comments?post=24338"}],"version-history":[{"count":0,"href":"https:\/\/agoravape.com\/nl\/wp-json\/wp\/v2\/product\/24338\/revisions"}],"wp:featuredmedia":[{"embeddable":true,"href":"https:\/\/agoravape.com\/nl\/wp-json\/wp\/v2\/media\/24368"}],"wp:attachment":[{"href":"https:\/\/agoravape.com\/nl\/wp-json\/wp\/v2\/media?parent=24338"}],"wp:term":[{"taxonomy":"product_brand","embeddable":true,"href":"https:\/\/agoravape.com\/nl\/wp-json\/wp\/v2\/product_brand?post=24338"},{"taxonomy":"product_cat","embeddable":true,"href":"https:\/\/agoravape.com\/nl\/wp-json\/wp\/v2\/product_cat?post=24338"},{"taxonomy":"product_tag","embeddable":true,"href":"https:\/\/agoravape.com\/nl\/wp-json\/wp\/v2\/product_tag?post=24338"}],"curies":[{"name":"wp","href":"https:\/\/api.w.org\/{rel}","templated":true}]}}