{"id":10852,"date":"2025-10-01T09:29:35","date_gmt":"2025-10-01T01:29:35","guid":{"rendered":"https:\/\/green-grasshopper-921422.hostingersite.com\/?post_type=product&#038;p=10852"},"modified":"2026-01-19T22:09:32","modified_gmt":"2026-01-19T14:09:32","slug":"iqte-50000-puffow-vape-do-wielokrotnego-ladowania","status":"publish","type":"product","link":"https:\/\/agoravape.com\/pl\/product\/iqte-50000-puffs-rechargeable-vape\/","title":{"rendered":"IQTE 50000 Puffs \u2013 akumulatorowy, jednorazowy waporyzator | Du\u017ca pojemno\u015b\u0107, proste \u0142adowanie"},"content":{"rendered":"<h2 data-v-md-heading=\"so-what-about-iqte-50000-rechargeable-disposable-vapes\" data-v-md-line=\"3\"><img loading=\"lazy\" decoding=\"async\" class=\"aligncenter size-full wp-image-18613\" src=\"https:\/\/agoravape.com\/wp-content\/uploads\/2025\/10\/IQTE-50000-Puffs-Rechargeable-Disposable_Agora_vape-6.webp\" alt=\"\" width=\"2560\" height=\"1785\" srcset=\"https:\/\/agoravape.com\/wp-content\/uploads\/2025\/10\/IQTE-50000-Puffs-Rechargeable-Disposable_Agora_vape-6.webp 2560w, https:\/\/agoravape.com\/wp-content\/uploads\/2025\/10\/IQTE-50000-Puffs-Rechargeable-Disposable_Agora_vape-6-1200x837.webp 1200w, https:\/\/agoravape.com\/wp-content\/uploads\/2025\/10\/IQTE-50000-Puffs-Rechargeable-Disposable_Agora_vape-6-300x209.webp 300w, https:\/\/agoravape.com\/wp-content\/uploads\/2025\/10\/IQTE-50000-Puffs-Rechargeable-Disposable_Agora_vape-6-1024x714.webp 1024w, https:\/\/agoravape.com\/wp-content\/uploads\/2025\/10\/IQTE-50000-Puffs-Rechargeable-Disposable_Agora_vape-6-768x536.webp 768w, https:\/\/agoravape.com\/wp-content\/uploads\/2025\/10\/IQTE-50000-Puffs-Rechargeable-Disposable_Agora_vape-6-1536x1071.webp 1536w, https:\/\/agoravape.com\/wp-content\/uploads\/2025\/10\/IQTE-50000-Puffs-Rechargeable-Disposable_Agora_vape-6-2048x1428.webp 2048w\" sizes=\"auto, (max-width: 2560px) 100vw, 2560px\" \/><\/h2>\n<h2 data-v-md-heading=\"so-what-about-iqte-50000-rechargeable-disposable-vapes\" data-v-md-line=\"3\">A co z jednorazowymi waporyzatorami IQTE 50000?<\/h2>\n<p data-v-md-line=\"4\">Je\u015bli jeste\u015b zm\u0119czony wymian\u0105 jednorazowych vape co kilka dni, ten produkt u\u0142atwi Ci \u017cycie. IQTE 50000 jest wyposa\u017cony w akumulator, kt\u00f3ry mo\u017ce pomie\u015bci\u0107 do 50000 paczek, co pozwala \u0142atwo cieszy\u0107 si\u0119 prawdziw\u0105 warto\u015bci\u0105 e-liquidu.<\/p>\n<p data-v-md-line=\"6\">Je\u015bli potrzebujesz niezawodnego, d\u0142ugotrwa\u0142ego waporyzatora, kt\u00f3ry mo\u017cna \u0142adowa\u0107 za pomoc\u0105 kabla do \u0142adowania telefonu kom\u00f3rkowego, to ten produkt jest idealnym wyborem. Jest \u0142atwy w u\u017cyciu, wygodny do przenoszenia i mo\u017ce utrzyma\u0107 sp\u00f3jny smak za ka\u017cdym razem, gdy jest u\u017cywany.<\/p>\n<h2 data-v-md-heading=\"excellent-performance-without-any-complexity\" data-v-md-line=\"8\">Doskona\u0142a wydajno\u015b\u0107 bez z\u0142o\u017cono\u015bci<\/h2>\n<p data-v-md-line=\"9\">Wewn\u0119trzny rdze\u0144 rozpylaj\u0105cy zosta\u0142 starannie dostrojony, aby utrzyma\u0107 czysty i stabilny smak od pocz\u0105tku do ko\u0144ca. Trzeciego dnia nie by\u0142o zapachu spalenizny, a nawet w po\u0142owie drogi nie nast\u0105pi\u0142a przerwa w zasilaniu. Gdy poziom na\u0142adowania baterii jest niski, mo\u017cna j\u0105 na\u0142adowa\u0107 za pomoc\u0105 interfejsu typu C. Mo\u017cna pomy\u015ble\u0107, \u017ce \u0142adowanie vape jest k\u0142opotliwe, ale ten e-papieros naprawd\u0119 osi\u0105ga funkcjonalno\u015b\u0107 plug and play.<\/p>\n<h2 data-v-md-heading=\"specification-overview\" data-v-md-line=\"11\">Przegl\u0105d specyfikacji<\/h2>\n<ul data-v-md-line=\"12\">\n<li>Cz\u0119stotliwo\u015b\u0107 zasysania: do 50000 razy<\/li>\n<li>Zawarto\u015b\u0107 nikotyny: 2% i 5% opcjonalnie<\/li>\n<li>Zasada dzia\u0142ania: Aktywowany przez wdychanie<\/li>\n<li>\u0141adowanie: Standardowy interfejs USB typu C<\/li>\n<li>Status: Gotowy do u\u017cycia od razu po wyj\u0119ciu z pude\u0142ka<\/li>\n<li>Pojemno\u015b\u0107 e-liquidu: 50 mililitr\u00f3w<\/li>\n<li>Pojemno\u015b\u0107 baterii: akumulator 800 mAh<\/li>\n<\/ul>\n<h2 data-v-md-heading=\"full-range-of-flavors\" data-v-md-line=\"20\">Pe\u0142na gama smak\u00f3w<\/h2>\n<ul data-v-md-line=\"21\">\n<li>Arbuzowy l\u00f3d<\/li>\n<li>Truskawkowy l\u00f3d<\/li>\n<li>Niebieskie lodowisko<\/li>\n<li>L\u00f3d mentolowy<\/li>\n<li>Cytryna i limonka<\/li>\n<li>Wi\u0119cej smak\u00f3w do wyboru<\/li>\n<\/ul>\n<h2 data-v-md-heading=\"for-you-for-your-business\" data-v-md-line=\"28\">Dla Ciebie, dla Twojej firmy<\/h2>\n<p data-v-md-line=\"29\">Mo\u017cesz wybra\u0107 <a class=\"wpil_keyword_link\" title=\"IQTE\" href=\"https:\/\/agoravape.com\/pl\/vape-wedlug-marki\/iqte\/\" data-wpil-keyword-link=\"linked\" data-wpil-monitor-id=\"110\">IQTE<\/a> 50 000 jednorazowych e-papieros\u00f3w wielokrotnego \u0142adowania do u\u017cytku osobistego lub do zakupu w sklepie. Hurtowe kartony zawieraj\u0105ce 200 sztuk w ka\u017cdym. Waga brutto kartonu wynosi 19 kilogram\u00f3w, a jego wymiary to 510 \u00d7 293 \u00d7 260 milimetr\u00f3w, co sprawia, \u017ce bardzo wygodnie mo\u017cna zaplanowa\u0107 miejsce na p\u00f3\u0142kach i transport.<\/p>\n<p data-v-md-line=\"31\">Oferujemy p\u0142atne podatki DDP za po\u015brednictwem zaufanych partner\u00f3w, takich jak UPS, DPD i DHL do wysy\u0142ki w ca\u0142ej Europie. Twoje zam\u00f3wienie zostanie odprawione i \u015bledzone, aby unikn\u0105\u0107 nieoczekiwanych sytuacji w urz\u0119dzie celnym.<\/p>\n<h2 data-v-md-heading=\"why-do-you-like-it\" data-v-md-line=\"33\">Dlaczego to lubisz?<\/h2>\n<ul data-v-md-line=\"34\">\n<li>Du\u017ca pojemno\u015b\u0107 palenia: d\u0142u\u017csza \u017cywotno\u015b\u0107 baterii, nie trzeba cz\u0119sto wymienia\u0107 waporyzator\u00f3w.<\/li>\n<li>Wyb\u00f3r zawarto\u015bci nikotyny: Wybierz 2% lub 5% w zale\u017cno\u015bci od preferencji.<\/li>\n<li>Mo\u017cliwo\u015b\u0107 \u0142adowania: Mo\u017cna u\u017cywa\u0107 wszystkich zakupionych e-liquid\u00f3w.<\/li>\n<li>Stabilna wydajno\u015b\u0107 cewki: Mo\u017ce zapewni\u0107 stabilny i bogaty smak za ka\u017cdym razem.<\/li>\n<li>Wygodny interfejs typu C: \u0141adowanie za pomoc\u0105 istniej\u0105cego kabla do transmisji danych.<\/li>\n<\/ul>\n<h2 data-v-md-heading=\"why-choose-to-collaborate-with-agoravape\" data-v-md-line=\"40\">Dlaczego warto zdecydowa\u0107 si\u0119 na wsp\u00f3\u0142prac\u0119 z AgoraVape?<\/h2>\n<p data-v-md-line=\"41\">Sprzedajemy tylko oryginalne produkty 100% i nie mamy co do tego \u017cadnych w\u0105tpliwo\u015bci. Je\u015bli kupisz <a class=\"wpil_keyword_link\" href=\"https:\/\/agoravape.com\/pl\/marka\/iqte\/\" target=\"_blank\" rel=\"noopener\" title=\"IQTE\" data-wpil-keyword-link=\"linked\" data-wpil-monitor-id=\"7177\">IQTE<\/a> 50000 jednorazowych vape do wielokrotnego \u0142adowania w sprzeda\u017cy hurtowej, b\u0119dziesz cieszy\u0107 si\u0119 obni\u017conymi cenami, szybkim wsparciem oraz szybkimi i niezawodnymi us\u0142ugami dostawy. Skontaktuj si\u0119 z nami, aby kupi\u0107 produkty, kt\u00f3re Twoi klienci naprawd\u0119 pokochaj\u0105.<\/p>\n<p>&nbsp;<\/p>","protected":false},"excerpt":{"rendered":"<p>IQTE 50000 oferuje do 50 000 zaci\u0105gni\u0119\u0107, zapewniaj\u0105c najwy\u017csz\u0105 trwa\u0142o\u015b\u0107. Ten jednorazowy akumulator pozwala cieszy\u0107 si\u0119 ka\u017cd\u0105 kropl\u0105 e-liquidu o sta\u0142ym, czystym smaku. Posiada proste \u0142adowanie typu C i jest dost\u0119pny w wersji nikotynowej 2% lub 5%. Tw\u00f3j niezawodny, bezproblemowy waporyzator jest tutaj.<\/p>","protected":false},"featured_media":18608,"comment_status":"open","ping_status":"closed","template":"","meta":[],"product_brand":[198],"product_cat":[124,185,189,1641,174,175,125,191,180,190],"product_tag":[],"class_list":{"0":"post-10852","1":"product","2":"type-product","3":"status-publish","4":"has-post-thumbnail","6":"product_brand-iqte","7":"product_cat-vape-by-brand","8":"product_cat-10000-puffs-high-capacity","9":"product_cat-20mg-standard-nicotine-vapes","10":"product_cat-50000-puffs","11":"product_cat-fruit-flavors","12":"product_cat-icy-mint","13":"product_cat-iqte","14":"product_cat-rechargeable-disposables","15":"product_cat-vape-by-puff-count","16":"product_cat-vape-by-feature-or-type","18":"first","19":"onbackorder","20":"shipping-taxable","21":"purchasable","22":"product-type-variable","23":"has-default-attributes"},"tiered_pricing_type":"percentage","tiered_pricing_fixed_rules":[],"tiered_pricing_product_settings":{"layout":"default","base_unit_name":{"singular":null,"plural":null},"default_variation":null},"tiered_pricing_minimum_quantity":10,"tiered_pricing_roles_data":[],"tiered_pricing_percentage_rules":{"30":"29","50":"35","100":"40","200":"44","500":"47","1000":"49"},"tiered_pricing_maximum_quantity":null,"tiered_pricing_quantity_step":"10","_links":{"self":[{"href":"https:\/\/agoravape.com\/pl\/wp-json\/wp\/v2\/product\/10852","targetHints":{"allow":["GET"]}}],"collection":[{"href":"https:\/\/agoravape.com\/pl\/wp-json\/wp\/v2\/product"}],"about":[{"href":"https:\/\/agoravape.com\/pl\/wp-json\/wp\/v2\/types\/product"}],"replies":[{"embeddable":true,"href":"https:\/\/agoravape.com\/pl\/wp-json\/wp\/v2\/comments?post=10852"}],"version-history":[{"count":5,"href":"https:\/\/agoravape.com\/pl\/wp-json\/wp\/v2\/product\/10852\/revisions"}],"predecessor-version":[{"id":29829,"href":"https:\/\/agoravape.com\/pl\/wp-json\/wp\/v2\/product\/10852\/revisions\/29829"}],"wp:featuredmedia":[{"embeddable":true,"href":"https:\/\/agoravape.com\/pl\/wp-json\/wp\/v2\/media\/18608"}],"wp:attachment":[{"href":"https:\/\/agoravape.com\/pl\/wp-json\/wp\/v2\/media?parent=10852"}],"wp:term":[{"taxonomy":"product_brand","embeddable":true,"href":"https:\/\/agoravape.com\/pl\/wp-json\/wp\/v2\/product_brand?post=10852"},{"taxonomy":"product_cat","embeddable":true,"href":"https:\/\/agoravape.com\/pl\/wp-json\/wp\/v2\/product_cat?post=10852"},{"taxonomy":"product_tag","embeddable":true,"href":"https:\/\/agoravape.com\/pl\/wp-json\/wp\/v2\/product_tag?post=10852"}],"curies":[{"name":"wp","href":"https:\/\/api.w.org\/{rel}","templated":true}]}}