{"id":11078,"date":"2025-10-04T18:26:57","date_gmt":"2025-10-04T10:26:57","guid":{"rendered":"https:\/\/green-grasshopper-921422.hostingersite.com\/?post_type=product&#038;p=11078"},"modified":"2026-01-19T22:09:25","modified_gmt":"2026-01-19T14:09:25","slug":"crystal-mary-3w1-65000-puffow-vape","status":"publish","type":"product","link":"https:\/\/agoravape.com\/pl\/product\/crystal-mary-3in1-65000-puffs-vape\/","title":{"rendered":"Crystal Mary 3 w 1 65000 puff vape | Potr\u00f3jne smaki, d\u0142ugotrwa\u0142e i wygodne"},"content":{"rendered":"<h2 data-v-md-heading=\"what-s-so-special-about-crystal-mary-s-three-in-one-65000-pack-electronic-cigarette\" data-v-md-line=\"3\">Co jest takiego wyj\u0105tkowego w zestawie Crystal Mary trzy w jednym 65000 vape?<\/h2>\n<p data-v-md-line=\"4\">Je\u015bli nie lubisz u\u017cywa\u0107 tylko jednego smaku przez ca\u0142y tydzie\u0144, ten produkt mo\u017ce zmieni\u0107 Twoje nawyki. Crystal Mary trzy w jednym umo\u017cliwia prze\u0142\u0105czanie si\u0119 mi\u0119dzy trzema smakami na tym samym urz\u0105dzeniu, zapewniaj\u0105c \u015bwie\u017co\u015b\u0107 bez konieczno\u015bci noszenia trzech vape.<\/p>\n<p data-v-md-line=\"6\">Zosta\u0142a zaprojektowana z my\u015bl\u0105 o u\u017cytkownikach, kt\u00f3rym zale\u017cy na d\u0142ugotrwa\u0142ym u\u017cytkowaniu i \u0142atwej obs\u0142udze. Nie wymaga \u017cmudnych operacji ani skomplikowanych menu. Wystarczy wybra\u0107 ulubiony smak i cieszy\u0107 si\u0119 nim z \u0142atwo\u015bci\u0105. Mo\u017cna pomy\u015ble\u0107, \u017ce wielosmakowe waporyzatory o du\u017cej pojemno\u015bci mog\u0105 by\u0107 uci\u0105\u017cliwe, ale prze\u0142\u0105czanie smak\u00f3w w tym waporyzatorze jest szybkie i intuicyjne.<\/p>\n<h2 data-v-md-heading=\"excellent-performance-easy-and-convenient\" data-v-md-line=\"8\">Doskona\u0142a wydajno\u015b\u0107, \u0142atwo\u015b\u0107 i wygoda<\/h2>\n<p data-v-md-line=\"9\">Rdzeniem waporyzatora Crystal Mary's trzy w jednym jest cewka siatkowa, kt\u00f3ra pomaga utrzyma\u0107 sp\u00f3jny smak przy ka\u017cdym zaci\u0105gni\u0119ciu. Smak jest zawsze wyra\u017any i nie staje si\u0119 md\u0142y w po\u0142owie. Gdy bateria jest roz\u0142adowana, mo\u017cna j\u0105 na\u0142adowa\u0107 za pomoc\u0105 interfejsu typu C. Wystarczy u\u017cy\u0107 kabli powszechnie u\u017cywanych w telefonie. Prosty i wygodny.<\/p>\n<h2 data-v-md-heading=\"specification-introduction\" data-v-md-line=\"11\">Wprowadzenie do specyfikacji<\/h2>\n<ul data-v-md-line=\"12\">\n<li>Cz\u0119stotliwo\u015b\u0107 ssania: do 65000 razy<\/li>\n<li>Zawarto\u015b\u0107 nikotyny: 2% lub 5% opcjonalnie<\/li>\n<li>Zasada dzia\u0142ania: \u0141atwa obs\u0142uga, bez konieczno\u015bci u\u017cywania przycisk\u00f3w, urz\u0105dzenie ma wbudowany prze\u0142\u0105cznik smaku.<\/li>\n<li>\u0141adowanie: Standardowy interfejs USB typu C<\/li>\n<li>Status: Gotowy do u\u017cycia od razu po wyj\u0119ciu z pude\u0142ka<\/li>\n<\/ul>\n<h2 data-v-md-heading=\"full-flavor-series\" data-v-md-line=\"18\">Seria o pe\u0142nym smaku<\/h2>\n<p data-v-md-line=\"19\">Ka\u017cde urz\u0105dzenie jest dostarczane z 3 wybranymi zestawami smak\u00f3w:<\/p>\n<ul data-v-md-line=\"20\">\n<li>Strawberry Vanilla Cola\/Blueberry Raspberry\/Lemon Lime<\/li>\n<li>Czarna porzeczka\/r\u00f3\u017cowa woda cytrynowa\/owoc m\u0119czennicy mango<\/li>\n<li>L\u00f3d arbuzowy\/s\u0142odko-kwa\u015bne cukierki\/truskawkowe kiwi<\/li>\n<li>Lody arbuzowe\/lody truskawkowe\/potr\u00f3jny melon<\/li>\n<li>Truskawka Malina\/Wi\u015bnia Jagoda\/L\u00f3d Winogronowy<\/li>\n<li>Kwa\u015bne jab\u0142ko z lodem\/truskawkowy arbuz\/cytrynowa brzoskwinia<\/li>\n<li>Koktajl cytrynowo-limonkowo-truskawkowo-arbuzowo-jagodowy<\/li>\n<li>Koktajl jagodowy\/ arbuz malinowy\/ limonka cytrynowa<\/li>\n<li>Koktajl jagodowo-malinowy\/truskawkowy z kwa\u015bnym mango\/kola cytrynowa<\/li>\n<li>Malinowy arbuz\/Kwa\u015bne ananasowe mango\/Truskawkowe kiwi nap\u00f3j orze\u017awiaj\u0105cy<\/li>\n<\/ul>\n<h2 data-v-md-heading=\"for-you-and-for-your-business-as-well\" data-v-md-line=\"31\">Dla Ciebie i dla Twojej firmy<\/h2>\n<p data-v-md-line=\"32\">Je\u015bli chcesz d\u0142ugotrwa\u0142ego, prze\u0142\u0105czalnego smaku i \u0142atwego do na\u0142adowania waporyzatora, dlaczego nie kupi\u0107 jednego z nich. Je\u015bli zaopatrujesz sw\u00f3j sklep lub tworzysz kolekcj\u0119 online, jeste\u015bmy zawsze gotowi do sprzeda\u017cy hurtowej. 10 sztuk w pude\u0142ku, 200 sztuk w pude\u0142ku, co u\u0142atwia planowanie zapas\u00f3w.<\/p>\n<p data-v-md-line=\"34\">Wsp\u00f3\u0142pracujemy z zaufanymi partnerami, takimi jak UPS, DPD i DHL, aby korzysta\u0107 z transportu DDP (Delivered Duty Paid), dzi\u0119ki czemu op\u0142aty celne mog\u0105 by\u0107 przetwarzane z wyprzedzeniem i nie b\u0119dzie \u017cadnych wypadk\u00f3w, gdy paczka dotrze do urz\u0119du celnego.<\/p>\n<p data-v-md-line=\"36\">O\u015bwiadczenie o zgodno\u015bci: Vapy du\u017cego kalibru i vapy o st\u0119\u017ceniu nikotyny 5% nie spe\u0142niaj\u0105 norm TPD (Europejskiej Dyrektywy Tytoniowej) na wielu rynkach UE. Dostarczamy do dozwolonych region\u00f3w. Je\u015bli potrzebujesz alternatywnych produkt\u00f3w do sprzeda\u017cy detalicznej w UE, kt\u00f3re spe\u0142niaj\u0105 normy TPD, skontaktuj si\u0119 z naszym zespo\u0142em.<\/p>\n<h2 data-v-md-heading=\"why-do-you-like-it\" data-v-md-line=\"38\">Dlaczego to lubisz?<\/h2>\n<ul data-v-md-line=\"39\">\n<li>Du\u017ca si\u0142a ss\u0105ca: mniej do\u0142adowa\u0144 i ponownych zakup\u00f3w.<\/li>\n<li>Potr\u00f3jne prze\u0142\u0105czanie smak\u00f3w: prze\u0142\u0105czaj smaki w dowolnym momencie, aby zaspokoi\u0107 swoje potrzeby.<\/li>\n<li>Mo\u017cliwo\u015b\u0107 \u0142adowania: \u0141adowanie typu C pomaga efektywnie korzysta\u0107 z e-liquidu.<\/li>\n<li>Siatkowa cewka: Sp\u00f3jny od pocz\u0105tku do ko\u0144ca, o bogatym i \u0142agodnym smaku.<\/li>\n<\/ul>\n<h2 data-v-md-heading=\"why-collaborate-with-agoravape\" data-v-md-line=\"44\">Dlaczego warto wsp\u00f3\u0142pracowa\u0107 z AgoraVape?<\/h2>\n<p data-v-md-line=\"45\">Dostarczamy tylko oryginalne produkty 100% i jeste\u015bmy odpowiedzialni za sprzedawane przez nas produkty. Dla klient\u00f3w biznesowych oznacza to, \u017ce Crystal Mary's three in one 65000 vaping flavor switch oferuje obni\u017cone ceny hurtowe, szybk\u0105 obs\u0142ug\u0119 klienta i szybk\u0105 dostaw\u0119 DDP. Zapraszamy do dyskusji z nami na temat tego, jak zapewni\u0107 swoim klientom elastyczny i zr\u00f3wnowa\u017cony wyb\u00f3r sta\u0142ych klient\u00f3w.<\/p>\n<p data-v-md-line=\"45\"><img loading=\"lazy\" decoding=\"async\" class=\"aligncenter size-full wp-image-11080\" src=\"https:\/\/agoravape.com\/wp-content\/uploads\/2025\/10\/Crystal-Mary-3-in-1-65000-Puffs-Flavor-Switch-Vape-2.webp\" alt=\"\" width=\"1523\" height=\"2444\" srcset=\"https:\/\/agoravape.com\/wp-content\/uploads\/2025\/10\/Crystal-Mary-3-in-1-65000-Puffs-Flavor-Switch-Vape-2.webp 1523w, https:\/\/agoravape.com\/wp-content\/uploads\/2025\/10\/Crystal-Mary-3-in-1-65000-Puffs-Flavor-Switch-Vape-2-1200x1926.webp 1200w, https:\/\/agoravape.com\/wp-content\/uploads\/2025\/10\/Crystal-Mary-3-in-1-65000-Puffs-Flavor-Switch-Vape-2-187x300.webp 187w, https:\/\/agoravape.com\/wp-content\/uploads\/2025\/10\/Crystal-Mary-3-in-1-65000-Puffs-Flavor-Switch-Vape-2-638x1024.webp 638w, https:\/\/agoravape.com\/wp-content\/uploads\/2025\/10\/Crystal-Mary-3-in-1-65000-Puffs-Flavor-Switch-Vape-2-768x1232.webp 768w, https:\/\/agoravape.com\/wp-content\/uploads\/2025\/10\/Crystal-Mary-3-in-1-65000-Puffs-Flavor-Switch-Vape-2-957x1536.webp 957w, https:\/\/agoravape.com\/wp-content\/uploads\/2025\/10\/Crystal-Mary-3-in-1-65000-Puffs-Flavor-Switch-Vape-2-1276x2048.webp 1276w\" sizes=\"auto, (max-width: 1523px) 100vw, 1523px\" \/><\/p>\n<p><script src=\"chrome-extension:\/\/fpelahbljekknahkcaegamhcndkfpfnc\/iFrame.js\" type=\"text\/javascript\"><\/script><\/p>\n<p><script src=\"chrome-extension:\/\/fpelahbljekknahkcaegamhcndkfpfnc\/iFrame.js\" type=\"text\/javascript\"><\/script><\/p>\n<p><script src=\"chrome-extension:\/\/fpelahbljekknahkcaegamhcndkfpfnc\/iFrame.js\" type=\"text\/javascript\"><\/script><\/p>\n<p><script src=\"chrome-extension:\/\/fpelahbljekknahkcaegamhcndkfpfnc\/iFrame.js\" type=\"text\/javascript\"><\/script><\/p>\n<p><script src=\"chrome-extension:\/\/fpelahbljekknahkcaegamhcndkfpfnc\/iFrame.js\" type=\"text\/javascript\"><\/script><\/p>\n<p><script src=\"chrome-extension:\/\/fpelahbljekknahkcaegamhcndkfpfnc\/iFrame.js\" type=\"text\/javascript\"><\/script><\/p>\n<p><script src=\"chrome-extension:\/\/fpelahbljekknahkcaegamhcndkfpfnc\/iFrame.js\" type=\"text\/javascript\"><\/script><\/p>\n<p><script src=\"chrome-extension:\/\/fpelahbljekknahkcaegamhcndkfpfnc\/iFrame.js\" type=\"text\/javascript\"><\/script><\/p>\n<p><script src=\"chrome-extension:\/\/fpelahbljekknahkcaegamhcndkfpfnc\/iFrame.js\" type=\"text\/javascript\"><\/script><\/p>\n<p><script src=\"chrome-extension:\/\/fpelahbljekknahkcaegamhcndkfpfnc\/iFrame.js\" type=\"text\/javascript\"><\/script><\/p>\n<p><script src=\"chrome-extension:\/\/fpelahbljekknahkcaegamhcndkfpfnc\/iFrame.js\" type=\"text\/javascript\"><\/script><\/p>","protected":false},"excerpt":{"rendered":"<p>Masz do\u015b\u0107 jednego smaku? Waporyzator Crystal Mary 3 w 1 pozwala prze\u0142\u0105cza\u0107 si\u0119 mi\u0119dzy trzema wyselekcjonowanymi smakami w jednym urz\u0105dzeniu. Ciesz si\u0119 nawet 65 000 zaci\u0105gni\u0119\u0107 ze sta\u0142ym smakiem dzi\u0119ki cewce siatkowej. Prosty, bez przycisk\u00f3w i \u0142adowany przez Type-C dla d\u0142ugotrwa\u0142ej wygody. Najlepsza przygoda ze smakiem.<\/p>\n<p><script src=\"chrome-extension:\/\/fpelahbljekknahkcaegamhcndkfpfnc\/iFrame.js\" type=\"text\/javascript\"><\/script><\/p>\n<p><script src=\"chrome-extension:\/\/fpelahbljekknahkcaegamhcndkfpfnc\/iFrame.js\" type=\"text\/javascript\"><\/script><\/p>","protected":false},"featured_media":11079,"comment_status":"open","ping_status":"closed","template":"","meta":[],"product_brand":[199],"product_cat":[124,185,189,176,126,177,195,174,175,193,191,173,186,180,190],"product_tag":[],"class_list":{"0":"post-11078","1":"product","2":"type-product","3":"status-publish","4":"has-post-thumbnail","6":"product_brand-crystal-mary","7":"product_cat-vape-by-brand","8":"product_cat-10000-puffs-high-capacity","9":"product_cat-20mg-standard-nicotine-vapes","10":"product_cat-beverage","11":"product_cat-crystal-mary","12":"product_cat-dessert-sweets","13":"product_cat-dual-flavor-switch","14":"product_cat-fruit-flavors","15":"product_cat-icy-mint","16":"product_cat-mesh-coil","17":"product_cat-rechargeable-disposables","18":"product_cat-vape-by-flavor-profile","19":"product_cat-vape-by-nicotine-strength","20":"product_cat-vape-by-puff-count","21":"product_cat-vape-by-feature-or-type","23":"first","24":"onbackorder","25":"shipping-taxable","26":"purchasable","27":"product-type-variable","28":"has-default-attributes"},"tiered_pricing_type":"percentage","tiered_pricing_fixed_rules":[],"tiered_pricing_product_settings":{"layout":"default","base_unit_name":{"singular":null,"plural":null},"default_variation":null},"tiered_pricing_minimum_quantity":10,"tiered_pricing_roles_data":[],"tiered_pricing_percentage_rules":{"30":"29","50":"35","100":"40","200":"44","500":"47","1000":"49"},"tiered_pricing_maximum_quantity":null,"tiered_pricing_quantity_step":"10","_links":{"self":[{"href":"https:\/\/agoravape.com\/pl\/wp-json\/wp\/v2\/product\/11078","targetHints":{"allow":["GET"]}}],"collection":[{"href":"https:\/\/agoravape.com\/pl\/wp-json\/wp\/v2\/product"}],"about":[{"href":"https:\/\/agoravape.com\/pl\/wp-json\/wp\/v2\/types\/product"}],"replies":[{"embeddable":true,"href":"https:\/\/agoravape.com\/pl\/wp-json\/wp\/v2\/comments?post=11078"}],"version-history":[{"count":0,"href":"https:\/\/agoravape.com\/pl\/wp-json\/wp\/v2\/product\/11078\/revisions"}],"wp:featuredmedia":[{"embeddable":true,"href":"https:\/\/agoravape.com\/pl\/wp-json\/wp\/v2\/media\/11079"}],"wp:attachment":[{"href":"https:\/\/agoravape.com\/pl\/wp-json\/wp\/v2\/media?parent=11078"}],"wp:term":[{"taxonomy":"product_brand","embeddable":true,"href":"https:\/\/agoravape.com\/pl\/wp-json\/wp\/v2\/product_brand?post=11078"},{"taxonomy":"product_cat","embeddable":true,"href":"https:\/\/agoravape.com\/pl\/wp-json\/wp\/v2\/product_cat?post=11078"},{"taxonomy":"product_tag","embeddable":true,"href":"https:\/\/agoravape.com\/pl\/wp-json\/wp\/v2\/product_tag?post=11078"}],"curies":[{"name":"wp","href":"https:\/\/api.w.org\/{rel}","templated":true}]}}