{"id":11109,"date":"2025-10-04T21:27:48","date_gmt":"2025-10-04T13:27:48","guid":{"rendered":"https:\/\/green-grasshopper-921422.hostingersite.com\/?post_type=product&#038;p=11109"},"modified":"2026-01-19T22:09:19","modified_gmt":"2026-01-19T14:09:19","slug":"vape-z-ekranem-dotykowym-crystal-mary-groove-50k","status":"publish","type":"product","link":"https:\/\/agoravape.com\/pl\/product\/crystal-mary-groove-50k-touch-screen-vape\/","title":{"rendered":"Crystal Mary Groove 50K Smart Touch Screen Vape | \u0141atwe tworzenie d\u0142ugotrwa\u0142ego smaku"},"content":{"rendered":"<h2 data-v-md-heading=\"what-are-the-advantages-of-crystal-mary-groove-50k-suction-smart-touchscreen-electronic-cigarette\" data-v-md-line=\"3\">Jakie s\u0105 zalety inteligentnego vape z ekranem dotykowym Crystal Mary Groove 50K?<\/h2>\n<p data-v-md-line=\"4\">Je\u015bli jeste\u015b zm\u0119czony wymian\u0105 jednorazowych vape co kilka dni, ten produkt u\u0142atwi Ci \u017cycie. Crystal Mary Groove ma zdolno\u015b\u0107 zasysania do 50000 i jest wyposa\u017cony w inteligentny ekran dotykowy, umo\u017cliwiaj\u0105cy dostosowanie wra\u017ce\u0144 z waporyzacji wed\u0142ug w\u0142asnego uznania.<\/p>\n<p data-v-md-line=\"6\">Jest odpowiedni dla ka\u017cdego, kto chce trwa\u0142o\u015bci bez wysi\u0142ku. Zapewnia wyra\u017any smak, stabilny dym i proste sterowanie urz\u0105dzeniem. Mo\u017cna pomy\u015ble\u0107, \u017ce waporyzatory o tak du\u017cej pojemno\u015bci ssania by\u0142yby uci\u0105\u017cliwe, ale s\u0105 one proste i \u0142atwe w u\u017cyciu, od\u015bwie\u017caj\u0105ce.<\/p>\n<h2 data-v-md-heading=\"excellent-performance-easy-and-convenient\" data-v-md-line=\"8\">Doskona\u0142a wydajno\u015b\u0107, \u0142atwo\u015b\u0107 i wygoda<\/h2>\n<p data-v-md-line=\"9\">Podw\u00f3jna cewka siatkowa wykonuje g\u0142\u00f3wne zadanie. S\u0105 one r\u00f3wnomiernie podgrzewane, dzi\u0119ki czemu ka\u017cdy k\u0119s jest r\u00f3wnie pyszny jak pierwszy. Gdy bateria jest roz\u0142adowana, mo\u017cna j\u0105 na\u0142adowa\u0107 przez Type-C. Mo\u017ce mie\u0107 taki sam kabel jak ten, kt\u00f3rego u\u017cywasz w telefonie, wi\u0119c nie musisz si\u0119 martwi\u0107 o znalezienie czego\u015b specjalnego.<\/p>\n<h2 data-v-md-heading=\"specification-overview\" data-v-md-line=\"11\">Przegl\u0105d specyfikacji<\/h2>\n<ul data-v-md-line=\"12\">\n<li>Cz\u0119stotliwo\u015b\u0107 zasysania: do 50000 razy<\/li>\n<li>Zawarto\u015b\u0107 nikotyny: 50 miligram\u00f3w na mililitr<\/li>\n<li>Zasada dzia\u0142ania: Ekran dotykowy dostosowuje poziom nikotyny i lodu. Wystarczy wzi\u0105\u0107 wdech, aby aktywowa\u0107 vape<\/li>\n<li>\u0141adowanie: Standardowy interfejs USB typu C<\/li>\n<li>Status: Gotowy do u\u017cycia po rozpakowaniu<\/li>\n<\/ul>\n<h2 data-v-md-heading=\"full-range-of-flavors\" data-v-md-line=\"18\">Pe\u0142na gama smak\u00f3w<\/h2>\n<ul data-v-md-line=\"19\">\n<li>Koktajl jagodowy<\/li>\n<li>Mi\u0119ta Miami<\/li>\n<li>Koktajl arbuzowy<\/li>\n<li>Popcorn truskawkowy<\/li>\n<li>Koktajl z kwa\u015bnych jab\u0142ek<\/li>\n<li>Kwa\u015bny ananas z mango<\/li>\n<li>Cukier cytrynowy<\/li>\n<li>Bananowy koktajl toffi<\/li>\n<li>Kwa\u015bny cukier wybuchowy<\/li>\n<li>Orze\u017awiaj\u0105ce kiwi truskawkowe<\/li>\n<\/ul>\n<h2 data-v-md-heading=\"for-you-and-your-business\" data-v-md-line=\"30\">Dla Ciebie i Twojego biznesu<\/h2>\n<p data-v-md-line=\"31\">Kupowanie dla siebie jest bardzo proste. Wystarczy wybra\u0107 sw\u00f3j gust. Je\u015bli robisz zapasy do sklepu, mo\u017cemy r\u00f3wnie\u017c zaspokoi\u0107 Twoje potrzeby. Wk\u0142ady Crystal Mary Groove 50K s\u0105 dost\u0119pne w pojedynczych opakowaniach po 5 smak\u00f3w lub w mieszanych opakowaniach po 10 smak\u00f3w.<\/p>\n<p data-v-md-line=\"33\">Zapewniamy niezawodne us\u0142ugi dostawy DDP za po\u015brednictwem UPS, DPD i DHL, kt\u00f3re mog\u0105 by\u0107 wysy\u0142ane w ca\u0142ej Europie. Taryfy mog\u0105 by\u0107 przetwarzane z wyprzedzeniem, aby unikn\u0105\u0107 wypadk\u00f3w celnych. Sytuacja w zakresie dostaw i st\u0119\u017cenie nikotyny mog\u0105 si\u0119 r\u00f3\u017cni\u0107 w r\u00f3\u017cnych krajach\/regionach. Prosimy o zapoznanie si\u0119 z lokalnymi przepisami lub skonsultowanie si\u0119 z naszym zespo\u0142em.<\/p>\n<h2 data-v-md-heading=\"why-do-you-like-it\" data-v-md-line=\"35\">Dlaczego to lubisz?<\/h2>\n<ul data-v-md-line=\"36\">\n<li>Ogromne ssanie: wydajno\u015b\u0107 do 50 tys. oznacza mniej powtarzaj\u0105cych si\u0119 zam\u00f3wie\u0144 i k\u0142opot\u00f3w.<\/li>\n<li>Wyb\u00f3r nikotyny: Urz\u0105dzenie posiada wbudowan\u0105 funkcj\u0119 regulacji, kt\u00f3ra pozwala na precyzyjne dostrojenie st\u0119\u017cenia w zale\u017cno\u015bci od potrzeb<\/li>\n<li>Mo\u017cliwo\u015b\u0107 \u0142adowania: \u0141adowanie typu C pomaga wykorzysta\u0107 ka\u017cd\u0105 kropl\u0119 e-cieczy.<\/li>\n<li>Siatkowa cewka: Dwuwarstwowa cewka siatkowa zapewnia jednolity smak i p\u0142ynne palenie.<\/li>\n<\/ul>\n<h2 data-v-md-heading=\"why-collaborate-with-agoravape\" data-v-md-line=\"41\">Dlaczego warto wsp\u00f3\u0142pracowa\u0107 z AgoraVape?<\/h2>\n<p data-v-md-line=\"42\">Sprzedajemy tylko oryginalne produkty 100% i jeste\u015bmy odpowiedzialni za sprzedawane przez nas produkty. Nabywcy korporacyjni, kt\u00f3rzy kupuj\u0105 inteligentne waporyzatory z ekranem dotykowym Crystal Mary Groove 50K, mog\u0105 cieszy\u0107 si\u0119 obni\u017conymi cenami hurtowymi, responsywnym zespo\u0142em wsparcia oraz szybkimi i niezawodnymi us\u0142ugami dostawy. Czy chcesz kupi\u0107 urz\u0105dzenie, kt\u00f3re b\u0119dzie mia\u0142o wysoki wska\u017anik zwrot\u00f3w od klient\u00f3w? Skontaktuj si\u0119 z nami, a z przyjemno\u015bci\u0105 Ci pomo\u017cemy.<\/p>\n<p data-v-md-line=\"42\"><img loading=\"lazy\" decoding=\"async\" class=\"aligncenter size-full wp-image-11122\" src=\"https:\/\/agoravape.com\/wp-content\/uploads\/2025\/10\/CRYSTAL-MARY-CM-Groove-50000.webp\" alt=\"\" width=\"1400\" height=\"935\" srcset=\"https:\/\/agoravape.com\/wp-content\/uploads\/2025\/10\/CRYSTAL-MARY-CM-Groove-50000.webp 1400w, https:\/\/agoravape.com\/wp-content\/uploads\/2025\/10\/CRYSTAL-MARY-CM-Groove-50000-1200x801.webp 1200w, https:\/\/agoravape.com\/wp-content\/uploads\/2025\/10\/CRYSTAL-MARY-CM-Groove-50000-300x200.webp 300w, https:\/\/agoravape.com\/wp-content\/uploads\/2025\/10\/CRYSTAL-MARY-CM-Groove-50000-1024x684.webp 1024w, https:\/\/agoravape.com\/wp-content\/uploads\/2025\/10\/CRYSTAL-MARY-CM-Groove-50000-768x513.webp 768w\" sizes=\"auto, (max-width: 1400px) 100vw, 1400px\" \/><\/p>","protected":false},"excerpt":{"rendered":"<p>Poznaj Crystal Mary Groove 50K. Ten inteligentny waporyzator zapewnia do 50 000 zaci\u0105gni\u0119\u0107. Intuicyjny ekran dotykowy umo\u017cliwia dostosowanie poziomu nikotyny i lodu w celu uzyskania idealnego efektu. Podw\u00f3jne cewki siatkowe zapewniaj\u0105 bogaty, sp\u00f3jny smak. Mo\u017cliwo\u015b\u0107 \u0142adowania przez Type-C zapewnia d\u0142ugotrwa\u0142e, uproszczone wra\u017cenia.<\/p>","protected":false},"featured_media":11121,"comment_status":"open","ping_status":"closed","template":"","meta":[],"product_brand":[199],"product_cat":[124,185,1641,126,177,174,175,193,191,173,180,190,192],"product_tag":[],"class_list":{"0":"post-11109","1":"product","2":"type-product","3":"status-publish","4":"has-post-thumbnail","6":"product_brand-crystal-mary","7":"product_cat-vape-by-brand","8":"product_cat-10000-puffs-high-capacity","9":"product_cat-50000-puffs","10":"product_cat-crystal-mary","11":"product_cat-dessert-sweets","12":"product_cat-fruit-flavors","13":"product_cat-icy-mint","14":"product_cat-mesh-coil","15":"product_cat-rechargeable-disposables","16":"product_cat-vape-by-flavor-profile","17":"product_cat-vape-by-puff-count","18":"product_cat-vape-by-feature-or-type","19":"product_cat-vapes-with-screens","21":"first","22":"onbackorder","23":"shipping-taxable","24":"purchasable","25":"product-type-variable","26":"has-default-attributes"},"tiered_pricing_type":"percentage","tiered_pricing_fixed_rules":[],"tiered_pricing_product_settings":{"layout":"default","base_unit_name":{"singular":null,"plural":null},"default_variation":null},"tiered_pricing_minimum_quantity":10,"tiered_pricing_roles_data":[],"tiered_pricing_percentage_rules":{"30":"29","50":"35","100":"40","200":"44","500":"47","1000":"49"},"tiered_pricing_maximum_quantity":null,"tiered_pricing_quantity_step":"10","_links":{"self":[{"href":"https:\/\/agoravape.com\/pl\/wp-json\/wp\/v2\/product\/11109","targetHints":{"allow":["GET"]}}],"collection":[{"href":"https:\/\/agoravape.com\/pl\/wp-json\/wp\/v2\/product"}],"about":[{"href":"https:\/\/agoravape.com\/pl\/wp-json\/wp\/v2\/types\/product"}],"replies":[{"embeddable":true,"href":"https:\/\/agoravape.com\/pl\/wp-json\/wp\/v2\/comments?post=11109"}],"version-history":[{"count":0,"href":"https:\/\/agoravape.com\/pl\/wp-json\/wp\/v2\/product\/11109\/revisions"}],"wp:featuredmedia":[{"embeddable":true,"href":"https:\/\/agoravape.com\/pl\/wp-json\/wp\/v2\/media\/11121"}],"wp:attachment":[{"href":"https:\/\/agoravape.com\/pl\/wp-json\/wp\/v2\/media?parent=11109"}],"wp:term":[{"taxonomy":"product_brand","embeddable":true,"href":"https:\/\/agoravape.com\/pl\/wp-json\/wp\/v2\/product_brand?post=11109"},{"taxonomy":"product_cat","embeddable":true,"href":"https:\/\/agoravape.com\/pl\/wp-json\/wp\/v2\/product_cat?post=11109"},{"taxonomy":"product_tag","embeddable":true,"href":"https:\/\/agoravape.com\/pl\/wp-json\/wp\/v2\/product_tag?post=11109"}],"curies":[{"name":"wp","href":"https:\/\/api.w.org\/{rel}","templated":true}]}}