{"id":11146,"date":"2025-10-05T10:23:12","date_gmt":"2025-10-05T02:23:12","guid":{"rendered":"https:\/\/green-grasshopper-921422.hostingersite.com\/?post_type=product&#038;p=11146"},"modified":"2026-01-19T22:09:13","modified_gmt":"2026-01-19T14:09:13","slug":"crystal-mary-pulsex-20mg-20000-puffow-vape","status":"publish","type":"product","link":"https:\/\/agoravape.com\/pl\/product\/crystal-mary-pulsex-20mg-20000-puffs-vape\/","title":{"rendered":"Crystal Mary PulsEX 20000 puff 20 mg nikotyny vape | Du\u017ca pojemno\u015b\u0107, sp\u00f3jny smak"},"content":{"rendered":"<h2 data-v-md-heading=\"what-is-the-charm-of-crystal-mary-pulsex-20000-pack-20mg-nicotine-e-cigarette\" data-v-md-line=\"3\">Jaki jest urok Crystal Mary Pulsex 20000 pack 20mg nikotyny vape?<\/h2>\n<p data-v-md-line=\"4\">Je\u015bli jeste\u015b zm\u0119czony jednorazowymi vape, kt\u00f3re ko\u0144cz\u0105 si\u0119 na pocz\u0105tku u\u017cytkowania, to ten produkt zmieni wszystko. Crystal Mary PulsEX ma pojemno\u015b\u0107 do 20000 zaci\u0105gni\u0119\u0107 i zawarto\u015b\u0107 nikotyny na poziomie 20 miligram\u00f3w, co zapewnia p\u0142ynne doznania. Jest \u0142atwy w obs\u0142udze i nie wymaga wysi\u0142ku.<\/p>\n<p data-v-md-line=\"6\">Je\u015bli chcesz d\u0142ugotrwa\u0142ego i \u0142agodnego wapowania, nie musisz martwi\u0107 si\u0119 o cewki lub ustawienia, ten produkt jest idealnym wyborem. Przy tak wielu ugryzieniach smak jest nieuchronnie os\u0142abiony, ale podw\u00f3jna cewka siatkowa mo\u017ce utrzyma\u0107 stabilno\u015b\u0107 od pierwszego do ostatniego ugryzienia.<\/p>\n<h2 data-v-md-heading=\"excellent-performance-easy-and-convenient\" data-v-md-line=\"8\">Doskona\u0142a wydajno\u015b\u0107, \u0142atwo\u015b\u0107 i wygoda<\/h2>\n<p data-v-md-line=\"9\">Wewn\u0119trzne cewki z podw\u00f3jn\u0105 siatk\u0105 s\u0142u\u017c\u0105 do szybkiego i r\u00f3wnomiernego ogrzewania, zapewniaj\u0105c, \u017ce ka\u017cdy k\u0119s jest tak czysty, jak pierwszy smak. Gdy bateria jest roz\u0142adowana, nie trzeba jej wyrzuca\u0107. Wystarczy pod\u0142\u0105czy\u0107 zasilacz. Port typu C wykorzystuje ten sam kabel, co wi\u0119kszo\u015b\u0107 telefon\u00f3w kom\u00f3rkowych, dzi\u0119ki czemu jest wygodniejszy w u\u017cyciu.<\/p>\n<h2 data-v-md-heading=\"specification-introduction\" data-v-md-line=\"11\">Wprowadzenie do specyfikacji<\/h2>\n<ul data-v-md-line=\"12\">\n<li>Cz\u0119stotliwo\u015b\u0107 zasysania: do 20000 razy<\/li>\n<li>Nikotyna: 20 mg (s\u00f3l nikotynowa)<\/li>\n<li>Pojemno\u015b\u0107 e-liquidu: 18 mililitr\u00f3w<\/li>\n<li>Rdze\u0144 rozpylaj\u0105cy: podw\u00f3jna siatka<\/li>\n<li>Bateria: akumulator o pojemno\u015bci 820 mAh<\/li>\n<li>Zasada dzia\u0142ania: Aktywacja jednym zaci\u0105gni\u0119ciem<\/li>\n<li>\u0141adowanie: Standardowy interfejs USB typu C<\/li>\n<li>Status: Gotowy do u\u017cycia po rozpakowaniu<\/li>\n<\/ul>\n<h2 data-v-md-heading=\"full-range-of-flavors\" data-v-md-line=\"21\">Pe\u0142na gama smak\u00f3w<\/h2>\n<ul data-v-md-line=\"22\">\n<li>Smak kwa\u015bnej maliny z jagodami<\/li>\n<li>Truskawkowy smak dziwnych owoc\u00f3w<\/li>\n<li>Smak ananasowego smoothie<\/li>\n<li>Jagody, maliny, aromat cytrynowy<\/li>\n<li>Smak arbuzowego smoothie<\/li>\n<li>Kiwi, marakuja, aromat guawy<\/li>\n<li>Smak brzoskwiniowego smoothie<\/li>\n<li>Smak jagodowego smoothie<\/li>\n<li>T\u0119czowy smak cukru<\/li>\n<li>Koktajl bananowy<\/li>\n<\/ul>\n<h2 data-v-md-heading=\"to-create-for-you-and-your-business\" data-v-md-line=\"33\">Aby stworzy\u0107 dla Ciebie i Twojej firmy<\/h2>\n<p data-v-md-line=\"34\">Mo\u017cesz kupi\u0107 jedn\u0105 sztuk\u0119 do codziennego u\u017cytku lub zape\u0142ni\u0107 swoje p\u00f3\u0142ki najlepiej sprzedaj\u0105cymi si\u0119 produktami. Oferujemy opakowania hurtowe po 5 sztuk dla ka\u017cdego smaku, co pozwala \u0142atwo stworzy\u0107 zr\u00f3wnowa\u017con\u0105 kolekcj\u0119 bez nadmiernych inwestycji.<\/p>\n<p data-v-md-line=\"36\">Wsp\u00f3\u0142pracujemy z zaufanymi partnerami, takimi jak UPS, DPD i DHL, aby zapewni\u0107 us\u0142ugi dostawy DDP, oszcz\u0119dzaj\u0105c k\u0142opot\u00f3w zwi\u0105zanych z procedurami celnymi i unikaj\u0105c wypadk\u00f3w po przyje\u017adzie. Ze wzgl\u0119du na lokalne przepisy sytuacja w zakresie dostaw mo\u017ce si\u0119 r\u00f3\u017cni\u0107 w r\u00f3\u017cnych krajach\/regionach, dlatego przed z\u0142o\u017ceniem zam\u00f3wienia nale\u017cy sprawdzi\u0107 lokalne przepisy.<\/p>\n<h2 data-v-md-heading=\"why-do-you-like-it\" data-v-md-line=\"38\">Dlaczego to lubisz?<\/h2>\n<ul data-v-md-line=\"39\">\n<li>Du\u017ca moc ssania: trwa\u0142y i d\u0142ugotrwa\u0142y, nie wymaga cz\u0119stej wymiany.<\/li>\n<li>20 mg nikotyny: St\u0119\u017cenie w ca\u0142ej gamie e-liquid\u00f3w jest jednolite.<\/li>\n<li>Mo\u017cliwo\u015b\u0107 wielokrotnego \u0142adowania: Wystarczy zap\u0142aci\u0107 tylko raz, aby korzysta\u0107 ze wszystkich e-liquid\u00f3w.<\/li>\n<li>Siatkowa cewka: Zapewnia stabilny i bogaty smak za ka\u017cdym razem.<\/li>\n<li>\u0141adowanie typu C: U\u017cyj zwyk\u0142ego kabla, aby szybko na\u0142adowa\u0107 urz\u0105dzenie.<\/li>\n<\/ul>\n<h2 data-v-md-heading=\"why-choose-to-collaborate-with-agoravape\" data-v-md-line=\"45\">Dlaczego warto zdecydowa\u0107 si\u0119 na wsp\u00f3\u0142prac\u0119 z AgoraVape?<\/h2>\n<p data-v-md-line=\"46\">Sprzedajemy tylko oryginalne produkty 100% i nie mamy co do tego \u017cadnych w\u0105tpliwo\u015bci. Jako jeden z zaufanych dystrybutor\u00f3w vape w Europie, mo\u017cesz cieszy\u0107 si\u0119 obni\u017conymi cenami hurtowymi, responsywnym wsparciem i szybkimi us\u0142ugami dostawy DDP dla Crystal Mary PulsEX 20000 puff\u00f3w 20mg nikotyny vapes. Zapraszamy do kontaktu z nami, aby dowiedzie\u0107 si\u0119, jak zaopatrzy\u0107 swoich klient\u00f3w w urz\u0105dzenie, do kt\u00f3rego warto wraca\u0107.<\/p>\n<p><img loading=\"lazy\" decoding=\"async\" class=\"aligncenter size-full wp-image-11170\" src=\"https:\/\/agoravape.com\/wp-content\/uploads\/2025\/10\/crystal-mary-vape.webp\" alt=\"\" width=\"1400\" height=\"650\" srcset=\"https:\/\/agoravape.com\/wp-content\/uploads\/2025\/10\/crystal-mary-vape.webp 1400w, https:\/\/agoravape.com\/wp-content\/uploads\/2025\/10\/crystal-mary-vape-1200x557.webp 1200w, https:\/\/agoravape.com\/wp-content\/uploads\/2025\/10\/crystal-mary-vape-300x139.webp 300w, https:\/\/agoravape.com\/wp-content\/uploads\/2025\/10\/crystal-mary-vape-1024x475.webp 1024w, https:\/\/agoravape.com\/wp-content\/uploads\/2025\/10\/crystal-mary-vape-768x357.webp 768w\" sizes=\"auto, (max-width: 1400px) 100vw, 1400px\" \/><\/p>","protected":false},"excerpt":{"rendered":"<p>Enjoy up to 20,000 puffs with the Crystal Mary PulseX. This high-capacity vape delivers a consistent 20mg nicotine hit and rich flavour from start to finish, thanks to a dual mesh coil. It\u2019s simple, rechargeable via Type-C, and built to last. No fuss, just long-lasting flavour.<\/p>","protected":false},"featured_media":11171,"comment_status":"open","ping_status":"closed","template":"","meta":[],"product_brand":[199],"product_cat":[124,185,1636,189,126,174,175,193,191,173,180,190],"product_tag":[],"class_list":{"0":"post-11146","1":"product","2":"type-product","3":"status-publish","4":"has-post-thumbnail","6":"product_brand-crystal-mary","7":"product_cat-vape-by-brand","8":"product_cat-10000-puffs-high-capacity","9":"product_cat-20000-puffs","10":"product_cat-20mg-standard-nicotine-vapes","11":"product_cat-crystal-mary","12":"product_cat-fruit-flavors","13":"product_cat-icy-mint","14":"product_cat-mesh-coil","15":"product_cat-rechargeable-disposables","16":"product_cat-vape-by-flavor-profile","17":"product_cat-vape-by-puff-count","18":"product_cat-vape-by-feature-or-type","20":"first","21":"onbackorder","22":"shipping-taxable","23":"purchasable","24":"product-type-variable","25":"has-default-attributes"},"tiered_pricing_type":"percentage","tiered_pricing_fixed_rules":[],"tiered_pricing_product_settings":{"layout":"default","base_unit_name":{"singular":null,"plural":null},"default_variation":null},"tiered_pricing_minimum_quantity":10,"tiered_pricing_roles_data":[],"tiered_pricing_percentage_rules":{"30":"29","50":"35","100":"40","200":"44","500":"47","1000":"49"},"tiered_pricing_maximum_quantity":null,"tiered_pricing_quantity_step":"10","_links":{"self":[{"href":"https:\/\/agoravape.com\/pl\/wp-json\/wp\/v2\/product\/11146","targetHints":{"allow":["GET"]}}],"collection":[{"href":"https:\/\/agoravape.com\/pl\/wp-json\/wp\/v2\/product"}],"about":[{"href":"https:\/\/agoravape.com\/pl\/wp-json\/wp\/v2\/types\/product"}],"replies":[{"embeddable":true,"href":"https:\/\/agoravape.com\/pl\/wp-json\/wp\/v2\/comments?post=11146"}],"version-history":[{"count":0,"href":"https:\/\/agoravape.com\/pl\/wp-json\/wp\/v2\/product\/11146\/revisions"}],"wp:featuredmedia":[{"embeddable":true,"href":"https:\/\/agoravape.com\/pl\/wp-json\/wp\/v2\/media\/11171"}],"wp:attachment":[{"href":"https:\/\/agoravape.com\/pl\/wp-json\/wp\/v2\/media?parent=11146"}],"wp:term":[{"taxonomy":"product_brand","embeddable":true,"href":"https:\/\/agoravape.com\/pl\/wp-json\/wp\/v2\/product_brand?post=11146"},{"taxonomy":"product_cat","embeddable":true,"href":"https:\/\/agoravape.com\/pl\/wp-json\/wp\/v2\/product_cat?post=11146"},{"taxonomy":"product_tag","embeddable":true,"href":"https:\/\/agoravape.com\/pl\/wp-json\/wp\/v2\/product_tag?post=11146"}],"curies":[{"name":"wp","href":"https:\/\/api.w.org\/{rel}","templated":true}]}}