{"id":11193,"date":"2025-10-05T11:44:25","date_gmt":"2025-10-05T03:44:25","guid":{"rendered":"https:\/\/green-grasshopper-921422.hostingersite.com\/?post_type=product&#038;p=11193"},"modified":"2026-01-19T22:09:06","modified_gmt":"2026-01-19T14:09:06","slug":"crystal-mary-space-rocket-20000-puffs-vape","status":"publish","type":"product","link":"https:\/\/agoravape.com\/pl\/product\/crystal-mary-space-rocket-20000-puffs-vape\/","title":{"rendered":"Crystal Mary Space Rocket Dual Mode 20000 Port Vape | Du\u017ca liczba otwor\u00f3w, \u0142atwy w u\u017cyciu"},"content":{"rendered":"<h2 data-v-md-heading=\"what-are-the-advantages-of-crystal-mary-space-rocket-dual-mode-20000-puff-vapes\" data-v-md-line=\"3\">Jakie s\u0105 zalety waporyzator\u00f3w Crystal Mary space rocket dual-mode 20000 puff?<\/h2>\n<p data-v-md-line=\"4\">Je\u015bli jeste\u015b zm\u0119czony wymian\u0105 waporyzatora co kilka dni, ten produkt u\u0142atwi Ci \u017cycie. Waporyzator Crystal Mary Space Rocket ma bardzo d\u0142ug\u0105 \u017cywotno\u015b\u0107 i mo\u017ce swobodnie prze\u0142\u0105cza\u0107 si\u0119 mi\u0119dzy trybem zwyk\u0142ym i ulepszonym. Tryb zwyk\u0142y zosta\u0142 dostrojony pod k\u0105tem d\u0142u\u017cszej \u017cywotno\u015bci baterii. Tryb ulepszony ma wi\u0119kszy wp\u0142yw, ale zu\u017cywa wi\u0119cej dymu.<\/p>\n<p data-v-md-line=\"6\">Jest odpowiedni dla ka\u017cdego, kto chce uzyska\u0107 bogaty smak bez wysi\u0142ku. Nie potrzebujesz menu ani skomplikowanych ustawie\u0144. Wybierz sw\u00f3j tryb i ciesz si\u0119 nim w pe\u0142ni. To jest to.<\/p>\n<h2 data-v-md-heading=\"excellent-performance-easy-and-convenient\" data-v-md-line=\"8\">Doskona\u0142a wydajno\u015b\u0107, \u0142atwo\u015b\u0107 i wygoda<\/h2>\n<p data-v-md-line=\"9\">Konstrukcja z podw\u00f3jn\u0105 siatk\u0105, z \u0142atwo\u015bci\u0105 poradzi sobie ze wszystkim. Cewki 0,4 \u03a9 i 0,8 \u03a9 wsp\u00f3\u0142pracuj\u0105 ze sob\u0105, aby zapewni\u0107 czysty i sp\u00f3jny smak od pocz\u0105tku do ko\u0144ca. Bateria roz\u0142adowuje si\u0119 wolniej, a dym jest g\u0142adszy. Gdy poziom na\u0142adowania baterii jest niski, mo\u017cna u\u017cy\u0107 interfejsu Type-C do jej na\u0142adowania. Taki sam jak kabel u\u017cywany w telefonie. \u0141atwy w u\u017cyciu.<\/p>\n<h2 data-v-md-heading=\"specification-introduction\" data-v-md-line=\"11\">Wprowadzenie do specyfikacji<\/h2>\n<ul data-v-md-line=\"12\">\n<li>Cz\u0119stotliwo\u015b\u0107 ssania: do 20000 razy w trybie zwyk\u0142ym i do 12000 razy w trybie rozszerzonym<\/li>\n<li>Pojemno\u015b\u0107 e-liquidu: 25 mililitr\u00f3w<\/li>\n<li>Rdze\u0144 rozpylaj\u0105cy: podw\u00f3jna siatka 0,4 \u03a9 + 0,8 \u03a9<\/li>\n<li>Bateria: akumulator o pojemno\u015bci 650 mAh<\/li>\n<li>Nikotyna: Producent nie okre\u015bli\u0142 st\u0119\u017cenia. Prosimy o sprawdzenie opcji produktu lub skonsultowanie si\u0119 z naszym zespo\u0142em w sprawie aktualnej sytuacji w zakresie dostaw.<\/li>\n<li>Zasada dzia\u0142ania: urz\u0105dzenie dzia\u0142aj\u0105ce w dw\u00f3ch trybach. Wystarczy prze\u0142\u0105czy\u0107 tryb bez skomplikowanych ustawie\u0144, aby rozpocz\u0105\u0107 prac\u0119<\/li>\n<li>\u0141adowanie: Standardowy interfejs USB typu C<\/li>\n<li>Status: Gotowy do u\u017cycia od razu po wyj\u0119ciu z pude\u0142ka<\/li>\n<\/ul>\n<h2 data-v-md-heading=\"full-range-of-flavors\" data-v-md-line=\"21\">Pe\u0142na gama smak\u00f3w<\/h2>\n<ul data-v-md-line=\"22\">\n<li>Smak kwa\u015bnej maliny z jagodami<\/li>\n<li>Truskawkowy smak dziwnych owoc\u00f3w<\/li>\n<li>Koktajl ananasowy<\/li>\n<li>Jagody, maliny, aromat cytrynowy<\/li>\n<li>Koktajl arbuzowy<\/li>\n<li>Kiwi, marakuja, aromat guawy<\/li>\n<li>Koktajl brzoskwiniowy<\/li>\n<li>Koktajl jagodowy<\/li>\n<li>T\u0119czowy smak cukru<\/li>\n<li>Koktajl bananowy<\/li>\n<\/ul>\n<h2 data-v-md-heading=\"for-you-and-for-your-business-as-well\" data-v-md-line=\"33\">Dla Ciebie i dla Twojej firmy<\/h2>\n<p data-v-md-line=\"34\">Mo\u017cesz kupi\u0107 jeden dla siebie lub zaopatrzy\u0107 sw\u00f3j sklep. Crystal Mary Space Rocket oferuje zam\u00f3wienia hurtowe w pude\u0142kach po 10 sztuk ka\u017cdego smaku. \u0141atwe do wystawienia i sprzeda\u017cy.<\/p>\n<p data-v-md-line=\"36\">Wsp\u00f3\u0142pracujemy z niezawodnymi partnerami, takimi jak UPS, DPD i DHL, aby \u015bwiadczy\u0107 us\u0142ugi dostawy DDP, dzi\u0119ki czemu taryfy mog\u0105 by\u0107 przetwarzane z wyprzedzeniem. S\u0142u\u017cby celne nie napotkaj\u0105 \u017cadnych wypadk\u00f3w ani op\u00f3\u017anie\u0144, kt\u00f3rych nie mo\u017cna wyja\u015bni\u0107 klientom.<\/p>\n<h2 data-v-md-heading=\"why-do-you-like-it\" data-v-md-line=\"38\">Dlaczego to lubisz?<\/h2>\n<ul data-v-md-line=\"39\">\n<li>Big Mouth Count: Wybierz wytrzyma\u0142e i trwa\u0142e urz\u0105dzenie, aby nie martwi\u0107 si\u0119 o konsumpcj\u0119.<\/li>\n<li>Wyb\u00f3r nikotyny: R\u00f3\u017cne rynki oferuj\u0105 r\u00f3\u017cne opcje, a Ty mo\u017cesz wybra\u0107 t\u0119, kt\u00f3ra najbardziej Ci odpowiada<\/li>\n<li>Mo\u017cliwo\u015b\u0107 \u0142adowania: Interfejs typu C umo\u017cliwia korzystanie z urz\u0105dzenia a\u017c do wyczerpania e-cieczy<\/li>\n<li>Siatkowa cewka: Podw\u00f3jne cewki siatkowe zapewniaj\u0105 stabilny smak i p\u0142ynne ssanie<\/li>\n<\/ul>\n<h2 data-v-md-heading=\"why-choose-to-collaborate-with-agoravape\" data-v-md-line=\"44\">Dlaczego warto zdecydowa\u0107 si\u0119 na wsp\u00f3\u0142prac\u0119 z AgoraVape?<\/h2>\n<p data-v-md-line=\"45\">Oferujemy tylko oryginalne produkty 100% i mocno w to wierzymy. Nabywcy hurtowi, kt\u00f3rzy kupuj\u0105 elektroniczne papierosy Crystal Mary Space Rocket dual-mode 20000 pack, mog\u0105 korzysta\u0107 z rabat\u00f3w cenowych, szybkiego wsparcia i szybkich us\u0142ug dostawy DDP w Europie. Zapraszamy do kontaktu z nami i stworzenia popularnego produktu, kt\u00f3ry przyci\u0105gnie klient\u00f3w.<\/p>\n<p data-v-md-line=\"45\"><img loading=\"lazy\" decoding=\"async\" class=\"aligncenter size-full wp-image-11226\" src=\"https:\/\/agoravape.com\/wp-content\/uploads\/2025\/10\/CM-Space-Rocket-vape.webp\" alt=\"\" width=\"1400\" height=\"813\" srcset=\"https:\/\/agoravape.com\/wp-content\/uploads\/2025\/10\/CM-Space-Rocket-vape.webp 1400w, https:\/\/agoravape.com\/wp-content\/uploads\/2025\/10\/CM-Space-Rocket-vape-1200x697.webp 1200w, https:\/\/agoravape.com\/wp-content\/uploads\/2025\/10\/CM-Space-Rocket-vape-300x174.webp 300w, https:\/\/agoravape.com\/wp-content\/uploads\/2025\/10\/CM-Space-Rocket-vape-1024x595.webp 1024w, https:\/\/agoravape.com\/wp-content\/uploads\/2025\/10\/CM-Space-Rocket-vape-768x446.webp 768w\" sizes=\"auto, (max-width: 1400px) 100vw, 1400px\" \/><\/p>","protected":false},"excerpt":{"rendered":"<p>Masz do\u015b\u0107 wymieniania waporyzator\u00f3w? Crystal Mary Space Rocket oferuje do 20 000 zaci\u0105gni\u0119\u0107. Prze\u0142\u0105czaj si\u0119 mi\u0119dzy d\u0142ugotrwa\u0142ym trybem zwyk\u0142ym i mocnym trybem Boost. Podw\u00f3jne cewki siatkowe zapewniaj\u0105 czysty, sp\u00f3jny smak. Prosty, wydajny i \u0142adowany za pomoc\u0105 \u0142adowarki typu C zapewnia d\u0142ugotrwa\u0142e wra\u017cenia.<\/p>","protected":false},"featured_media":11216,"comment_status":"open","ping_status":"closed","template":"","meta":[],"product_brand":[199],"product_cat":[124,185,1636,126,174,175,193,191,173,186,180,190],"product_tag":[],"class_list":{"0":"post-11193","1":"product","2":"type-product","3":"status-publish","4":"has-post-thumbnail","6":"product_brand-crystal-mary","7":"product_cat-vape-by-brand","8":"product_cat-10000-puffs-high-capacity","9":"product_cat-20000-puffs","10":"product_cat-crystal-mary","11":"product_cat-fruit-flavors","12":"product_cat-icy-mint","13":"product_cat-mesh-coil","14":"product_cat-rechargeable-disposables","15":"product_cat-vape-by-flavor-profile","16":"product_cat-vape-by-nicotine-strength","17":"product_cat-vape-by-puff-count","18":"product_cat-vape-by-feature-or-type","20":"first","21":"onbackorder","22":"shipping-taxable","23":"purchasable","24":"product-type-variable","25":"has-default-attributes"},"tiered_pricing_type":"percentage","tiered_pricing_fixed_rules":[],"tiered_pricing_product_settings":{"layout":"default","base_unit_name":{"singular":null,"plural":null},"default_variation":null},"tiered_pricing_minimum_quantity":10,"tiered_pricing_roles_data":[],"tiered_pricing_percentage_rules":{"30":"29","50":"35","100":"40","200":"44","500":"47","1000":"49"},"tiered_pricing_maximum_quantity":null,"tiered_pricing_quantity_step":"10","_links":{"self":[{"href":"https:\/\/agoravape.com\/pl\/wp-json\/wp\/v2\/product\/11193","targetHints":{"allow":["GET"]}}],"collection":[{"href":"https:\/\/agoravape.com\/pl\/wp-json\/wp\/v2\/product"}],"about":[{"href":"https:\/\/agoravape.com\/pl\/wp-json\/wp\/v2\/types\/product"}],"replies":[{"embeddable":true,"href":"https:\/\/agoravape.com\/pl\/wp-json\/wp\/v2\/comments?post=11193"}],"version-history":[{"count":0,"href":"https:\/\/agoravape.com\/pl\/wp-json\/wp\/v2\/product\/11193\/revisions"}],"wp:featuredmedia":[{"embeddable":true,"href":"https:\/\/agoravape.com\/pl\/wp-json\/wp\/v2\/media\/11216"}],"wp:attachment":[{"href":"https:\/\/agoravape.com\/pl\/wp-json\/wp\/v2\/media?parent=11193"}],"wp:term":[{"taxonomy":"product_brand","embeddable":true,"href":"https:\/\/agoravape.com\/pl\/wp-json\/wp\/v2\/product_brand?post=11193"},{"taxonomy":"product_cat","embeddable":true,"href":"https:\/\/agoravape.com\/pl\/wp-json\/wp\/v2\/product_cat?post=11193"},{"taxonomy":"product_tag","embeddable":true,"href":"https:\/\/agoravape.com\/pl\/wp-json\/wp\/v2\/product_tag?post=11193"}],"curies":[{"name":"wp","href":"https:\/\/api.w.org\/{rel}","templated":true}]}}