{"id":11238,"date":"2025-10-05T15:16:19","date_gmt":"2025-10-05T07:16:19","guid":{"rendered":"https:\/\/green-grasshopper-921422.hostingersite.com\/?post_type=product&#038;p=11238"},"modified":"2026-01-19T22:09:01","modified_gmt":"2026-01-19T14:09:01","slug":"bood-infinity-30000-puffs-vape","status":"publish","type":"product","link":"https:\/\/agoravape.com\/pl\/product\/bood-infinity-30000-puffs-vape\/","title":{"rendered":"Jednorazowy waporyzator Bood Infinity 30000 z podw\u00f3jn\u0105 sieci\u0105 | D\u0142ugotrwa\u0142y smak, bez obaw"},"content":{"rendered":"<h2 data-v-md-heading=\"so-what-is-the-special-feature-of-bood-infinity-s-30000-port-dual-network-disposable-vape\" data-v-md-line=\"3\">Jaka jest szczeg\u00f3lna cecha jednorazowego waporyzatora Bood Infinity z 30000 portami i podw\u00f3jn\u0105 sieci\u0105?<\/h2>\n<p data-v-md-line=\"4\">Je\u015bli jeste\u015b zm\u0119czony wymian\u0105 jednorazowych vape'\u00f3w co kilka dni, ten produkt u\u0142atwi Ci \u017cycie. Bood Infinity zosta\u0142 zaprojektowany z my\u015bl\u0105 o d\u0142ugotrwa\u0142ym u\u017cytkowaniu i mo\u017ce wytrzyma\u0107 do 30000 zaci\u0105gni\u0119\u0107, pozwalaj\u0105c zachowa\u0107 stabilny smak przez wiele tygodni bez konieczno\u015bci cz\u0119stej wymiany waporyzatora.<\/p>\n<p data-v-md-line=\"6\">Jest odpowiedni dla ka\u017cdego, kto chce niezawodnego i trwa\u0142ego waporyzatora. Nie ma potrzeby korzystania z menu ani uci\u0105\u017cliwych przycisk\u00f3w. Wybierz smak i st\u0119\u017cenie, a nast\u0119pnie wdychaj. Prosty i \u0142atwy do wdro\u017cenia.<\/p>\n<h2 data-v-md-heading=\"excellent-performance-no-need-for-complex-operations\" data-v-md-line=\"8\">Doskona\u0142a wydajno\u015b\u0107, brak konieczno\u015bci wykonywania skomplikowanych operacji<\/h2>\n<p data-v-md-line=\"9\">Podw\u00f3jna cewka siatkowa wykonuje g\u0142\u00f3wne zadanie. S\u0105 one r\u00f3wnomiernie ogrzewane, dzi\u0119ki czemu ka\u017cdy k\u0119s jest r\u00f3wnie pyszny jak pierwszy i zawsze pozostaje sp\u00f3jny. Bateria o pojemno\u015bci 650 mAh zosta\u0142a zaprojektowana do ci\u0105g\u0142ego u\u017cytkowania, zapewniaj\u0105c p\u0142ynne i niezak\u0142\u00f3cone u\u017cytkowanie za ka\u017cdym razem.<\/p>\n<h2 data-v-md-heading=\"specification-overview\" data-v-md-line=\"11\">Przegl\u0105d specyfikacji<\/h2>\n<ul data-v-md-line=\"12\">\n<li>Cz\u0119stotliwo\u015b\u0107 zasysania: do 30000 razy<\/li>\n<li>Zawarto\u015b\u0107 nikotyny: 0%, 2% i 5%<\/li>\n<li>Zasada dzia\u0142ania: Aktywowany przez wdychanie<\/li>\n<li>Metoda \u0142adowania: nieokre\u015blona przez producenta<\/li>\n<li>Status: Gotowy do u\u017cycia po rozpakowaniu<\/li>\n<\/ul>\n<h2 data-v-md-heading=\"complete-flavor-series\" data-v-md-line=\"18\">Kompletna seria smak\u00f3w<\/h2>\n<ul data-v-md-line=\"19\">\n<li>Smak truskawkowy i arbuzowy<\/li>\n<li>Smak brzoskwiniowy, mango, ananasowy<\/li>\n<li>Mi\u0119towy smak arbuza<\/li>\n<li>Jagody maj\u0105 silny i wybuchowy smak<\/li>\n<li>Truskawkowy smak dziwnych owoc\u00f3w<\/li>\n<li>Hawajski smak<\/li>\n<li>Smak jagodowego smoothie<\/li>\n<li>Smak wody jagodowej i cytrynowej<\/li>\n<li>Smak czarnego lodu<\/li>\n<li>Smak Tiffany<\/li>\n<\/ul>\n<h2 data-v-md-heading=\"to-create-for-you-and-your-business\" data-v-md-line=\"30\">Aby stworzy\u0107 dla Ciebie i Twojej firmy<\/h2>\n<p data-v-md-line=\"31\">Je\u015bli chcesz tylko dokona\u0107 zakupu <a class=\"wpil_keyword_link\" title=\"WIADOMO\u015a\u0106\" href=\"https:\/\/agoravape.com\/pl\/marka\/krew\/\" data-wpil-keyword-link=\"linked\" data-wpil-monitor-id=\"104\">Bood<\/a> Infinity 30000 podw\u00f3jnych jednorazowych vape'\u00f3w dla siebie, mo\u017cna je kupi\u0107 osobno. Je\u015bli prowadzisz sklep stacjonarny lub internetowy, mo\u017cesz kupi\u0107 hurtowo 200 kartonowych pude\u0142ek, co zapewni pe\u0142ne zaopatrzenie p\u00f3\u0142ek i zadowolenie klient\u00f3w.<\/p>\n<p data-v-md-line=\"33\">Wsp\u00f3\u0142pracujemy z zaufanymi partnerami, takimi jak UPS, DPD i DHL, aby \u015bwiadczy\u0107 us\u0142ugi dostawy DDP w ca\u0142ej Europie, dzi\u0119ki czemu procedury celne mog\u0105 by\u0107 przetwarzane z wyprzedzeniem i nie b\u0119dzie nieoczekiwanej dostawy paczek.<\/p>\n<h2 data-v-md-heading=\"why-do-you-like-it\" data-v-md-line=\"35\">Dlaczego to lubisz?<\/h2>\n<ul data-v-md-line=\"36\">\n<li>Wiele zaci\u0105gni\u0119\u0107: Trwa\u0142e i d\u0142ugowieczne, nie ma potrzeby cz\u0119stego kupowania nowych waporyzator\u00f3w.<\/li>\n<li>Wyb\u00f3r nikotyny: Wybierz st\u0119\u017cenie nikotyny, kt\u00f3re odpowiada Twoim codziennym nawykom<\/li>\n<li>Aktywacja inhalacyjna: Brak konieczno\u015bci u\u017cywania przycisk\u00f3w, \u0142atwa obs\u0142uga<\/li>\n<li>Cewki z podw\u00f3jn\u0105 siatk\u0105: Sta\u0142y smak, p\u0142ynne zasysanie za ka\u017cdym razem<\/li>\n<\/ul>\n<h2 data-v-md-heading=\"why-choose-agoravape\" data-v-md-line=\"41\">Dlaczego warto wybra\u0107 AgoraVape?<\/h2>\n<p data-v-md-line=\"42\">Jako jeden z zaufanych dystrybutor\u00f3w vape w Europie, oferujemy wy\u0142\u0105cznie oryginalne produkty 100%. Je\u015bli jeste\u015b nabywc\u0105 biznesowym, otrzymasz obni\u017cone ceny hurtowe, niezawodne wsparcie oraz szybkie i niezawodne us\u0142ugi dostawy jednorazowych vape Bood Infinity 30000 dual mesh. Skontaktuj si\u0119 z nami, aby zarezerwowa\u0107 sprz\u0119t, kt\u00f3ry Twoi klienci kupi\u0105 ponownie.<\/p>","protected":false},"excerpt":{"rendered":"<p>Ciesz si\u0119 tygodniami sta\u0142ego smaku dzi\u0119ki vape Bood Infinity. Jego podw\u00f3jna cewka siatkowa zapewnia do 30 000 zaci\u0105gni\u0119\u0107 o sta\u0142ym smaku. Dzi\u0119ki prostej aktywacji przez wdech i opcjom nikotyny 0%, 2% i 5% jest to najlepszy, d\u0142ugotrwa\u0142y i bezproblemowy produkt jednorazowego u\u017cytku.<\/p>","protected":false},"featured_media":11262,"comment_status":"open","ping_status":"closed","template":"","meta":[],"product_brand":[200],"product_cat":[124,187,185,189,1637,127,174,175,193,191,173,186,180,190],"product_tag":[],"class_list":{"0":"post-11238","1":"product","2":"type-product","3":"status-publish","4":"has-post-thumbnail","6":"product_brand-bood","7":"product_cat-vape-by-brand","8":"product_cat-0mg-nicotine-free-vapes","9":"product_cat-10000-puffs-high-capacity","10":"product_cat-20mg-standard-nicotine-vapes","11":"product_cat-30000-puffs","12":"product_cat-bood","13":"product_cat-fruit-flavors","14":"product_cat-icy-mint","15":"product_cat-mesh-coil","16":"product_cat-rechargeable-disposables","17":"product_cat-vape-by-flavor-profile","18":"product_cat-vape-by-nicotine-strength","19":"product_cat-vape-by-puff-count","20":"product_cat-vape-by-feature-or-type","22":"first","23":"onbackorder","24":"shipping-taxable","25":"purchasable","26":"product-type-variable","27":"has-default-attributes"},"tiered_pricing_type":"percentage","tiered_pricing_fixed_rules":[],"tiered_pricing_product_settings":{"layout":"default","base_unit_name":{"singular":null,"plural":null},"default_variation":null},"tiered_pricing_minimum_quantity":10,"tiered_pricing_roles_data":[],"tiered_pricing_percentage_rules":{"100":"40","200":"44","500":"47","1000":"49"},"tiered_pricing_maximum_quantity":null,"tiered_pricing_quantity_step":"10","_links":{"self":[{"href":"https:\/\/agoravape.com\/pl\/wp-json\/wp\/v2\/product\/11238","targetHints":{"allow":["GET"]}}],"collection":[{"href":"https:\/\/agoravape.com\/pl\/wp-json\/wp\/v2\/product"}],"about":[{"href":"https:\/\/agoravape.com\/pl\/wp-json\/wp\/v2\/types\/product"}],"replies":[{"embeddable":true,"href":"https:\/\/agoravape.com\/pl\/wp-json\/wp\/v2\/comments?post=11238"}],"version-history":[{"count":0,"href":"https:\/\/agoravape.com\/pl\/wp-json\/wp\/v2\/product\/11238\/revisions"}],"wp:featuredmedia":[{"embeddable":true,"href":"https:\/\/agoravape.com\/pl\/wp-json\/wp\/v2\/media\/11262"}],"wp:attachment":[{"href":"https:\/\/agoravape.com\/pl\/wp-json\/wp\/v2\/media?parent=11238"}],"wp:term":[{"taxonomy":"product_brand","embeddable":true,"href":"https:\/\/agoravape.com\/pl\/wp-json\/wp\/v2\/product_brand?post=11238"},{"taxonomy":"product_cat","embeddable":true,"href":"https:\/\/agoravape.com\/pl\/wp-json\/wp\/v2\/product_cat?post=11238"},{"taxonomy":"product_tag","embeddable":true,"href":"https:\/\/agoravape.com\/pl\/wp-json\/wp\/v2\/product_tag?post=11238"}],"curies":[{"name":"wp","href":"https:\/\/api.w.org\/{rel}","templated":true}]}}