{"id":11274,"date":"2025-10-05T16:49:05","date_gmt":"2025-10-05T08:49:05","guid":{"rendered":"https:\/\/green-grasshopper-921422.hostingersite.com\/?post_type=product&#038;p=11274"},"modified":"2026-01-19T22:08:55","modified_gmt":"2026-01-19T14:08:55","slug":"bood-pulse-pro-50000-puffs-vape","status":"publish","type":"product","link":"https:\/\/agoravape.com\/pl\/product\/bood-pulse-pro-50000-puffs-vape\/","title":{"rendered":"Port Bood Pulse Pro 50000 | Du\u017ca pojemno\u015b\u0107 i wygoda, wyposa\u017cony w cewk\u0119 siatkow\u0105 i interfejs \u0142adowania typu C"},"content":{"rendered":"<h2 data-v-md-heading=\"what-are-the-advantages-of-the-bood-pulse-pro-50000-puff-high-capacity-vape\" data-v-md-line=\"3\">Jakie s\u0105 zalety waporyzatora Bood Pulse Pro 50000 puff o du\u017cej pojemno\u015bci?<\/h2>\n<p data-v-md-line=\"4\">Je\u015bli jeste\u015b zm\u0119czony wymienianiem jednorazowych e-liquid\u00f3w co kilka dni, warto przyjrze\u0107 si\u0119 temu produktowi. Bood Pulse Pro jest wyposa\u017cony w zbiornik na olej o du\u017cej pojemno\u015bci i akumulator, dzi\u0119ki czemu mo\u017cna go u\u017cywa\u0107 przez d\u0142ugi czas bez konieczno\u015bci cz\u0119stej wymiany baterii.<\/p>\n<p data-v-md-line=\"6\">Je\u015bli potrzebujesz prostego i \u0142atwego w u\u017cyciu waporyzatora ss\u0105cego, kt\u00f3ry mo\u017ce utrzyma\u0107 sta\u0142y smak, to ten produkt jest idealnym wyborem. Pojemno\u015b\u0107 50000 mo\u017ce wydawa\u0107 si\u0119 odwa\u017cna, ale 38 mililitr\u00f3w pojemno\u015bci e-liquidu i cewki siatkowe s\u0105 dok\u0142adnie tym, dlaczego mo\u017ce trwa\u0107 tak d\u0142ugo. Rzeczywista \u017cywotno\u015b\u0107 baterii b\u0119dzie si\u0119 r\u00f3\u017cni\u0107 w zale\u017cno\u015bci od sposobu u\u017cytkowania, wi\u0119c jej \u017cywotno\u015b\u0107 nie jest nieograniczona.<\/p>\n<h2 data-v-md-heading=\"excellent-performance-no-need-for-complex-operations\" data-v-md-line=\"8\">Doskona\u0142a wydajno\u015b\u0107, brak konieczno\u015bci wykonywania skomplikowanych operacji<\/h2>\n<p data-v-md-line=\"9\">Rdze\u0144 Pulse Pro przyjmuje siatkowy rdze\u0144 rozpylaj\u0105cy, aby zapewni\u0107 g\u0142adki dym i czysty smak. Nie ma potrzeby u\u017cywania przycisk\u00f3w ani menu, wystarczy delikatne ssanie. Gdy poziom na\u0142adowania baterii jest niski, do \u0142adowania mo\u017cna u\u017cy\u0107 kabla do transmisji danych typu C (kt\u00f3ry mo\u017ce by\u0107 taki sam jak kabel do \u0142adowania telefonu). To proste.<\/p>\n<h2 data-v-md-heading=\"specification-introduction\" data-v-md-line=\"11\">Wprowadzenie do specyfikacji<\/h2>\n<ul data-v-md-line=\"12\">\n<li>Cz\u0119stotliwo\u015b\u0107 zasysania: do 50000 razy<\/li>\n<li>Pojemno\u015b\u0107 e-liquidu: 38 mililitr\u00f3w<\/li>\n<li>Zawarto\u015b\u0107 nikotyny: 0%, 2% lub 5% (konkretna poda\u017c mo\u017ce si\u0119 r\u00f3\u017cni\u0107 w zale\u017cno\u015bci od rynku)<\/li>\n<li>Cewka: Cewka siatkowa<\/li>\n<li>Bateria: 850 mAh<\/li>\n<li>Zasada dzia\u0142ania: Aktywowany przez wdychanie<\/li>\n<li>\u0141adowanie: Standardowy interfejs USB typu C<\/li>\n<li>Status: Gotowy do u\u017cycia po rozpakowaniu<\/li>\n<\/ul>\n<h2 data-v-md-heading=\"full-range-of-flavors\" data-v-md-line=\"21\">Pe\u0142na gama smak\u00f3w<\/h2>\n<ul data-v-md-line=\"22\">\n<li>Melon, ananas, aromat pomara\u0144czowy<\/li>\n<li>Smak kwa\u015bnej maliny z jagodami<\/li>\n<li>Arbuzowy smak dziwnych owoc\u00f3w<\/li>\n<li>Smak jagodowy i arbuzowy<\/li>\n<li>Smak Blackberry Ice<\/li>\n<li>Potr\u00f3jny smak melona<\/li>\n<li>Truskawkowy smak lodu<\/li>\n<li>Smak truskawkowo-arbuzowy z lodem<\/li>\n<li>Smak wody z podw\u00f3jn\u0105 cytryn\u0105<\/li>\n<li>Smak winogronowy, \u017curawinowy, jagodowy, malinowy<\/li>\n<\/ul>\n<h2 data-v-md-heading=\"to-create-for-you-and-your-business\" data-v-md-line=\"33\">Aby stworzy\u0107 dla Ciebie i Twojej firmy<\/h2>\n<p data-v-md-line=\"34\">Mo\u017cna zakupi\u0107 pojedyncz\u0105 sztuk\u0119 do u\u017cytku osobistego lub zaopatrzy\u0107 si\u0119 w ni\u0105 na potrzeby sprzeda\u017cy detalicznej. Hurtowe pude\u0142ko kartonowe zawiera 180 sztuk o wymiarach 54 \u00d7 38,5 \u00d7 27 centymetr\u00f3w i wadze brutto 22,5 kilograma. Pomaga to zaplanowa\u0107 miejsce na p\u00f3\u0142ce i koszty wysy\u0142ki.<\/p>\n<p data-v-md-line=\"36\">Szybkie zrozumienie przepis\u00f3w. Ze wzgl\u0119du na du\u017c\u0105 pojemno\u015b\u0107 e-liquidu i opcjonaln\u0105 zawarto\u015b\u0107 nikotyny 5%, urz\u0105dzenie to przekracza unijny limit TPD dla jednorazowych waporyzator\u00f3w. Przed wystawieniem lub zakupem nale\u017cy sprawdzi\u0107 lokalne przepisy. Dostarczamy na rynki, kt\u00f3re dopuszczaj\u0105 te specyfikacje. W przypadku dozwolonych miejsc docelowych oferujemy wysy\u0142k\u0119 DDP z partnerami takimi jak UPS, DPD i DHL, dzi\u0119ki czemu nie b\u0119dzie \u017cadnych nieprzyjemnych niespodzianek w urz\u0119dzie celnym.<\/p>\n<h2 data-v-md-heading=\"why-do-you-like-it\" data-v-md-line=\"38\">Dlaczego to lubisz?<\/h2>\n<ul data-v-md-line=\"39\">\n<li>Du\u017ca si\u0142a ss\u0105ca: d\u0142u\u017cszy czas u\u017cytkowania, dzi\u0119ki czemu nie trzeba cz\u0119sto kupowa\u0107 nowych.<\/li>\n<li>Wyb\u00f3r zawarto\u015bci nikotyny: Wybierz 0%, 2% lub 5% w zale\u017cno\u015bci od swoich nawyk\u00f3w vape.<\/li>\n<li>Mo\u017cliwo\u015b\u0107 wielokrotnego \u0142adowania: Mo\u017cesz wykorzysta\u0107 pe\u0142ne 38 mililitr\u00f3w e-liquidu zamiast wyrzuca\u0107 cz\u0119\u015bciowo zu\u017cyty sprz\u0119t.<\/li>\n<li>Siatkowy rdze\u0144 atomizera: Sta\u0142y dym i smak.<\/li>\n<li>\u0141atwy w u\u017cyciu: Po prostu wdychaj i u\u017cywaj bez dostosowywania przycisk\u00f3w lub ustawie\u0144.<\/li>\n<\/ul>\n<h2 data-v-md-heading=\"why-collaborate-with-agoravape\" data-v-md-line=\"45\">Dlaczego warto wsp\u00f3\u0142pracowa\u0107 z AgoraVape?<\/h2>\n<p data-v-md-line=\"46\">Jeste\u015bmy jednym z najbardziej zaufanych dystrybutor\u00f3w produkt\u00f3w do wapowania w Europie, dlatego sprzedajemy wy\u0142\u0105cznie oryginalne produkty 100%. Klienci korporacyjni, kt\u00f3rzy dokonuj\u0105 zakup\u00f3w <a class=\"wpil_keyword_link\" title=\"WIADOMO\u015a\u0106\" href=\"https:\/\/agoravape.com\/pl\/marka\/krew\/\" data-wpil-keyword-link=\"linked\" data-wpil-monitor-id=\"103\">Bood<\/a> W przypadku zakup\u00f3w hurtowych du\u017cych pojemno\u015bciowych vape'\u00f3w Pulse Pro 50000 oferujemy zni\u017cki, niezawodn\u0105 obs\u0142ug\u0119 oraz szybk\u0105 i niezawodn\u0105 dostaw\u0119. Je\u015bli chcesz kupi\u0107 trwa\u0142e vape'y o du\u017cej pojemno\u015bci, kt\u00f3re z pewno\u015bci\u0105 przypadn\u0105 do gustu Twoim klientom, skontaktuj si\u0119 z nami.<\/p>\n<p data-v-md-line=\"46\"><img loading=\"lazy\" decoding=\"async\" class=\"aligncenter size-full wp-image-11289\" src=\"https:\/\/agoravape.com\/wp-content\/uploads\/2025\/10\/Boodpro_final.webp\" alt=\"\" width=\"1280\" height=\"892\" srcset=\"https:\/\/agoravape.com\/wp-content\/uploads\/2025\/10\/Boodpro_final.webp 1280w, https:\/\/agoravape.com\/wp-content\/uploads\/2025\/10\/Boodpro_final-1200x836.webp 1200w, https:\/\/agoravape.com\/wp-content\/uploads\/2025\/10\/Boodpro_final-300x209.webp 300w, https:\/\/agoravape.com\/wp-content\/uploads\/2025\/10\/Boodpro_final-1024x714.webp 1024w, https:\/\/agoravape.com\/wp-content\/uploads\/2025\/10\/Boodpro_final-768x535.webp 768w\" sizes=\"auto, (max-width: 1280px) 100vw, 1280px\" \/><\/p>","protected":false},"excerpt":{"rendered":"<p>Do\u015bwiadcz trwa\u0142ej wygody dzi\u0119ki Bood Pulse Pro. Uzyskaj do 50 000 zaci\u0105gni\u0119\u0107 dzi\u0119ki ogromnej pojemno\u015bci 38 ml i akumulatorowi typu C. Siatkowa cewka zapewnia g\u0142adki, sp\u00f3jny smak w prostej, aktywowanej przeci\u0105ganiem konstrukcji. D\u0142ugotrwa\u0142e i wydajne wapowanie sta\u0142o si\u0119 proste.<\/p>","protected":false},"featured_media":11286,"comment_status":"open","ping_status":"closed","template":"","meta":[],"product_brand":[200],"product_cat":[124,187,185,189,1641,127,174,175,193,191,173,186,180,190],"product_tag":[],"class_list":{"0":"post-11274","1":"product","2":"type-product","3":"status-publish","4":"has-post-thumbnail","6":"product_brand-bood","7":"product_cat-vape-by-brand","8":"product_cat-0mg-nicotine-free-vapes","9":"product_cat-10000-puffs-high-capacity","10":"product_cat-20mg-standard-nicotine-vapes","11":"product_cat-50000-puffs","12":"product_cat-bood","13":"product_cat-fruit-flavors","14":"product_cat-icy-mint","15":"product_cat-mesh-coil","16":"product_cat-rechargeable-disposables","17":"product_cat-vape-by-flavor-profile","18":"product_cat-vape-by-nicotine-strength","19":"product_cat-vape-by-puff-count","20":"product_cat-vape-by-feature-or-type","22":"first","23":"onbackorder","24":"shipping-taxable","25":"purchasable","26":"product-type-variable","27":"has-default-attributes"},"tiered_pricing_type":"percentage","tiered_pricing_fixed_rules":[],"tiered_pricing_product_settings":{"layout":"default","base_unit_name":{"singular":null,"plural":null},"default_variation":null},"tiered_pricing_minimum_quantity":10,"tiered_pricing_roles_data":[],"tiered_pricing_percentage_rules":{"100":"40","200":"44","500":"47","1000":"49"},"tiered_pricing_maximum_quantity":null,"tiered_pricing_quantity_step":"10","_links":{"self":[{"href":"https:\/\/agoravape.com\/pl\/wp-json\/wp\/v2\/product\/11274","targetHints":{"allow":["GET"]}}],"collection":[{"href":"https:\/\/agoravape.com\/pl\/wp-json\/wp\/v2\/product"}],"about":[{"href":"https:\/\/agoravape.com\/pl\/wp-json\/wp\/v2\/types\/product"}],"replies":[{"embeddable":true,"href":"https:\/\/agoravape.com\/pl\/wp-json\/wp\/v2\/comments?post=11274"}],"version-history":[{"count":0,"href":"https:\/\/agoravape.com\/pl\/wp-json\/wp\/v2\/product\/11274\/revisions"}],"wp:featuredmedia":[{"embeddable":true,"href":"https:\/\/agoravape.com\/pl\/wp-json\/wp\/v2\/media\/11286"}],"wp:attachment":[{"href":"https:\/\/agoravape.com\/pl\/wp-json\/wp\/v2\/media?parent=11274"}],"wp:term":[{"taxonomy":"product_brand","embeddable":true,"href":"https:\/\/agoravape.com\/pl\/wp-json\/wp\/v2\/product_brand?post=11274"},{"taxonomy":"product_cat","embeddable":true,"href":"https:\/\/agoravape.com\/pl\/wp-json\/wp\/v2\/product_cat?post=11274"},{"taxonomy":"product_tag","embeddable":true,"href":"https:\/\/agoravape.com\/pl\/wp-json\/wp\/v2\/product_tag?post=11274"}],"curies":[{"name":"wp","href":"https:\/\/api.w.org\/{rel}","templated":true}]}}