{"id":11309,"date":"2025-10-05T21:01:03","date_gmt":"2025-10-05T13:01:03","guid":{"rendered":"https:\/\/green-grasshopper-921422.hostingersite.com\/?post_type=product&#038;p=11309"},"modified":"2026-01-30T17:39:31","modified_gmt":"2026-01-30T09:39:31","slug":"randm-fumot-tornado-20000-puffow-vape","status":"publish","type":"product","link":"https:\/\/agoravape.com\/pl\/product\/randm-fumot-tornado-20000-puffs-vape\/","title":{"rendered":"RandM Fumot Tornado 20000 Port Digital Vape | Du\u017ca pojemno\u015b\u0107, wygodny wy\u015bwietlacz"},"content":{"rendered":"<h2 data-v-md-heading=\"what-is-the-randm-fumot-tornado-20000-port-digital-vape-like\" data-v-md-line=\"3\">Jaki jest RandM Fumot Tornado 20000 port digital vape?<\/h2>\n<p data-v-md-line=\"4\">Je\u015bli jeste\u015b zm\u0119czony jednorazowymi waporyzatorami, kt\u00f3re wyczerpuj\u0105 si\u0119 w po\u0142owie tygodnia, warto przyjrze\u0107 si\u0119 temu produktowi. RandM Fumot Tornado ma pojemno\u015b\u0107 do 20000 port\u00f3w i jest wyposa\u017cony w przejrzysty ekran cyfrowy, kt\u00f3ry wy\u015bwietla poziom na\u0142adowania baterii i e-cieczy. Nie trzeba zgadywa\u0107, \u0142atwo i wygodnie.<\/p>\n<p data-v-md-line=\"6\">Jest odpowiedni dla ka\u017cdego, kto chce mie\u0107 d\u0142ugotrwa\u0142y, doskona\u0142y smak i stabiln\u0105 wydajno\u015b\u0107 vape. Mo\u017cesz pomy\u015ble\u0107, \u017ce waporyzatory o tak du\u017cej pojemno\u015bci s\u0105 niepor\u0119czne, ale b\u0119dziesz zaskoczony, jak wygodne s\u0105 do noszenia na co dzie\u0144.<\/p>\n<h2 data-v-md-heading=\"excellent-performance-easy-and-convenient\" data-v-md-line=\"8\">Doskona\u0142a wydajno\u015b\u0107, \u0142atwo\u015b\u0107 i wygoda<\/h2>\n<p data-v-md-line=\"9\">Podw\u00f3jne cewki siatkowe zapewniaj\u0105 sp\u00f3jny smak od pierwszego do ostatniego k\u0119sa. Ekran pozwala dok\u0142adnie sprawdzi\u0107 pozosta\u0142y poziom na\u0142adowania baterii i kontrolowa\u0107 wszystko. Gdy poziom na\u0142adowania baterii jest niski, mo\u017cna u\u017cy\u0107 tego samego kabla do transmisji danych co telefon do \u0142adowania przez Type-C. Bateria o pojemno\u015bci 850 mAh zapewnia ci\u0105g\u0142e zasilanie, a zbiornik na olej o pojemno\u015bci 20 ml umo\u017cliwia d\u0142ugotrwa\u0142e ssanie.<\/p>\n<h2 data-v-md-heading=\"specification-introduction\" data-v-md-line=\"11\">Wprowadzenie do specyfikacji<\/h2>\n<ul data-v-md-line=\"12\">\n<li>Cz\u0119stotliwo\u015b\u0107 zasysania: do 20000 razy<\/li>\n<li>Zawarto\u015b\u0107 nikotyny: 0%, 2%, 3%, 5%<\/li>\n<li>Zasada dzia\u0142ania: Aktywacja jednym zaci\u0105gni\u0119ciem<\/li>\n<li>\u0141adowanie: Standardowy interfejs USB typu C<\/li>\n<li>Status: Gotowy do u\u017cycia od razu po wyj\u0119ciu z pude\u0142ka<\/li>\n<\/ul>\n<h2 data-v-md-heading=\"full-range-of-flavors\" data-v-md-line=\"18\">Pe\u0142na gama smak\u00f3w<\/h2>\n<ul data-v-md-line=\"19\">\n<li>Twarde cukierki jagodowo-malinowe<\/li>\n<li>Blueberry Berry<\/li>\n<li>Truskawka kiwi<\/li>\n<li>T\u0119czowe cukierki<\/li>\n<li>Lody truskawkowe<\/li>\n<li>Gruszka z lodem<\/li>\n<li>Wata cukrowa<\/li>\n<li>Cukierki fasolowe z mi\u0119kkim rdzeniem<\/li>\n<li>Woda og\u00f3rkowo-cytrynowa<\/li>\n<li>Mleko kokosowe z ananasem<\/li>\n<li>Blackberry<\/li>\n<li>Arbuzowy l\u00f3d<\/li>\n<li>Truskawka arbuz<\/li>\n<li>Mieszane jagody<\/li>\n<li>Litchi Melon<\/li>\n<li>Wi\u015bnia i limonka<\/li>\n<li>Ananas, cytryna zielona, jab\u0142ko<\/li>\n<li>Ciasto bananowe<\/li>\n<li>Mr. Blue<\/li>\n<li>Wi\u015bnia<\/li>\n<li>Bor\u00f3wki i maliny<\/li>\n<li>Cherry Cola<\/li>\n<li>Kiwi, marakuja, guawa<\/li>\n<li>Truskawkowy l\u00f3d<\/li>\n<li>Truskawka Malina Wi\u015bnia L\u00f3d<\/li>\n<li>Cherry Berry<\/li>\n<li>Jagody i kwa\u015bne jagody<\/li>\n<li>\u017belki jagodowe z nied\u017awiedziem<\/li>\n<li>Ch\u0142odna mi\u0119ta<\/li>\n<li>Niebieskie lodowisko<\/li>\n<li>Cactus Ice<\/li>\n<li>Czerwone winogrona i limonka<\/li>\n<li>Cola Lemon<\/li>\n<li>Jab\u0142ka z czarn\u0105 porzeczk\u0105<\/li>\n<li>Kaktus, owoc kiwi<\/li>\n<li>Coca-Cola Ice<\/li>\n<li>Truskawkowy Red Bull<\/li>\n<li>Arbuz malinowy<\/li>\n<li>Cytryna i limonka<\/li>\n<\/ul>\n<h2 data-v-md-heading=\"for-you-and-for-your-business-as-well\" data-v-md-line=\"59\">Dla Ciebie i dla Twojej firmy<\/h2>\n<p data-v-md-line=\"60\">Mo\u017cesz kupi\u0107 <a class=\"wpil_keyword_link\" title=\"RandM\" href=\"https:\/\/agoravape.com\/pl\/vape-wedlug-marki\/randm\/\" data-wpil-keyword-link=\"linked\" data-wpil-monitor-id=\"102\">RandM<\/a> Kup wk\u0142ady Fumot Tornado 20000 dla siebie lub dodaj je do asortymentu swojego sklepu. Oferujemy hurtowe opakowania zawieraj\u0105ce 160 sztuk, kt\u00f3re pomog\u0105 Ci utrzyma\u0107 pe\u0142ne p\u00f3\u0142ki.<\/p>\n<p data-v-md-line=\"62\">Wysy\u0142amy za po\u015brednictwem zaufanych partner\u00f3w, takich jak UPS, DPD i DHL w DDP po op\u0142aceniu podatku, wi\u0119c nie b\u0119dzie \u017cadnych wypadk\u00f3w w urz\u0119dzie celnym. Szybka dostawa i przejrzyste \u015bledzenie sprawiaj\u0105, \u017ce wszystko jest proste.<\/p>\n<h2 data-v-md-heading=\"why-do-you-like-it\" data-v-md-line=\"64\">Dlaczego to lubisz?<\/h2>\n<ul data-v-md-line=\"65\">\n<li>Du\u017ca si\u0142a ssania: Czas ssania jest d\u0142u\u017cszy, wi\u0119c nie trzeba cz\u0119sto kupowa\u0107 nowych.<\/li>\n<li>Wyb\u00f3r nikotyny: Wybierz st\u0119\u017cenie nikotyny, kt\u00f3re Ci odpowiada.<\/li>\n<li>Mo\u017cliwo\u015b\u0107 \u0142adowania: Mo\u017cna u\u017cywa\u0107 wszystkich zakupionych e-liquid\u00f3w.<\/li>\n<li>Siatkowa cewka: Uzyskaj stabilne i pyszne doznania za ka\u017cdym razem.<\/li>\n<li>Cyfrowy ekran: Bateria i e-liquid s\u0105 czytelne na pierwszy rzut oka, dzi\u0119ki czemu nigdy ich nie przegapisz.<\/li>\n<\/ul>\n<h2 data-v-md-heading=\"why-collaborate-with-agoravape\" data-v-md-line=\"71\">Dlaczego warto wsp\u00f3\u0142pracowa\u0107 z AgoraVape?<\/h2>\n<p data-v-md-line=\"72\">Jeste\u015bmy jednym z najbardziej zaufanych dystrybutor\u00f3w waporyzator\u00f3w w Europie i sprzedajemy wy\u0142\u0105cznie oryginalne produkty 100%. Dla klient\u00f3w komercyjnych oznacza to ceny hurtowe, niezawodne wsparcie oraz szybki i niezawodny transport waporyzator\u00f3w z cyfrowym ekranem RandM Fumot Tornado 20000. Skontaktuj si\u0119 z nami, aby zaopatrzy\u0107 swoich klient\u00f3w w naprawd\u0119 godny zaufania produkt.<\/p>","protected":false},"excerpt":{"rendered":"<p>Enjoy up to 20,000 puffs with the RandM Fumot Tornado. Its clear digital screen shows real-time battery and e-liquid levels, so you\u2019re always in control. This Type-C rechargeable vape uses a dual mesh coil for consistent, rich flavor. Choose from multiple nicotine strengths (0% to 5%).<\/p>","protected":false},"featured_media":11359,"comment_status":"open","ping_status":"closed","template":"","meta":[],"product_brand":[201],"product_cat":[124,187,185,1636,189,176,177,174,175,193,128,191,179,173,186,180,190,192],"product_tag":[],"class_list":{"0":"post-11309","1":"product","2":"type-product","3":"status-publish","4":"has-post-thumbnail","6":"product_brand-randm","7":"product_cat-vape-by-brand","8":"product_cat-0mg-nicotine-free-vapes","9":"product_cat-10000-puffs-high-capacity","10":"product_cat-20000-puffs","11":"product_cat-20mg-standard-nicotine-vapes","12":"product_cat-beverage","13":"product_cat-dessert-sweets","14":"product_cat-fruit-flavors","15":"product_cat-icy-mint","16":"product_cat-mesh-coil","17":"product_cat-randm","18":"product_cat-rechargeable-disposables","19":"product_cat-unique-blends","20":"product_cat-vape-by-flavor-profile","21":"product_cat-vape-by-nicotine-strength","22":"product_cat-vape-by-puff-count","23":"product_cat-vape-by-feature-or-type","24":"product_cat-vapes-with-screens","26":"first","27":"instock","28":"shipping-taxable","29":"purchasable","30":"product-type-variable","31":"has-default-attributes"},"tiered_pricing_type":"percentage","tiered_pricing_fixed_rules":[],"tiered_pricing_product_settings":{"layout":"default","base_unit_name":{"singular":null,"plural":null},"default_variation":null},"tiered_pricing_minimum_quantity":10,"tiered_pricing_roles_data":[],"tiered_pricing_percentage_rules":{"30":"29","50":"35","100":"40","200":"44","500":"47","1000":"49"},"tiered_pricing_maximum_quantity":null,"tiered_pricing_quantity_step":"10","_links":{"self":[{"href":"https:\/\/agoravape.com\/pl\/wp-json\/wp\/v2\/product\/11309","targetHints":{"allow":["GET"]}}],"collection":[{"href":"https:\/\/agoravape.com\/pl\/wp-json\/wp\/v2\/product"}],"about":[{"href":"https:\/\/agoravape.com\/pl\/wp-json\/wp\/v2\/types\/product"}],"replies":[{"embeddable":true,"href":"https:\/\/agoravape.com\/pl\/wp-json\/wp\/v2\/comments?post=11309"}],"version-history":[{"count":0,"href":"https:\/\/agoravape.com\/pl\/wp-json\/wp\/v2\/product\/11309\/revisions"}],"wp:featuredmedia":[{"embeddable":true,"href":"https:\/\/agoravape.com\/pl\/wp-json\/wp\/v2\/media\/11359"}],"wp:attachment":[{"href":"https:\/\/agoravape.com\/pl\/wp-json\/wp\/v2\/media?parent=11309"}],"wp:term":[{"taxonomy":"product_brand","embeddable":true,"href":"https:\/\/agoravape.com\/pl\/wp-json\/wp\/v2\/product_brand?post=11309"},{"taxonomy":"product_cat","embeddable":true,"href":"https:\/\/agoravape.com\/pl\/wp-json\/wp\/v2\/product_cat?post=11309"},{"taxonomy":"product_tag","embeddable":true,"href":"https:\/\/agoravape.com\/pl\/wp-json\/wp\/v2\/product_tag?post=11309"}],"curies":[{"name":"wp","href":"https:\/\/api.w.org\/{rel}","templated":true}]}}