{"id":11401,"date":"2025-10-07T09:39:46","date_gmt":"2025-10-07T01:39:46","guid":{"rendered":"https:\/\/green-grasshopper-921422.hostingersite.com\/?post_type=product&#038;p=11401"},"modified":"2026-02-14T17:27:40","modified_gmt":"2026-02-14T16:27:40","slug":"randm-fumot-digital-box-12000-puffow","status":"publish","type":"product","link":"https:\/\/agoravape.com\/pl\/product\/randm-fumot-digital-box-12000-puffs\/","title":{"rendered":"RandM Fumot Digital Box 12000 Puff Vape | Licznik du\u017cych zaci\u0105gni\u0119\u0107 z wygodnym wy\u015bwietlaczem cyfrowym"},"content":{"rendered":"<h2 data-v-md-heading=\"what-is-the-randm-fumot-digital-box-12000-puff-vape\" data-v-md-line=\"3\">Czym jest RandM Fumot Digital Box 12000 Puff Vape?<\/h2>\n<p data-v-md-line=\"4\">Je\u015bli jeste\u015b zm\u0119czony zbyt wczesnym zu\u017cywaniem jednorazowych przedmiot\u00f3w, kontynuuj. Cyfrowe pude\u0142ko RandM Fumot zapewnia do 12000 zaci\u0105gni\u0119\u0107 i wy\u015bwietla poziom baterii i p\u0142ynu elektronicznego na czytelnym ekranie cyfrowym. \u017badnych spekulacji, \u017cadnych niespodzianek.<\/p>\n<p data-v-md-line=\"6\">Je\u015bli chcesz prostego, d\u0142ugotrwa\u0142ego, pysznego i skutecznego vape, jest to idealne rozwi\u0105zanie. Wdychasz opary. Gdy bateria jest roz\u0142adowana, mo\u017cna j\u0105 na\u0142adowa\u0107. to jest to.<\/p>\n<h2 data-v-md-heading=\"excellent-performance-without-any-complications\" data-v-md-line=\"8\">Doskona\u0142a wydajno\u015b\u0107 bez \u017cadnych komplikacji<\/h2>\n<p data-v-md-line=\"9\">Wewn\u0105trz znajduje si\u0119 cewka z siatk\u0105 0,8 \u03a9, kt\u00f3ra zapewnia niezmienny smak od pocz\u0105tku do ko\u0144ca. Obraz jest bardzo g\u0142adki w dotyku, a para ma solidn\u0105 obudow\u0119, kt\u00f3ra nie stanie si\u0119 szorstka. Gdy bateria wymaga na\u0142adowania, do \u0142adowania mo\u017cna u\u017cy\u0107 z\u0142\u0105cza Type-C. Jest to kabel u\u017cywany przez wi\u0119kszo\u015b\u0107 telefon\u00f3w kom\u00f3rkowych, wi\u0119c nie trzeba szuka\u0107 \u017cadnych specjalnych wskaz\u00f3wek. Cyfrowy wy\u015bwietlacz pokazuje poziom na\u0142adowania baterii i poziom p\u0142ynu elektronicznego, u\u0142atwiaj\u0105c codzienne u\u017cytkowanie.<\/p>\n<h2 data-v-md-heading=\"quick-specifications\" data-v-md-line=\"11\">Szybkie specyfikacje<\/h2>\n<p data-v-md-line=\"12\"><strong>Ilo\u015b\u0107 dmuchni\u0119\u0107:<\/strong>\u00a0Maksymalnie 12000 zaci\u0105gni\u0119\u0107<br \/>\n<strong>Nikotyna:<\/strong>\u00a0Dost\u0119pne w wersjach 0%, 2%, 3% i 5%.<br \/>\n<strong>Zasada dzia\u0142ania:<\/strong>\u00a0Wystarczy wdycha\u0107, aby aktywowa\u0107<br \/>\n<strong>\u0141adowanie:<\/strong>\u00a0Standardowy port USB typu C<br \/>\n<strong>Status:<\/strong>\u00a0Gotowy do u\u017cycia po wyj\u0119ciu z pude\u0142ka<\/p>\n<h2 data-v-md-heading=\"full-flavor-lineup\" data-v-md-line=\"18\">Pe\u0142na gama smak\u00f3w<\/h2>\n<ul data-v-md-line=\"19\">\n<li>Ch\u0142odna mi\u0119ta<\/li>\n<li>Arbuzowy l\u00f3d<\/li>\n<li>Lody winogronowe<\/li>\n<li>Bor\u00f3wki i maliny<\/li>\n<li>Truskawka arbuz<\/li>\n<li>Truskawka i banan<\/li>\n<li>Mango Ice<\/li>\n<li>Mieszane jagody<\/li>\n<li>Cherry Cola<\/li>\n<li>Kiwi i guawa<\/li>\n<li>Ponadto dost\u0119pnych jest 49 dodatkowych smak\u00f3w produkt\u00f3w<\/li>\n<\/ul>\n<h2 data-v-md-heading=\"for-you-and-your-business\" data-v-md-line=\"31\">Dla Ciebie i Twojego biznesu<\/h2>\n<p data-v-md-line=\"32\">Mo\u017cesz wybra\u0107 <a class=\"wpil_keyword_link\" title=\"RandM\" href=\"https:\/\/agoravape.com\/pl\/vape-wedlug-marki\/randm\/\" data-wpil-keyword-link=\"linked\" data-wpil-monitor-id=\"101\">RandM<\/a> Fumot Digital Box 12000 Bubble Smoke do u\u017cytku osobistego lub przechowywania w sklepie. W zestawie znajduje si\u0119 200 kartonowych pude\u0142ek hurtowych, co u\u0142atwia uzupe\u0142nianie zapas\u00f3w. Wysy\u0142amy na terenie UE za po\u015brednictwem DDP z zaufanymi partnerami, takimi jak UPS, DPD i DHL, wi\u0119c c\u0142a s\u0105 wst\u0119pnie przetwarzane i nie ma \u017cadnych nieprzyjemnych niespodzianek w urz\u0119dzie celnym.<\/p>\n<p data-v-md-line=\"34\">W przypadku sprzeda\u017cy w r\u00f3\u017cnych krajach nale\u017cy sprawdzi\u0107 lokalne przepisy dotycz\u0105ce st\u0119\u017cenia nikotyny i form jednorazowych. Nasz zesp\u00f3\u0142 mo\u017ce poleci\u0107 najlepiej sprzedaj\u0105ce si\u0119 produkty i opcje zgodno\u015bci.<\/p>\n<h2 data-v-md-heading=\"why-do-you-like-it\" data-v-md-line=\"36\">Dlaczego to lubisz?<\/h2>\n<p data-v-md-line=\"37\"><strong>Du\u017co zaci\u0105gni\u0119\u0107:<\/strong>\u00a0Wytrzymuje d\u0142u\u017cej, wi\u0119c nie b\u0119dziesz cz\u0119sto kupowa\u0107 nowych.<br \/>\n<strong>Wyb\u00f3r nikotyny:<\/strong>\u00a0Wybierz odpowiedni\u0105 moc dla swojego zastosowania vapes.<br \/>\n<strong>Akumulator:<\/strong>\u00a0Mo\u017cesz wykorzysta\u0107 wszystkie e-liquidy, za kt\u00f3re p\u0142acisz, zamiast nape\u0142nia\u0107 p\u00f3\u0142 puszki.<br \/>\n<strong>Siatka cewki:<\/strong>\u00a0Smak ka\u017cdego papierosa jest czysty i sp\u00f3jny, nie tylko kilku pierwszych.<br \/>\n<strong>Wy\u015bwietlacz cyfrowy:<\/strong>\u00a0Poziom na\u0142adowania akumulatora i p\u0142ynu elektronicznego mo\u017cna \u0142atwo sprawdzi\u0107 na pierwszy rzut oka, co pomaga zaplanowa\u0107 dzie\u0144 pracy.<br \/>\n<strong>\u0141adowanie typu C:<\/strong>\u00a0Jeden kabel, kt\u00f3ry u\u0142atwia \u017cycie.<br \/>\n<strong>Brak loterii przycisk\u00f3w:<\/strong>\u00a0Aktywacja wdechu na pocz\u0105tek.<\/p>\n<h2 data-v-md-heading=\"why-choose-to-collaborate-with-agoravape\" data-v-md-line=\"45\">Dlaczego warto zdecydowa\u0107 si\u0119 na wsp\u00f3\u0142prac\u0119 z AgoraVape?<\/h2>\n<p data-v-md-line=\"46\">Sprzedajemy tylko oryginalny sprz\u0119t 100% i wspieramy to. Dla naszych klient\u00f3w biznesowych oferujemy obni\u017cone ceny hurtowe, responsywne wsparcie i szybk\u0105 wysy\u0142k\u0119 EU DDP dla RandM Fumot Digital Box 12000 Puffs Vape. Skontaktuj si\u0119 z nami, aby zakupi\u0107 niezawodny jednorazowy produkt o wysokiej zawarto\u015bci dymu dla swoich klient\u00f3w.<\/p>","protected":false},"excerpt":{"rendered":"<p>Enjoy up to 12,000 puffs with the RandM Fumot Digital Box. Its clear digital display shows e-liquid and battery levels\u2014no more guesswork. A mesh coil ensures consistent flavor from start to finish, and it&#8217;s easily rechargeable with a standard Type-C cable. Simple, long-lasting, and reliable.<\/p>","protected":false},"featured_media":11541,"comment_status":"open","ping_status":"closed","template":"","meta":[],"product_brand":[201],"product_cat":[124,187,185,1634,189,176,177,1674,174,175,193,128,191,178,179,173,186,180,190,192],"product_tag":[],"class_list":{"0":"post-11401","1":"product","2":"type-product","3":"status-publish","4":"has-post-thumbnail","6":"product_brand-randm","7":"product_cat-vape-by-brand","8":"product_cat-0mg-nicotine-free-vapes","9":"product_cat-10000-puffs-high-capacity","10":"product_cat-12000-puffs","11":"product_cat-20mg-standard-nicotine-vapes","12":"product_cat-beverage","13":"product_cat-dessert-sweets","14":"product_cat-eu-warehouse","15":"product_cat-fruit-flavors","16":"product_cat-icy-mint","17":"product_cat-mesh-coil","18":"product_cat-randm","19":"product_cat-rechargeable-disposables","20":"product_cat-tobacco","21":"product_cat-unique-blends","22":"product_cat-vape-by-flavor-profile","23":"product_cat-vape-by-nicotine-strength","24":"product_cat-vape-by-puff-count","25":"product_cat-vape-by-feature-or-type","26":"product_cat-vapes-with-screens","28":"first","29":"instock","30":"shipping-taxable","31":"purchasable","32":"product-type-variable","33":"has-default-attributes"},"tiered_pricing_type":"percentage","tiered_pricing_fixed_rules":[],"tiered_pricing_product_settings":{"layout":"default","base_unit_name":{"singular":null,"plural":null},"default_variation":null},"tiered_pricing_minimum_quantity":10,"tiered_pricing_roles_data":[],"tiered_pricing_percentage_rules":{"30":"29","50":"35","100":"40","200":"44","500":"47","1000":"49"},"tiered_pricing_maximum_quantity":null,"tiered_pricing_quantity_step":"10","_links":{"self":[{"href":"https:\/\/agoravape.com\/pl\/wp-json\/wp\/v2\/product\/11401","targetHints":{"allow":["GET"]}}],"collection":[{"href":"https:\/\/agoravape.com\/pl\/wp-json\/wp\/v2\/product"}],"about":[{"href":"https:\/\/agoravape.com\/pl\/wp-json\/wp\/v2\/types\/product"}],"replies":[{"embeddable":true,"href":"https:\/\/agoravape.com\/pl\/wp-json\/wp\/v2\/comments?post=11401"}],"version-history":[{"count":0,"href":"https:\/\/agoravape.com\/pl\/wp-json\/wp\/v2\/product\/11401\/revisions"}],"wp:featuredmedia":[{"embeddable":true,"href":"https:\/\/agoravape.com\/pl\/wp-json\/wp\/v2\/media\/11541"}],"wp:attachment":[{"href":"https:\/\/agoravape.com\/pl\/wp-json\/wp\/v2\/media?parent=11401"}],"wp:term":[{"taxonomy":"product_brand","embeddable":true,"href":"https:\/\/agoravape.com\/pl\/wp-json\/wp\/v2\/product_brand?post=11401"},{"taxonomy":"product_cat","embeddable":true,"href":"https:\/\/agoravape.com\/pl\/wp-json\/wp\/v2\/product_cat?post=11401"},{"taxonomy":"product_tag","embeddable":true,"href":"https:\/\/agoravape.com\/pl\/wp-json\/wp\/v2\/product_tag?post=11401"}],"curies":[{"name":"wp","href":"https:\/\/api.w.org\/{rel}","templated":true}]}}