{"id":12022,"date":"2025-10-09T10:44:23","date_gmt":"2025-10-09T02:44:23","guid":{"rendered":"https:\/\/green-grasshopper-921422.hostingersite.com\/?post_type=product&#038;p=12022"},"modified":"2026-01-19T22:08:48","modified_gmt":"2026-01-19T14:08:48","slug":"fizzy-nova-plus-40000-puffow-led-vape","status":"publish","type":"product","link":"https:\/\/agoravape.com\/pl\/product\/fizzy-nova-plus-40000-puffs-led-vape\/","title":{"rendered":"FIZZY Nova Plus 40000 k\u0119s\u00f3w | D\u0142ugotrwa\u0142y smak, wyposa\u017cony w inteligentny ekran LED"},"content":{"rendered":"<h2 data-v-md-heading=\"what-about-the-fizzy-nova-plus-40000-port-led-screen-vape\" data-v-md-line=\"3\"><img loading=\"lazy\" decoding=\"async\" class=\"aligncenter size-full wp-image-12076\" src=\"https:\/\/agoravape.com\/wp-content\/uploads\/2025\/10\/fizzy-40000plus_Agora_vape.webp\" alt=\"\" width=\"2121\" height=\"1321\" srcset=\"https:\/\/agoravape.com\/wp-content\/uploads\/2025\/10\/fizzy-40000plus_Agora_vape.webp 2121w, https:\/\/agoravape.com\/wp-content\/uploads\/2025\/10\/fizzy-40000plus_Agora_vape-1200x747.webp 1200w, https:\/\/agoravape.com\/wp-content\/uploads\/2025\/10\/fizzy-40000plus_Agora_vape-300x187.webp 300w, https:\/\/agoravape.com\/wp-content\/uploads\/2025\/10\/fizzy-40000plus_Agora_vape-1024x638.webp 1024w, https:\/\/agoravape.com\/wp-content\/uploads\/2025\/10\/fizzy-40000plus_Agora_vape-768x478.webp 768w, https:\/\/agoravape.com\/wp-content\/uploads\/2025\/10\/fizzy-40000plus_Agora_vape-1536x957.webp 1536w, https:\/\/agoravape.com\/wp-content\/uploads\/2025\/10\/fizzy-40000plus_Agora_vape-2048x1276.webp 2048w\" sizes=\"auto, (max-width: 2121px) 100vw, 2121px\" \/><\/h2>\n<h2 data-v-md-heading=\"what-about-the-fizzy-nova-plus-40000-port-led-screen-vape\" data-v-md-line=\"3\">A co z vape z ekranem LED FIZZY Nova Plus 40000 port\u00f3w?<\/h2>\n<p data-v-md-line=\"4\">Je\u015bli jeste\u015b zm\u0119czony wymian\u0105 jednorazowych vape'\u00f3w co kilka dni, ten produkt mo\u017ce zmieni\u0107 Twoje przyzwyczajenia. FIZZY Nova Plus mo\u017ce zapewni\u0107 pojemno\u015b\u0107 do 40000 port\u00f3w i jest wyposa\u017cony w prosty ekran LED, umo\u017cliwiaj\u0105cy \u015bledzenie dzia\u0142ania vap\u00f3w w dowolnym momencie. Nie trzeba zgadywa\u0107, wszystko jest jasne na pierwszy rzut oka.<\/p>\n<p data-v-md-line=\"6\">Jest odpowiedni dla ka\u017cdego, kto chce trwa\u0142o\u015bci, stabilnego smaku i nie musi martwi\u0107 si\u0119 o obs\u0142ug\u0119. Ma wydajno\u015b\u0107 cewki siatkowej i wygod\u0119 interfejsu typu C. Jest solidny, a jednocze\u015bnie z \u0142atwo\u015bci\u0105 mie\u015bci si\u0119 w kieszeni. Ten wytrzyma\u0142y produkt mo\u017ce wydawa\u0107 si\u0119 niepor\u0119czny, ale jest zaskakuj\u0105co \u0142atwy w codziennym u\u017cytkowaniu.<\/p>\n<h2 data-v-md-heading=\"excellent-performance-easy-and-convenient\" data-v-md-line=\"8\">Doskona\u0142a wydajno\u015b\u0107, \u0142atwo\u015b\u0107 i wygoda<\/h2>\n<p data-v-md-line=\"9\">Rdzeniem Nova Plus jest siatkowy rdze\u0144 atomizuj\u0105cy, zapewniaj\u0105cy czysty i g\u0142adki smak przy ka\u017cdym zasysaniu, od \u015bwie\u017co\u015bci po posmak. Ekran LED mo\u017ce wy\u015bwietla\u0107 aktualny stan w dowolnym momencie, u\u0142atwiaj\u0105c planowanie harmonogramu \u0142adowania. Gdy bateria jest roz\u0142adowana, mo\u017cna j\u0105 na\u0142adowa\u0107 za pomoc\u0105 interfejsu Type-C. Jest on taki sam, jak kabel do \u0142adowania powszechnie u\u017cywany w telefonie, nie trzeba wi\u0119c martwi\u0107 si\u0119 o znalezienie dedykowanego kabla do \u0142adowania.<\/p>\n<h2 data-v-md-heading=\"specification-introduction\" data-v-md-line=\"11\">Wprowadzenie do specyfikacji<\/h2>\n<ul data-v-md-line=\"12\">\n<li>Cz\u0119stotliwo\u015b\u0107 ssania: do 40000 razy<\/li>\n<li>Nikotyna: 2% i 5% opcjonalnie (konkretna dostawa zale\u017cy od lokalnych przepis\u00f3w)<\/li>\n<li>Zasada dzia\u0142ania: Aktywowany przez wdychanie<\/li>\n<li>\u0141adowanie: Standardowy interfejs USB typu C<\/li>\n<li>Status: Gotowy do u\u017cycia od razu po wyj\u0119ciu z pude\u0142ka<\/li>\n<li>Pojemno\u015b\u0107 e-liquidu: 40 mililitr\u00f3w<\/li>\n<li>Bateria: 850 mAh<\/li>\n<li>Cewka: Cewka siatkowa<\/li>\n<li>Wymiary i waga: 52,5 \u00d7 24,5 \u00d7 104,3 milimetra, 120 gram\u00f3w<\/li>\n<\/ul>\n<h2 data-v-md-heading=\"full-range-of-flavors\" data-v-md-line=\"22\">Pe\u0142na gama smak\u00f3w<\/h2>\n<ul data-v-md-line=\"23\">\n<li>Koktajl truskawkowy<\/li>\n<li>Jagoda z kokosem<\/li>\n<li>Truskawka kiwi<\/li>\n<li>Koktajl jagodowy<\/li>\n<li>Koktajl arbuzowy<\/li>\n<li>Cz\u0142owiek Arbuz<\/li>\n<li>Kiwi, marakuja, guawa<\/li>\n<li>Malina z cytryn\u0105<\/li>\n<li>Potr\u00f3jna Jagoda<\/li>\n<li>Lodowy piasek brzoskwiniowy<\/li>\n<li>Limonka winogronowa<\/li>\n<li>Woda jagodowo-cytrynowa<\/li>\n<\/ul>\n<h2 data-v-md-heading=\"for-you-for-your-business\" data-v-md-line=\"36\">Dla Ciebie, dla Twojej firmy<\/h2>\n<p data-v-md-line=\"37\">Vape z ekranem LED FIZZY Nova Plus 40000 mo\u017cna kupi\u0107 osobno do u\u017cytku osobistego. Je\u015bli dokonujesz zakupu dla sklep\u00f3w fizycznych lub internetowych, oferujemy r\u00f3wnie\u017c opcje hurtowe. Mo\u017cesz wybra\u0107 \u015brednie opakowanie 10 sztuk lub du\u017ce opakowanie 180 sztuk, aby dostosowa\u0107 zam\u00f3wienie do swoich potrzeb.<\/p>\n<p data-v-md-line=\"39\">\u015awiadczymy us\u0142ugi dostawy DDP za po\u015brednictwem zaufanych partner\u00f3w, takich jak UPS, DPD i DHL, dzi\u0119ki czemu mo\u017cesz uzyska\u0107 przejrzyste ceny i unikn\u0105\u0107 nieoczekiwanych problem\u00f3w celnych na kwalifikuj\u0105cych si\u0119 trasach. Kr\u00f3tkie o\u015bwiadczenie o zgodno\u015bci: To urz\u0105dzenie zawiera 40 mililitr\u00f3w e-liquidu, przekraczaj\u0105c limit TPD UE wynosz\u0105cy 2 mililitry. Przed z\u0142o\u017ceniem zam\u00f3wienia nale\u017cy sprawdzi\u0107 lokalne przepisy. Opcja zawarto\u015bci nikotyny 2% jest zgodna z ograniczeniami UE. Opcja z zawarto\u015bci\u0105 nikotyny 5% jest odpowiednia dla rynk\u00f3w, kt\u00f3re zezwalaj\u0105 na stosowanie mocniejszych e-liquid\u00f3w.<\/p>\n<h2 data-v-md-heading=\"why-do-you-like-it\" data-v-md-line=\"41\">Dlaczego to lubisz?<\/h2>\n<ul data-v-md-line=\"42\">\n<li>Wiele zaci\u0105gni\u0119\u0107: Trwa\u0142e i d\u0142ugowieczne, nie ma potrzeby cz\u0119stego kupowania nowych papieros\u00f3w<\/li>\n<li>Wyb\u00f3r st\u0119\u017cenia nikotyny: Wybierz st\u0119\u017cenie nikotyny, kt\u00f3re pasuje do Twojego gustu i rynku<\/li>\n<li>Mo\u017cliwo\u015b\u0107 wielokrotnego \u0142adowania: Wykorzystaj ca\u0142y zakupiony e-liquid za jednym razem<\/li>\n<li>Siatkowy rdze\u0144 rozpylacza: zapewnia stabilne i bogate do\u015bwiadczenie ssania za ka\u017cdym razem<\/li>\n<li>Ekran LED: przejrzysty status na pierwszy rzut oka<\/li>\n<\/ul>\n<h2 data-v-md-heading=\"why-collaborate-with-agoravape\" data-v-md-line=\"48\">Dlaczego warto wsp\u00f3\u0142pracowa\u0107 z AgoraVape?<\/h2>\n<p data-v-md-line=\"49\">Sprzedajemy tylko oryginalne produkty 100% i nie mamy co do tego w\u0105tpliwo\u015bci. Klienci B2B, kt\u00f3rzy kupuj\u0105 vape z ekranem LED FIZZY Nova Plus 40000, mog\u0105 cieszy\u0107 si\u0119 obni\u017conymi cenami hurtowymi, szybkim i niezawodnym wsparciem oraz szybkimi i niezawodnymi us\u0142ugami dostawy. Je\u015bli chcesz kupi\u0107 godny zaufania i bardzo lubiany produkt dla sta\u0142ych klient\u00f3w, skontaktuj si\u0119 z nami.<\/p>\n<p><script src=\"chrome-extension:\/\/fpelahbljekknahkcaegamhcndkfpfnc\/iFrame.js\" type=\"text\/javascript\"><\/script><\/p>\n<p><script src=\"chrome-extension:\/\/fpelahbljekknahkcaegamhcndkfpfnc\/iFrame.js\" type=\"text\/javascript\"><\/script><\/p>\n<p><script src=\"chrome-extension:\/\/fpelahbljekknahkcaegamhcndkfpfnc\/iFrame.js\" type=\"text\/javascript\"><\/script><\/p>","protected":false},"excerpt":{"rendered":"<p>&nbsp;<\/p>\n<p><script src=\"chrome-extension:\/\/fpelahbljekknahkcaegamhcndkfpfnc\/iFrame.js\" type=\"text\/javascript\"><\/script><\/p>","protected":false},"featured_media":12075,"comment_status":"open","ping_status":"closed","template":"","meta":[],"product_brand":[203],"product_cat":[124,185,189,1639,176,130,174,175,193,191,173,186,180,190,192],"product_tag":[],"class_list":{"0":"post-12022","1":"product","2":"type-product","3":"status-publish","4":"has-post-thumbnail","6":"product_brand-fizzy","7":"product_cat-vape-by-brand","8":"product_cat-10000-puffs-high-capacity","9":"product_cat-20mg-standard-nicotine-vapes","10":"product_cat-40000-puffs","11":"product_cat-beverage","12":"product_cat-fizzy","13":"product_cat-fruit-flavors","14":"product_cat-icy-mint","15":"product_cat-mesh-coil","16":"product_cat-rechargeable-disposables","17":"product_cat-vape-by-flavor-profile","18":"product_cat-vape-by-nicotine-strength","19":"product_cat-vape-by-puff-count","20":"product_cat-vape-by-feature-or-type","21":"product_cat-vapes-with-screens","23":"first","24":"onbackorder","25":"shipping-taxable","26":"purchasable","27":"product-type-variable","28":"has-default-attributes"},"tiered_pricing_type":"percentage","tiered_pricing_fixed_rules":[],"tiered_pricing_product_settings":{"layout":"default","base_unit_name":{"singular":null,"plural":null},"default_variation":null},"tiered_pricing_minimum_quantity":10,"tiered_pricing_roles_data":[],"tiered_pricing_percentage_rules":{"50":"35","100":"40","200":"44","500":"47","1000":"49"},"tiered_pricing_maximum_quantity":null,"tiered_pricing_quantity_step":"10","_links":{"self":[{"href":"https:\/\/agoravape.com\/pl\/wp-json\/wp\/v2\/product\/12022","targetHints":{"allow":["GET"]}}],"collection":[{"href":"https:\/\/agoravape.com\/pl\/wp-json\/wp\/v2\/product"}],"about":[{"href":"https:\/\/agoravape.com\/pl\/wp-json\/wp\/v2\/types\/product"}],"replies":[{"embeddable":true,"href":"https:\/\/agoravape.com\/pl\/wp-json\/wp\/v2\/comments?post=12022"}],"version-history":[{"count":0,"href":"https:\/\/agoravape.com\/pl\/wp-json\/wp\/v2\/product\/12022\/revisions"}],"wp:featuredmedia":[{"embeddable":true,"href":"https:\/\/agoravape.com\/pl\/wp-json\/wp\/v2\/media\/12075"}],"wp:attachment":[{"href":"https:\/\/agoravape.com\/pl\/wp-json\/wp\/v2\/media?parent=12022"}],"wp:term":[{"taxonomy":"product_brand","embeddable":true,"href":"https:\/\/agoravape.com\/pl\/wp-json\/wp\/v2\/product_brand?post=12022"},{"taxonomy":"product_cat","embeddable":true,"href":"https:\/\/agoravape.com\/pl\/wp-json\/wp\/v2\/product_cat?post=12022"},{"taxonomy":"product_tag","embeddable":true,"href":"https:\/\/agoravape.com\/pl\/wp-json\/wp\/v2\/product_tag?post=12022"}],"curies":[{"name":"wp","href":"https:\/\/api.w.org\/{rel}","templated":true}]}}