{"id":12217,"date":"2025-10-09T14:49:49","date_gmt":"2025-10-09T06:49:49","guid":{"rendered":"https:\/\/green-grasshopper-921422.hostingersite.com\/?post_type=product&#038;p=12217"},"modified":"2026-01-19T22:08:43","modified_gmt":"2026-01-19T14:08:43","slug":"fizzy-boom-13000-puffs-lcd-vape","status":"publish","type":"product","link":"https:\/\/agoravape.com\/pl\/product\/fizzy-boom-13000-puffs-lcd-vape\/","title":{"rendered":"Fizzy Boom 13000 \u2013 metalowy atomizer z ekranem LCD | D\u0142ugotrwa\u0142y smak, \u0142atwa obs\u0142uga"},"content":{"rendered":"<h2 data-v-md-heading=\"what-is-the-charm-of-fizzy-boom-13000-lcd-screen-metal-atomizer\" data-v-md-line=\"3\"><img loading=\"lazy\" decoding=\"async\" class=\"aligncenter size-full wp-image-12244\" src=\"https:\/\/agoravape.com\/wp-content\/uploads\/2025\/10\/Fizzy-Boom-13000-Puffs-LCD-Screen-Metallic-Vape_Agora_vape-16-scaled.webp\" alt=\"\" width=\"1810\" height=\"2560\" srcset=\"https:\/\/agoravape.com\/wp-content\/uploads\/2025\/10\/Fizzy-Boom-13000-Puffs-LCD-Screen-Metallic-Vape_Agora_vape-16-scaled.webp 1810w, https:\/\/agoravape.com\/wp-content\/uploads\/2025\/10\/Fizzy-Boom-13000-Puffs-LCD-Screen-Metallic-Vape_Agora_vape-16-scaled-1200x1697.webp 1200w, https:\/\/agoravape.com\/wp-content\/uploads\/2025\/10\/Fizzy-Boom-13000-Puffs-LCD-Screen-Metallic-Vape_Agora_vape-16-212x300.webp 212w, https:\/\/agoravape.com\/wp-content\/uploads\/2025\/10\/Fizzy-Boom-13000-Puffs-LCD-Screen-Metallic-Vape_Agora_vape-16-724x1024.webp 724w, https:\/\/agoravape.com\/wp-content\/uploads\/2025\/10\/Fizzy-Boom-13000-Puffs-LCD-Screen-Metallic-Vape_Agora_vape-16-768x1086.webp 768w, https:\/\/agoravape.com\/wp-content\/uploads\/2025\/10\/Fizzy-Boom-13000-Puffs-LCD-Screen-Metallic-Vape_Agora_vape-16-1086x1536.webp 1086w, https:\/\/agoravape.com\/wp-content\/uploads\/2025\/10\/Fizzy-Boom-13000-Puffs-LCD-Screen-Metallic-Vape_Agora_vape-16-1448x2048.webp 1448w\" sizes=\"auto, (max-width: 1810px) 100vw, 1810px\" \/><\/h2>\n<h2 data-v-md-heading=\"what-is-the-charm-of-fizzy-boom-13000-lcd-screen-metal-atomizer\" data-v-md-line=\"3\">Na czym polega urok metalowego atomizera z ekranem LCD Fizzy Boom 13000?<\/h2>\n<p data-v-md-line=\"4\">Je\u015bli jeste\u015b zm\u0119czony jednorazowymi waporyzatorami i wkr\u00f3tce wyczerpie ci si\u0119 bateria, to ten produkt jest najlepszym wyborem. Fizzy Boom ma pojemno\u015b\u0107 do 13000 jednostek i jest wyposa\u017cony w ekran LCD, kt\u00f3ry wy\u015bwietla poziom e-cieczy i baterii, umo\u017cliwiaj\u0105c \u015bledzenie stanu w dowolnym momencie.<\/p>\n<p data-v-md-line=\"6\">Je\u015bli potrzebujesz niezawodnego, smacznego i \u0142atwego w u\u017cyciu waporyzatora, ten produkt jest idealnym wyborem. Metaliczna tekstura jest g\u0142adka w dotyku, nawet po w\u0142o\u017ceniu do kieszeni nie b\u0119dzie ci\u0119\u017cka. Mo\u017cesz pomy\u015ble\u0107, \u017ce waporyzatory o tak du\u017cej pojemno\u015bci s\u0105 niepor\u0119czne, ale ich lekka konstrukcja z pewno\u015bci\u0105 Ci\u0119 zaskoczy.<\/p>\n<h2 data-v-md-heading=\"excellent-performance-easy-and-convenient\" data-v-md-line=\"8\">Doskona\u0142a wydajno\u015b\u0107, \u0142atwo\u015b\u0107 i wygoda<\/h2>\n<p data-v-md-line=\"9\">Siatkowa cewka znajduje si\u0119 w rdzeniu urz\u0105dzenia, zapewniaj\u0105c sp\u00f3jny smak od pierwszego do ostatniego k\u0119sa. Gdy poziom na\u0142adowania baterii jest niski, mo\u017cna j\u0105 na\u0142adowa\u0107 za pomoc\u0105 interfejsu Type-C przy u\u017cyciu kabla do transmisji danych, z kt\u00f3rego korzysta obecnie wiele telefon\u00f3w. Prosty i wygodny. Ekran LCD pozwala \u0142atwo sprawdzi\u0107 poziom na\u0142adowania baterii na pierwszy rzut oka, nie martwi\u0105c si\u0119 o niewystarczaj\u0105ce \u0142adowanie w po\u0142udnie.<\/p>\n<h2 data-v-md-heading=\"specification-overview\" data-v-md-line=\"11\">Przegl\u0105d specyfikacji<\/h2>\n<ul data-v-md-line=\"12\">\n<li>Cz\u0119stotliwo\u015b\u0107 ssania: do 13000 razy<\/li>\n<li>Nikotyna: opcjonalnie 2% (20 mg\/ml) lub 5% (50 mg\/ml)<\/li>\n<li>Zasada dzia\u0142ania: Aktywowany przez wdychanie<\/li>\n<li>\u0141adowanie: Standardowy interfejs USB typu C<\/li>\n<li>Akumulator: akumulator 650mAh<\/li>\n<li>Pojemno\u015b\u0107 e-liquidu: 21 mililitr\u00f3w<\/li>\n<li>Ekran: Wy\u015bwietlacz LCD, zdolny do wy\u015bwietlania poziomu na\u0142adowania baterii i ilo\u015bci e-cieczy<\/li>\n<li>Obr\u00f3bka powierzchni: Farba metaliczna<\/li>\n<li>Status: Gotowy do u\u017cycia po rozpakowaniu<\/li>\n<\/ul>\n<h2 data-v-md-heading=\"full-range-of-flavors\" data-v-md-line=\"22\">Pe\u0142na gama smak\u00f3w<\/h2>\n<ul data-v-md-line=\"23\">\n<li>Smak brzoskwiniowy<\/li>\n<li>Smak lodu winogronowego<\/li>\n<li>Smak truskawkowy<\/li>\n<li>Arbuzowy smak lodowy<\/li>\n<li>Smak kwa\u015bnego jab\u0142ka<\/li>\n<li>Arbuzowy smak wi\u015bniowy<\/li>\n<li>Smak jagodowy i melonowy<\/li>\n<li>Smak truskawkowy, arbuzowy i granatu<\/li>\n<li>Jagody, maliny, aromat cytrynowy<\/li>\n<\/ul>\n<h2 data-v-md-heading=\"for-you-and-your-business\" data-v-md-line=\"33\">Dla Ciebie i Twojego biznesu<\/h2>\n<p data-v-md-line=\"34\">Wybieraj\u0105c dla siebie, znajdziesz r\u00f3\u017cne smaki, a ekran jest przejrzysty i \u0142atwy do odczytania, bez zgadywania ilo\u015bci e-liquidu. Dostarczamy opakowania hurtowe po 10 sztuk w pude\u0142ku, dzi\u0119ki czemu mo\u017cna je wygodnie uzupe\u0142nia\u0107.<\/p>\n<p data-v-md-line=\"36\">AgoraVape wysy\u0142a za po\u015brednictwem zaufanych firm kurierskich, takich jak UPS, DPD i DHL w Europie za po\u015brednictwem DDP, co pozwala na wczesne przetwarzanie taryf i unikanie wypadk\u00f3w celnych. St\u0119\u017cenie nikotyny mo\u017ce si\u0119 r\u00f3\u017cni\u0107 w zale\u017cno\u015bci od kraju\/regionu, dlatego nale\u017cy wybra\u0107 odpowiednie st\u0119\u017cenie nikotyny zgodnie z lokalnymi przepisami.<\/p>\n<h2 data-v-md-heading=\"why-do-you-like-it\" data-v-md-line=\"38\">Dlaczego to lubisz?<\/h2>\n<ul data-v-md-line=\"39\">\n<li>Du\u017ca si\u0142a ss\u0105ca: Wytrzyma\u0142y i d\u0142ugotrwa\u0142y, nie wymaga cz\u0119stych zakup\u00f3w.<\/li>\n<li>Wyb\u00f3r nikotyny: Wybierz st\u0119\u017cenie odpowiednie do codziennego u\u017cytku.<\/li>\n<li>Mo\u017cliwo\u015b\u0107 wielokrotnego \u0142adowania: Wykorzystaj wszystkie zakupione e-liquidy.<\/li>\n<li>Siatkowa cewka: utrzymuje g\u0142adki i sp\u00f3jny smak.<\/li>\n<li>Ekran LCD: \u0141atwy podgl\u0105d poziomu na\u0142adowania baterii i poziomu e-cieczy.<\/li>\n<li>Przeno\u015bna konstrukcja: Du\u017ca pojemno\u015b\u0107, ale niepor\u0119czna.<\/li>\n<\/ul>\n<h2 data-v-md-heading=\"why-choose-to-collaborate-with-agoravape\" data-v-md-line=\"46\">Dlaczego warto zdecydowa\u0107 si\u0119 na wsp\u00f3\u0142prac\u0119 z AgoraVape?<\/h2>\n<p data-v-md-line=\"47\">Sprzedajemy tylko oryginalne produkty 100%, aby zapewni\u0107 satysfakcj\u0119 klienta i zmniejszy\u0107 liczb\u0119 zwrot\u00f3w. Fizzy Boom 13000 metalowy atomizer z ekranem LCD, b\u0119dziesz cieszy\u0107 si\u0119 bardzo konkurencyjnymi cenami hurtowymi, szybkim wsparciem i szybk\u0105 dostaw\u0105 p\u0142atno\u015bci podatkowych. Zapraszamy do kontaktu z nami, aby dowiedzie\u0107 si\u0119, jak stworzy\u0107 produkt dla sta\u0142ych klient\u00f3w.<\/p>\n<p><script src=\"chrome-extension:\/\/fpelahbljekknahkcaegamhcndkfpfnc\/iFrame.js\" type=\"text\/javascript\"><\/script><\/p>","protected":false},"excerpt":{"rendered":"<p>Jaki jest urok metalowego atomizera Fizzy Boom 13000 z ekranem LCD? Je\u015bli masz do\u015b\u0107 jednorazowych vape'\u00f3w i<\/p>","protected":false},"featured_media":12243,"comment_status":"open","ping_status":"closed","template":"","meta":[],"product_brand":[203],"product_cat":[124,185,189,130,174,175,193,191,173,186,180,190,192],"product_tag":[],"class_list":{"0":"post-12217","1":"product","2":"type-product","3":"status-publish","4":"has-post-thumbnail","6":"product_brand-fizzy","7":"product_cat-vape-by-brand","8":"product_cat-10000-puffs-high-capacity","9":"product_cat-20mg-standard-nicotine-vapes","10":"product_cat-fizzy","11":"product_cat-fruit-flavors","12":"product_cat-icy-mint","13":"product_cat-mesh-coil","14":"product_cat-rechargeable-disposables","15":"product_cat-vape-by-flavor-profile","16":"product_cat-vape-by-nicotine-strength","17":"product_cat-vape-by-puff-count","18":"product_cat-vape-by-feature-or-type","19":"product_cat-vapes-with-screens","21":"first","22":"onbackorder","23":"shipping-taxable","24":"purchasable","25":"product-type-variable","26":"has-default-attributes"},"tiered_pricing_type":"percentage","tiered_pricing_fixed_rules":[],"tiered_pricing_product_settings":{"layout":"default","base_unit_name":{"singular":null,"plural":null},"default_variation":null},"tiered_pricing_minimum_quantity":10,"tiered_pricing_roles_data":[],"tiered_pricing_percentage_rules":{"50":"35","100":"40","200":"44","500":"47","1000":"49"},"tiered_pricing_maximum_quantity":null,"tiered_pricing_quantity_step":"10","_links":{"self":[{"href":"https:\/\/agoravape.com\/pl\/wp-json\/wp\/v2\/product\/12217","targetHints":{"allow":["GET"]}}],"collection":[{"href":"https:\/\/agoravape.com\/pl\/wp-json\/wp\/v2\/product"}],"about":[{"href":"https:\/\/agoravape.com\/pl\/wp-json\/wp\/v2\/types\/product"}],"replies":[{"embeddable":true,"href":"https:\/\/agoravape.com\/pl\/wp-json\/wp\/v2\/comments?post=12217"}],"version-history":[{"count":0,"href":"https:\/\/agoravape.com\/pl\/wp-json\/wp\/v2\/product\/12217\/revisions"}],"wp:featuredmedia":[{"embeddable":true,"href":"https:\/\/agoravape.com\/pl\/wp-json\/wp\/v2\/media\/12243"}],"wp:attachment":[{"href":"https:\/\/agoravape.com\/pl\/wp-json\/wp\/v2\/media?parent=12217"}],"wp:term":[{"taxonomy":"product_brand","embeddable":true,"href":"https:\/\/agoravape.com\/pl\/wp-json\/wp\/v2\/product_brand?post=12217"},{"taxonomy":"product_cat","embeddable":true,"href":"https:\/\/agoravape.com\/pl\/wp-json\/wp\/v2\/product_cat?post=12217"},{"taxonomy":"product_tag","embeddable":true,"href":"https:\/\/agoravape.com\/pl\/wp-json\/wp\/v2\/product_tag?post=12217"}],"curies":[{"name":"wp","href":"https:\/\/api.w.org\/{rel}","templated":true}]}}