{"id":12415,"date":"2025-10-09T21:14:25","date_gmt":"2025-10-09T13:14:25","guid":{"rendered":"https:\/\/green-grasshopper-921422.hostingersite.com\/?post_type=product&#038;p=12415"},"modified":"2026-02-14T17:23:59","modified_gmt":"2026-02-14T16:23:59","slug":"vapme-crystal-30000-puff-potrojny-smak-vape","status":"publish","type":"product","link":"https:\/\/agoravape.com\/pl\/product\/vapme-crystal-30000-puffs-triple-flavor-vape\/","title":{"rendered":"Vapme Crystal 30000 Trzy w jednym, potr\u00f3jny smak Vape | Trzy smaki, d\u0142ugotrwa\u0142e i \u0142atwe w u\u017cyciu"},"content":{"rendered":"<h2 data-v-md-heading=\"what-are-the-advantages-of-vaping-the-vapme-crystal-30000-triple-flavored-vape\" data-v-md-line=\"3\">Jakie s\u0105 zalety waporyzacji Vapme Crystal 30000 o potr\u00f3jnym smaku?<\/h2>\n<p data-v-md-line=\"4\">Je\u015bli jeste\u015b zm\u0119czony zmienianiem urz\u0105dze\u0144 w po\u0142owie tygodnia, ten produkt jest idealnym wyborem. Vapme Crystal 30000 integruje trzy r\u00f3\u017cne smaki w jednym urz\u0105dzeniu, umo\u017cliwiaj\u0105c \u0142atw\u0105 zmian\u0119 bez konieczno\u015bci noszenia drugiego waporyzatora.<\/p>\n<p data-v-md-line=\"6\">Jest odpowiedni dla ka\u017cdego, kto chce do\u015bwiadczy\u0107 prostego, \u0142atwego w u\u017cyciu, pysznego i trwa\u0142ego vape. Nie musisz si\u0119 martwi\u0107, nie musisz cz\u0119sto uzupe\u0142nia\u0107. Wystarczy g\u0142adki smak i \u0142atwe \u0142adowanie w razie potrzeby.<\/p>\n<h2 data-v-md-heading=\"excellent-performance-easy-and-convenient\" data-v-md-line=\"8\">Doskona\u0142a wydajno\u015b\u0107, \u0142atwo\u015b\u0107 i wygoda<\/h2>\n<p data-v-md-line=\"9\">Siatkowa cewka 0,6 \u03a9 zapewnia p\u0142ynny przep\u0142yw dymu i sp\u00f3jny smak, dzi\u0119ki czemu ka\u017cdy k\u0119s jest r\u00f3wnie pyszny jak pierwszy. Potr\u00f3jny system przechowywania oleju mo\u017ce pomie\u015bci\u0107 trzy r\u00f3\u017cne smaki, dzi\u0119ki czemu ka\u017cdy smak jest wyra\u017any i niepowtarzalny, co pozwala unikn\u0105\u0107 nieporozumie\u0144. Gdy poziom na\u0142adowania baterii jest niski, do \u0142adowania mo\u017cna u\u017cy\u0107 istniej\u0105cego kabla do transmisji danych typu C. Akumulator o pojemno\u015bci 650 mAh mo\u017cna \u0142adowa\u0107, dzi\u0119ki czemu mo\u017cna korzysta\u0107 z zakupionego e-liquidu.<\/p>\n<h2 data-v-md-heading=\"specification-introduction\" data-v-md-line=\"11\">Wprowadzenie do specyfikacji<\/h2>\n<ul data-v-md-line=\"12\">\n<li>Cz\u0119stotliwo\u015b\u0107 zasysania: do 30000 razy<\/li>\n<li>Zawarto\u015b\u0107 nikotyny: 0%, 2%, 3% i 5%<\/li>\n<li>Zasada dzia\u0142ania: Aktywacja jednym zaci\u0105gni\u0119ciem<\/li>\n<li>\u0141adowanie: Standardowy interfejs USB typu C<\/li>\n<li>Status: Gotowy do u\u017cycia od razu po wyj\u0119ciu z pude\u0142ka<\/li>\n<\/ul>\n<h2 data-v-md-heading=\"full-flavor-series\" data-v-md-line=\"18\">Seria o pe\u0142nym smaku<\/h2>\n<ul data-v-md-line=\"19\">\n<li>Smak jagodowy i malinowy + l\u00f3d arbuzowy + lemoniada truskawkowa<\/li>\n<li>Smak truskawkowo-arbuzowy + l\u00f3d melonowo-owocowy + smak jagodowo-malinowy<\/li>\n<li>Cherry Ice+Blueberry Juice Lemon Water+Passion Fruit Melon Ice<\/li>\n<li>L\u00f3d winogronowy + truskawka kiwi + brzoskwinia i ananas<\/li>\n<li>Smak truskawkowo-bananowy + smak podw\u00f3jnego jab\u0142ka + l\u00f3d arbuzowy<\/li>\n<li>Mixed Berry Ice+Brzoskwinia+Ananas+Raspberry Watermelon Flavor<\/li>\n<li>L\u00f3d truskawkowy+l\u00f3d arbuzowy+l\u00f3d kiwi+l\u00f3d wi\u015bniowy<\/li>\n<li>Red Bull+Cherry Cola+Smak brzoskwiniowy<\/li>\n<li>Truskawka malina cukier+brzoskwinia smoothie+kiwi marakuja guawa<\/li>\n<li>Koktajl truskawkowo-mango+kiwi, marakuja, guawa+arbuz<\/li>\n<li>Woda cytrynowa z owocami tropikalnymi bingzhi+truskawki+winogrono+jagody<\/li>\n<li>Truskawkowo-arbuzowa guma balonowa + jagody wi\u015bni + koktajl Red Bull<\/li>\n<li>Mr. Blue+Killer Lady+Love 66<\/li>\n<li>Arbuzowa wo\u0142owina+Ananasowe smoothie z kiwi+Truskawkowe smoothie<\/li>\n<li>Smoczy koktajl truskawkowy + arbuz + cytryna + koktajl z owoc\u00f3w tropikalnych<\/li>\n<li>Potr\u00f3jny koktajl melonowy+bor\u00f3wkowy+malinowy+brzoskwiniowy+truskawkowy<\/li>\n<li>Koktajl truskawkowo-\u017curawinowy+bananowy+mieszany koktajl jagodowy<\/li>\n<li>Cukierki arbuzowe t\u0119czowe + cukierki truskawkowe + cukierki jagodowo-malinowe<\/li>\n<li>Nap\u00f3j gazowany wi\u015bniowy + limonka cytrynowa + koktajl jagodowy<\/li>\n<li>Red Bull truskawkowy + lody Black Dragon + wi\u015bnia i jagoda<\/li>\n<\/ul>\n<h2 data-v-md-heading=\"dedicated-to-you-and-your-company\" data-v-md-line=\"40\">Dedykowane dla Ciebie i Twojej firmy<\/h2>\n<p data-v-md-line=\"41\">Mo\u017cesz kupi\u0107 Vapme Crystal 30000 dla jednej osoby lub zaopatrzy\u0107 sw\u00f3j sklep. Hurtowe opakowanie kartonowe zawiera 160 sztuk, co u\u0142atwia planowanie zapas\u00f3w. Zapewniamy op\u0142acone podatkiem us\u0142ugi wysy\u0142ki DDP z zaufanymi partnerami, takimi jak UPS, DPD i DHL, aby zapewni\u0107 ochron\u0119 przed nieoczekiwanymi taryfami.<\/p>\n<p data-v-md-line=\"43\">W przypadku zakupu w celu odsprzeda\u017cy, przed publikacj\u0105 nale\u017cy sprawdzi\u0107 lokalne przepisy. Produkty jednorazowego u\u017cytku o du\u017cej pojemno\u015bci mog\u0105 podlega\u0107 okre\u015blonym przepisom krajowym\/regionalnym.<\/p>\n<h2 data-v-md-heading=\"why-do-you-like-it\" data-v-md-line=\"45\">Dlaczego to lubisz?<\/h2>\n<ul data-v-md-line=\"46\">\n<li>Masywne ssanie: trwa\u0142e i d\u0142ugotrwa\u0142e, nie ma potrzeby ci\u0105g\u0142ego kupowania nowych wk\u0142ad\u00f3w.<\/li>\n<li>Wyb\u00f3r nikotyny: wybierz st\u0119\u017cenie, kt\u00f3re odpowiada Twojej metodzie palenia.<\/li>\n<li>Mo\u017cliwo\u015b\u0107 \u0142adowania: Mo\u017cna u\u017cywa\u0107 wszystkich zakupionych e-liquid\u00f3w<\/li>\n<li>Siatkowa cewka: zapewnia sp\u00f3jny i bogaty smak za ka\u017cdym razem<\/li>\n<li>Potr\u00f3jne smaki: Smaki mo\u017cna zmienia\u0107 w dowolnym momencie bez konieczno\u015bci noszenia ze sob\u0105 drugiego urz\u0105dzenia.<\/li>\n<\/ul>\n<h2 data-v-md-heading=\"why-collaborate-with-agoravape\" data-v-md-line=\"52\">Dlaczego warto wsp\u00f3\u0142pracowa\u0107 z AgoraVape?<\/h2>\n<p data-v-md-line=\"53\">Sprzedajemy wy\u0142\u0105cznie oryginalne produkty 100% i gwarantujemy jako\u015b\u0107 naszych przesy\u0142ek. Klienci komercyjni mog\u0105 cieszy\u0107 si\u0119 obni\u017conymi cenami hurtowymi, niezawodnym wsparciem oraz szybk\u0105 i niezawodn\u0105 dostaw\u0105 Vapme Crystal 30000 trzy w jednym vapes o potr\u00f3jnym smaku. Skontaktuj si\u0119 z nami, a my przygotujemy zapasy dla Twoich klient\u00f3w, aby zapewni\u0107 Ci satysfakcj\u0119.<\/p>","protected":false},"excerpt":{"rendered":"<p>What are the advantages of vaping the Vapme Crystal 30000 triple flavored vape? If you\u2019re tired of changing devices halfway<\/p>","protected":false},"featured_media":12487,"comment_status":"open","ping_status":"closed","template":"","meta":[],"product_brand":[204],"product_cat":[124,187,185,189,1637,176,177,195,1674,174,175,193,191,173,186,180,190,131],"product_tag":[],"class_list":{"0":"post-12415","1":"product","2":"type-product","3":"status-publish","4":"has-post-thumbnail","6":"product_brand-vapme","7":"product_cat-vape-by-brand","8":"product_cat-0mg-nicotine-free-vapes","9":"product_cat-10000-puffs-high-capacity","10":"product_cat-20mg-standard-nicotine-vapes","11":"product_cat-30000-puffs","12":"product_cat-beverage","13":"product_cat-dessert-sweets","14":"product_cat-dual-flavor-switch","15":"product_cat-eu-warehouse","16":"product_cat-fruit-flavors","17":"product_cat-icy-mint","18":"product_cat-mesh-coil","19":"product_cat-rechargeable-disposables","20":"product_cat-vape-by-flavor-profile","21":"product_cat-vape-by-nicotine-strength","22":"product_cat-vape-by-puff-count","23":"product_cat-vape-by-feature-or-type","24":"product_cat-vapme","26":"first","27":"instock","28":"shipping-taxable","29":"purchasable","30":"product-type-variable","31":"has-default-attributes"},"tiered_pricing_type":"percentage","tiered_pricing_fixed_rules":[],"tiered_pricing_product_settings":{"layout":"default","base_unit_name":{"singular":null,"plural":null},"default_variation":null},"tiered_pricing_minimum_quantity":10,"tiered_pricing_roles_data":[],"tiered_pricing_percentage_rules":{"50":"35","100":"40","200":"44","500":"47","1000":"49"},"tiered_pricing_maximum_quantity":null,"tiered_pricing_quantity_step":"10","_links":{"self":[{"href":"https:\/\/agoravape.com\/pl\/wp-json\/wp\/v2\/product\/12415","targetHints":{"allow":["GET"]}}],"collection":[{"href":"https:\/\/agoravape.com\/pl\/wp-json\/wp\/v2\/product"}],"about":[{"href":"https:\/\/agoravape.com\/pl\/wp-json\/wp\/v2\/types\/product"}],"replies":[{"embeddable":true,"href":"https:\/\/agoravape.com\/pl\/wp-json\/wp\/v2\/comments?post=12415"}],"version-history":[{"count":0,"href":"https:\/\/agoravape.com\/pl\/wp-json\/wp\/v2\/product\/12415\/revisions"}],"wp:featuredmedia":[{"embeddable":true,"href":"https:\/\/agoravape.com\/pl\/wp-json\/wp\/v2\/media\/12487"}],"wp:attachment":[{"href":"https:\/\/agoravape.com\/pl\/wp-json\/wp\/v2\/media?parent=12415"}],"wp:term":[{"taxonomy":"product_brand","embeddable":true,"href":"https:\/\/agoravape.com\/pl\/wp-json\/wp\/v2\/product_brand?post=12415"},{"taxonomy":"product_cat","embeddable":true,"href":"https:\/\/agoravape.com\/pl\/wp-json\/wp\/v2\/product_cat?post=12415"},{"taxonomy":"product_tag","embeddable":true,"href":"https:\/\/agoravape.com\/pl\/wp-json\/wp\/v2\/product_tag?post=12415"}],"curies":[{"name":"wp","href":"https:\/\/api.w.org\/{rel}","templated":true}]}}