{"id":12538,"date":"2025-10-10T09:29:18","date_gmt":"2025-10-10T01:29:18","guid":{"rendered":"https:\/\/green-grasshopper-921422.hostingersite.com\/?post_type=product&#038;p=12538"},"modified":"2026-03-26T13:22:25","modified_gmt":"2026-03-26T12:22:25","slug":"vapme-crystal-20000-puffow-vape-o-podwojnym-smaku","status":"publish","type":"product","link":"https:\/\/agoravape.com\/pl\/product\/vapme-crystal-20000-puffs-dual-flavor-vape\/","title":{"rendered":"Vapme Crystal 20000 Puffs 2\u2011in\u20111 Dual Flavor Vape | Two Flavours, One Long\u2011Lasting Device"},"content":{"rendered":"<h2 data-v-md-heading=\"what-are-the-advantages-of-vapme-crystal-20000-in-one-dual-flavor-vape\" data-v-md-line=\"3\">Jakie s\u0105 zalety Vapme Crystal 20000 in one dual flavour vape?<\/h2>\n<p data-v-md-line=\"4\">Je\u015bli jeste\u015b zm\u0119czony cz\u0119st\u0105 zmian\u0105 urz\u0105dze\u0144 z powodu md\u0142ego smaku lub niskiego poziomu na\u0142adowania baterii, ten produkt zapewni Ci \u015bwie\u017cy oddech. Vapme Crystal 20000 mo\u017ce zapewni\u0107 do 20000 zaci\u0105gni\u0119\u0107 i dwa smaki w jednym urz\u0105dzeniu, pozwalaj\u0105c cieszy\u0107 si\u0119 zabaw\u0105 bez noszenia zapasowego vape.<\/p>\n<p data-v-md-line=\"6\">Je\u015bli potrzebujesz niezawodnego, pysznego, \u0142adowalnego i \u0142atwego w u\u017cyciu jednorazowego waporyzatora, ten produkt jest idealnym wyborem. Nie wymaga \u017cmudnych operacji ani menu. Po prostu podnie\u015b go i ciesz si\u0119 sp\u00f3jnym smakiem od pierwszego do ostatniego k\u0119sa.<\/p>\n<h2 data-v-md-heading=\"excellent-performance-easy-and-convenient\" data-v-md-line=\"8\">Doskona\u0142a wydajno\u015b\u0107, \u0142atwo\u015b\u0107 i wygoda<\/h2>\n<p data-v-md-line=\"9\">Siatkowa cewka 1,0 \u03a9 zapewnia du\u017c\u0105 moc. Nagrzewa si\u0119 r\u00f3wnomiernie, a ka\u017cdy k\u0119s jest r\u00f3wnie pyszny jak pierwszy. Gdy bateria jest roz\u0142adowana, wystarczy pod\u0142\u0105czy\u0107 kabel do transmisji danych typu C, kt\u00f3ry mo\u017ce by\u0107 taki sam jak kabel u\u017cywany w telefonach kom\u00f3rkowych. Proste i wygodne. Mo\u017cna pomy\u015ble\u0107, \u017ce urz\u0105dzenia du\u017cego kalibru b\u0119d\u0105 k\u0142opotliwe, ale to urz\u0105dzenie jest \u0142atwe w obs\u0142udze.<\/p>\n<h2 data-v-md-heading=\"specification-introduction\" data-v-md-line=\"11\">Wprowadzenie do specyfikacji<\/h2>\n<ul data-v-md-line=\"12\">\n<li>Cz\u0119stotliwo\u015b\u0107 zasysania: do 20000 razy<\/li>\n<li>Zawarto\u015b\u0107 nikotyny: 2% (20 mg\/ml)<\/li>\n<li>Zasada dzia\u0142ania: Aktywowany przez wdychanie<\/li>\n<li>\u0141adowanie: Interfejs USB typu C<\/li>\n<li>Pojemno\u015b\u0107 e-liquidu: 20 mililitr\u00f3w<\/li>\n<li>Rdze\u0144 rozpylaj\u0105cy: oczko 1,0 \u03a9<\/li>\n<li>Bateria: akumulator o pojemno\u015bci 700 mAh<\/li>\n<li>Status: Gotowy do u\u017cycia po rozpakowaniu<\/li>\n<\/ul>\n<h2 data-v-md-heading=\"full-range-of-flavors\" data-v-md-line=\"21\">Pe\u0142na gama smak\u00f3w<\/h2>\n<p data-v-md-line=\"22\">Poni\u017cej znajduj\u0105 si\u0119 potwierdzone kombinacje dw\u00f3ch smak\u00f3w:<\/p>\n<ul data-v-md-line=\"23\">\n<li>Jagody, maliny i l\u00f3d arbuzowy<\/li>\n<li>Arbuz truskawkowy + l\u00f3d melonowy z owocami pasji<\/li>\n<li>L\u00f3d wi\u015bniowy + woda jagodowo-cytrynowa<\/li>\n<li>Grape Ice+Strawberry Kiwi<\/li>\n<li>Banan truskawkowy + podw\u00f3jne jab\u0142ka<\/li>\n<li>Mixed Berry Ice+Brzoskwinia+Ananas<\/li>\n<li>L\u00f3d truskawkowy + l\u00f3d arbuzowy z kiwi<\/li>\n<li>Nap\u00f3j energetyczny + wi\u015bniowa cola<\/li>\n<li>Cukier truskawkowo-malinowy + l\u00f3d brzoskwiniowy<\/li>\n<li>Truskawka, mango + kiwi + owoc passiflory, guawa<\/li>\n<\/ul>\n<p data-v-md-line=\"34\">Oto kolorowe owocowe napoje mieszane, sch\u0142odzone kostki lodu i wyb\u00f3r nostalgicznych sklep\u00f3w z deserami. Woda cytrynowa z jagodami zapewnia s\u0142odko-kwa\u015bny smak, a wi\u015bniowa cola zapewnia musuj\u0105ce doznania dzi\u0119ki po\u0142\u0105czeniu coli i wi\u015bni.<\/p>\n<h2 data-v-md-heading=\"for-you-and-for-your-business-as-well\" data-v-md-line=\"36\">Dla Ciebie i dla Twojej firmy<\/h2>\n<p data-v-md-line=\"37\">Mo\u017cesz wybra\u0107 kubek dla siebie lub kupi\u0107 produkty na p\u00f3\u0142k\u0119. Oferujemy waporyzatory Vapme Crystal 20000 dwa w jednym o dw\u00f3ch smakach do zakupu osobistego i hurtowego. Nabywcy handlowi mog\u0105 sk\u0142ada\u0107 zam\u00f3wienia hurtowe, po 160 sztuk w pude\u0142ku.<\/p>\n<p data-v-md-line=\"39\">\u015awiadczymy europejskie us\u0142ugi wysy\u0142kowe op\u0142acone podatkiem DDP za po\u015brednictwem zaufanych partner\u00f3w, takich jak UPS, DPD i DHL, dzi\u0119ki czemu mo\u017cna \u0142atwo i wygodnie unikn\u0105\u0107 wypadk\u00f3w podczas kontroli celnych.<\/p>\n<h2 data-v-md-heading=\"why-do-you-like-it\" data-v-md-line=\"41\">Dlaczego to lubisz?<\/h2>\n<ul data-v-md-line=\"42\">\n<li>Ogromne ssanie: do 20000 zaci\u0105gni\u0119\u0107, co oznacza mniej powt\u00f3rnych zam\u00f3wie\u0144 i wi\u0119cej czasu na przyjemno\u015bci.<\/li>\n<li>Wyb\u00f3r nikotyny: nikotyna 2% jest odpowiednia dla tych, kt\u00f3rzy preferuj\u0105 mocniejsze i bardziej satysfakcjonuj\u0105ce doznania.<\/li>\n<li>Mo\u017cliwo\u015b\u0107 wielokrotnego \u0142adowania: Wykorzystaj ca\u0142y zakupiony e-liquid bez marnowania ani kropli.<\/li>\n<li>Siatkowa cewka: Od pierwszego do ostatniego \u0142yku smak pozostaje sp\u00f3jny i jedwabi\u015bcie g\u0142adki.<\/li>\n<\/ul>\n<h2 data-v-md-heading=\"why-choose-to-collaborate-with-agoravape\" data-v-md-line=\"47\">Dlaczego warto zdecydowa\u0107 si\u0119 na wsp\u00f3\u0142prac\u0119 z AgoraVape?<\/h2>\n<p data-v-md-line=\"48\">Sprzedajemy tylko oryginalne produkty 100% z jasnymi specyfikacjami i siln\u0105 identyfikowalno\u015bci\u0105. Nasi klienci B2B mog\u0105 cieszy\u0107 si\u0119 obni\u017conymi cenami hurtowymi, szybkim wsparciem i szybk\u0105 dostaw\u0105 do domu (DDP) na terenie Unii Europejskiej przy zakupie Vapme Crystal 20000 dwa w jednym vapes o podw\u00f3jnym smaku (DDP). Potrzebujesz godnego zaufania urz\u0105dzenia, kt\u00f3re sprawi, \u017ce Twoi klienci b\u0119d\u0105 do Ciebie wraca\u0107? Zapraszamy do sk\u0142adania zapyta\u0144.<\/p>","protected":false},"excerpt":{"rendered":"<p>&nbsp;<\/p>\n<p><script src=\"chrome-extension:\/\/fpelahbljekknahkcaegamhcndkfpfnc\/iFrame.js\" type=\"text\/javascript\"><\/script><\/p>","protected":false},"featured_media":12571,"comment_status":"open","ping_status":"closed","template":"","meta":[],"product_brand":[204],"product_cat":[124,185,1636,189,176,177,195,1674,174,175,193,191,173,186,180,190,131],"product_tag":[],"class_list":{"0":"post-12538","1":"product","2":"type-product","3":"status-publish","4":"has-post-thumbnail","6":"product_brand-vapme","7":"product_cat-vape-by-brand","8":"product_cat-10000-puffs-high-capacity","9":"product_cat-20000-puffs","10":"product_cat-20mg-standard-nicotine-vapes","11":"product_cat-beverage","12":"product_cat-dessert-sweets","13":"product_cat-dual-flavor-switch","14":"product_cat-eu-warehouse","15":"product_cat-fruit-flavors","16":"product_cat-icy-mint","17":"product_cat-mesh-coil","18":"product_cat-rechargeable-disposables","19":"product_cat-vape-by-flavor-profile","20":"product_cat-vape-by-nicotine-strength","21":"product_cat-vape-by-puff-count","22":"product_cat-vape-by-feature-or-type","23":"product_cat-vapme","25":"first","26":"instock","27":"shipping-taxable","28":"purchasable","29":"product-type-variable","30":"has-default-attributes"},"tiered_pricing_type":"percentage","tiered_pricing_fixed_rules":[],"tiered_pricing_product_settings":{"layout":"default","base_unit_name":{"singular":null,"plural":null},"default_variation":null},"tiered_pricing_minimum_quantity":10,"tiered_pricing_roles_data":[],"tiered_pricing_percentage_rules":{"50":"35","100":"40","200":"44","500":"47","1000":"49"},"tiered_pricing_maximum_quantity":null,"tiered_pricing_quantity_step":"10","_links":{"self":[{"href":"https:\/\/agoravape.com\/pl\/wp-json\/wp\/v2\/product\/12538","targetHints":{"allow":["GET"]}}],"collection":[{"href":"https:\/\/agoravape.com\/pl\/wp-json\/wp\/v2\/product"}],"about":[{"href":"https:\/\/agoravape.com\/pl\/wp-json\/wp\/v2\/types\/product"}],"replies":[{"embeddable":true,"href":"https:\/\/agoravape.com\/pl\/wp-json\/wp\/v2\/comments?post=12538"}],"version-history":[{"count":0,"href":"https:\/\/agoravape.com\/pl\/wp-json\/wp\/v2\/product\/12538\/revisions"}],"wp:featuredmedia":[{"embeddable":true,"href":"https:\/\/agoravape.com\/pl\/wp-json\/wp\/v2\/media\/12571"}],"wp:attachment":[{"href":"https:\/\/agoravape.com\/pl\/wp-json\/wp\/v2\/media?parent=12538"}],"wp:term":[{"taxonomy":"product_brand","embeddable":true,"href":"https:\/\/agoravape.com\/pl\/wp-json\/wp\/v2\/product_brand?post=12538"},{"taxonomy":"product_cat","embeddable":true,"href":"https:\/\/agoravape.com\/pl\/wp-json\/wp\/v2\/product_cat?post=12538"},{"taxonomy":"product_tag","embeddable":true,"href":"https:\/\/agoravape.com\/pl\/wp-json\/wp\/v2\/product_tag?post=12538"}],"curies":[{"name":"wp","href":"https:\/\/api.w.org\/{rel}","templated":true}]}}