{"id":12594,"date":"2025-10-10T10:01:20","date_gmt":"2025-10-10T02:01:20","guid":{"rendered":"https:\/\/green-grasshopper-921422.hostingersite.com\/?post_type=product&#038;p=12594"},"modified":"2026-01-15T19:41:29","modified_gmt":"2026-01-15T11:41:29","slug":"vapme-shisha-hookah-15000-puffow-dtl-vape","status":"publish","type":"product","link":"https:\/\/agoravape.com\/pl\/product\/vapme-shisha-hookah-15000-puffs-dtl-vape\/","title":{"rendered":"Shisha Hookah Vapme 15000 zaci\u0105gni\u0119\u0107 DTL Vape | \u0141atwe wapowanie DTL o du\u017cej pojemno\u015bci"},"content":{"rendered":"<h2 data-v-md-heading=\"what-are-the-advantages-of-vapme-shisha-hookah-15000-dtl-vapes\" data-v-md-line=\"3\"><img loading=\"lazy\" decoding=\"async\" class=\"aligncenter size-full wp-image-12616\" src=\"https:\/\/agoravape.com\/wp-content\/uploads\/2025\/10\/Vapme-Shisha-Hookah-15000-Puffs-DTL-Vape_Agora_vape-1-scaled.webp\" alt=\"\" width=\"2560\" height=\"1707\" srcset=\"https:\/\/agoravape.com\/wp-content\/uploads\/2025\/10\/Vapme-Shisha-Hookah-15000-Puffs-DTL-Vape_Agora_vape-1-scaled.webp 2560w, https:\/\/agoravape.com\/wp-content\/uploads\/2025\/10\/Vapme-Shisha-Hookah-15000-Puffs-DTL-Vape_Agora_vape-1-scaled-1200x800.webp 1200w\" sizes=\"auto, (max-width: 2560px) 100vw, 2560px\" \/><\/h2>\n<h2 data-v-md-heading=\"what-are-the-advantages-of-vapme-shisha-hookah-15000-dtl-vapes\" data-v-md-line=\"3\">Jakie s\u0105 zalety Vapme Shisha Hookah 15000 DTL Vapes?<\/h2>\n<p data-v-md-line=\"4\">Je\u015bli jeste\u015b zm\u0119czony wymian\u0105 jednorazowego e-liquidu co kilka dni, ten produkt u\u0142atwi Ci \u017cycie. Vapme Shisha Hookah 15000 to jednorazowy e-liquid DTL o du\u017cej pojemno\u015bci, przeznaczony do d\u0142ugotrwa\u0142ego u\u017cytkowania, o stabilnym smaku i bez k\u0142opot\u00f3w.<\/p>\n<p data-v-md-line=\"6\">Jest odpowiedni dla ka\u017cdego, kto chce do\u015bwiadczy\u0107 dymu w stylu fajki wodnej, \u0142atwo wdycha\u0107 i utrzymywa\u0107 stabilny smak od pierwszego do ostatniego k\u0119sa. Mo\u017cna by pomy\u015ble\u0107, \u017ce waporyzatory o tej pojemno\u015bci b\u0119d\u0105 mia\u0142y l\u017cejszy smak po tygodniu u\u017cytkowania, ale cewka siatkowa mo\u017ce utrzyma\u0107 czysty i mocny smak.<\/p>\n<h2 data-v-md-heading=\"excellent-performance-worry-free\" data-v-md-line=\"8\">Doskona\u0142a wydajno\u015b\u0107, bez obaw<\/h2>\n<p data-v-md-line=\"9\">Vapme jest wyposa\u017cony w cewk\u0119 siatkow\u0105 0,6 \u03a9 i 25 ml wst\u0119pnie zainstalowanego e-cieczy, dzi\u0119ki czemu ka\u017cde zaci\u0105gni\u0119cie jest g\u0142adkie i pe\u0142ne. Bateria o pojemno\u015bci 850 mAh mo\u017ce by\u0107 \u0142adowana przez z\u0142\u0105cze Type-C, dzi\u0119ki czemu mo\u017cna naprawd\u0119 wykorzysta\u0107 zakupion\u0105 moc bez marnowania po\u0142owy pude\u0142ka baterii. Gdy bateria si\u0119 wyczerpie, mo\u017cna j\u0105 na\u0142adowa\u0107 za pomoc\u0105 tego samego kabla do transmisji danych, co telefon. To proste.<\/p>\n<h2 data-v-md-heading=\"specification-introduction\" data-v-md-line=\"11\">Wprowadzenie do specyfikacji<\/h2>\n<ul data-v-md-line=\"12\">\n<li>Cz\u0119stotliwo\u015b\u0107 ssania: do 15000 razy<\/li>\n<li>Zawarto\u015b\u0107 nikotyny: 0% i 2%<\/li>\n<li>Metoda palenia: aspiracja do p\u0142uc (DTL)<\/li>\n<li>Rdze\u0144 rozpylaj\u0105cy: oczko 0,6 \u03a9<\/li>\n<li>Pojemno\u015b\u0107 e-liquidu: 25 mililitr\u00f3w<\/li>\n<li>Bateria: akumulator o pojemno\u015bci 850 mAh<\/li>\n<li>\u0141adowanie: Standardowy interfejs USB typu C<\/li>\n<li>Status: Gotowy do u\u017cycia po rozpakowaniu<\/li>\n<\/ul>\n<h2 data-v-md-heading=\"full-range-of-flavors\" data-v-md-line=\"21\">Pe\u0142na gama smak\u00f3w<\/h2>\n<ul data-v-md-line=\"22\">\n<li>Mro\u017cone jagody<\/li>\n<li>Kiwi, marakuja, guawa<\/li>\n<li>Woda jagodowo-cytrynowa<\/li>\n<li>Truskawka kiwi<\/li>\n<li>Mieszane jagody<\/li>\n<li>Truskawka arbuz<\/li>\n<li>Lody winogronowe<\/li>\n<li>Arbuzowy l\u00f3d<\/li>\n<li>Brzoskwinia Mang Ananas<\/li>\n<li>Truskawkowy l\u00f3d<\/li>\n<li>Brzoskwiniowy l\u00f3d<\/li>\n<li>Mango i banan<\/li>\n<li>Cherry Berry<\/li>\n<li>Bor\u00f3wki i maliny<\/li>\n<li>Mi\u0142o\u015b\u0107 66<\/li>\n<li>Arbuzowa krowa<\/li>\n<li>Winogrona truskawkowe<\/li>\n<li>Cukierki truskawkowo-malinowe<\/li>\n<li>Mamba<\/li>\n<li>Arbuz wi\u015bnia<\/li>\n<li>Mro\u017cone jab\u0142ka<\/li>\n<li>Cytryna jako<\/li>\n<li>L\u00f3d z czarnej porzeczki<\/li>\n<li>Ananasowy koktajl mleczny<\/li>\n<\/ul>\n<h2 data-v-md-heading=\"for-you-and-for-your-business-as-well\" data-v-md-line=\"47\">Dla Ciebie i dla Twojej firmy<\/h2>\n<p data-v-md-line=\"48\">Je\u015bli potrzebujesz trwa\u0142ej jednorazowej fajki wodnej DTL o znanym smaku fajki wodnej, mo\u017cesz kupi\u0107 Vapme Shisha Hookah 15000 do u\u017cytku osobistego. Je\u015bli jeste\u015b sprzedawc\u0105 detalicznym lub kupuj\u0105cym, mo\u017cesz kupi\u0107 hurtowe pude\u0142ka po 200 sztuk w pude\u0142ku.<\/p>\n<p data-v-md-line=\"50\">Korzystamy z us\u0142ug zaufanych partner\u00f3w, takich jak UPS, DPD i DHL, aby wysy\u0142a\u0107 produkty do Europy za po\u015brednictwem DDP, dzi\u0119ki czemu taryfy mog\u0105 by\u0107 przetwarzane z wyprzedzeniem, aby unikn\u0105\u0107 nieoczekiwanych sytuacji celnych. Je\u015bli chcesz okre\u015bli\u0107 tras\u0119 lub wysy\u0142a\u0107 partiami do r\u00f3\u017cnych sklep\u00f3w, mo\u017cemy to r\u00f3wnie\u017c dla Ciebie zorganizowa\u0107.<\/p>\n<p data-v-md-line=\"52\">O\u015bwiadczenie o zgodno\u015bci: Pojemno\u015b\u0107 tego urz\u0105dzenia wynosi 25 mililitr\u00f3w, przekraczaj\u0105c limit TPD wynosz\u0105cy 2 mililitry dla wst\u0119pnie zapakowanych vapes. W wi\u0119kszo\u015bci kraj\u00f3w\/region\u00f3w UE zwykle nie jest to zgodne z przepisami TPD dotycz\u0105cymi sprzeda\u017cy detalicznej. Przed importem lub sprzeda\u017c\u0105 nale\u017cy sprawdzi\u0107 lokalne przepisy.<\/p>\n<h2 data-v-md-heading=\"why-do-you-like-it\" data-v-md-line=\"54\">Dlaczego to lubisz?<\/h2>\n<ul data-v-md-line=\"55\">\n<li>Bardzo du\u017ca pojemno\u015b\u0107: do 15000 port\u00f3w, co oznacza mniej powt\u00f3rnych zakup\u00f3w i k\u0142opot\u00f3w.<\/li>\n<li>Wyb\u00f3r zawarto\u015bci nikotyny: Wybierz 0% lub 2% w zale\u017cno\u015bci od preferencji<\/li>\n<li>Mo\u017cliwo\u015b\u0107 \u0142adowania: \u0141adowanie typu C, u\u0142atwiaj\u0105ce uzupe\u0142nianie e-liquidu<\/li>\n<li>Siatkowa cewka: P\u0142ynne ssanie DTL, jednolity smak<\/li>\n<\/ul>\n<h2 data-v-md-heading=\"why-choose-to-collaborate-with-agoravape\" data-v-md-line=\"60\">Dlaczego warto zdecydowa\u0107 si\u0119 na wsp\u00f3\u0142prac\u0119 z AgoraVape?<\/h2>\n<p data-v-md-line=\"61\">Dostarczamy tylko oryginalne produkty 100% ze sprawdzonych kana\u0142\u00f3w, aby zapewni\u0107, \u017ce za ka\u017cdym razem mo\u017cesz kupi\u0107 oryginalne produkty. Nasi klienci B2B mog\u0105 cieszy\u0107 si\u0119 wysoce konkurencyjnymi cenami hurtowymi, niezawodnymi us\u0142ugami dostawy DDP na terenie Europy oraz szybkim wsparciem ze strony profesjonalist\u00f3w, kt\u00f3rzy naprawd\u0119 rozumiej\u0105 produkt. Je\u015bli chcesz doda\u0107 produkty Vapme Shisha Hookah 15000 DTL do swojej linii produkt\u00f3w, skontaktuj si\u0119 z nami natychmiast, a my pomo\u017cemy Ci wybra\u0107 najlepiej sprzedaj\u0105c\u0105 si\u0119 kombinacj\u0119 smak\u00f3w.<\/p>\n<p data-v-md-line=\"63\">Produkt ma ograniczenie wiekowe. Tylko dla os\u00f3b powy\u017cej 18 roku \u017cycia.<\/p>","protected":false},"excerpt":{"rendered":"<p>What are the advantages of Vapme Shisha Hookah 15000 DTL Vapes? If you\u2019re tired of changing disposable e-liquid every few<\/p>","protected":false},"featured_media":12627,"comment_status":"open","ping_status":"closed","template":"","meta":[],"product_brand":[204],"product_cat":[124,187,185,1635,189,176,177,174,175,193,191,179,173,186,180,190,131],"product_tag":[],"class_list":{"0":"post-12594","1":"product","2":"type-product","3":"status-publish","4":"has-post-thumbnail","6":"product_brand-vapme","7":"product_cat-vape-by-brand","8":"product_cat-0mg-nicotine-free-vapes","9":"product_cat-10000-puffs-high-capacity","10":"product_cat-15000-puffs","11":"product_cat-20mg-standard-nicotine-vapes","12":"product_cat-beverage","13":"product_cat-dessert-sweets","14":"product_cat-fruit-flavors","15":"product_cat-icy-mint","16":"product_cat-mesh-coil","17":"product_cat-rechargeable-disposables","18":"product_cat-unique-blends","19":"product_cat-vape-by-flavor-profile","20":"product_cat-vape-by-nicotine-strength","21":"product_cat-vape-by-puff-count","22":"product_cat-vape-by-feature-or-type","23":"product_cat-vapme","25":"first","26":"instock","27":"shipping-taxable","28":"purchasable","29":"product-type-variable","30":"has-default-attributes"},"tiered_pricing_type":"percentage","tiered_pricing_fixed_rules":[],"tiered_pricing_product_settings":{"layout":"default","base_unit_name":{"singular":null,"plural":null},"default_variation":null},"tiered_pricing_minimum_quantity":10,"tiered_pricing_roles_data":[],"tiered_pricing_percentage_rules":{"50":"35","100":"40","200":"44","500":"47","1000":"49"},"tiered_pricing_maximum_quantity":null,"tiered_pricing_quantity_step":"10","_links":{"self":[{"href":"https:\/\/agoravape.com\/pl\/wp-json\/wp\/v2\/product\/12594","targetHints":{"allow":["GET"]}}],"collection":[{"href":"https:\/\/agoravape.com\/pl\/wp-json\/wp\/v2\/product"}],"about":[{"href":"https:\/\/agoravape.com\/pl\/wp-json\/wp\/v2\/types\/product"}],"replies":[{"embeddable":true,"href":"https:\/\/agoravape.com\/pl\/wp-json\/wp\/v2\/comments?post=12594"}],"version-history":[{"count":0,"href":"https:\/\/agoravape.com\/pl\/wp-json\/wp\/v2\/product\/12594\/revisions"}],"wp:featuredmedia":[{"embeddable":true,"href":"https:\/\/agoravape.com\/pl\/wp-json\/wp\/v2\/media\/12627"}],"wp:attachment":[{"href":"https:\/\/agoravape.com\/pl\/wp-json\/wp\/v2\/media?parent=12594"}],"wp:term":[{"taxonomy":"product_brand","embeddable":true,"href":"https:\/\/agoravape.com\/pl\/wp-json\/wp\/v2\/product_brand?post=12594"},{"taxonomy":"product_cat","embeddable":true,"href":"https:\/\/agoravape.com\/pl\/wp-json\/wp\/v2\/product_cat?post=12594"},{"taxonomy":"product_tag","embeddable":true,"href":"https:\/\/agoravape.com\/pl\/wp-json\/wp\/v2\/product_tag?post=12594"}],"curies":[{"name":"wp","href":"https:\/\/api.w.org\/{rel}","templated":true}]}}