{"id":12654,"date":"2025-10-10T10:30:53","date_gmt":"2025-10-10T02:30:53","guid":{"rendered":"https:\/\/green-grasshopper-921422.hostingersite.com\/?post_type=product&#038;p=12654"},"modified":"2026-03-26T13:22:25","modified_gmt":"2026-03-26T12:22:25","slug":"vapme-digital-12000-puff-wyswietlacz-vape","status":"publish","type":"product","link":"https:\/\/agoravape.com\/pl\/product\/vapme-digital-12000-puffs-display-vape\/","title":{"rendered":"Vapme Digital 12000 zaci\u0105gni\u0119\u0107, cyfrowy wy\u015bwietlacz, waporyzator | Trwa\u0142y smak, prosty w obs\u0142udze"},"content":{"rendered":"<h2 data-v-md-heading=\"what-are-the-highlights-of-vapme-digital-12000-digital-vapes\" data-v-md-line=\"3\">Jakie s\u0105 najwa\u017cniejsze cechy waporyzatora cyfrowego Vapme Digital 12000?<\/h2>\n<p data-v-md-line=\"4\">Je\u015bli jeste\u015b zm\u0119czony jednorazowymi waporyzatorami, kt\u00f3re s\u0105 z\u0142omowane w po\u0142owie tygodnia, ten produkt jest zdecydowanie warty uwagi. Vapme Digital 12000 ma du\u017c\u0105 pojemno\u015b\u0107 20 ml e-liquidu, wyposa\u017cony jest w akumulator 850 mAh i czytelny cyfrowy wy\u015bwietlacz, kt\u00f3ry mo\u017ce jednocze\u015bnie wy\u015bwietla\u0107 poziom na\u0142adowania baterii i e-liquidu. Nie trzeba zgadywa\u0107, \u0142atwo i wygodnie.<\/p>\n<p data-v-md-line=\"6\">Je\u015bli zale\u017cy Ci na niezawodnym, smacznym i skutecznym wapowaniu, ten produkt jest idealnym wyborem. W zale\u017cno\u015bci od nawyk\u00f3w zwi\u0105zanych z wch\u0142anianiem oleju i codziennym u\u017cytkowaniem, mo\u017cna uzyska\u0107 do 12000 zaci\u0105gni\u0119\u0107. Mo\u017cna by pomy\u015ble\u0107, \u017ce posiadanie waporyzatora o tak du\u017cej pojemno\u015bci b\u0119dzie niepor\u0119czne, ale produkt ten jest zaskakuj\u0105co przyst\u0119pny cenowo.<\/p>\n<h2 data-v-md-heading=\"excellent-performance-easy-and-convenient\" data-v-md-line=\"8\">Doskona\u0142a wydajno\u015b\u0107, \u0142atwo\u015b\u0107 i wygoda<\/h2>\n<p data-v-md-line=\"9\">Rdze\u0144 Vapme Digital 12000 przyjmuje siatkowy rdze\u0144 atomizuj\u0105cy 1,0 \u03a9, zapewniaj\u0105c, \u017ce ka\u017cdy k\u0119s jest tak pyszny, jak pierwsze zaci\u0105gni\u0119cie. P\u0142ynne zasysanie i jednolity smak w ca\u0142ym atomizerze. Gdy bateria jest roz\u0142adowana, mo\u017cna j\u0105 na\u0142adowa\u0107 za pomoc\u0105 interfejsu typu C, a kabel do \u0142adowania mo\u017ce by\u0107 taki sam jak kabel do \u0142adowania telefonu. Prosty i wygodny.<\/p>\n<h2 data-v-md-heading=\"specification-introduction\" data-v-md-line=\"11\">Wprowadzenie do specyfikacji<\/h2>\n<ul data-v-md-line=\"12\">\n<li>Cz\u0119stotliwo\u015b\u0107 ssania: do 12000 razy<\/li>\n<li>Zawarto\u015b\u0107 nikotyny: 0%, 2%, 3% lub 5%<\/li>\n<li>Zasada dzia\u0142ania: Aktywacja jednym zaci\u0105gni\u0119ciem<\/li>\n<li>\u0141adowanie: Standardowy interfejs USB typu C<\/li>\n<li>Status: Gotowy do u\u017cycia od razu po wyj\u0119ciu z pude\u0142ka<\/li>\n<\/ul>\n<h2 data-v-md-heading=\"full-range-of-flavors\" data-v-md-line=\"18\">Pe\u0142na gama smak\u00f3w<\/h2>\n<ul data-v-md-line=\"19\">\n<li>Woda jagodowo-cytrynowa<\/li>\n<li>Truskawka arbuz<\/li>\n<li>Arbuzowy l\u00f3d<\/li>\n<li>Brzoskwiniowy l\u00f3d<\/li>\n<li>Mieszane jagody<\/li>\n<li>Mango, brzoskwinia, ananas<\/li>\n<li>Truskawkowy l\u00f3d<\/li>\n<li>Cherry Cola<\/li>\n<li>Lody winogronowe<\/li>\n<li>Bor\u00f3wki i maliny<\/li>\n<li>Wi\u015bniowy l\u00f3d<\/li>\n<li>L\u00f3d truskawkowy z kiwi<\/li>\n<li>Kiwi, marakuja, guawa<\/li>\n<li>Binji z owoc\u00f3w tropikalnych<\/li>\n<li>L\u00f3d truskawkowo-bananowy<\/li>\n<li>Apple Berry Ice<\/li>\n<li>Truskawkowy l\u00f3d ze smoczych owoc\u00f3w<\/li>\n<li>L\u00f3d brzoskwiniowy i jagodowy<\/li>\n<li>L\u00f3d brzoskwiniowy i mango<\/li>\n<li>L\u00f3d mentolowy<\/li>\n<\/ul>\n<h2 data-v-md-heading=\"for-you-and-your-business\" data-v-md-line=\"40\">Dla Ciebie i Twojego biznesu<\/h2>\n<p data-v-md-line=\"41\">Mo\u017cesz kupi\u0107 pakiet Vapme Digital 12000 do u\u017cytku osobistego lub zaopatrzy\u0107 sw\u00f3j sklep. Hurtowe pude\u0142ka kartonowe po 200 sztuk w pude\u0142ku, dzi\u0119ki czemu mo\u017cna \u0142atwo zaplanowa\u0107 zapasy i utrzyma\u0107 p\u00f3\u0142ki w pe\u0142ni za\u0142adowane.<\/p>\n<p data-v-md-line=\"43\">Wysy\u0142amy za po\u015brednictwem zaufanych partner\u00f3w, takich jak UPS, DPD i DHL w DDP w ca\u0142ej Europie, dzi\u0119ki czemu Twoje zam\u00f3wienie mo\u017ce zosta\u0107 dostarczone szybko, a odprawa celna nie spowoduje \u017cadnych wypadk\u00f3w. Przepisy dotycz\u0105ce jednorazowych waporyzator\u00f3w o du\u017cej pojemno\u015bci r\u00f3\u017cni\u0105 si\u0119 w zale\u017cno\u015bci od kraju\/regionu, dlatego przed z\u0142o\u017ceniem zam\u00f3wienia nale\u017cy sprawdzi\u0107 lokalne przepisy lub skontaktowa\u0107 si\u0119 z nami w celu uzyskania wskaz\u00f3wek.<\/p>\n<h2 data-v-md-heading=\"why-do-you-like-it\" data-v-md-line=\"45\">Dlaczego to lubisz?<\/h2>\n<ul data-v-md-line=\"46\">\n<li>Du\u017ca si\u0142a ss\u0105ca: d\u0142u\u017cszy czas u\u017cytkowania, dzi\u0119ki czemu nie trzeba cz\u0119sto kupowa\u0107 nowych.<\/li>\n<li>Wyb\u00f3r nikotyny: Wybierz st\u0119\u017cenie odpowiednie do codziennego u\u017cytku.<\/li>\n<li>Akumulator: U\u017cywasz wszystkich zakupionych e-liquid\u00f3w.<\/li>\n<li>Siatkowa cewka: Zapewnia jednolity smak i p\u0142ynne ssanie za ka\u017cdym razem.<\/li>\n<li>Cyfrowy wy\u015bwietlacz: Zapewnia wyra\u017any widok baterii i e-cieczy, informuj\u0105c u\u017cytkownika o aktualnym stanie przez ca\u0142y czas.<\/li>\n<\/ul>\n<h2 data-v-md-heading=\"why-choose-agoravape\" data-v-md-line=\"52\">Dlaczego warto wybra\u0107 AgoraVape?<\/h2>\n<p data-v-md-line=\"53\">Sprzedajemy wy\u0142\u0105cznie oryginalne produkty 100% i gwarantujemy jako\u015b\u0107 wysy\u0142anych produkt\u00f3w. Klienci korporacyjni mog\u0105 cieszy\u0107 si\u0119 wysoce konkurencyjnymi cenami hurtowymi, elastycznym wsparciem oraz szybkimi, identyfikowalnymi i poufnymi us\u0142ugami dostawy. Zapewniamy bezpieczne metody p\u0142atno\u015bci, a w razie jakichkolwiek problem\u00f3w nasza wygodna polityka zwrot\u00f3w u\u0142atwia obs\u0142ug\u0119.<\/p>\n<p data-v-md-line=\"55\">Czy jeste\u015b gotowy, aby kupi\u0107 Vapme Digital 12000 online w Europie lub przechowywa\u0107 go w swoim sklepie? Skontaktuj si\u0119 z nami, a pomo\u017cemy Ci wybra\u0107 odpowiedni smak i st\u0119\u017cenie nikotyny dla Twoich klient\u00f3w.<\/p>","protected":false},"excerpt":{"rendered":"<p>What are the highlights of Vapme Digital 12000 digital vapes? If you are tired of disposable vapes that are scrapped<\/p>","protected":false},"featured_media":12680,"comment_status":"open","ping_status":"closed","template":"","meta":[],"product_brand":[204],"product_cat":[124,187,185,1634,189,176,174,175,193,191,173,186,180,190,192,131],"product_tag":[],"class_list":{"0":"post-12654","1":"product","2":"type-product","3":"status-publish","4":"has-post-thumbnail","6":"product_brand-vapme","7":"product_cat-vape-by-brand","8":"product_cat-0mg-nicotine-free-vapes","9":"product_cat-10000-puffs-high-capacity","10":"product_cat-12000-puffs","11":"product_cat-20mg-standard-nicotine-vapes","12":"product_cat-beverage","13":"product_cat-fruit-flavors","14":"product_cat-icy-mint","15":"product_cat-mesh-coil","16":"product_cat-rechargeable-disposables","17":"product_cat-vape-by-flavor-profile","18":"product_cat-vape-by-nicotine-strength","19":"product_cat-vape-by-puff-count","20":"product_cat-vape-by-feature-or-type","21":"product_cat-vapes-with-screens","22":"product_cat-vapme","24":"first","25":"onbackorder","26":"shipping-taxable","27":"purchasable","28":"product-type-variable","29":"has-default-attributes"},"tiered_pricing_type":"percentage","tiered_pricing_fixed_rules":[],"tiered_pricing_product_settings":{"layout":"default","base_unit_name":{"singular":null,"plural":null},"default_variation":null},"tiered_pricing_minimum_quantity":10,"tiered_pricing_roles_data":[],"tiered_pricing_percentage_rules":{"50":"35","100":"40","200":"44","500":"47","1000":"49"},"tiered_pricing_maximum_quantity":null,"tiered_pricing_quantity_step":"10","_links":{"self":[{"href":"https:\/\/agoravape.com\/pl\/wp-json\/wp\/v2\/product\/12654","targetHints":{"allow":["GET"]}}],"collection":[{"href":"https:\/\/agoravape.com\/pl\/wp-json\/wp\/v2\/product"}],"about":[{"href":"https:\/\/agoravape.com\/pl\/wp-json\/wp\/v2\/types\/product"}],"replies":[{"embeddable":true,"href":"https:\/\/agoravape.com\/pl\/wp-json\/wp\/v2\/comments?post=12654"}],"version-history":[{"count":0,"href":"https:\/\/agoravape.com\/pl\/wp-json\/wp\/v2\/product\/12654\/revisions"}],"wp:featuredmedia":[{"embeddable":true,"href":"https:\/\/agoravape.com\/pl\/wp-json\/wp\/v2\/media\/12680"}],"wp:attachment":[{"href":"https:\/\/agoravape.com\/pl\/wp-json\/wp\/v2\/media?parent=12654"}],"wp:term":[{"taxonomy":"product_brand","embeddable":true,"href":"https:\/\/agoravape.com\/pl\/wp-json\/wp\/v2\/product_brand?post=12654"},{"taxonomy":"product_cat","embeddable":true,"href":"https:\/\/agoravape.com\/pl\/wp-json\/wp\/v2\/product_cat?post=12654"},{"taxonomy":"product_tag","embeddable":true,"href":"https:\/\/agoravape.com\/pl\/wp-json\/wp\/v2\/product_tag?post=12654"}],"curies":[{"name":"wp","href":"https:\/\/api.w.org\/{rel}","templated":true}]}}