{"id":12712,"date":"2025-10-10T11:23:40","date_gmt":"2025-10-10T03:23:40","guid":{"rendered":"https:\/\/green-grasshopper-921422.hostingersite.com\/?post_type=product&#038;p=12712"},"modified":"2026-03-26T13:22:25","modified_gmt":"2026-03-26T12:22:25","slug":"vapme-monster-16000-puffow-vape","status":"publish","type":"product","link":"https:\/\/agoravape.com\/pl\/product\/vapme-monster-16000-puffs-vape\/","title":{"rendered":"Vapme Monster 16000 Puffs Mesh Coil Jednorazowy Vape | Du\u017ce zaci\u0105gni\u0119cia, czysty smak, zero zamieszania"},"content":{"rendered":"<h2 data-v-md-heading=\"what-about-the-vapme-monster-16000-mesh-coil-disposable-vape\" data-v-md-line=\"3\"><img loading=\"lazy\" decoding=\"async\" class=\"aligncenter size-full wp-image-12734\" src=\"https:\/\/agoravape.com\/wp-content\/uploads\/2025\/10\/Vapme-Monster-16000-Puffs-Mesh-Coil-Disposable-Vape_Agora_vape-1-scaled.webp\" alt=\"\" width=\"2560\" height=\"1937\" srcset=\"https:\/\/agoravape.com\/wp-content\/uploads\/2025\/10\/Vapme-Monster-16000-Puffs-Mesh-Coil-Disposable-Vape_Agora_vape-1-scaled.webp 2560w, https:\/\/agoravape.com\/wp-content\/uploads\/2025\/10\/Vapme-Monster-16000-Puffs-Mesh-Coil-Disposable-Vape_Agora_vape-1-scaled-1200x908.webp 1200w, https:\/\/agoravape.com\/wp-content\/uploads\/2025\/10\/Vapme-Monster-16000-Puffs-Mesh-Coil-Disposable-Vape_Agora_vape-1-300x227.webp 300w, https:\/\/agoravape.com\/wp-content\/uploads\/2025\/10\/Vapme-Monster-16000-Puffs-Mesh-Coil-Disposable-Vape_Agora_vape-1-1024x775.webp 1024w, https:\/\/agoravape.com\/wp-content\/uploads\/2025\/10\/Vapme-Monster-16000-Puffs-Mesh-Coil-Disposable-Vape_Agora_vape-1-768x581.webp 768w, https:\/\/agoravape.com\/wp-content\/uploads\/2025\/10\/Vapme-Monster-16000-Puffs-Mesh-Coil-Disposable-Vape_Agora_vape-1-1536x1162.webp 1536w, https:\/\/agoravape.com\/wp-content\/uploads\/2025\/10\/Vapme-Monster-16000-Puffs-Mesh-Coil-Disposable-Vape_Agora_vape-1-2048x1550.webp 2048w\" sizes=\"auto, (max-width: 2560px) 100vw, 2560px\" \/><\/h2>\n<h2 data-v-md-heading=\"what-about-the-vapme-monster-16000-mesh-coil-disposable-vape\" data-v-md-line=\"3\">A co z jednorazowym vape Vapme Monster 16000 mesh coil?<\/h2>\n<p data-v-md-line=\"4\">Je\u015bli jeste\u015b zm\u0119czony zmienianiem waporyzatora co kilka dni, to ten vape z pewno\u015bci\u0105 sprawi, \u017ce poczujesz si\u0119 od\u015bwie\u017cony. Vapme Monster ma d\u0142ug\u0105 \u017cywotno\u015b\u0107 baterii i g\u0142adk\u0105 konsystencj\u0119, kt\u00f3ra nie zniknie w po\u0142owie drogi.<\/p>\n<p data-v-md-line=\"6\">Jest odpowiedni dla ka\u017cdego, kto chce niezawodnego i pysznego jednorazowego waporyzatora bez martwienia si\u0119 o regulacj\u0119 ustawie\u0144. Wystarczy wybra\u0107 smak i zawarto\u015b\u0107 nikotyny, a nast\u0119pnie mo\u017cna zacz\u0105\u0107 cieszy\u0107 si\u0119 wspania\u0142ym dniem. Mo\u017cna pomy\u015ble\u0107, \u017ce posiadanie tak wielu vape b\u0119dzie niepor\u0119czne, ale mo\u017cna je \u0142atwo nosi\u0107 w kieszeni.<\/p>\n<h2 data-v-md-heading=\"excellent-performance-easy-and-convenient\" data-v-md-line=\"8\">Doskona\u0142a wydajno\u015b\u0107, \u0142atwo\u015b\u0107 i wygoda<\/h2>\n<p data-v-md-line=\"9\">Siatkowa cewka 0,8 \u03a9 ponosi du\u017c\u0105 odpowiedzialno\u015b\u0107. Mo\u017ce ona r\u00f3wnomiernie podgrzewa\u0107 e-ciecz, sprawiaj\u0105c, \u017ce ka\u017cdy k\u0119s jest r\u00f3wnie pyszny jak pierwszy. Gdy bateria jest roz\u0142adowana, nie trzeba jej wyrzuca\u0107. Mo\u017cna j\u0105 \u0142adowa\u0107 przez port Type-C i nadal korzysta\u0107 z tego samego kabla do transmisji danych, kt\u00f3ry mo\u017ce by\u0107 u\u017cywany w telefonie. Prosty i \u0142atwy do wdro\u017cenia.<\/p>\n<h2 data-v-md-heading=\"specification-introduction\" data-v-md-line=\"11\">Wprowadzenie do specyfikacji<\/h2>\n<ul data-v-md-line=\"12\">\n<li>Cz\u0119stotliwo\u015b\u0107 ssania: do 16000 razy<\/li>\n<li>Zawarto\u015b\u0107 nikotyny: 0%\/2%\/3%\/5%<\/li>\n<li>Zasada dzia\u0142ania: Aktywowany przez wdychanie<\/li>\n<li>\u0141adowanie: Standardowy interfejs USB typu C<\/li>\n<li>Pojemno\u015b\u0107 e-liquidu: 26 mililitr\u00f3w<\/li>\n<li>Rdze\u0144 rozpylaj\u0105cy: oczko 0,8 \u03a9<\/li>\n<li>Bateria: akumulator o pojemno\u015bci 850 mAh<\/li>\n<li>Status: Gotowy do u\u017cycia po rozpakowaniu<\/li>\n<\/ul>\n<h2 data-v-md-heading=\"full-range-of-flavors\" data-v-md-line=\"21\">Pe\u0142na gama smak\u00f3w<\/h2>\n<ul data-v-md-line=\"22\">\n<li>Mro\u017cona woda cytrynowa z jagodami<\/li>\n<li>Brzoskwiniowy l\u00f3d<\/li>\n<li>Arbuzowy l\u00f3d<\/li>\n<li>Bor\u00f3wki i maliny<\/li>\n<li>Wi\u015bniowy l\u00f3d<\/li>\n<li>Truskawkowy l\u00f3d<\/li>\n<li>Truskawka arbuz<\/li>\n<li>Mieszane jagody<\/li>\n<li>Truskawka kiwi<\/li>\n<li>Kiwi, marakuja, guawa<\/li>\n<li>Jagodowy Red Bull<\/li>\n<li>Brzoskwinia, mango, ananas<\/li>\n<\/ul>\n<h2 data-v-md-heading=\"for-you-and-your-business\" data-v-md-line=\"35\">Dla Ciebie i Twojego biznesu<\/h2>\n<p data-v-md-line=\"36\">Zakup dla siebie, \u0142atwy i wygodny. Wybierz preferowany smak i st\u0119\u017cenie, aby cieszy\u0107 si\u0119 d\u0142ugotrwa\u0142ym doznaniem vape bez potrzeby k\u0142opot\u00f3w. Akumulatory pozwalaj\u0105 w pe\u0142ni cieszy\u0107 si\u0119 26 mililitrami e-liquidu bez marnowania go.<\/p>\n<p data-v-md-line=\"38\">Prowadzisz sklep stacjonarny lub internetowy? Oferujemy hurtowe pude\u0142ka po 200 sztuk w celu efektywnego magazynowania. Wsp\u00f3\u0142pracujemy z zaufanymi partnerami, takimi jak UPS, DPD i DHL, aby korzysta\u0107 z dostawy DDP, dzi\u0119ki czemu taryfy i podatki mog\u0105 by\u0107 przetwarzane z wyprzedzeniem. Nie musisz martwi\u0107 si\u0119 o wypadki celne, transport w Europie mo\u017ce by\u0107 w pe\u0142ni \u015bledzony. Przed odsprzeda\u017c\u0105 nale\u017cy sprawdzi\u0107 lokalne przepisy.<\/p>\n<h2 data-v-md-heading=\"why-do-you-like-it\" data-v-md-line=\"40\">Dlaczego to lubisz?<\/h2>\n<ul data-v-md-line=\"41\">\n<li>Wiele cykli ssania: Trwa\u0142y i d\u0142ugowieczny, nie wymaga cz\u0119stej wymiany.<\/li>\n<li>Wyb\u00f3r zawarto\u015bci nikotyny: Wybierz st\u0119\u017cenie nikotyny 0%, 2%, 3% lub 5% w oparciu o swoje nawyki vape.<\/li>\n<li>Mo\u017cliwo\u015b\u0107 wielokrotnego \u0142adowania: Mo\u017cesz u\u017cy\u0107 wszystkich zakupionych e-liquid\u00f3w na raz bez wyrzucania w po\u0142owie zu\u017cytych urz\u0105dze\u0144.<\/li>\n<li>Siatkowa cewka: Od pierwszego do ostatniego \u0142yka, smak pozostaje sp\u00f3jny i g\u0142adki.<\/li>\n<li>Interfejs typu C jest wygodny: mo\u017cna szybko na\u0142adowa\u0107 urz\u0105dzenie za pomoc\u0105 istniej\u0105cego kabla do transmisji danych.<\/li>\n<\/ul>\n<h2 data-v-md-heading=\"why-collaborate-with-agoravape\" data-v-md-line=\"47\">Dlaczego warto wsp\u00f3\u0142pracowa\u0107 z AgoraVape?<\/h2>\n<p data-v-md-line=\"48\">Sprzedajemy tylko oryginalne produkty 100% i gwarantujemy bezpieczn\u0105 wysy\u0142k\u0119. Klienci B2B, kt\u00f3rzy kupuj\u0105 jednorazowe waporyzatory Vapme Monster 16000 mesh coil, mog\u0105 cieszy\u0107 si\u0119 obni\u017conymi cenami hurtowymi, niezawodn\u0105 obs\u0142ug\u0105 klienta i szybk\u0105 logistyk\u0105 przyjazn\u0105 dla UE. Czy chcesz zarezerwowa\u0107 jednorazowe waporyzatory dla swoich klient\u00f3w, aby mogli je kupowa\u0107 jako stali klienci? Skontaktuj si\u0119 z nami, a my zorganizujemy to dla Ciebie.<\/p>\n<p data-v-md-line=\"50\">Uwaga: Liczba zaci\u0105gni\u0119\u0107 na sesj\u0119 mo\u017ce si\u0119 r\u00f3\u017cni\u0107 w zale\u017cno\u015bci od metody palenia i warunk\u00f3w otoczenia. Nale\u017cy pami\u0119ta\u0107 o przestrzeganiu lokalnych przepis\u00f3w i ogranicze\u0144 wiekowych.<\/p>","protected":false},"excerpt":{"rendered":"<p>What about the Vapme Monster 16000 mesh coil disposable vape? If you are tired of changing your vape every few<\/p>","protected":false},"featured_media":12745,"comment_status":"open","ping_status":"closed","template":"","meta":[],"product_brand":[204],"product_cat":[124,187,185,189,176,174,175,193,191,173,186,180,190,131],"product_tag":[],"class_list":{"0":"post-12712","1":"product","2":"type-product","3":"status-publish","4":"has-post-thumbnail","6":"product_brand-vapme","7":"product_cat-vape-by-brand","8":"product_cat-0mg-nicotine-free-vapes","9":"product_cat-10000-puffs-high-capacity","10":"product_cat-20mg-standard-nicotine-vapes","11":"product_cat-beverage","12":"product_cat-fruit-flavors","13":"product_cat-icy-mint","14":"product_cat-mesh-coil","15":"product_cat-rechargeable-disposables","16":"product_cat-vape-by-flavor-profile","17":"product_cat-vape-by-nicotine-strength","18":"product_cat-vape-by-puff-count","19":"product_cat-vape-by-feature-or-type","20":"product_cat-vapme","22":"first","23":"instock","24":"shipping-taxable","25":"purchasable","26":"product-type-variable","27":"has-default-attributes"},"tiered_pricing_type":"percentage","tiered_pricing_fixed_rules":[],"tiered_pricing_product_settings":{"layout":"default","base_unit_name":{"singular":null,"plural":null},"default_variation":null},"tiered_pricing_minimum_quantity":10,"tiered_pricing_roles_data":[],"tiered_pricing_percentage_rules":{"50":"35","100":"40","200":"44","500":"47","1000":"49"},"tiered_pricing_maximum_quantity":null,"tiered_pricing_quantity_step":"10","_links":{"self":[{"href":"https:\/\/agoravape.com\/pl\/wp-json\/wp\/v2\/product\/12712","targetHints":{"allow":["GET"]}}],"collection":[{"href":"https:\/\/agoravape.com\/pl\/wp-json\/wp\/v2\/product"}],"about":[{"href":"https:\/\/agoravape.com\/pl\/wp-json\/wp\/v2\/types\/product"}],"replies":[{"embeddable":true,"href":"https:\/\/agoravape.com\/pl\/wp-json\/wp\/v2\/comments?post=12712"}],"version-history":[{"count":0,"href":"https:\/\/agoravape.com\/pl\/wp-json\/wp\/v2\/product\/12712\/revisions"}],"wp:featuredmedia":[{"embeddable":true,"href":"https:\/\/agoravape.com\/pl\/wp-json\/wp\/v2\/media\/12745"}],"wp:attachment":[{"href":"https:\/\/agoravape.com\/pl\/wp-json\/wp\/v2\/media?parent=12712"}],"wp:term":[{"taxonomy":"product_brand","embeddable":true,"href":"https:\/\/agoravape.com\/pl\/wp-json\/wp\/v2\/product_brand?post=12712"},{"taxonomy":"product_cat","embeddable":true,"href":"https:\/\/agoravape.com\/pl\/wp-json\/wp\/v2\/product_cat?post=12712"},{"taxonomy":"product_tag","embeddable":true,"href":"https:\/\/agoravape.com\/pl\/wp-json\/wp\/v2\/product_tag?post=12712"}],"curies":[{"name":"wp","href":"https:\/\/api.w.org\/{rel}","templated":true}]}}