{"id":12906,"date":"2025-10-10T15:53:16","date_gmt":"2025-10-10T07:53:16","guid":{"rendered":"https:\/\/green-grasshopper-921422.hostingersite.com\/?post_type=product&#038;p=12906"},"modified":"2025-12-15T21:31:14","modified_gmt":"2025-12-15T13:31:14","slug":"atvs-25000-puffow-vape-o-duzej-mocy","status":"publish","type":"product","link":"https:\/\/agoravape.com\/pl\/product\/atvs-25000-puffs-high-power-vape\/","title":{"rendered":"ATVS 25000 Puffs Dual Mesh High Power Vape | Du\u017ca pojemno\u015b\u0107, sta\u0142y smak"},"content":{"rendered":"<h2 data-v-md-heading=\"what-about-atvs-25000-dual-network-high-power-vapes\" data-v-md-line=\"3\">A co z ATVS 25000 dual network high-power vapes?<\/h2>\n<p data-v-md-line=\"4\">Je\u015bli jeste\u015b zm\u0119czony jednorazowymi waporyzatorami, kt\u00f3re psuj\u0105 si\u0119 w ci\u0105gu kilku dni, warto przyjrze\u0107 si\u0119 temu produktowi. ATVS 25000 zosta\u0142 zaprojektowany z my\u015bl\u0105 o d\u0142ugotrwa\u0142ym \u0142adowaniu i sta\u0142ym smaku. Jest odpowiedni dla ka\u017cdego, kto chce niezawodnego, wydajnego i bezproblemowego waporyzatora.<\/p>\n<p data-v-md-line=\"6\">Mo\u017cesz pomy\u015ble\u0107, \u017ce waporyzatory o tak du\u017cej pojemno\u015bci s\u0105 niepor\u0119czne, ale ich przeno\u015bno\u015b\u0107 bardzo Ci\u0119 zaskoczy. Ma g\u0142adk\u0105 powierzchni\u0119 i wygodn\u0105 konstrukcj\u0119, dzi\u0119ki czemu jest bardzo wygodny w trzymaniu i \u0142atwy do przenoszenia.<\/p>\n<h2 data-v-md-heading=\"excellent-performance-worry-free\" data-v-md-line=\"8\">Doskona\u0142a wydajno\u015b\u0107, bez obaw<\/h2>\n<p data-v-md-line=\"9\">Wbudowane cewki z podw\u00f3jn\u0105 siatk\u0105 utrzymuj\u0105 czysto\u015b\u0107 przy ka\u017cdym zassaniu, a smak ka\u017cdego zaci\u0105gni\u0119cia jest tak samo dobry jak pierwszego. Bateria jest \u0142adowalna, wi\u0119c nie marnujesz ani kropli e-cieczy. Gdy bateria jest roz\u0142adowana, mo\u017cna u\u017cy\u0107 kabla do transmisji danych typu C, kt\u00f3ry m\u00f3g\u0142 by\u0107 u\u017cywany w telefonie, aby j\u0105 uzupe\u0142ni\u0107. Nie ma potrzeby u\u017cywania specjalnych \u0142adowarek, jest to \u0142atwe i wygodne.<\/p>\n<h2 data-v-md-heading=\"specification-introduction\" data-v-md-line=\"11\">Wprowadzenie do specyfikacji<\/h2>\n<ul data-v-md-line=\"12\">\n<li>Cz\u0119stotliwo\u015b\u0107 ssania: do 23000 razy<\/li>\n<li>Pojemno\u015b\u0107 e-liquidu: 20 mililitr\u00f3w<\/li>\n<li>Bateria: akumulator 1000mAh<\/li>\n<li>Cewka: Struktura podw\u00f3jnej siatki, rezystancja 0,4\/0,8 oma<\/li>\n<li>Rozmiar: 52 \u00d7 26 \u00d7 99 milimetr\u00f3w<\/li>\n<li>Zasada dzia\u0142ania: aktywacja zasysania, wystarczy wdycha\u0107<\/li>\n<li>\u0141adowanie: Port USB typu C<\/li>\n<li>Zawarto\u015b\u0107 nikotyny: Poda\u017c r\u00f3\u017cni si\u0119 w zale\u017cno\u015bci od regionu. W Unii Europejskiej, zgodnie z przepisami TPD\/TRRP, takie jednorazowe waporyzatory o du\u017cej pojemno\u015bci zazwyczaj nie zawieraj\u0105 nikotyny (0 miligram\u00f3w). Skontaktuj si\u0119 z nami, aby dowiedzie\u0107 si\u0119 o aktualnych opcjach i wytycznych dotycz\u0105cych zgodno\u015bci<\/li>\n<li>Status: Gotowy do u\u017cycia od razu po wyj\u0119ciu z pude\u0142ka<\/li>\n<\/ul>\n<h2 data-v-md-heading=\"full-flavor-series\" data-v-md-line=\"22\">Seria o pe\u0142nym smaku<\/h2>\n<ul data-v-md-line=\"23\">\n<li>Mango Ice<\/li>\n<li>Niebieskie lodowisko<\/li>\n<li>L\u00f3d ananasowy<\/li>\n<li>L\u00f3d mentolowy<\/li>\n<li>Arbuzowy l\u00f3d<\/li>\n<li>L\u00f3d z mieszanych owoc\u00f3w<\/li>\n<li>Truskawkowy l\u00f3d<\/li>\n<li>Lody winogronowe<\/li>\n<li>L\u00f3d z granatu<\/li>\n<li>Brzoskwiniowy l\u00f3d<\/li>\n<li>Coca-Cola Ice<\/li>\n<li>Podw\u00f3jny l\u00f3d jab\u0142kowy<\/li>\n<li>Litchi Ice<\/li>\n<li>L\u00f3d bananowo-pomara\u0144czowy<\/li>\n<li>Orange Ice<\/li>\n<\/ul>\n<h2 data-v-md-heading=\"for-you-for-your-business\" data-v-md-line=\"39\">Dla Ciebie, dla Twojej firmy<\/h2>\n<p data-v-md-line=\"40\">ATVS 25000 dual network high-power vapes mo\u017cna kupi\u0107 osobno lub zaopatrzy\u0107 w nie sw\u00f3j sklep. Opakowanie hurtowe to 10 sztuk w pude\u0142ku i 200 sztuk w pude\u0142ku zewn\u0119trznym, o wadze brutto oko\u0142o 22 kilogram\u00f3w na pude\u0142ko. Wysy\u0142amy na terenie Europy za po\u015brednictwem DDP z zaufanymi partnerami, takimi jak UPS, DPD i DHL, wi\u0119c op\u0142aty celne zosta\u0142y przetworzone i nie b\u0119dzie \u017cadnych nieoczekiwanych incydent\u00f3w w urz\u0119dzie celnym.<\/p>\n<p data-v-md-line=\"42\">Je\u015bli potrzebujesz ci\u0105g\u0142ych dostaw, pomo\u017cemy Ci zaplanowa\u0107 pojemno\u015b\u0107 i smak, kt\u00f3re odpowiadaj\u0105 Twojej bazie klient\u00f3w. Przejrzyste ceny i szybka wysy\u0142ka zapewniaj\u0105 dobr\u0105 sprzeda\u017c na p\u00f3\u0142kach.<\/p>\n<h2 data-v-md-heading=\"why-do-you-like-it\" data-v-md-line=\"44\">Dlaczego to lubisz?<\/h2>\n<ul data-v-md-line=\"45\">\n<li>Du\u017ca pojemno\u015b\u0107: Trwa\u0142a i d\u0142ugowieczna, nie wymaga cz\u0119stych zakup\u00f3w<\/li>\n<li>Wyb\u00f3r nikotyny: Opcje zale\u017c\u0105 od trend\u00f3w rynkowych, a u\u017cytkownik mo\u017ce wybra\u0107 nikotyn\u0119 odpowiadaj\u0105c\u0105 jego regionowi i preferencjom<\/li>\n<li>Mo\u017cliwo\u015b\u0107 \u0142adowania: Mo\u017cna u\u017cywa\u0107 wszystkich zakupionych e-liquid\u00f3w<\/li>\n<li>Siatkowy rdze\u0144 rozpylaj\u0105cy: zapewnia sp\u00f3jny i bogaty smak za ka\u017cdym razem<\/li>\n<\/ul>\n<h2 data-v-md-heading=\"why-collaborate-with-agoravape\" data-v-md-line=\"50\">Dlaczego warto wsp\u00f3\u0142pracowa\u0107 z AgoraVape?<\/h2>\n<p data-v-md-line=\"51\">Sprzedajemy tylko oryginalne produkty 100% z wiarygodnych kana\u0142\u00f3w. Dla klient\u00f3w komercyjnych oznacza to, \u017ce waporyzatory ATVS 25000 dual mesh o du\u017cej mocy oferuj\u0105 obni\u017cone ceny hurtowe, niezawodne wsparcie oraz szybki i niezawodny transport na terenie Europy. Je\u015bli chcesz kupi\u0107 jednorazowy vape o du\u017cej pojemno\u015bci, Twoi klienci na pewno wr\u00f3c\u0105. Prosimy o kontakt.<\/p>\n<p data-v-md-line=\"53\">Wyja\u015bnienie dotycz\u0105ce zgodno\u015bci z przepisami UE: Unijna dyrektywa TPD\/TRRP ogranicza jednorazowe e-liquidy zawieraj\u0105ce nikotyn\u0119 do 2 mililitr\u00f3w, dlatego nikotynowa wersja e-liquid\u00f3w o du\u017cej pojemno\u015bci nie jest zgodna z przepisami na wi\u0119kszo\u015bci rynk\u00f3w UE. Wielu sprzedawc\u00f3w detalicznych oferuje wersje bez nikotyny. Je\u015bli nie masz pewno\u015bci, skontaktuj si\u0119 z naszym zespo\u0142em, a my zarekomendujemy opcje odpowiednie dla Twojego kraju\/regionu.<\/p>","protected":false},"excerpt":{"rendered":"<p>&nbsp;<\/p>\n<p><script src=\"chrome-extension:\/\/fpelahbljekknahkcaegamhcndkfpfnc\/iFrame.js\" type=\"text\/javascript\"><\/script><\/p>","protected":false},"featured_media":12926,"comment_status":"open","ping_status":"closed","template":"","meta":[],"product_brand":[205],"product_cat":[124,185,132,176,174,175,193,191,173,186,180,190],"product_tag":[],"class_list":{"0":"post-12906","1":"product","2":"type-product","3":"status-publish","4":"has-post-thumbnail","6":"product_brand-atvs","7":"product_cat-vape-by-brand","8":"product_cat-10000-puffs-high-capacity","9":"product_cat-atvs","10":"product_cat-beverage","11":"product_cat-fruit-flavors","12":"product_cat-icy-mint","13":"product_cat-mesh-coil","14":"product_cat-rechargeable-disposables","15":"product_cat-vape-by-flavor-profile","16":"product_cat-vape-by-nicotine-strength","17":"product_cat-vape-by-puff-count","18":"product_cat-vape-by-feature-or-type","20":"first","21":"instock","22":"shipping-taxable","23":"purchasable","24":"product-type-variable","25":"has-default-attributes"},"tiered_pricing_type":"percentage","tiered_pricing_fixed_rules":[],"tiered_pricing_product_settings":{"layout":"default","base_unit_name":{"singular":null,"plural":null},"default_variation":null},"tiered_pricing_minimum_quantity":10,"tiered_pricing_roles_data":[],"tiered_pricing_percentage_rules":{"30":"29","50":"35","100":"40","200":"44","500":"47","1000":"49"},"tiered_pricing_maximum_quantity":null,"tiered_pricing_quantity_step":"10","_links":{"self":[{"href":"https:\/\/agoravape.com\/pl\/wp-json\/wp\/v2\/product\/12906","targetHints":{"allow":["GET"]}}],"collection":[{"href":"https:\/\/agoravape.com\/pl\/wp-json\/wp\/v2\/product"}],"about":[{"href":"https:\/\/agoravape.com\/pl\/wp-json\/wp\/v2\/types\/product"}],"replies":[{"embeddable":true,"href":"https:\/\/agoravape.com\/pl\/wp-json\/wp\/v2\/comments?post=12906"}],"version-history":[{"count":0,"href":"https:\/\/agoravape.com\/pl\/wp-json\/wp\/v2\/product\/12906\/revisions"}],"wp:featuredmedia":[{"embeddable":true,"href":"https:\/\/agoravape.com\/pl\/wp-json\/wp\/v2\/media\/12926"}],"wp:attachment":[{"href":"https:\/\/agoravape.com\/pl\/wp-json\/wp\/v2\/media?parent=12906"}],"wp:term":[{"taxonomy":"product_brand","embeddable":true,"href":"https:\/\/agoravape.com\/pl\/wp-json\/wp\/v2\/product_brand?post=12906"},{"taxonomy":"product_cat","embeddable":true,"href":"https:\/\/agoravape.com\/pl\/wp-json\/wp\/v2\/product_cat?post=12906"},{"taxonomy":"product_tag","embeddable":true,"href":"https:\/\/agoravape.com\/pl\/wp-json\/wp\/v2\/product_tag?post=12906"}],"curies":[{"name":"wp","href":"https:\/\/api.w.org\/{rel}","templated":true}]}}