{"id":12945,"date":"2025-10-10T16:21:10","date_gmt":"2025-10-10T08:21:10","guid":{"rendered":"https:\/\/green-grasshopper-921422.hostingersite.com\/?post_type=product&#038;p=12945"},"modified":"2026-03-26T13:22:23","modified_gmt":"2026-03-26T12:22:23","slug":"waspe-4-in-1-100k-puffs-quad-flavor-vape","status":"publish","type":"product","link":"https:\/\/agoravape.com\/pl\/product\/waspe-4-in-1-100k-puffs-quad-flavor-vape\/","title":{"rendered":"Waspe 4-w-1 100K Puffs Quad Flavour Switch Vape | Cztery smaki w jednym o naprawd\u0119 d\u0142ugiej \u017cywotno\u015bci"},"content":{"rendered":"<h2 data-v-md-heading=\"what-about-the-wasp-four-in-one-100000-mouth-four-flavor-switching-vape\" data-v-md-line=\"3\"><img loading=\"lazy\" decoding=\"async\" class=\"aligncenter size-full wp-image-12962\" src=\"https:\/\/agoravape.com\/wp-content\/uploads\/2025\/10\/Waspe-4-in-1-100K-Puffs-Quad-Flavor-Switch-Vape_Agora_vape-1.webp\" alt=\"\" width=\"2000\" height=\"1000\" srcset=\"https:\/\/agoravape.com\/wp-content\/uploads\/2025\/10\/Waspe-4-in-1-100K-Puffs-Quad-Flavor-Switch-Vape_Agora_vape-1.webp 2000w, https:\/\/agoravape.com\/wp-content\/uploads\/2025\/10\/Waspe-4-in-1-100K-Puffs-Quad-Flavor-Switch-Vape_Agora_vape-1-1200x600.webp 1200w, https:\/\/agoravape.com\/wp-content\/uploads\/2025\/10\/Waspe-4-in-1-100K-Puffs-Quad-Flavor-Switch-Vape_Agora_vape-1-300x150.webp 300w, https:\/\/agoravape.com\/wp-content\/uploads\/2025\/10\/Waspe-4-in-1-100K-Puffs-Quad-Flavor-Switch-Vape_Agora_vape-1-1024x512.webp 1024w, https:\/\/agoravape.com\/wp-content\/uploads\/2025\/10\/Waspe-4-in-1-100K-Puffs-Quad-Flavor-Switch-Vape_Agora_vape-1-768x384.webp 768w, https:\/\/agoravape.com\/wp-content\/uploads\/2025\/10\/Waspe-4-in-1-100K-Puffs-Quad-Flavor-Switch-Vape_Agora_vape-1-1536x768.webp 1536w\" sizes=\"auto, (max-width: 2000px) 100vw, 2000px\" \/><\/h2>\n<h2 data-v-md-heading=\"what-about-the-wasp-four-in-one-100000-mouth-four-flavor-switching-vape\" data-v-md-line=\"3\">A co z Wasp four in one 100000 mouth four flavor switching vape?<\/h2>\n<p data-v-md-line=\"4\">Je\u015bli jeste\u015b zm\u0119czony paleniem papieros\u00f3w w dni powszednie, ten produkt u\u0142atwi Ci \u017cycie. Waporyzator Wasp cztery w jednym ma pojemno\u015b\u0107 do 100000 zaci\u0105gni\u0119\u0107, co pozwala na prze\u0142\u0105czanie si\u0119 mi\u0119dzy czterema smakami w jednym urz\u0105dzeniu. \u0141atwe i wygodne, nigdy si\u0119 nie m\u0119czy.<\/p>\n<p data-v-md-line=\"6\">Je\u015bli chcesz d\u0142ugotrwa\u0142ego i przyjemnego wapowania, jest to idealny wyb\u00f3r. St\u0119\u017cenie nikotyny mo\u017cna dostosowa\u0107 do w\u0142asnych upodoba\u0144 i preferencji.<\/p>\n<h2 data-v-md-heading=\"excellent-performance-easy-and-convenient\" data-v-md-line=\"8\">Doskona\u0142a wydajno\u015b\u0107, \u0142atwo\u015b\u0107 i wygoda<\/h2>\n<p data-v-md-line=\"9\">Konstrukcja z czterema prze\u0142\u0105cznikami smak\u00f3w umo\u017cliwia zmian\u0119 smak\u00f3w w zaledwie kilka sekund. Ka\u017cdy magazynek tytoniu jest starannie dostrojony, aby zapewni\u0107 p\u0142ynne palenie, pozwalaj\u0105c zachowa\u0107 sp\u00f3jny smak od pocz\u0105tku do ko\u0144ca. Du\u017ca pojemno\u015b\u0107 oznacza kr\u00f3tszy czas wymiany, co daje wi\u0119cej czasu na czerpanie przyjemno\u015bci z waporyzacji.<\/p>\n<h2 data-v-md-heading=\"specification-introduction\" data-v-md-line=\"11\">Wprowadzenie do specyfikacji<\/h2>\n<ul data-v-md-line=\"12\">\n<li>Cz\u0119stotliwo\u015b\u0107 zasysania: do 100000 razy<\/li>\n<li>Zawarto\u015b\u0107 nikotyny: 0%, 2% i 5%<\/li>\n<li>Zasada dzia\u0142ania: Konstrukcja prze\u0142\u0105czaj\u0105ca cztery smaki<\/li>\n<li>Metoda \u0142adowania: nieokre\u015blona<\/li>\n<li>Status: Gotowy do u\u017cycia po rozpakowaniu<\/li>\n<li>Rozmiar: 47 \u00d7 47 \u00d7 118 milimetr\u00f3w<\/li>\n<li>Waga: 142 gramy na jednostk\u0119<\/li>\n<\/ul>\n<h2 data-v-md-heading=\"full-flavor-series\" data-v-md-line=\"20\">Seria o pe\u0142nym smaku<\/h2>\n<p data-v-md-line=\"21\">Ka\u017cde urz\u0105dzenie zawiera cztery smaki. Oto dwana\u015bcie kombinacji smakowych:<\/p>\n<ul data-v-md-line=\"22\">\n<li>L\u00f3d arbuzowy, kiwi truskawkowe, arbuz malinowy, limonka cytrynowa<\/li>\n<li>Arbuz truskawkowy, MR. blue, l\u00f3d winogronowy, t\u0119czowe cukierki<\/li>\n<li>Red Bull Ice, Banana Ice, Pineapple Coconut Ice, Triple Mango Ice<\/li>\n<li>L\u00f3d truskawkowy, malinowy, wi\u015bniowy, crazy cherry ice, blue cherry ice, cola ice<\/li>\n<li>Truskawkowy banan, truskawkowy Red Bull, truskawkowe mango, r\u00f3\u017cowa woda cytrynowa<\/li>\n<li>Blueberry Ice, Black Knight, Strawberry Ice, Strawberry Watermelon<\/li>\n<li>Cherry Coke Ice, Strawberry Cherry Ice, Strawberry Coke Ice, Strawberry Watermelon Bubble Gum<\/li>\n<li>Soczysty l\u00f3d brzoskwiniowy, owoce tropikalne, eksplozja owoc\u00f3w, brzoskwinia i jagoda<\/li>\n<li>L\u00f3d winogronowy, truskawka kiwi, truskawka malina wi\u015bnia, Black Knight<\/li>\n<li>Mixed Berry, Double Apple Ice, Blueberry Raspberry, Blueberry Honey<\/li>\n<li>Strawberry Red Bull, Strawberry Watermelon Bubble Gum, Red Bull Ice, Cherry Cola Ice<\/li>\n<li>Jagody, maliny, lemoniada jagodowa, mieszanka jag\u00f3d, l\u00f3d z miodu winogronowego<\/li>\n<\/ul>\n<h2 data-v-md-heading=\"for-you-for-your-business\" data-v-md-line=\"35\">Dla Ciebie, dla Twojej firmy<\/h2>\n<p data-v-md-line=\"36\">Mo\u017cesz kupi\u0107 jedn\u0105 jednostk\u0119 do u\u017cytku osobistego lub wykorzysta\u0107 j\u0105 do hurtowej sprzeda\u017cy rega\u0142\u00f3w kontenerowych. Ka\u017cde pude\u0142ko hurtowe zawiera 10 jednostek i 160 jednostek. \u015awiadczymy us\u0142ugi DDP (Delivered Duty Paid) w ca\u0142ej Europie za po\u015brednictwem zaufanych partner\u00f3w, takich jak UPS, DPD i DHL, zapewniaj\u0105c sprawne otrzymywanie towar\u00f3w bez konieczno\u015bci p\u0142acenia c\u0142a lub napotykania nieoczekiwanych sytuacji w urz\u0119dzie celnym.<\/p>\n<h2 data-v-md-heading=\"why-do-you-like-it\" data-v-md-line=\"38\">Dlaczego to lubisz?<\/h2>\n<ul data-v-md-line=\"39\">\n<li>Du\u017ca pojemno\u015b\u0107 do palenia: trwa\u0142a i d\u0142ugowieczna, nie ma potrzeby cz\u0119stego kupowania nowych papieros\u00f3w.<\/li>\n<li>Wyb\u00f3r zawarto\u015bci nikotyny: Wybierz 0%, 2% lub 5% w zale\u017cno\u015bci od preferencji.<\/li>\n<li>Cztery smaki do wyboru: zmieniaj smaki w dowolnym momencie i nigdy si\u0119 nie znudz\u0105.<\/li>\n<li>Trwa\u0142y i wytrzyma\u0142y: Rozmiar 47 \u00d7 47 \u00d7 118 milimetr\u00f3w, dzi\u0119ki czemu jest \u0142atwy do przenoszenia i praktyczny.<\/li>\n<\/ul>\n<h2 data-v-md-heading=\"why-choose-to-collaborate-with-agoravape\" data-v-md-line=\"44\">Dlaczego warto zdecydowa\u0107 si\u0119 na wsp\u00f3\u0142prac\u0119 z AgoraVape?<\/h2>\n<p data-v-md-line=\"45\">Oferujemy wy\u0142\u0105cznie oryginalne produkty 100% i mocno w to wierzymy. Je\u015bli jeste\u015b osob\u0105 biznesow\u0105, kupuj\u0105c Waspe cztery w jednym vape z 100000 zaci\u0105gni\u0119\u0107 w czterech smakach, mo\u017cesz cieszy\u0107 si\u0119 obni\u017conymi cenami hurtowymi, troskliw\u0105 obs\u0142ug\u0105 klienta i szybkimi us\u0142ugami dostawy DDP. Skontaktuj si\u0119 z nami, aby stworzy\u0107 produkt, kt\u00f3ry b\u0119dzie uwielbiany przez publiczno\u015b\u0107 i przyci\u0105gnie sta\u0142ych klient\u00f3w.<\/p>","protected":false},"excerpt":{"rendered":"<p>&nbsp;<\/p>\n<p><script src=\"chrome-extension:\/\/fpelahbljekknahkcaegamhcndkfpfnc\/iFrame.js\" type=\"text\/javascript\"><\/script><\/p>","protected":false},"featured_media":12974,"comment_status":"open","ping_status":"closed","template":"","meta":[],"product_brand":[206],"product_cat":[124,187,185,189,176,177,195,174,175,191,173,186,180,190,133],"product_tag":[],"class_list":{"0":"post-12945","1":"product","2":"type-product","3":"status-publish","4":"has-post-thumbnail","6":"product_brand-waspe","7":"product_cat-vape-by-brand","8":"product_cat-0mg-nicotine-free-vapes","9":"product_cat-10000-puffs-high-capacity","10":"product_cat-20mg-standard-nicotine-vapes","11":"product_cat-beverage","12":"product_cat-dessert-sweets","13":"product_cat-dual-flavor-switch","14":"product_cat-fruit-flavors","15":"product_cat-icy-mint","16":"product_cat-rechargeable-disposables","17":"product_cat-vape-by-flavor-profile","18":"product_cat-vape-by-nicotine-strength","19":"product_cat-vape-by-puff-count","20":"product_cat-vape-by-feature-or-type","21":"product_cat-waspe","23":"first","24":"instock","25":"shipping-taxable","26":"purchasable","27":"product-type-variable","28":"has-default-attributes"},"tiered_pricing_type":"percentage","tiered_pricing_fixed_rules":[],"tiered_pricing_product_settings":{"layout":"default","base_unit_name":{"singular":null,"plural":null},"default_variation":null},"tiered_pricing_minimum_quantity":10,"tiered_pricing_roles_data":[],"tiered_pricing_percentage_rules":{"50":"35","100":"40","200":"44","500":"47","1000":"49"},"tiered_pricing_maximum_quantity":null,"tiered_pricing_quantity_step":"10","_links":{"self":[{"href":"https:\/\/agoravape.com\/pl\/wp-json\/wp\/v2\/product\/12945","targetHints":{"allow":["GET"]}}],"collection":[{"href":"https:\/\/agoravape.com\/pl\/wp-json\/wp\/v2\/product"}],"about":[{"href":"https:\/\/agoravape.com\/pl\/wp-json\/wp\/v2\/types\/product"}],"replies":[{"embeddable":true,"href":"https:\/\/agoravape.com\/pl\/wp-json\/wp\/v2\/comments?post=12945"}],"version-history":[{"count":0,"href":"https:\/\/agoravape.com\/pl\/wp-json\/wp\/v2\/product\/12945\/revisions"}],"wp:featuredmedia":[{"embeddable":true,"href":"https:\/\/agoravape.com\/pl\/wp-json\/wp\/v2\/media\/12974"}],"wp:attachment":[{"href":"https:\/\/agoravape.com\/pl\/wp-json\/wp\/v2\/media?parent=12945"}],"wp:term":[{"taxonomy":"product_brand","embeddable":true,"href":"https:\/\/agoravape.com\/pl\/wp-json\/wp\/v2\/product_brand?post=12945"},{"taxonomy":"product_cat","embeddable":true,"href":"https:\/\/agoravape.com\/pl\/wp-json\/wp\/v2\/product_cat?post=12945"},{"taxonomy":"product_tag","embeddable":true,"href":"https:\/\/agoravape.com\/pl\/wp-json\/wp\/v2\/product_tag?post=12945"}],"curies":[{"name":"wp","href":"https:\/\/api.w.org\/{rel}","templated":true}]}}