{"id":13053,"date":"2025-10-10T20:12:02","date_gmt":"2025-10-10T12:12:02","guid":{"rendered":"https:\/\/green-grasshopper-921422.hostingersite.com\/?post_type=product&#038;p=13053"},"modified":"2026-03-26T13:22:23","modified_gmt":"2026-03-26T12:22:23","slug":"waspe-crystal-40000-puffow-vape-o-podwojnym-smaku","status":"publish","type":"product","link":"https:\/\/agoravape.com\/pl\/product\/waspe-crystal-40000-puffs-dual-flavor-vape\/","title":{"rendered":"Waspe Crystal 40000 zaci\u0105gni\u0119\u0107, podw\u00f3jny smak, waporyzator | Ogromna pojemno\u015b\u0107 i dwa smaki w jednym"},"content":{"rendered":"<h2 data-v-md-heading=\"what-are-the-highlights-of-the-waspe-crystal-40000-dual-flavored-vape\" data-v-md-line=\"3\"><\/h2>\n<p><img loading=\"lazy\" decoding=\"async\" class=\"aligncenter size-full wp-image-13071\" src=\"https:\/\/agoravape.com\/wp-content\/uploads\/2025\/10\/Waspe-Crystal-40000-Puffs-Dual-Flavor-Vape_Agora_vape-1.webp\" alt=\"\" width=\"2000\" height=\"1125\" srcset=\"https:\/\/agoravape.com\/wp-content\/uploads\/2025\/10\/Waspe-Crystal-40000-Puffs-Dual-Flavor-Vape_Agora_vape-1.webp 2000w, https:\/\/agoravape.com\/wp-content\/uploads\/2025\/10\/Waspe-Crystal-40000-Puffs-Dual-Flavor-Vape_Agora_vape-1-1200x675.webp 1200w, https:\/\/agoravape.com\/wp-content\/uploads\/2025\/10\/Waspe-Crystal-40000-Puffs-Dual-Flavor-Vape_Agora_vape-1-300x169.webp 300w, https:\/\/agoravape.com\/wp-content\/uploads\/2025\/10\/Waspe-Crystal-40000-Puffs-Dual-Flavor-Vape_Agora_vape-1-1024x576.webp 1024w, https:\/\/agoravape.com\/wp-content\/uploads\/2025\/10\/Waspe-Crystal-40000-Puffs-Dual-Flavor-Vape_Agora_vape-1-768x432.webp 768w, https:\/\/agoravape.com\/wp-content\/uploads\/2025\/10\/Waspe-Crystal-40000-Puffs-Dual-Flavor-Vape_Agora_vape-1-1536x864.webp 1536w\" sizes=\"auto, (max-width: 2000px) 100vw, 2000px\" \/><\/p>\n<h2 data-v-md-heading=\"what-are-the-highlights-of-the-waspe-crystal-40000-dual-flavored-vape\" data-v-md-line=\"3\">Jakie s\u0105 zalety podw\u00f3jnego waporyzatora smakowego Waspe Crystal 40000?<\/h2>\n<p data-v-md-line=\"4\">Je\u015bli nie lubisz u\u017cywa\u0107 waporyzator\u00f3w w dni powszednie, to ten produkt z pewno\u015bci\u0105 przyci\u0105gnie Twoj\u0105 uwag\u0119. Waspe Crystal zapewnia pojemno\u015b\u0107 pojedynczego urz\u0105dzenia do 40000 k\u0119s\u00f3w i jest dost\u0119pny w dw\u00f3ch smakach. Mo\u017cesz cieszy\u0107 si\u0119 bardzo d\u0142ug\u0105 \u017cywotno\u015bci\u0105 baterii i wybiera\u0107 r\u00f3\u017cne smaki bez konieczno\u015bci zmiany waporyzatora.<\/p>\n<p data-v-md-line=\"6\">Jest odpowiedni dla ka\u017cdego u\u017cytkownika, kt\u00f3ry d\u0105\u017cy do prostoty, \u0142atwo\u015bci u\u017cytkowania i du\u017cej pojemno\u015bci. Wystarczy wykona\u0107 wdech, aby zapali\u0107 papierosa i na\u0142adowa\u0107 urz\u0105dzenie za po\u015brednictwem interfejsu Type-C. Brak przycisk\u00f3w, wygodna obs\u0142uga. Pomimo zadziwiaj\u0105cej liczby ust, wa\u017cy zaledwie 105 gram\u00f3w i mierzy 61 \u00d7 31 \u00d7 115 milimetr\u00f3w, zaskakuj\u0105co lekki i przeno\u015bny.<\/p>\n<h2 data-v-md-heading=\"excellent-performance-easy-and-convenient\" data-v-md-line=\"8\">Doskona\u0142a wydajno\u015b\u0107, \u0142atwo\u015b\u0107 i wygoda<\/h2>\n<p data-v-md-line=\"9\">Podw\u00f3jna cewka siatkowa 0,9 \u03a9, zawsze zachowuj\u0105ca orze\u017awiaj\u0105cy smak. Siatkowa cewka jest r\u00f3wnomiernie podgrzewana, aby zapewni\u0107 sp\u00f3jny smak przy ka\u017cdym k\u0119sie. Gdy poziom na\u0142adowania baterii jest niski, do \u0142adowania mo\u017cna u\u017cy\u0107 istniej\u0105cego kabla do transmisji danych typu C. Wy\u015bwietlacz LED pozwala \u0142atwo zrozumie\u0107 stan baterii i kontrolowa\u0107 wszystko na pierwszy rzut oka.<\/p>\n<h2 data-v-md-heading=\"specification-introduction\" data-v-md-line=\"11\">Wprowadzenie do specyfikacji<\/h2>\n<ul data-v-md-line=\"12\">\n<li>Cz\u0119stotliwo\u015b\u0107 ssania: do 40000 razy<\/li>\n<li>Zawarto\u015b\u0107 nikotyny: 0%, 2% (20mg), 5%<\/li>\n<li>Zasada dzia\u0142ania: Aktywowany przez wdychanie<\/li>\n<li>\u0141adowanie: Standardowy interfejs USB typu C<\/li>\n<li>Bateria: 850 mAh<\/li>\n<li>Pojemno\u015b\u0107 e-liquidu: 32 mililitry<\/li>\n<li>Rdze\u0144 rozpylaj\u0105cy: podw\u00f3jna siatka 0,9 \u03a9 \u00d7 2<\/li>\n<li>Ekran wy\u015bwietlacza: LED<\/li>\n<li>Rozmiar i waga: 61 \u00d7 31 \u00d7 115 milimetr\u00f3w, 105 gram\u00f3w<\/li>\n<li>Status: Gotowy do u\u017cycia po rozpakowaniu<\/li>\n<\/ul>\n<h2 data-v-md-heading=\"multiple-flavor-options\" data-v-md-line=\"23\">Wiele opcji smakowych<\/h2>\n<ul data-v-md-line=\"24\">\n<li>Orze\u017awiaj\u0105cy arbuz o smaku cytryny i limonki<\/li>\n<li>Orze\u017awiaj\u0105cy smak truskawkowo-mango Red Bulla<\/li>\n<li>Smak truskawkowy, Red Bull, jagodowy, wi\u015bniowy<\/li>\n<li>Cukierki jagodowe o smaku truskawkowo-arbuzowym<\/li>\n<li>Truskawka kiwi, smak truskawkowo-wi\u015bniowy<\/li>\n<li>Jagody, maliny, brzoskwinie, orze\u017awiaj\u0105cy smak<\/li>\n<li>Serce truskawkowe, malinowe, wi\u015bniowe, 666 smak\u00f3w<\/li>\n<li>Kostki lodu o smaku brzoskwiniowym w po\u0142\u0105czeniu z arbuzem, mango i brzoskwini\u0105.<\/li>\n<li>Truskawka, banan, ananas, kokos, kostki lodu<\/li>\n<li>Kostki lodu winogronowego w po\u0142\u0105czeniu z kostkami lodu Black Dragon<\/li>\n<li>Woda cytrynowa z jagodami i malinami<\/li>\n<li>Jagodowe kostki lodu w po\u0142\u0105czeniu z kostkami wi\u015bniowej coli<\/li>\n<\/ul>\n<h2 data-v-md-heading=\"for-you-for-your-business\" data-v-md-line=\"37\">Dla Ciebie, dla Twojej firmy<\/h2>\n<p data-v-md-line=\"38\">Mo\u017cesz wybra\u0107 kostki lodu Waspe Crystal 40000 par do u\u017cytku osobistego lub kupi\u0107 je do swojego sklepu. Opakowanie hurtowe: 10 sztuk w pude\u0142ku, 200 sztuk w pude\u0142ku. Wsp\u00f3\u0142pracujemy z partnerami takimi jak UPS, DPD i DHL, aby \u015bwiadczy\u0107 us\u0142ugi dostawy DDP w celu obs\u0142ugi procedur celnych i zapewnienia sprawnej dostawy w ca\u0142ej Europie.<\/p>\n<p data-v-md-line=\"40\">Je\u015bli jeste\u015b nabywc\u0105 hurtowym, poinformuj nas o swoim zapotrzebowaniu rynkowym. Pomo\u017cemy w zaplanowaniu kombinacji produkt\u00f3w i smak\u00f3w w celu szybkiej dostawy.<\/p>\n<h2 data-v-md-heading=\"why-do-you-like-it\" data-v-md-line=\"42\">Dlaczego to lubisz?<\/h2>\n<ul data-v-md-line=\"43\">\n<li>Ogromne ssanie: Wystarczy nape\u0142ni\u0107 \u0142adowark\u0119, nie martwi\u0105c si\u0119 o zapasy.<\/li>\n<li>Wyb\u00f3r zawarto\u015bci nikotyny: Wybierz zero nikotyny, 20 mg lub 50 mg w zale\u017cno\u015bci od gustu<\/li>\n<li>Mo\u017cliwo\u015b\u0107 wielokrotnego \u0142adowania: Ka\u017cda kropla zakupionego e-liquidu mo\u017ce by\u0107 wykorzystana<\/li>\n<li>Siatkowa cewka: od pierwszego do ostatniego k\u0119sa smak jest sp\u00f3jny, g\u0142adki i niezak\u0142\u00f3cony.<\/li>\n<li>Dwa smaki: Nie trzeba nosi\u0107 ze sob\u0105 dw\u00f3ch urz\u0105dze\u0144, aby prze\u0142\u0105cza\u0107 smaki<\/li>\n<li>Ekran wy\u015bwietlacza LED: Szybki odczyt stanu, dzi\u0119ki czemu nie trzeba zgadywa\u0107<\/li>\n<\/ul>\n<h2 data-v-md-heading=\"important-explanation-on-compliance-and-transparency\" data-v-md-line=\"50\">Wa\u017cne wyja\u015bnienie dotycz\u0105ce zgodno\u015bci i przejrzysto\u015bci<\/h2>\n<ul data-v-md-line=\"51\">\n<li>Nominalna wydajno\u015b\u0107 zasysania 40000 razy pochodzi z testu zasysania na kr\u00f3tkich dystansach przeprowadzonego przez producenta, a rzeczywista warto\u015b\u0107 mo\u017ce si\u0119 r\u00f3\u017cni\u0107 w zale\u017cno\u015bci od sposobu u\u017cytkowania.<\/li>\n<li>To urz\u0105dzenie ma pojemno\u015b\u0107 32 mililitr\u00f3w i oferuje opcj\u0119 zawarto\u015bci nikotyny 5%. Nie jest to zgodne z unijnymi ograniczeniami detalicznymi TPD, kt\u00f3re okre\u015blaj\u0105 jednorazow\u0105 pojemno\u015b\u0107 e-liquidu na 2 mililitry i zawarto\u015b\u0107 nikotyny na poziomie 20 miligram\u00f3w.<\/li>\n<li>Opcja 2% spe\u0142nia limit zawarto\u015bci nikotyny TPD, ale pojemno\u015b\u0107 32 ml go nie spe\u0142nia. Sytuacja w zakresie dostaw zale\u017cy od lokalnych przepis\u00f3w. Przed dokonaniem zakupu nale\u017cy sprawdzi\u0107 odpowiednie przepisy obowi\u0105zuj\u0105ce w danym kraju\/regionie.<\/li>\n<li>Na regulowanym rynku UE nabywcy komercyjni powinni skontaktowa\u0107 si\u0119 z nami w celu uzyskania zgodnych z przepisami alternatywnych rozwi\u0105za\u0144 i wskaz\u00f3wek.<\/li>\n<\/ul>\n<h2 data-v-md-heading=\"why-collaborate-with-agoravape\" data-v-md-line=\"56\">Dlaczego warto wsp\u00f3\u0142pracowa\u0107 z AgoraVape?<\/h2>\n<p data-v-md-line=\"57\">Kupujemy tylko oryginalny sprz\u0119t ze sprawdzonych kana\u0142\u00f3w i zapewniamy jasne specyfikacje oraz bezpo\u015brednie odpowiedzi. Jako jeden z zaufanych dystrybutor\u00f3w vape w Europie, oferujemy uczciwe ceny hurtowe, szybk\u0105 obs\u0142ug\u0119 klienta i szybk\u0105 dostaw\u0119 DDP. Zapraszamy do kontaktu z nami w celu zam\u00f3wienia podw\u00f3jnych waporyzator\u00f3w smakowych Waspe Crystal 40000 lub znalezienia zgodnej serii, kt\u00f3r\u0105 Twoi klienci naprawd\u0119 kochaj\u0105.<\/p>","protected":false},"excerpt":{"rendered":"<p>Jakie s\u0105 zalety podw\u00f3jnego waporyzatora smakowego Waspe Crystal 40000? Je\u015bli nie lubisz u\u017cywa\u0107 waporyzator\u00f3w w dni powszednie, to<\/p>","protected":false},"featured_media":13083,"comment_status":"open","ping_status":"closed","template":"","meta":[],"product_brand":[206],"product_cat":[124,187,185,189,1639,176,195,174,175,193,191,179,173,186,180,190,192,133],"product_tag":[],"class_list":{"0":"post-13053","1":"product","2":"type-product","3":"status-publish","4":"has-post-thumbnail","6":"product_brand-waspe","7":"product_cat-vape-by-brand","8":"product_cat-0mg-nicotine-free-vapes","9":"product_cat-10000-puffs-high-capacity","10":"product_cat-20mg-standard-nicotine-vapes","11":"product_cat-40000-puffs","12":"product_cat-beverage","13":"product_cat-dual-flavor-switch","14":"product_cat-fruit-flavors","15":"product_cat-icy-mint","16":"product_cat-mesh-coil","17":"product_cat-rechargeable-disposables","18":"product_cat-unique-blends","19":"product_cat-vape-by-flavor-profile","20":"product_cat-vape-by-nicotine-strength","21":"product_cat-vape-by-puff-count","22":"product_cat-vape-by-feature-or-type","23":"product_cat-vapes-with-screens","24":"product_cat-waspe","26":"first","27":"onbackorder","28":"shipping-taxable","29":"purchasable","30":"product-type-variable","31":"has-default-attributes"},"tiered_pricing_type":"percentage","tiered_pricing_fixed_rules":[],"tiered_pricing_product_settings":{"layout":"default","base_unit_name":{"singular":null,"plural":null},"default_variation":null},"tiered_pricing_minimum_quantity":10,"tiered_pricing_roles_data":[],"tiered_pricing_percentage_rules":{"50":"35","100":"40","200":"44","500":"47","1000":"49"},"tiered_pricing_maximum_quantity":null,"tiered_pricing_quantity_step":"10","_links":{"self":[{"href":"https:\/\/agoravape.com\/pl\/wp-json\/wp\/v2\/product\/13053","targetHints":{"allow":["GET"]}}],"collection":[{"href":"https:\/\/agoravape.com\/pl\/wp-json\/wp\/v2\/product"}],"about":[{"href":"https:\/\/agoravape.com\/pl\/wp-json\/wp\/v2\/types\/product"}],"replies":[{"embeddable":true,"href":"https:\/\/agoravape.com\/pl\/wp-json\/wp\/v2\/comments?post=13053"}],"version-history":[{"count":0,"href":"https:\/\/agoravape.com\/pl\/wp-json\/wp\/v2\/product\/13053\/revisions"}],"wp:featuredmedia":[{"embeddable":true,"href":"https:\/\/agoravape.com\/pl\/wp-json\/wp\/v2\/media\/13083"}],"wp:attachment":[{"href":"https:\/\/agoravape.com\/pl\/wp-json\/wp\/v2\/media?parent=13053"}],"wp:term":[{"taxonomy":"product_brand","embeddable":true,"href":"https:\/\/agoravape.com\/pl\/wp-json\/wp\/v2\/product_brand?post=13053"},{"taxonomy":"product_cat","embeddable":true,"href":"https:\/\/agoravape.com\/pl\/wp-json\/wp\/v2\/product_cat?post=13053"},{"taxonomy":"product_tag","embeddable":true,"href":"https:\/\/agoravape.com\/pl\/wp-json\/wp\/v2\/product_tag?post=13053"}],"curies":[{"name":"wp","href":"https:\/\/api.w.org\/{rel}","templated":true}]}}