{"id":13100,"date":"2025-10-10T20:32:14","date_gmt":"2025-10-10T12:32:14","guid":{"rendered":"https:\/\/green-grasshopper-921422.hostingersite.com\/?post_type=product&#038;p=13100"},"modified":"2026-03-26T13:22:23","modified_gmt":"2026-03-26T12:22:23","slug":"waspe-digital-box-12000-puffow-lcd-vape","status":"publish","type":"product","link":"https:\/\/agoravape.com\/pl\/product\/waspe-digital-box-12000-puffs-lcd-vape\/","title":{"rendered":"Waspe Digital Box 12000 Puffs LCD Screen Vape | D\u0142ugotrwa\u0142y smak, prosty w u\u017cyciu"},"content":{"rendered":"<h2 data-v-md-heading=\"what-are-the-advantages-of-waspe-digital-box-12000-lcd-screen-vapes\" data-v-md-line=\"3\">Jakie s\u0105 zalety waporyzator\u00f3w z ekranem LCD Waspe Digital Box 12000?<\/h2>\n<p data-v-md-line=\"4\">Je\u015bli jeste\u015b zm\u0119czony jednorazowymi waporyzatorami, kt\u00f3re ko\u0144cz\u0105 si\u0119 na pocz\u0105tku u\u017cytkowania, to ten produkt znacznie u\u0142atwi Ci tydzie\u0144. Waspe Digital Box jest wyposa\u017cony w akumulator, kt\u00f3ry mo\u017ce pomie\u015bci\u0107 do 12000 zaci\u0105gni\u0119\u0107, dzi\u0119ki czemu mo\u017cna wykorzysta\u0107 20 mililitr\u00f3w e-liquidu.<\/p>\n<p data-v-md-line=\"6\">Zosta\u0142 zaprojektowany dla tych, kt\u00f3rzy chc\u0105 cieszy\u0107 si\u0119 wapowaniem niezawodnie, smacznie i bez wysi\u0142ku. Wystarczy zaci\u0105gn\u0105\u0107 si\u0119, aby go aktywowa\u0107. Ekran LCD pozwala na szybkie zrozumienie sytuacji, bez konieczno\u015bci martwienia si\u0119 o \u0142adowanie.<\/p>\n<h2 data-v-md-heading=\"excellent-performance-easy-and-convenient\" data-v-md-line=\"8\">Doskona\u0142a wydajno\u015b\u0107, \u0142atwo\u015b\u0107 i wygoda<\/h2>\n<p data-v-md-line=\"9\">Siatkowa cewka jest rdzeniem tego urz\u0105dzenia. Dlatego ka\u017cdy k\u0119s jest tak pyszny, jak pierwszy smak. Gdy poziom na\u0142adowania baterii jest niski, do pod\u0142\u0105czenia urz\u0105dzenia mo\u017cna u\u017cy\u0107 kabla do transmisji danych typu C, kt\u00f3ry mo\u017ce by\u0107 ju\u017c dost\u0119pny w telefonie. Ekran szybko wy\u015bwietli aktualizacje stanu, pozwalaj\u0105c kontrolowa\u0107 wszystko bez martwienia si\u0119 o ustawienia.<\/p>\n<h2 data-v-md-heading=\"specification-introduction\" data-v-md-line=\"11\">Wprowadzenie do specyfikacji<\/h2>\n<ul data-v-md-line=\"12\">\n<li>Cz\u0119stotliwo\u015b\u0107 ssania: do 12000 razy<\/li>\n<li>Zawarto\u015b\u0107 nikotyny: 0%, 2%, 3%, 5%<\/li>\n<li>Zasada dzia\u0142ania: Aktywacja jednym zaci\u0105gni\u0119ciem<\/li>\n<li>Spos\u00f3b \u0142adowania: Standardowy interfejs USB typu C<\/li>\n<li>Status: Gotowy do u\u017cycia od razu po wyj\u0119ciu z pude\u0142ka<\/li>\n<li>Pojemno\u015b\u0107 e-liquidu: 20 mililitr\u00f3w<\/li>\n<li>Akumulator: akumulator 650mAh<\/li>\n<li>Rdze\u0144 rozpylaj\u0105cy: siatka, 0,8 \u03a9<\/li>\n<li>Ekran wy\u015bwietlacza: Ekran LCD<\/li>\n<\/ul>\n<h2 data-v-md-heading=\"full-range-of-flavors\" data-v-md-line=\"22\">Pe\u0142na gama smak\u00f3w<\/h2>\n<ul data-v-md-line=\"23\">\n<li>Arbuzowy l\u00f3d<\/li>\n<li>Niebieskie lodowisko<\/li>\n<li>Lody winogronowe<\/li>\n<li>Truskawka arbuz<\/li>\n<li>Mieszane jagody<\/li>\n<li>P\u0105czki truskawkowe<\/li>\n<li>Bor\u00f3wki i maliny<\/li>\n<li>Truskawka, malina, wi\u015bnia<\/li>\n<li>Arbuz, mango, brzoskwinia<\/li>\n<li>Sok gruszkowy z czerwonego wina<\/li>\n<\/ul>\n<h2 data-v-md-heading=\"to-create-for-you-and-your-business\" data-v-md-line=\"34\">Aby stworzy\u0107 dla Ciebie i Twojej firmy<\/h2>\n<p data-v-md-line=\"35\">Pozw\u00f3l, \u017ce wybior\u0119 jeden z nich ju\u017c dzi\u015b! Je\u015bli prowadzisz sklep, mo\u017cesz zaopatrzy\u0107 si\u0119 w pude\u0142ka hurtowe po 10 sztuk i pude\u0142ka zewn\u0119trzne po 200 sztuk. Ka\u017cde pude\u0142ko ma wag\u0119 brutto 18,5 kilograma i wymiary 690 \u00d7 313 \u00d7 220 milimetr\u00f3w.<\/p>\n<p data-v-md-line=\"37\">Wsp\u00f3\u0142pracujemy z zaufanymi partnerami, takimi jak UPS, DPD i DHL, aby zapewni\u0107 pe\u0142ne europejskie us\u0142ugi wysy\u0142kowe DDP, zapewniaj\u0105c, \u017ce nie napotkasz \u017cadnych wypadk\u00f3w podczas odprawy celnej. Dokument jest czytelny. Szybka dostawa. Od kasy do dostawy do domu, wszystkie operacje s\u0105 jasne na pierwszy rzut oka.<\/p>\n<h2 data-v-md-heading=\"why-do-you-like-it\" data-v-md-line=\"39\">Dlaczego to lubisz?<\/h2>\n<ul data-v-md-line=\"40\">\n<li>Wiele zaci\u0105gni\u0119\u0107: Trwa\u0142e i d\u0142ugowieczne, nie ma potrzeby cz\u0119stego kupowania nowych papieros\u00f3w.<\/li>\n<li>Wyb\u00f3r st\u0119\u017cenia nikotyny: Wybierz st\u0119\u017cenie odpowiednie dla Twojego dnia.<\/li>\n<li>Mo\u017cliwo\u015b\u0107 wielokrotnego \u0142adowania: Przy ka\u017cdym zakupie zabraknie Ci e-liquidu.<\/li>\n<li>Siatkowy rdze\u0144 atomizera: Od pierwszego do ostatniego \u0142yka smak pozostaje niezmienny.<\/li>\n<li>Ekran wy\u015bwietlacza LCD: Status jest jasny na pierwszy rzut oka, wszystko jest pod kontrol\u0105.<\/li>\n<\/ul>\n<h2 data-v-md-heading=\"why-choose-to-collaborate-with-agoravape\" data-v-md-line=\"46\">Dlaczego warto zdecydowa\u0107 si\u0119 na wsp\u00f3\u0142prac\u0119 z AgoraVape?<\/h2>\n<p data-v-md-line=\"47\">Sprzedajemy tylko oryginalne produkty 100% i nie mamy co do tego w\u0105tpliwo\u015bci. Klienci korporacyjni, kt\u00f3rzy kupuj\u0105 vape z ekranem LCD Waspe Digital Box 12000, mog\u0105 cieszy\u0107 si\u0119 obni\u017conymi cenami hurtowymi, przyjaznym wsparciem oraz szybkimi i niezawodnymi us\u0142ugami dostawy. Chcesz zweryfikowa\u0107 autentyczno\u015b\u0107 lub z\u0142o\u017cy\u0107 zam\u00f3wienie hurtowe? Skontaktuj si\u0119 z nami, a my zorganizujemy dla Ciebie zapasy, aby zapewni\u0107 wysoki wska\u017anik zwrot\u00f3w od klient\u00f3w.<\/p>","protected":false},"excerpt":{"rendered":"<p>Jakie s\u0105 zalety waporyzator\u00f3w z ekranem LCD Waspe Digital Box 12000? Je\u015bli jeste\u015b zm\u0119czony jednorazowymi waporyzatorami, kt\u00f3re<\/p>","protected":false},"featured_media":13116,"comment_status":"open","ping_status":"closed","template":"","meta":[],"product_brand":[206],"product_cat":[124,187,185,1634,189,174,175,193,191,179,173,186,180,190,192,133],"product_tag":[],"class_list":{"0":"post-13100","1":"product","2":"type-product","3":"status-publish","4":"has-post-thumbnail","6":"product_brand-waspe","7":"product_cat-vape-by-brand","8":"product_cat-0mg-nicotine-free-vapes","9":"product_cat-10000-puffs-high-capacity","10":"product_cat-12000-puffs","11":"product_cat-20mg-standard-nicotine-vapes","12":"product_cat-fruit-flavors","13":"product_cat-icy-mint","14":"product_cat-mesh-coil","15":"product_cat-rechargeable-disposables","16":"product_cat-unique-blends","17":"product_cat-vape-by-flavor-profile","18":"product_cat-vape-by-nicotine-strength","19":"product_cat-vape-by-puff-count","20":"product_cat-vape-by-feature-or-type","21":"product_cat-vapes-with-screens","22":"product_cat-waspe","24":"first","25":"onbackorder","26":"shipping-taxable","27":"purchasable","28":"product-type-variable","29":"has-default-attributes"},"tiered_pricing_type":"percentage","tiered_pricing_fixed_rules":[],"tiered_pricing_product_settings":{"layout":"default","base_unit_name":{"singular":null,"plural":null},"default_variation":null},"tiered_pricing_minimum_quantity":10,"tiered_pricing_roles_data":[],"tiered_pricing_percentage_rules":{"50":"35","100":"40","200":"44","500":"47","1000":"49"},"tiered_pricing_maximum_quantity":null,"tiered_pricing_quantity_step":"10","_links":{"self":[{"href":"https:\/\/agoravape.com\/pl\/wp-json\/wp\/v2\/product\/13100","targetHints":{"allow":["GET"]}}],"collection":[{"href":"https:\/\/agoravape.com\/pl\/wp-json\/wp\/v2\/product"}],"about":[{"href":"https:\/\/agoravape.com\/pl\/wp-json\/wp\/v2\/types\/product"}],"replies":[{"embeddable":true,"href":"https:\/\/agoravape.com\/pl\/wp-json\/wp\/v2\/comments?post=13100"}],"version-history":[{"count":0,"href":"https:\/\/agoravape.com\/pl\/wp-json\/wp\/v2\/product\/13100\/revisions"}],"wp:featuredmedia":[{"embeddable":true,"href":"https:\/\/agoravape.com\/pl\/wp-json\/wp\/v2\/media\/13116"}],"wp:attachment":[{"href":"https:\/\/agoravape.com\/pl\/wp-json\/wp\/v2\/media?parent=13100"}],"wp:term":[{"taxonomy":"product_brand","embeddable":true,"href":"https:\/\/agoravape.com\/pl\/wp-json\/wp\/v2\/product_brand?post=13100"},{"taxonomy":"product_cat","embeddable":true,"href":"https:\/\/agoravape.com\/pl\/wp-json\/wp\/v2\/product_cat?post=13100"},{"taxonomy":"product_tag","embeddable":true,"href":"https:\/\/agoravape.com\/pl\/wp-json\/wp\/v2\/product_tag?post=13100"}],"curies":[{"name":"wp","href":"https:\/\/api.w.org\/{rel}","templated":true}]}}