{"id":13132,"date":"2025-10-10T21:13:29","date_gmt":"2025-10-10T13:13:29","guid":{"rendered":"https:\/\/green-grasshopper-921422.hostingersite.com\/?post_type=product&#038;p=13132"},"modified":"2026-02-14T17:16:39","modified_gmt":"2026-02-14T16:16:39","slug":"uzy-triple-flavors-60k-3w1-vape","status":"publish","type":"product","link":"https:\/\/agoravape.com\/pl\/product\/uzy-triple-flavors-60k-3in1-vape\/","title":{"rendered":"UZY Triple Flavors 60K Puffs 3-w-1 LED Screen Vape | Trzy smaki w jednym, zbudowane z my\u015bl\u0105 o trwa\u0142o\u015bci"},"content":{"rendered":"<h2 data-v-md-heading=\"what-about-the-uzy-three-in-one-led-screen-vape\" data-v-md-line=\"3\">A co z vape z ekranem LED UZY trzy w jednym?<\/h2>\n<p data-v-md-line=\"4\">Je\u015bli masz do\u015b\u0107 jednorazowych wk\u0142ad\u00f3w do papieros\u00f3w, kt\u00f3re wyczerpuj\u0105 si\u0119 w ci\u0105gu kilku dni, warto przyjrze\u0107 si\u0119 temu produktowi. Vape UZY trzy w jednym z ekranem LED \u0142\u0105czy w sobie trzy r\u00f3\u017cne smaki wk\u0142ad\u00f3w, umo\u017cliwiaj\u0105c \u0142atw\u0105 zmian\u0119 smak\u00f3w bez zmiany vape.<\/p>\n<p data-v-md-line=\"6\">Jest odpowiedni dla ka\u017cdego, kto chce go u\u017cywa\u0107 przez d\u0142ugi czas, z \u0142atwo\u015bci\u0105 i wygod\u0105. Wystarczy delikatnie zaci\u0105gn\u0105\u0107 si\u0119, aby go u\u017cy\u0107. Wyra\u017any ekran LED wy\u015bwietla poziom na\u0142adowania baterii i poziom e-liquidu. Aby kontynuowa\u0107 u\u017cytkowanie, wystarczy na\u0142adowa\u0107 urz\u0105dzenie przez interfejs Type-C. \u0141atwy w u\u017cyciu.<\/p>\n<h2 data-v-md-heading=\"excellent-performance-easy-and-convenient\" data-v-md-line=\"8\">Doskona\u0142a wydajno\u015b\u0107, \u0142atwo\u015b\u0107 i wygoda<\/h2>\n<p data-v-md-line=\"9\">Wewn\u0105trz zastosowano podw\u00f3jne cewki siatkowe, aby zapewni\u0107 sp\u00f3jny smak od pierwszego do ostatniego k\u0119sa. Ekran LED umo\u017cliwia \u0142atwe sprawdzenie poziomu na\u0142adowania baterii i jej stanu na pierwszy rzut oka, eliminuj\u0105c potrzeb\u0119 zgadywania. Gdy potrzebne jest \u0142adowanie, wystarczy u\u017cy\u0107 tego samego kabla do transmisji danych typu C, co telefon. Nie ma potrzeby stosowania specjalnych \u0142adowarek, jest to \u0142atwe i wygodne.<\/p>\n<h2 data-v-md-heading=\"specification-overview\" data-v-md-line=\"11\">Przegl\u0105d specyfikacji<\/h2>\n<ul data-v-md-line=\"12\">\n<li>Cz\u0119stotliwo\u015b\u0107 ssania: do 60000 razy<\/li>\n<li>St\u0119\u017cenie nikotyny: dostarczane w oparciu o stan magazynowy i miejsce przeznaczenia<\/li>\n<li>Zasada dzia\u0142ania: Aktywacja jednym zaci\u0105gni\u0119ciem<\/li>\n<li>\u0141adowanie: Standardowy port USB typu C<\/li>\n<li>Ekran wy\u015bwietlacza: inteligentny ekran LED, wy\u015bwietlaj\u0105cy stan baterii i e-liquidu<\/li>\n<li>Cewka: Cewka z podw\u00f3jn\u0105 siatk\u0105<\/li>\n<li>Pojemno\u015b\u0107 e-cieczy: Ca\u0142kowita pojemno\u015b\u0107 54 mililitry (18 mililitr\u00f3w na komor\u0119 e-cieczy)<\/li>\n<li>Bateria: akumulator o pojemno\u015bci 850 mAh<\/li>\n<li>Waga: Oko\u0142o 120 gram\u00f3w na jednostk\u0119<\/li>\n<li>Opakowanie: 10 sztuk w pude\u0142ku. 200 sztuk w pude\u0142ku<\/li>\n<li>Status: Gotowy do u\u017cycia po rozpakowaniu<\/li>\n<li>SKU\uff1aUZY-Tpriple-Flavors-60000-3IN1<\/li>\n<\/ul>\n<h2 data-v-md-heading=\"full-flavor-series\" data-v-md-line=\"25\">Seria o pe\u0142nym smaku<\/h2>\n<ul data-v-md-line=\"26\">\n<li>Jagody, maliny, truskawki, kiwi, cytryny i limonki<\/li>\n<li>Kiwi, marakuja, guawa, jagoda z lodem, brzoskwinia, mango<\/li>\n<li>Arbuz truskawkowy\/l\u00f3d koksowy\/wi\u015bniowa cola<\/li>\n<li>L\u00f3d brzoskwiniowy\/truskawkowy\/ malinowy\/ wi\u015bniowy\/ z podw\u00f3jnym jab\u0142kiem<\/li>\n<li>Grape Ice\/Love 666 (melon marakuja)\/Strawberry Red Bull<\/li>\n<li>Mr. Blue\/Teddy Bear Candy\/Red Bull Ice<\/li>\n<li>Brzoskwinia Mango Ananas\/Bor\u00f3wka L\u00f3d\/Raspberry Arbuz<\/li>\n<li>Watermelon Ice\/Triple Melon Ice\/Strawberry Banana<\/li>\n<li>Letni l\u00f3d brzoskwiniowy\/l\u00f3d truskawkowy\/l\u00f3d jagodowy<\/li>\n<li>Cherry Ice\/Mixed Berry\/Black Dragon Ice<\/li>\n<\/ul>\n<h2 data-v-md-heading=\"for-you-and-your-company\" data-v-md-line=\"37\">Dla Ciebie i Twojej firmy<\/h2>\n<p data-v-md-line=\"38\">Mo\u017cesz kupi\u0107 UZY Triple Flavor 60K do u\u017cytku osobistego lub u\u017cywa\u0107 go w swoim sklepie. Pude\u0142ka do pakowania hurtowego zawieraj\u0105 10 sztuk, po 200 sztuk w pude\u0142ku, co zapewnia uporz\u0105dkowane planowanie zapas\u00f3w.<\/p>\n<p data-v-md-line=\"40\">\u015awiadczymy us\u0142ugi dostawy DDP za po\u015brednictwem zaufanych partner\u00f3w, takich jak UPS, DPD i DHL, dzi\u0119ki czemu nie napotkasz \u017cadnych wypadk\u00f3w przy odprawie celnej w kwalifikuj\u0105cych si\u0119 miejscach docelowych. Ze wzgl\u0119du na lokalne przepisy, sytuacja w zakresie dostaw i st\u0119\u017cenie nikotyny mog\u0105 si\u0119 r\u00f3\u017cni\u0107 w r\u00f3\u017cnych krajach\/regionach. Je\u015bli nie masz pewno\u015bci, skontaktuj si\u0119 z nami, a my udzielimy Ci wskaz\u00f3wek.<\/p>\n<h2 data-v-md-heading=\"why-do-you-like-it\" data-v-md-line=\"42\">Dlaczego to lubisz?<\/h2>\n<ul data-v-md-line=\"43\">\n<li>Du\u017ca pojemno\u015b\u0107: d\u0142u\u017csza \u017cywotno\u015b\u0107 baterii, brak konieczno\u015bci cz\u0119stej wymiany waporyzator\u00f3w<\/li>\n<li>Wyb\u00f3r st\u0119\u017cenia nikotyny: Wybierz st\u0119\u017cenie nikotyny, kt\u00f3re pasuje do Twojego gustu i rynku<\/li>\n<li>Mo\u017cliwo\u015b\u0107 \u0142adowania: Mo\u017cna u\u017cywa\u0107 wszystkich zakupionych e-liquid\u00f3w<\/li>\n<li>Siatkowy rdze\u0144 atomizera: zachowuje sp\u00f3jny smak, satysfakcjonuj\u0105cy<\/li>\n<li>Inteligentny ekran LED: \u0142atwy podgl\u0105d poziomu na\u0142adowania baterii i pozosta\u0142ej ilo\u015bci e-liquidu.<\/li>\n<li>Trzy smaki: Brak konieczno\u015bci zmiany urz\u0105dze\u0144, prze\u0142\u0105czanie smak\u00f3w w kilka sekund<\/li>\n<\/ul>\n<h2 data-v-md-heading=\"why-choose-agoravape\" data-v-md-line=\"50\">Dlaczego warto wybra\u0107 AgoraVape?<\/h2>\n<p data-v-md-line=\"51\">Sprzedajemy tylko oryginalne produkty 100% od certyfikowanych dostawc\u00f3w. Nasi klienci komercyjni mog\u0105 cieszy\u0107 si\u0119 wysoce konkurencyjnymi cenami hurtowymi, przejrzystymi fakturami, niezawodnym wsparciem i szybk\u0105 wysy\u0142k\u0105 vap\u00f3w z ekranem LED UZY trzy w jednym. Je\u015bli potrzebujesz trwa\u0142ego i bogatego w funkcje produktu jednorazowego u\u017cytku i masz nadziej\u0119, \u017ce Twoi klienci ponownie go odwiedz\u0105, skontaktuj si\u0119 z nami.<\/p>","protected":false},"excerpt":{"rendered":"<p>&nbsp;<\/p>\n<p><script src=\"chrome-extension:\/\/fpelahbljekknahkcaegamhcndkfpfnc\/iFrame.js\" type=\"text\/javascript\"><\/script><\/p>\n<p><script src=\"chrome-extension:\/\/fpelahbljekknahkcaegamhcndkfpfnc\/iFrame.js\" type=\"text\/javascript\"><\/script><\/p>","protected":false},"featured_media":13153,"comment_status":"open","ping_status":"closed","template":"","meta":[],"product_brand":[207],"product_cat":[124,187,185,189,1642,176,195,1674,174,175,193,191,134,173,186,180,190,192],"product_tag":[],"class_list":{"0":"post-13132","1":"product","2":"type-product","3":"status-publish","4":"has-post-thumbnail","6":"product_brand-uzy","7":"product_cat-vape-by-brand","8":"product_cat-0mg-nicotine-free-vapes","9":"product_cat-10000-puffs-high-capacity","10":"product_cat-20mg-standard-nicotine-vapes","11":"product_cat-60000-puffs","12":"product_cat-beverage","13":"product_cat-dual-flavor-switch","14":"product_cat-eu-warehouse","15":"product_cat-fruit-flavors","16":"product_cat-icy-mint","17":"product_cat-mesh-coil","18":"product_cat-rechargeable-disposables","19":"product_cat-uzy","20":"product_cat-vape-by-flavor-profile","21":"product_cat-vape-by-nicotine-strength","22":"product_cat-vape-by-puff-count","23":"product_cat-vape-by-feature-or-type","24":"product_cat-vapes-with-screens","26":"first","27":"instock","28":"shipping-taxable","29":"purchasable","30":"product-type-variable","31":"has-default-attributes"},"tiered_pricing_type":"percentage","tiered_pricing_fixed_rules":[],"tiered_pricing_product_settings":{"layout":"default","base_unit_name":{"singular":null,"plural":null},"default_variation":null},"tiered_pricing_minimum_quantity":10,"tiered_pricing_roles_data":[],"tiered_pricing_percentage_rules":{"30":"29","50":"35","100":"40","200":"44","500":"47","1000":"49"},"tiered_pricing_maximum_quantity":null,"tiered_pricing_quantity_step":"10","_links":{"self":[{"href":"https:\/\/agoravape.com\/pl\/wp-json\/wp\/v2\/product\/13132","targetHints":{"allow":["GET"]}}],"collection":[{"href":"https:\/\/agoravape.com\/pl\/wp-json\/wp\/v2\/product"}],"about":[{"href":"https:\/\/agoravape.com\/pl\/wp-json\/wp\/v2\/types\/product"}],"replies":[{"embeddable":true,"href":"https:\/\/agoravape.com\/pl\/wp-json\/wp\/v2\/comments?post=13132"}],"version-history":[{"count":0,"href":"https:\/\/agoravape.com\/pl\/wp-json\/wp\/v2\/product\/13132\/revisions"}],"wp:featuredmedia":[{"embeddable":true,"href":"https:\/\/agoravape.com\/pl\/wp-json\/wp\/v2\/media\/13153"}],"wp:attachment":[{"href":"https:\/\/agoravape.com\/pl\/wp-json\/wp\/v2\/media?parent=13132"}],"wp:term":[{"taxonomy":"product_brand","embeddable":true,"href":"https:\/\/agoravape.com\/pl\/wp-json\/wp\/v2\/product_brand?post=13132"},{"taxonomy":"product_cat","embeddable":true,"href":"https:\/\/agoravape.com\/pl\/wp-json\/wp\/v2\/product_cat?post=13132"},{"taxonomy":"product_tag","embeddable":true,"href":"https:\/\/agoravape.com\/pl\/wp-json\/wp\/v2\/product_tag?post=13132"}],"curies":[{"name":"wp","href":"https:\/\/api.w.org\/{rel}","templated":true}]}}