{"id":13155,"date":"2025-10-11T08:30:57","date_gmt":"2025-10-11T00:30:57","guid":{"rendered":"https:\/\/green-grasshopper-921422.hostingersite.com\/?post_type=product&#038;p=13155"},"modified":"2026-02-22T15:16:10","modified_gmt":"2026-02-22T14:16:10","slug":"uzy-crystal-twin-50k-dual-flavor-vape","status":"publish","type":"product","link":"https:\/\/agoravape.com\/pl\/product\/uzy-crystal-twin-50k-dual-flavor-vape\/","title":{"rendered":"UZY Crystal Twin 50K Puffs Dual Flavor LED Vape | Dwa smaki w kranie z powa\u017cn\u0105 moc\u0105 dzia\u0142ania"},"content":{"rendered":"<h2 data-v-md-heading=\"what-exactly-is-the-uzy-crystal-twin-50k-dual-flavor-led-vape\" data-v-md-line=\"3\">Czym dok\u0142adnie jest UZY Crystal Twin 50K dual flavor LED vape?<\/h2>\n<p data-v-md-line=\"4\">Je\u015bli jeste\u015b zm\u0119czony jednorazowymi waporyzatorami zu\u017cytymi w \u015brodku tygodnia, warto przyjrze\u0107 si\u0119 temu produktowi. UZY Crystal Twin ma pojemno\u015b\u0107 do 50000 zaci\u0105gni\u0119\u0107, a jedno urz\u0105dzenie mo\u017ce zapewni\u0107 dwa smaki, umo\u017cliwiaj\u0105c \u0142atw\u0105 zmian\u0119 smak\u00f3w bez zmiany waporyzatora. Urz\u0105dzenie jest solidne w dotyku, wa\u017cy oko\u0142o 105 gram\u00f3w i mierzy oko\u0142o 61 \u00d7 31 \u00d7 115 milimetr\u00f3w, co jest umiarkowanym rozmiarem i \u0142atwym do przenoszenia.<\/p>\n<p data-v-md-line=\"6\">Je\u015bli chcesz cieszy\u0107 si\u0119 d\u0142ugotrwa\u0142ym smakiem, nie musisz si\u0119 martwi\u0107, ten produkt jest idealnym wyborem. Jest on wyposa\u017cony w inteligentny ekran LED, umo\u017cliwiaj\u0105cy \u015bledzenie najnowszych osi\u0105gni\u0119\u0107 w dowolnym momencie. Przezroczysta kryszta\u0142owa pow\u0142oka sprawia, \u017ce wygl\u0105da schludnie i czysto, niezale\u017cnie od tego, czy jest umieszczony na biurku, czy w d\u0142oniach. Mo\u017cesz pomy\u015ble\u0107, \u017ce vape o tak du\u017cej pojemno\u015bci ssania b\u0119dzie niepor\u0119czny, ale b\u0119dziesz zaskoczony, gdy oka\u017ce si\u0119, \u017ce z \u0142atwo\u015bci\u0105 zmie\u015bci si\u0119 w kieszeni kurtki.<\/p>\n<h2 data-v-md-heading=\"excellent-performance-easy-and-convenient\" data-v-md-line=\"8\">Doskona\u0142a wydajno\u015b\u0107, \u0142atwo\u015b\u0107 i wygoda<\/h2>\n<p data-v-md-line=\"9\">Podw\u00f3jne cewki siatkowe ponosz\u0105 du\u017c\u0105 odpowiedzialno\u015b\u0107, dzi\u0119ki czemu ka\u017cdy k\u0119s jest tak czysty jak pierwszy. Dwie cewki o oczkach 0,9 \u03a9 s\u0105 zasilane przez podzielony e-liquid o pojemno\u015bci do 40 mililitr\u00f3w (20 mililitr\u00f3w na ka\u017cdy smak). Zasilacz jest zasilany akumulatorem o pojemno\u015bci 850 mAh, dzi\u0119ki czemu zbiornik na olej mo\u017ce pracowa\u0107 bezczynnie bez obawy o wyczerpanie baterii. Gdy poziom na\u0142adowania baterii jest niski, do \u0142adowania mo\u017cna u\u017cy\u0107 kabla do transmisji danych typu C (kt\u00f3ry mo\u017ce by\u0107 taki sam jak ten powszechnie u\u017cywany w telefonie). To proste.<\/p>\n<h2 data-v-md-heading=\"specification-introduction\" data-v-md-line=\"11\">Wprowadzenie do specyfikacji<\/h2>\n<p data-v-md-line=\"12\"><strong>Cz\u0119stotliwo\u015b\u0107 ssania<\/strong>do 50000 razy<br \/>\n<strong>Zawarto\u015b\u0107 nikotyny<\/strong>: 0%\/2%\/3%\/5%<br \/>\n<strong>U\u017cycie<\/strong>: Zaci\u0105gnij si\u0119, aby aktywowa\u0107<br \/>\n<strong>\u0141adowanie<\/strong>: Standardowy interfejs USB typu C<br \/>\n<strong>Status<\/strong>: Gotowy do u\u017cycia po rozpakowaniu<\/p>\n<h2 data-v-md-heading=\"full-range-of-flavors\" data-v-md-line=\"18\">Pe\u0142na gama smak\u00f3w<\/h2>\n<ul data-v-md-line=\"19\">\n<li>Koktajl jagodowy&amp;Letni koktajl brzoskwiniowy<\/li>\n<li>Kiwi, marakuja, granat i malina z jagodami<\/li>\n<li>Koktajl truskawkowo- kiwiowo-winogronowy<\/li>\n<li>Kiwi, marakuja, guawa i podw\u00f3jne jab\u0142ko<\/li>\n<li>Truskawka, arbuz i limonka z cytryn\u0105<\/li>\n<li>Jagody, maliny, wi\u015bnie, smoothie<\/li>\n<li>Strawberry Raspberry Cherry&amp;Mr. Blue<\/li>\n<li>Brzoskwinia, mango, ananas i Red Bull<\/li>\n<li>Koktajl z arbuza i mieszanki jag\u00f3d<\/li>\n<li>Strawberry Banana&amp;Love 66 (smoothie z melona i marakui)<\/li>\n<\/ul>\n<h2 data-v-md-heading=\"to-create-for-you-and-your-business\" data-v-md-line=\"30\">Aby stworzy\u0107 dla Ciebie i Twojej firmy<\/h2>\n<p data-v-md-line=\"31\">Mo\u017cesz wybra\u0107 urz\u0105dzenie do u\u017cytku w\u0142asnego lub zaopatrzy\u0107 w nie sw\u00f3j sklep. Je\u015bli planujesz zakup hurtowy, opakowanie hurtowe to 10 sztuk w pude\u0142ku i 200 sztuk w pude\u0142ku. Zapewniamy us\u0142ugi dostawy DDP za po\u015brednictwem zaufanych partner\u00f3w, takich jak UPS, DPD i DHL, dzi\u0119ki czemu taryfy mog\u0105 by\u0107 przetwarzane z wyprzedzeniem, aby unikn\u0105\u0107 wypadk\u00f3w celnych.<\/p>\n<p data-v-md-line=\"33\">Je\u015bli potrzebujesz r\u00f3\u017cnych st\u0119\u017ce\u0144 nikotyny, oferujemy produkty nikotynowe w r\u00f3\u017cnych st\u0119\u017ceniach, takich jak 0%, 2%, 3% i 5% do wyboru. Wyra\u017ane kombinacje smakowe i sp\u00f3jny wygl\u0105d zewn\u0119trzny zapewniaj\u0105 porz\u0105dek na p\u00f3\u0142kach i zadowolenie klient\u00f3w.<\/p>\n<h2 data-v-md-heading=\"why-do-you-like-it\" data-v-md-line=\"35\">Dlaczego to lubisz?<\/h2>\n<p data-v-md-line=\"36\"><strong>Ci\u0119\u017ckie palenie<\/strong>: Trwa\u0142e i d\u0142ugowieczne, nie ma potrzeby cz\u0119stego kupowania nowych papieros\u00f3w.<br \/>\n<strong>Wyb\u00f3r nikotyny<\/strong>: Mo\u017cesz wybra\u0107 st\u0119\u017cenie, kt\u00f3re jest dla Ciebie najbardziej odpowiednie.<br \/>\n<strong>Akumulatorowy<\/strong>Oznacza to, \u017ce mo\u017cesz u\u017cywa\u0107 wszystkich zakupionych e-liquid\u00f3w.<br \/>\n<strong>Cewki siatkowe<\/strong>zapewniaj\u0105c sp\u00f3jne i pyszne wra\u017cenia za ka\u017cdym razem.<\/p>\n<h2 data-v-md-heading=\"why-collaborate-with-agoravape\" data-v-md-line=\"41\">Dlaczego warto wsp\u00f3\u0142pracowa\u0107 z AgoraVape?<\/h2>\n<p data-v-md-line=\"42\">Dostarczamy tylko oryginalne produkty 100% z wiarygodnych \u017ar\u00f3de\u0142 i jeste\u015bmy odpowiedzialni za sprzedawane przez nas produkty. Dla klient\u00f3w komercyjnych oznacza to obni\u017cone ceny hurtowe, niezawodn\u0105 obs\u0142ug\u0119 klienta oraz szybk\u0105 i niezawodn\u0105 dostaw\u0119 DDP na terenie Europy. Zapraszamy do om\u00f3wienia z nami UZY Crystal Twin 50K Puffs dual flavor LED vape i umieszczenia tego sprawdzonego i popularnego produktu na swoich p\u00f3\u0142kach.<\/p>","protected":false},"excerpt":{"rendered":"<p>&nbsp;<\/p>","protected":false},"featured_media":13176,"comment_status":"open","ping_status":"closed","template":"","meta":[],"product_brand":[207],"product_cat":[124,187,185,189,1641,195,1674,174,175,193,191,179,134,173,186,180,190,192],"product_tag":[],"class_list":{"0":"post-13155","1":"product","2":"type-product","3":"status-publish","4":"has-post-thumbnail","6":"product_brand-uzy","7":"product_cat-vape-by-brand","8":"product_cat-0mg-nicotine-free-vapes","9":"product_cat-10000-puffs-high-capacity","10":"product_cat-20mg-standard-nicotine-vapes","11":"product_cat-50000-puffs","12":"product_cat-dual-flavor-switch","13":"product_cat-eu-warehouse","14":"product_cat-fruit-flavors","15":"product_cat-icy-mint","16":"product_cat-mesh-coil","17":"product_cat-rechargeable-disposables","18":"product_cat-unique-blends","19":"product_cat-uzy","20":"product_cat-vape-by-flavor-profile","21":"product_cat-vape-by-nicotine-strength","22":"product_cat-vape-by-puff-count","23":"product_cat-vape-by-feature-or-type","24":"product_cat-vapes-with-screens","26":"first","27":"instock","28":"shipping-taxable","29":"purchasable","30":"product-type-variable","31":"has-default-attributes"},"tiered_pricing_type":"percentage","tiered_pricing_fixed_rules":[],"tiered_pricing_product_settings":{"layout":"default","base_unit_name":{"singular":null,"plural":null},"default_variation":null},"tiered_pricing_minimum_quantity":10,"tiered_pricing_roles_data":[],"tiered_pricing_percentage_rules":{"30":"29","50":"35","100":"40","200":"44","500":"47","1000":"49"},"tiered_pricing_maximum_quantity":null,"tiered_pricing_quantity_step":"10","_links":{"self":[{"href":"https:\/\/agoravape.com\/pl\/wp-json\/wp\/v2\/product\/13155","targetHints":{"allow":["GET"]}}],"collection":[{"href":"https:\/\/agoravape.com\/pl\/wp-json\/wp\/v2\/product"}],"about":[{"href":"https:\/\/agoravape.com\/pl\/wp-json\/wp\/v2\/types\/product"}],"replies":[{"embeddable":true,"href":"https:\/\/agoravape.com\/pl\/wp-json\/wp\/v2\/comments?post=13155"}],"version-history":[{"count":0,"href":"https:\/\/agoravape.com\/pl\/wp-json\/wp\/v2\/product\/13155\/revisions"}],"wp:featuredmedia":[{"embeddable":true,"href":"https:\/\/agoravape.com\/pl\/wp-json\/wp\/v2\/media\/13176"}],"wp:attachment":[{"href":"https:\/\/agoravape.com\/pl\/wp-json\/wp\/v2\/media?parent=13155"}],"wp:term":[{"taxonomy":"product_brand","embeddable":true,"href":"https:\/\/agoravape.com\/pl\/wp-json\/wp\/v2\/product_brand?post=13155"},{"taxonomy":"product_cat","embeddable":true,"href":"https:\/\/agoravape.com\/pl\/wp-json\/wp\/v2\/product_cat?post=13155"},{"taxonomy":"product_tag","embeddable":true,"href":"https:\/\/agoravape.com\/pl\/wp-json\/wp\/v2\/product_tag?post=13155"}],"curies":[{"name":"wp","href":"https:\/\/api.w.org\/{rel}","templated":true}]}}