{"id":13204,"date":"2025-10-11T09:36:55","date_gmt":"2025-10-11T01:36:55","guid":{"rendered":"https:\/\/green-grasshopper-921422.hostingersite.com\/?post_type=product&#038;p=13204"},"modified":"2026-01-30T17:32:44","modified_gmt":"2026-01-30T09:32:44","slug":"uzy-crystal-4-in-1-100k-quad-flavor-vape","status":"publish","type":"product","link":"https:\/\/agoravape.com\/pl\/product\/uzy-crystal-4-in-1-100k-quad-flavor-vape\/","title":{"rendered":"UZY Crystal 4-in-1 100K Puffs | Cztery smaki, jedno urz\u0105dzenie wielokrotnego \u0142adowania"},"content":{"rendered":"<h2 data-v-md-heading=\"what-about-the-uzy-crystal-four-in-one-100000-mouth-four-flavored-vape\" data-v-md-line=\"3\"><img loading=\"lazy\" decoding=\"async\" class=\"aligncenter size-full wp-image-13226\" src=\"https:\/\/agoravape.com\/wp-content\/uploads\/2025\/10\/UZY-Crystal-4-in-1-100K-Puffs-Quad-Flavor-Vape_Agora_vape-11-scaled.webp\" alt=\"\" width=\"2560\" height=\"1424\" srcset=\"https:\/\/agoravape.com\/wp-content\/uploads\/2025\/10\/UZY-Crystal-4-in-1-100K-Puffs-Quad-Flavor-Vape_Agora_vape-11-scaled.webp 2560w, https:\/\/agoravape.com\/wp-content\/uploads\/2025\/10\/UZY-Crystal-4-in-1-100K-Puffs-Quad-Flavor-Vape_Agora_vape-11-scaled-1200x668.webp 1200w, https:\/\/agoravape.com\/wp-content\/uploads\/2025\/10\/UZY-Crystal-4-in-1-100K-Puffs-Quad-Flavor-Vape_Agora_vape-11-300x167.webp 300w, https:\/\/agoravape.com\/wp-content\/uploads\/2025\/10\/UZY-Crystal-4-in-1-100K-Puffs-Quad-Flavor-Vape_Agora_vape-11-1024x570.webp 1024w, https:\/\/agoravape.com\/wp-content\/uploads\/2025\/10\/UZY-Crystal-4-in-1-100K-Puffs-Quad-Flavor-Vape_Agora_vape-11-768x427.webp 768w, https:\/\/agoravape.com\/wp-content\/uploads\/2025\/10\/UZY-Crystal-4-in-1-100K-Puffs-Quad-Flavor-Vape_Agora_vape-11-1536x854.webp 1536w, https:\/\/agoravape.com\/wp-content\/uploads\/2025\/10\/UZY-Crystal-4-in-1-100K-Puffs-Quad-Flavor-Vape_Agora_vape-11-2048x1139.webp 2048w\" sizes=\"auto, (max-width: 2560px) 100vw, 2560px\" \/><\/h2>\n<h2 data-v-md-heading=\"what-about-the-uzy-crystal-four-in-one-100000-mouth-four-flavored-vape\" data-v-md-line=\"3\">A co z UZY Crystal four in one 100000 mouth four flavored vape?<\/h2>\n<p data-v-md-line=\"4\">Je\u015bli jeste\u015b zm\u0119czony zmienianiem urz\u0105dze\u0144 co kilka dni, ten produkt u\u0142atwi Ci \u017cycie. UZY Crystal cztery w jednym ma pojemno\u015b\u0107 do 100000 k\u0119s\u00f3w i cztery unikalne smaki, a wszystko to zapakowane w proste, krystalicznie czyste urz\u0105dzenie. Nie musisz si\u0119 wysila\u0107, po prostu wybierz zestaw smak\u00f3w, kt\u00f3ry odpowiada Twojemu nastrojowi.<\/p>\n<p data-v-md-line=\"6\">Je\u015bli zale\u017cy Ci na d\u0142ugiej \u017cywotno\u015bci baterii, niezawodnym smaku i ch\u0119ci swobodnej zmiany smak\u00f3w bez konieczno\u015bci noszenia du\u017cej torby z jednorazowym e-liquidem, to ten produkt jest idealnym wyborem. Mo\u017cesz pomy\u015ble\u0107, \u017ce waporyzator o tak du\u017cej pojemno\u015bci b\u0119dzie niepor\u0119czny, ale b\u0119dziesz zaskoczony, \u017ce wa\u017cy tylko oko\u0142o 140 gram\u00f3w i jest bardzo wygodny do przenoszenia.<\/p>\n<h2 data-v-md-heading=\"excellent-performance-easy-and-convenient\" data-v-md-line=\"8\">Doskona\u0142a wydajno\u015b\u0107, \u0142atwo\u015b\u0107 i wygoda<\/h2>\n<p data-v-md-line=\"9\">Rdze\u0144 urz\u0105dzenia wykorzystuje poczw\u00f3rn\u0105 cewk\u0119 siatkow\u0105 (1,0 \u03a9), aby zapewni\u0107 sp\u00f3jny smak od pierwszego do ostatniego k\u0119sa. Pojemno\u015b\u0107 56 ml e-liquidu w po\u0142\u0105czeniu z akumulatorem 650 mAh pozwala cieszy\u0107 si\u0119 p\u0142ynnymi i przyjemnymi doznaniami. Inteligentny ekran LED pozwala \u0142atwo zrozumie\u0107 najnowsze osi\u0105gni\u0119cia na pierwszy rzut oka. Gdy poziom na\u0142adowania baterii jest niski, do \u0142adowania mo\u017cna u\u017cy\u0107 kabla do transmisji danych typu C, kt\u00f3ry m\u00f3g\u0142 by\u0107 u\u017cywany w telefonie. Wystarczy zaci\u0105gn\u0105\u0107 si\u0119, aby aktywowa\u0107 urz\u0105dzenie. \u0141atwy w u\u017cyciu.<\/p>\n<h2 data-v-md-heading=\"specification-overview\" data-v-md-line=\"11\">Przegl\u0105d specyfikacji<\/h2>\n<ul data-v-md-line=\"12\">\n<li>Cz\u0119stotliwo\u015b\u0107 zasysania: do 100000 razy<\/li>\n<li>Zawarto\u015b\u0107 nikotyny: 0%, 2%, 3%, 5% (konkretna poda\u017c mo\u017ce si\u0119 r\u00f3\u017cni\u0107 w zale\u017cno\u015bci od regionu)<\/li>\n<li>Zasada dzia\u0142ania: Aktywacja jednym zaci\u0105gni\u0119ciem<\/li>\n<li>Spos\u00f3b \u0142adowania: Standardowy interfejs USB typu C<\/li>\n<li>Status: Gotowy do u\u017cycia od razu po wyj\u0119ciu z pude\u0142ka<\/li>\n<\/ul>\n<h2 data-v-md-heading=\"multiple-flavor-options\" data-v-md-line=\"18\">Wiele opcji smakowych<\/h2>\n<p data-v-md-line=\"19\">10 smak\u00f3w do wyboru. Ka\u017cde urz\u0105dzenie zawiera cztery smaki:<\/p>\n<ul data-v-md-line=\"20\">\n<li>Zestaw 1: arbuz truskawkowy, smoothie jagodowe, malina jagodowa, wi\u015bnia sodowa, smoothie wi\u015bniowe<\/li>\n<li>Zestaw 2: Koktajl brzoskwiniowy, wi\u015bnia z jagodami, nap\u00f3j energetyczny, arbuz z liczi<\/li>\n<li>Zestaw 3: Koktajl jagodowy, banan truskawkowy, podw\u00f3jne jab\u0142ka, t\u0119czowe cukierki<\/li>\n<li>Zestaw 4: smoothie wi\u015bniowe, smoothie winogronowe, marakuja z mango, serce 66<\/li>\n<li>Zestaw 5: Koktajl jagodowy, mango brzoskwinia morela, kiwi marakuja guawa, bia\u0142a brzoskwinia malina<\/li>\n<li>Zestaw 6: Brzoskwinia, Mango, Ananas, Jagoda, Malina, Cytryna, Limonka, Arbuz Guma balonowa<\/li>\n<li>Zestaw 7: Mixed Berry, Passion Fruit, Kiwi, Lime, Cranberry Grape, Strawberry, Kiwi<\/li>\n<li>Zestaw 8: smoothie truskawkowe, \u017celki, smoczy owoc arbuza, kiwi z jagodami<\/li>\n<li>Zestaw 9: koktajl arbuzowy, wi\u015bnia jagodowa, arbuz o smaku kwa\u015bnej brzoskwini, smak marakui, smak owoc\u00f3w egzotycznych<\/li>\n<li>Dziesi\u0119ciocz\u0119\u015bciowy zestaw: Smak Truskawkowe Mango, Smak Mr. Blue, Smak Summer Peach Ice, Smak Black Ice<\/li>\n<\/ul>\n<h2 data-v-md-heading=\"for-you-and-for-your-business-as-well\" data-v-md-line=\"31\">Dla Ciebie i dla Twojej firmy<\/h2>\n<p data-v-md-line=\"32\">Chcesz kupi\u0107 dla siebie? Mo\u017cesz dokona\u0107 zakupu osobno, aby cieszy\u0107 si\u0119 d\u0142ug\u0105 \u017cywotno\u015bci\u0105 baterii i wygodnym \u0142adowaniem. Je\u015bli chcesz zaopatrzy\u0107 sw\u00f3j sklep, jeste\u015bmy gotowi na sprzeda\u017c hurtow\u0105.<\/p>\n<p data-v-md-line=\"34\">Nabywcy handlowi mog\u0105 zam\u00f3wi\u0107 10 sztuk w pude\u0142ku, 120 sztuk w pude\u0142ku i wag\u0119 brutto 18 kilogram\u00f3w w pude\u0142ku. \u015awiadczymy us\u0142ugi dostawy DDP za po\u015brednictwem zaufanych partner\u00f3w, takich jak UPS, DPD i DHL, aby zapewni\u0107 sprawn\u0105 dostaw\u0119 do UE lub Wielkiej Brytanii i unikn\u0105\u0107 wypadk\u00f3w celnych.<\/p>\n<h2 data-v-md-heading=\"why-do-you-like-it\" data-v-md-line=\"36\">Dlaczego to lubisz?<\/h2>\n<ul data-v-md-line=\"37\">\n<li>Masowe palenie: Trwa\u0142e i d\u0142ugowieczne, nie ma potrzeby cz\u0119stego kupowania nowych papieros\u00f3w.<\/li>\n<li>Wyb\u00f3r nikotyny: Wybierz st\u0119\u017cenie, kt\u00f3re Ci odpowiada.<\/li>\n<li>Mo\u017cliwo\u015b\u0107 wielokrotnego \u0142adowania: Wykorzystaj ca\u0142y e-liquid, za kt\u00f3ry p\u0142acisz.<\/li>\n<li>Siatkowa cewka: Dzi\u0119ki poczw\u00f3rnej strukturze siatki utrzymuje sp\u00f3jny smak i jest przyjemny.<\/li>\n<li>Cztery w jednym: Mo\u017cesz prze\u0142\u0105cza\u0107 smaki bez prze\u0142\u0105czania urz\u0105dze\u0144.<\/li>\n<li>Inteligentny ekran LED: wygodny i przejrzysty status na pierwszy rzut oka.<\/li>\n<\/ul>\n<h2 data-v-md-heading=\"why-collaborate-with-agoravape\" data-v-md-line=\"44\">Dlaczego warto wsp\u00f3\u0142pracowa\u0107 z AgoraVape?<\/h2>\n<p data-v-md-line=\"45\">Sprzedajemy tylko oryginalny sprz\u0119t 100%, co oznacza niezawodne zapasy i zadowolonych klient\u00f3w. UZY Crystal cztery w jednym 100000 zaci\u0105gni\u0119\u0107 czterech smakowych vapes, mo\u017cesz cieszy\u0107 si\u0119 obni\u017conymi cenami hurtowymi, szybk\u0105 obs\u0142ug\u0105 posprzeda\u017cn\u0105 i szybk\u0105 dostaw\u0105 p\u0142atno\u015bci podatkowych. Zapraszamy do kontaktu z nami i tworzenia produkt\u00f3w powracaj\u0105cych klient\u00f3w.<\/p>\n<p data-v-md-line=\"47\">Uwaga: St\u0119\u017cenie nikotyny i dost\u0119pno\u015b\u0107 produktu mog\u0105 si\u0119 r\u00f3\u017cni\u0107 w zale\u017cno\u015bci od kraju\/regionu. Przed z\u0142o\u017ceniem zam\u00f3wienia nale\u017cy sprawdzi\u0107 lokalne przepisy.<\/p>\n<p data-v-md-line=\"47\"><img loading=\"lazy\" decoding=\"async\" class=\"aligncenter size-full wp-image-13227\" src=\"https:\/\/agoravape.com\/wp-content\/uploads\/2025\/10\/UZY-Crystal-4-in-1-100K-Puffs-Quad-Flavor-Vape_Agora_vape-12-scaled.webp\" alt=\"\" width=\"2560\" height=\"2560\" srcset=\"https:\/\/agoravape.com\/wp-content\/uploads\/2025\/10\/UZY-Crystal-4-in-1-100K-Puffs-Quad-Flavor-Vape_Agora_vape-12-scaled.webp 2560w, https:\/\/agoravape.com\/wp-content\/uploads\/2025\/10\/UZY-Crystal-4-in-1-100K-Puffs-Quad-Flavor-Vape_Agora_vape-12-scaled-600x600.webp 600w, https:\/\/agoravape.com\/wp-content\/uploads\/2025\/10\/UZY-Crystal-4-in-1-100K-Puffs-Quad-Flavor-Vape_Agora_vape-12-scaled-1200x1200.webp 1200w, https:\/\/agoravape.com\/wp-content\/uploads\/2025\/10\/UZY-Crystal-4-in-1-100K-Puffs-Quad-Flavor-Vape_Agora_vape-12-300x300.webp 300w, https:\/\/agoravape.com\/wp-content\/uploads\/2025\/10\/UZY-Crystal-4-in-1-100K-Puffs-Quad-Flavor-Vape_Agora_vape-12-1024x1024.webp 1024w, https:\/\/agoravape.com\/wp-content\/uploads\/2025\/10\/UZY-Crystal-4-in-1-100K-Puffs-Quad-Flavor-Vape_Agora_vape-12-150x150.webp 150w, https:\/\/agoravape.com\/wp-content\/uploads\/2025\/10\/UZY-Crystal-4-in-1-100K-Puffs-Quad-Flavor-Vape_Agora_vape-12-768x768.webp 768w, https:\/\/agoravape.com\/wp-content\/uploads\/2025\/10\/UZY-Crystal-4-in-1-100K-Puffs-Quad-Flavor-Vape_Agora_vape-12-1536x1536.webp 1536w, https:\/\/agoravape.com\/wp-content\/uploads\/2025\/10\/UZY-Crystal-4-in-1-100K-Puffs-Quad-Flavor-Vape_Agora_vape-12-2048x2048.webp 2048w\" sizes=\"auto, (max-width: 2560px) 100vw, 2560px\" \/><\/p>","protected":false},"excerpt":{"rendered":"<p>&nbsp;<\/p>\n<p><script src=\"chrome-extension:\/\/fpelahbljekknahkcaegamhcndkfpfnc\/iFrame.js\" type=\"text\/javascript\"><\/script><\/p>\n<p><script src=\"chrome-extension:\/\/fpelahbljekknahkcaegamhcndkfpfnc\/iFrame.js\" type=\"text\/javascript\"><\/script><\/p>\n<p><script src=\"chrome-extension:\/\/fpelahbljekknahkcaegamhcndkfpfnc\/iFrame.js\" type=\"text\/javascript\"><\/script><\/p>","protected":false},"featured_media":13225,"comment_status":"open","ping_status":"closed","template":"","meta":[],"product_brand":[207],"product_cat":[124,187,185,189,176,177,195,174,175,193,191,134,173,186,180,190,192],"product_tag":[],"class_list":{"0":"post-13204","1":"product","2":"type-product","3":"status-publish","4":"has-post-thumbnail","6":"product_brand-uzy","7":"product_cat-vape-by-brand","8":"product_cat-0mg-nicotine-free-vapes","9":"product_cat-10000-puffs-high-capacity","10":"product_cat-20mg-standard-nicotine-vapes","11":"product_cat-beverage","12":"product_cat-dessert-sweets","13":"product_cat-dual-flavor-switch","14":"product_cat-fruit-flavors","15":"product_cat-icy-mint","16":"product_cat-mesh-coil","17":"product_cat-rechargeable-disposables","18":"product_cat-uzy","19":"product_cat-vape-by-flavor-profile","20":"product_cat-vape-by-nicotine-strength","21":"product_cat-vape-by-puff-count","22":"product_cat-vape-by-feature-or-type","23":"product_cat-vapes-with-screens","25":"first","26":"instock","27":"shipping-taxable","28":"purchasable","29":"product-type-variable","30":"has-default-attributes"},"tiered_pricing_type":"percentage","tiered_pricing_fixed_rules":[],"tiered_pricing_product_settings":{"layout":"default","base_unit_name":{"singular":null,"plural":null},"default_variation":null},"tiered_pricing_minimum_quantity":10,"tiered_pricing_roles_data":[],"tiered_pricing_percentage_rules":{"30":"29","50":"35","100":"40","200":"44","500":"47","1000":"49"},"tiered_pricing_maximum_quantity":null,"tiered_pricing_quantity_step":"10","_links":{"self":[{"href":"https:\/\/agoravape.com\/pl\/wp-json\/wp\/v2\/product\/13204","targetHints":{"allow":["GET"]}}],"collection":[{"href":"https:\/\/agoravape.com\/pl\/wp-json\/wp\/v2\/product"}],"about":[{"href":"https:\/\/agoravape.com\/pl\/wp-json\/wp\/v2\/types\/product"}],"replies":[{"embeddable":true,"href":"https:\/\/agoravape.com\/pl\/wp-json\/wp\/v2\/comments?post=13204"}],"version-history":[{"count":0,"href":"https:\/\/agoravape.com\/pl\/wp-json\/wp\/v2\/product\/13204\/revisions"}],"wp:featuredmedia":[{"embeddable":true,"href":"https:\/\/agoravape.com\/pl\/wp-json\/wp\/v2\/media\/13225"}],"wp:attachment":[{"href":"https:\/\/agoravape.com\/pl\/wp-json\/wp\/v2\/media?parent=13204"}],"wp:term":[{"taxonomy":"product_brand","embeddable":true,"href":"https:\/\/agoravape.com\/pl\/wp-json\/wp\/v2\/product_brand?post=13204"},{"taxonomy":"product_cat","embeddable":true,"href":"https:\/\/agoravape.com\/pl\/wp-json\/wp\/v2\/product_cat?post=13204"},{"taxonomy":"product_tag","embeddable":true,"href":"https:\/\/agoravape.com\/pl\/wp-json\/wp\/v2\/product_tag?post=13204"}],"curies":[{"name":"wp","href":"https:\/\/api.w.org\/{rel}","templated":true}]}}