{"id":13229,"date":"2025-10-11T10:25:30","date_gmt":"2025-10-11T02:25:30","guid":{"rendered":"https:\/\/green-grasshopper-921422.hostingersite.com\/?post_type=product&#038;p=13229"},"modified":"2026-02-14T17:17:29","modified_gmt":"2026-02-14T16:17:29","slug":"uzy-tornado-20000-zaciagniec-vape-z-akumulatorem","status":"publish","type":"product","link":"https:\/\/agoravape.com\/pl\/product\/uzy-tornado-20000-puffs-rechargeable-vape\/","title":{"rendered":"UZY Tornado 20000 Puff jednorazowy akumulator Vape | du\u017ca liczba puff\u00f3w, \u0142atwe \u0142adowanie"},"content":{"rendered":"<h2 data-v-md-heading=\"what-are-the-advantages-of-the-uzy-tornado-20000-port-rechargeable-disposable-vape\" data-v-md-line=\"3\"><img loading=\"lazy\" decoding=\"async\" class=\"size-full wp-image-13246 alignright\" src=\"https:\/\/agoravape.com\/wp-content\/uploads\/2025\/10\/UZY-Tornado-20000-Puffs-Rechargeable-Disposable-Vape_Agora_vape-6.webp\" alt=\"\" width=\"1280\" height=\"1280\" srcset=\"https:\/\/agoravape.com\/wp-content\/uploads\/2025\/10\/UZY-Tornado-20000-Puffs-Rechargeable-Disposable-Vape_Agora_vape-6.webp 1280w, https:\/\/agoravape.com\/wp-content\/uploads\/2025\/10\/UZY-Tornado-20000-Puffs-Rechargeable-Disposable-Vape_Agora_vape-6-600x600.webp 600w, https:\/\/agoravape.com\/wp-content\/uploads\/2025\/10\/UZY-Tornado-20000-Puffs-Rechargeable-Disposable-Vape_Agora_vape-6-1200x1200.webp 1200w, https:\/\/agoravape.com\/wp-content\/uploads\/2025\/10\/UZY-Tornado-20000-Puffs-Rechargeable-Disposable-Vape_Agora_vape-6-300x300.webp 300w, https:\/\/agoravape.com\/wp-content\/uploads\/2025\/10\/UZY-Tornado-20000-Puffs-Rechargeable-Disposable-Vape_Agora_vape-6-1024x1024.webp 1024w, https:\/\/agoravape.com\/wp-content\/uploads\/2025\/10\/UZY-Tornado-20000-Puffs-Rechargeable-Disposable-Vape_Agora_vape-6-150x150.webp 150w, https:\/\/agoravape.com\/wp-content\/uploads\/2025\/10\/UZY-Tornado-20000-Puffs-Rechargeable-Disposable-Vape_Agora_vape-6-768x768.webp 768w\" sizes=\"auto, (max-width: 1280px) 100vw, 1280px\" \/><\/h2>\n<h2 data-v-md-heading=\"what-are-the-advantages-of-the-uzy-tornado-20000-port-rechargeable-disposable-vape\" data-v-md-line=\"3\">Jakie s\u0105 zalety jednorazowego waporyzatora UZY Tornado 20000?<\/h2>\n<p data-v-md-line=\"4\">Je\u015bli jeste\u015b zm\u0119czony jednorazowymi waporyzatorami, kt\u00f3rym nagle wyczerpuje si\u0119 bateria w po\u0142owie dnia pracy, to ten produkt z pewno\u015bci\u0105 zaspokoi Twoje potrzeby. UZY Tornado jest wyposa\u017cony w akumulator o pojemno\u015bci 850 mAh, kt\u00f3ry mo\u017ce obs\u0142ugiwa\u0107 do 20000 port\u00f3w, co pozwala z \u0142atwo\u015bci\u0105 cieszy\u0107 si\u0119 \u017cywotno\u015bci\u0105 baterii ka\u017cdego urz\u0105dzenia.<\/p>\n<p data-v-md-line=\"6\">Je\u015bli potrzebujesz niezawodnego, pysznego i przeno\u015bnego waporyzatora, ten produkt jest idealnym wyborem. Bez przycisk\u00f3w, bez menu. Wst\u0119pnie za\u0142adowany 28 mililitrami pary, zapewnia g\u0142adk\u0105 konsystencj\u0119, kt\u00f3ra pozwala \u0142atwo poradzi\u0107 sobie z pracowitymi dniami i d\u0142ugimi nocami.<\/p>\n<h2 data-v-md-heading=\"excellent-performance-easy-and-convenient\" data-v-md-line=\"8\">Doskona\u0142a wydajno\u015b\u0107, \u0142atwo\u015b\u0107 i wygoda<\/h2>\n<p data-v-md-line=\"9\">Bierzesz \u0142yk i pali si\u0119, zachowuj\u0105c sp\u00f3jny smak od pierwszego do ostatniego \u0142yku. Cewka zosta\u0142a dostrojona, aby zapewni\u0107 p\u0142ynne ssanie i sp\u00f3jny smak. Gdy poziom na\u0142adowania baterii jest niski, do \u0142adowania mo\u017cna u\u017cy\u0107 istniej\u0105cego standardowego kabla USB do transmisji danych. Prosty i wygodny.<\/p>\n<h2 data-v-md-heading=\"specification-introduction\" data-v-md-line=\"11\">Wprowadzenie do specyfikacji<\/h2>\n<ul data-v-md-line=\"12\">\n<li>Cz\u0119stotliwo\u015b\u0107 zasysania: do 20000 razy<\/li>\n<li>Zawarto\u015b\u0107 nikotyny: 0%\/2%\/3%\/5%<\/li>\n<li>Zasada dzia\u0142ania: Aktywacja jednym zaci\u0105gni\u0119ciem<\/li>\n<li>Metoda \u0142adowania: \u0141adowanie przez interfejs USB<\/li>\n<li>Pojemno\u015b\u0107 baterii: 850 mAh<\/li>\n<li>Pojemno\u015b\u0107 e-liquidu: 28 ml zainstalowane fabrycznie<\/li>\n<li>Status: Gotowy do u\u017cycia po rozpakowaniu<\/li>\n<\/ul>\n<h2 data-v-md-heading=\"full-range-of-flavors\" data-v-md-line=\"20\">Pe\u0142na gama smak\u00f3w<\/h2>\n<ul data-v-md-line=\"21\">\n<li>Smak truskawkowy i arbuzowy<\/li>\n<li>Smak jagodowego smoothie<\/li>\n<li>Smak brzoskwiniowy, mango, ananasowy<\/li>\n<li>Smak smoothie winogronowego<\/li>\n<li>Smak arbuzowego smoothie<\/li>\n<li>Smak brzoskwiniowego smoothie<\/li>\n<li>Truskawkowy smak dziwnych owoc\u00f3w<\/li>\n<li>Smak jagodowy i malinowy<\/li>\n<li>Smak marakui z kiwi<\/li>\n<li>Mr. Blue Flavor<\/li>\n<li>Potr\u00f3jny smak smoothie z mango<\/li>\n<li>Smak koktajlu Red Bull<\/li>\n<\/ul>\n<h2 data-v-md-heading=\"for-you-for-your-business\" data-v-md-line=\"34\">Dla Ciebie, dla Twojej firmy<\/h2>\n<p data-v-md-line=\"35\">Mo\u017cesz wybra\u0107 jeden z nich do u\u017cytku osobistego lub w celu uzupe\u0142nienia swoich p\u00f3\u0142ek. Zapewniamy nieopodatkowane us\u0142ugi hurtowej dostawy DDP w Europie za po\u015brednictwem UPS, DPD i DHL, co pozwala uzyska\u0107 przejrzyste ceny i unikn\u0105\u0107 wypadk\u00f3w celnych.<\/p>\n<p data-v-md-line=\"37\">Je\u015bli chodzi o zgodno\u015b\u0107, pozwol\u0119 sobie kr\u00f3tko j\u0105 przedstawi\u0107. St\u0119\u017cenie nikotyny 2% jest zgodne z ograniczeniami TPD w wielu krajach UE. St\u0119\u017cenia 3% i 5%, a tak\u017ce 28 mililitr\u00f3w wst\u0119pnie zapakowanego e-liquidu, nie s\u0105 zgodne z przepisami TPD przy sprzeda\u017cy detalicznej na wi\u0119kszo\u015bci rynk\u00f3w UE. Przepisy dotycz\u0105ce zerowej zawarto\u015bci nikotyny r\u00f3\u017cni\u0105 si\u0119 w zale\u017cno\u015bci od kraju\/regionu. Przed zakupem nale\u017cy sprawdzi\u0107 lokalne przepisy. Je\u015bli dokonujesz zakupu w celach komercyjnych, skontaktuj si\u0119 z naszym zespo\u0142em, a my pomo\u017cemy Ci wybra\u0107 zgodne wersje i miejsca docelowe, kt\u00f3re spe\u0142niaj\u0105 kryteria.<\/p>\n<h2 data-v-md-heading=\"why-do-you-like-it\" data-v-md-line=\"39\">Dlaczego to lubisz?<\/h2>\n<ul data-v-md-line=\"40\">\n<li>Du\u017ca si\u0142a ss\u0105ca: d\u0142u\u017cszy czas u\u017cytkowania, dzi\u0119ki czemu nie trzeba cz\u0119sto kupowa\u0107 nowych.<\/li>\n<li>Wyb\u00f3r nikotyny: Wybierz st\u0119\u017cenie, kt\u00f3re odpowiada Twojemu gustowi i lokalnym przepisom.<\/li>\n<li>Akumulator: U\u017cywasz e-liquidu, za kt\u00f3ry zap\u0142aci\u0142e\u015b, zamiast ilo\u015bci dozwolonej przez pierwsz\u0105 bateri\u0119.<\/li>\n<li>Ci\u0105g\u0142e, p\u0142ynne ssanie: Brak konieczno\u015bci dostosowywania ustawie\u0144, p\u0142ynne ssanie za ka\u017cdym razem.<\/li>\n<\/ul>\n<h2 data-v-md-heading=\"why-choose-to-collaborate-with-agoravape\" data-v-md-line=\"45\">Dlaczego warto zdecydowa\u0107 si\u0119 na wsp\u00f3\u0142prac\u0119 z AgoraVape?<\/h2>\n<p data-v-md-line=\"46\">Sprzedajemy tylko oryginalny sprz\u0119t 100% z wiarygodnych kana\u0142\u00f3w. Nasi klienci biznesowi mog\u0105 cieszy\u0107 si\u0119 wysoce konkurencyjnymi cenami hurtowymi, elastycznym wsparciem i szybkimi us\u0142ugami dostawy DDP z pe\u0142nym \u015bledzeniem. Korzystamy z bezpiecznej bramki p\u0142atno\u015bci i zapewniamy, \u017ce sprzedawane przez nas produkty s\u0105 obj\u0119te uczciwym procesem zwrotu. Chcesz kupi\u0107 jednorazowy akumulator UZY Tornado 20000 port? Skontaktuj si\u0119 z nami, a my dostosujemy odpowiednie rozmiary opakowa\u0144 i opcje zgodno\u015bci w oparciu o Twoje potrzeby rynkowe.<\/p>\n<p><script src=\"chrome-extension:\/\/fpelahbljekknahkcaegamhcndkfpfnc\/iFrame.js\" type=\"text\/javascript\"><\/script><\/p>","protected":false},"excerpt":{"rendered":"<p>&nbsp;<\/p>\n<p><script src=\"chrome-extension:\/\/fpelahbljekknahkcaegamhcndkfpfnc\/iFrame.js\" type=\"text\/javascript\"><\/script><\/p>\n<p><script src=\"chrome-extension:\/\/fpelahbljekknahkcaegamhcndkfpfnc\/iFrame.js\" type=\"text\/javascript\"><\/script><\/p>\n<p><script src=\"chrome-extension:\/\/fpelahbljekknahkcaegamhcndkfpfnc\/iFrame.js\" type=\"text\/javascript\"><\/script><\/p>","protected":false},"featured_media":13241,"comment_status":"open","ping_status":"closed","template":"","meta":[],"product_brand":[207],"product_cat":[124,187,185,1636,189,176,1674,174,175,191,134,173,186,180,190],"product_tag":[],"class_list":{"0":"post-13229","1":"product","2":"type-product","3":"status-publish","4":"has-post-thumbnail","6":"product_brand-uzy","7":"product_cat-vape-by-brand","8":"product_cat-0mg-nicotine-free-vapes","9":"product_cat-10000-puffs-high-capacity","10":"product_cat-20000-puffs","11":"product_cat-20mg-standard-nicotine-vapes","12":"product_cat-beverage","13":"product_cat-eu-warehouse","14":"product_cat-fruit-flavors","15":"product_cat-icy-mint","16":"product_cat-rechargeable-disposables","17":"product_cat-uzy","18":"product_cat-vape-by-flavor-profile","19":"product_cat-vape-by-nicotine-strength","20":"product_cat-vape-by-puff-count","21":"product_cat-vape-by-feature-or-type","23":"first","24":"instock","25":"shipping-taxable","26":"purchasable","27":"product-type-variable","28":"has-default-attributes"},"tiered_pricing_type":"percentage","tiered_pricing_fixed_rules":[],"tiered_pricing_product_settings":{"layout":"default","base_unit_name":{"singular":null,"plural":null},"default_variation":null},"tiered_pricing_minimum_quantity":10,"tiered_pricing_roles_data":[],"tiered_pricing_percentage_rules":{"30":"29","50":"35","100":"40","200":"44","500":"47","1000":"49"},"tiered_pricing_maximum_quantity":null,"tiered_pricing_quantity_step":"10","_links":{"self":[{"href":"https:\/\/agoravape.com\/pl\/wp-json\/wp\/v2\/product\/13229","targetHints":{"allow":["GET"]}}],"collection":[{"href":"https:\/\/agoravape.com\/pl\/wp-json\/wp\/v2\/product"}],"about":[{"href":"https:\/\/agoravape.com\/pl\/wp-json\/wp\/v2\/types\/product"}],"replies":[{"embeddable":true,"href":"https:\/\/agoravape.com\/pl\/wp-json\/wp\/v2\/comments?post=13229"}],"version-history":[{"count":0,"href":"https:\/\/agoravape.com\/pl\/wp-json\/wp\/v2\/product\/13229\/revisions"}],"wp:featuredmedia":[{"embeddable":true,"href":"https:\/\/agoravape.com\/pl\/wp-json\/wp\/v2\/media\/13241"}],"wp:attachment":[{"href":"https:\/\/agoravape.com\/pl\/wp-json\/wp\/v2\/media?parent=13229"}],"wp:term":[{"taxonomy":"product_brand","embeddable":true,"href":"https:\/\/agoravape.com\/pl\/wp-json\/wp\/v2\/product_brand?post=13229"},{"taxonomy":"product_cat","embeddable":true,"href":"https:\/\/agoravape.com\/pl\/wp-json\/wp\/v2\/product_cat?post=13229"},{"taxonomy":"product_tag","embeddable":true,"href":"https:\/\/agoravape.com\/pl\/wp-json\/wp\/v2\/product_tag?post=13229"}],"curies":[{"name":"wp","href":"https:\/\/api.w.org\/{rel}","templated":true}]}}