{"id":13280,"date":"2025-10-11T13:19:38","date_gmt":"2025-10-11T05:19:38","guid":{"rendered":"https:\/\/green-grasshopper-921422.hostingersite.com\/?post_type=product&#038;p=13280"},"modified":"2026-01-13T01:12:14","modified_gmt":"2026-01-12T17:12:14","slug":"sfog-vopk-tripe-60k-puffow-3-w-1-vape","status":"publish","type":"product","link":"https:\/\/agoravape.com\/pl\/product\/sfog-vopk-tripe-60k-puffs-3-in-1-vape\/","title":{"rendered":"SFOG VOPK Tripe 60K Puffs 3 w 1 Flavor Vape | Potr\u00f3jne smaki, \u0142atwe prze\u0142\u0105czanie, d\u0142ugotrwa\u0142e u\u017cytkowanie"},"content":{"rendered":"<h2 data-v-md-heading=\"what-is-the-charm-of-using-sfog-vopk-tripe-60k-three-in-one-vape\" data-v-md-line=\"3\"><img loading=\"lazy\" decoding=\"async\" class=\"aligncenter size-full wp-image-13304\" src=\"https:\/\/agoravape.com\/wp-content\/uploads\/2025\/10\/SFOG-VOPK-Tripe-60K-Puffs-3-in-1-Flavor-Vape_Agora_vape-11-scaled.webp\" alt=\"\" width=\"2560\" height=\"1707\" srcset=\"https:\/\/agoravape.com\/wp-content\/uploads\/2025\/10\/SFOG-VOPK-Tripe-60K-Puffs-3-in-1-Flavor-Vape_Agora_vape-11-scaled.webp 2560w, https:\/\/agoravape.com\/wp-content\/uploads\/2025\/10\/SFOG-VOPK-Tripe-60K-Puffs-3-in-1-Flavor-Vape_Agora_vape-11-scaled-1200x800.webp 1200w, https:\/\/agoravape.com\/wp-content\/uploads\/2025\/10\/SFOG-VOPK-Tripe-60K-Puffs-3-in-1-Flavor-Vape_Agora_vape-11-300x200.webp 300w, https:\/\/agoravape.com\/wp-content\/uploads\/2025\/10\/SFOG-VOPK-Tripe-60K-Puffs-3-in-1-Flavor-Vape_Agora_vape-11-1024x683.webp 1024w, https:\/\/agoravape.com\/wp-content\/uploads\/2025\/10\/SFOG-VOPK-Tripe-60K-Puffs-3-in-1-Flavor-Vape_Agora_vape-11-768x512.webp 768w, https:\/\/agoravape.com\/wp-content\/uploads\/2025\/10\/SFOG-VOPK-Tripe-60K-Puffs-3-in-1-Flavor-Vape_Agora_vape-11-1536x1024.webp 1536w, https:\/\/agoravape.com\/wp-content\/uploads\/2025\/10\/SFOG-VOPK-Tripe-60K-Puffs-3-in-1-Flavor-Vape_Agora_vape-11-2048x1365.webp 2048w\" sizes=\"auto, (max-width: 2560px) 100vw, 2560px\" \/><\/h2>\n<h2 data-v-md-heading=\"what-is-the-charm-of-using-sfog-vopk-tripe-60k-three-in-one-vape\" data-v-md-line=\"3\">Jaki jest urok korzystania z SFOG VOPK Tripe 60K trzy w jednym vape?<\/h2>\n<p data-v-md-line=\"4\">Je\u015bli jeste\u015b zm\u0119czony jednorazowymi waporyzatorami, kt\u00f3re szybko si\u0119 wyczerpuj\u0105 lub czujesz si\u0119 znudzony po ca\u0142ym dniu u\u017cytkowania, ten produkt zmieni wszystko. SFOG VOPK Tripe mo\u017ce pomie\u015bci\u0107 do 60000 zaci\u0105gni\u0119\u0107 w jednym urz\u0105dzeniu i oferuje trzy r\u00f3\u017cne smaki. Mo\u017cesz zmienia\u0107 smaki w dowolnym momencie bez konieczno\u015bci wymiany wk\u0142ad\u00f3w lub noszenia zapasowych wk\u0142ad\u00f3w.<\/p>\n<p data-v-md-line=\"6\">Je\u015bli chcesz niezawodnego, pysznego i wolnego od zmartwie\u0144 waporyzatora, to jest to idealny wyb\u00f3r. Niezale\u017cnie od tego, czy chodzi o osoby doje\u017cd\u017caj\u0105ce do pracy, entuzjast\u00f3w festiwali muzycznych, czy entuzjast\u00f3w nocnej zmiany, ka\u017cdy, kto d\u0105\u017cy do d\u0142ugotrwa\u0142ej \u017cywotno\u015bci baterii, \u0142atwo\u015bci u\u017cytkowania i r\u00f3\u017cnorodno\u015bci opcji w kieszeni, mo\u017ce go wybra\u0107. Mo\u017cesz pomy\u015ble\u0107, \u017ce urz\u0105dzenie o pojemno\u015bci 60000 ust jest skomplikowane, ale Tripe sprawia, \u017ce jest to \u0142atwe i wygodne dzi\u0119ki szybkiemu podnoszeniu i obracaniu prze\u0142\u0105cznika smaku.<\/p>\n<h2 data-v-md-heading=\"excellent-performance-easy-and-convenient\" data-v-md-line=\"8\">Doskona\u0142a wydajno\u015b\u0107, \u0142atwo\u015b\u0107 i wygoda<\/h2>\n<p data-v-md-line=\"9\">Trzy cewki siatkowe 0,9 \u03a9 s\u0105 u\u017cywane w po\u0142\u0105czeniu z niezale\u017cnym atomizerem, aby zachowa\u0107 czysto\u015b\u0107 i si\u0142\u0119 ka\u017cdego smaku. Ta siatkowa struktura sprawia, \u017ce ka\u017cde zaci\u0105gni\u0119cie si\u0119 jest tak pyszne, jak pierwszy smak. Podw\u00f3jny wy\u015bwietlacz mo\u017ce pokazywa\u0107 poziom na\u0142adowania baterii i ilo\u015b\u0107 e-cieczy dla ka\u017cdego smaku, umo\u017cliwiaj\u0105c w ka\u017cdej chwili sprawdzenie aktualnego poziomu na\u0142adowania baterii. Gdy poziom na\u0142adowania baterii jest niski, mo\u017cesz u\u017cy\u0107 standardowego kabla do transmisji danych typu C, kt\u00f3ry mo\u017cesz ju\u017c mie\u0107, aby go na\u0142adowa\u0107. To proste.<\/p>\n<h2 data-v-md-heading=\"specification-overview\" data-v-md-line=\"11\">Przegl\u0105d specyfikacji<\/h2>\n<ul data-v-md-line=\"12\">\n<li>Cz\u0119stotliwo\u015b\u0107 ssania: do 60000 razy<\/li>\n<li>Nikotyna: Opcje r\u00f3\u017cni\u0105 si\u0119 w zale\u017cno\u015bci od regionu; sprawd\u017a dost\u0119pne st\u0119\u017cenia przy kasie lub skonsultuj si\u0119 z naszym zespo\u0142em.<\/li>\n<li>Zasada dzia\u0142ania: Aktywowany przez wdychanie<\/li>\n<li>\u0141adowanie: Standardowy interfejs USB typu C<\/li>\n<li>Status: Gotowy do u\u017cycia od razu po wyj\u0119ciu z pude\u0142ka<\/li>\n<\/ul>\n<p data-v-md-line=\"18\">Inne szczeg\u00f3\u0142y:<\/p>\n<ul data-v-md-line=\"19\">\n<li>Pojemno\u015b\u0107 e-liquidu: \u0142\u0105cznie 54 mililitry<\/li>\n<li>Bateria: akumulator o pojemno\u015bci 650 mAh<\/li>\n<li>Cewka: 0,9 \u03a9 \u00d7 3 zwoje siatki<\/li>\n<li>Prze\u0142\u0105czanie smak\u00f3w: Podnie\u015b i obr\u00f3\u0107 wybierak<\/li>\n<li>Ekran wy\u015bwietlacza: podw\u00f3jny ekran poziomu na\u0142adowania akumulatora i niezale\u017cny poziom na\u0142adowania zbiornika paliwa<\/li>\n<\/ul>\n<h2 data-v-md-heading=\"full-range-of-flavors\" data-v-md-line=\"25\">Pe\u0142na gama smak\u00f3w<\/h2>\n<p data-v-md-line=\"26\">Ka\u017cda opcja zawiera trzy smaki:<\/p>\n<ul data-v-md-line=\"27\">\n<li>Lody arbuzowe\/potr\u00f3jnie arbuzowe\/truskawkowe<\/li>\n<li>Truskawka Banan\/Raspberry Arbuz\/Ananas Kokos<\/li>\n<li>Peach Berry\/Blueberry Ice\/Watermelon Peach Mango<\/li>\n<li>Sour Pineapple\/Red Bull Strawberry\/Blackcurrant Ice<\/li>\n<li>Kiwi Passion Fruit\/Strawberry Cherry\/Love 66<\/li>\n<li>Double Apple Ice\/Tropical Fruit\/Strawberry Watermelon Bubblegum<\/li>\n<li>L\u00f3d winogronowy\/Truskawka Kiwi\/Amelon Red Bull<\/li>\n<li>Truskawka arbuz\/jagoda malina\/cytryna limonka<\/li>\n<li>Banan Ananas\/Red Bull Ice\/Truskawka Mango<\/li>\n<li>\u017belki misie \/ truskawkowa cola waniliowa \/ jagodowe pianki marshmallows<\/li>\n<\/ul>\n<h2 data-v-md-heading=\"for-you-and-for-your-business-as-well\" data-v-md-line=\"38\">Dla Ciebie i dla Twojej firmy<\/h2>\n<p data-v-md-line=\"39\">Mo\u017cesz kupi\u0107 oddzielny produkt do u\u017cytku osobistego lub zaopatrzy\u0107 sw\u00f3j sklep. Ka\u017cde pude\u0142ko hurtowe zawiera 10 sztuk. Ka\u017cde pude\u0142ko zawiera 160 sztuk, o wadze brutto 21 kilogram\u00f3w i rozmiarze kartonu 508 \u00d7 413 \u00d7 273 milimetr\u00f3w. U\u0142atwia to planowanie miejsca na p\u00f3\u0142ce i transport.<\/p>\n<p data-v-md-line=\"41\">\u015awiadczymy us\u0142ugi DDP po op\u0142aceniu podatku za po\u015brednictwem zaufanych partner\u00f3w, takich jak UPS, DPD i DHL, i mo\u017cemy wysy\u0142a\u0107 w ca\u0142ej Europie. Mo\u017cesz cieszy\u0107 si\u0119 szybk\u0105 dostaw\u0105 i unikn\u0105\u0107 wypadk\u00f3w celnych.<\/p>\n<h2 data-v-md-heading=\"why-do-you-like-it\" data-v-md-line=\"43\">Dlaczego to lubisz?<\/h2>\n<ul data-v-md-line=\"44\">\n<li>Bardzo du\u017ca pojemno\u015b\u0107: do 60 tys. oznacza kr\u00f3tszy czas \u0142adowania i mniej wizyt w sklepie.<\/li>\n<li>Trzy smaki do swobodnej zmiany: Mo\u017cesz prze\u0142\u0105cza\u0107 smaki w ci\u0105gu kilku sekund, dzi\u0119ki czemu nie poczujesz zm\u0119czenia smakiem.<\/li>\n<li>Wygodna konstrukcja z mo\u017cliwo\u015bci\u0105 \u0142adowania: \u0141adowanie typu C pozwala doko\u0144czy\u0107 ka\u017cd\u0105 kropl\u0119 e-liquidu.<\/li>\n<li>Konsystencja cewki siatkowej: od pierwszego do ostatniego k\u0119sa zapewnia p\u0142ynne ssanie i stabilny smak.<\/li>\n<\/ul>\n<h2 data-v-md-heading=\"why-choose-agoravape\" data-v-md-line=\"49\">Dlaczego warto wybra\u0107 AgoraVape?<\/h2>\n<p data-v-md-line=\"50\">Kupujemy oryginalne produkty 100% i udzielamy na nie gwarancji. Nabywcy korporacyjni, kt\u00f3rzy kupuj\u0105 SFOG VOPK Tripe 60K pojemno\u015bci trzy w jednym vapes, mog\u0105 cieszy\u0107 si\u0119 obni\u017conymi cenami hurtowymi, responsywn\u0105 obs\u0142ug\u0105 klienta oraz szybkimi i niezawodnymi us\u0142ugami dostawy do UE. Zapraszamy do kontaktu z nami, aby dowiedzie\u0107 si\u0119, jak stworzy\u0107 urz\u0105dzenie warte odkupienia dla swoich klient\u00f3w.<\/p>","protected":false},"excerpt":{"rendered":"<p>&nbsp;<\/p>\n<p><script src=\"chrome-extension:\/\/fpelahbljekknahkcaegamhcndkfpfnc\/iFrame.js\" type=\"text\/javascript\"><\/script><\/p>\n<p><script src=\"chrome-extension:\/\/fpelahbljekknahkcaegamhcndkfpfnc\/iFrame.js\" type=\"text\/javascript\"><\/script><\/p>\n<p><script src=\"chrome-extension:\/\/fpelahbljekknahkcaegamhcndkfpfnc\/iFrame.js\" type=\"text\/javascript\"><\/script><\/p>\n<p><script src=\"chrome-extension:\/\/fpelahbljekknahkcaegamhcndkfpfnc\/iFrame.js\" type=\"text\/javascript\"><\/script><\/p>","protected":false},"featured_media":13294,"comment_status":"open","ping_status":"closed","template":"","meta":[],"product_brand":[208],"product_cat":[124,185,189,1642,176,177,195,174,175,193,191,135,173,186,180,190,192],"product_tag":[],"class_list":{"0":"post-13280","1":"product","2":"type-product","3":"status-publish","4":"has-post-thumbnail","6":"product_brand-sfog","7":"product_cat-vape-by-brand","8":"product_cat-10000-puffs-high-capacity","9":"product_cat-20mg-standard-nicotine-vapes","10":"product_cat-60000-puffs","11":"product_cat-beverage","12":"product_cat-dessert-sweets","13":"product_cat-dual-flavor-switch","14":"product_cat-fruit-flavors","15":"product_cat-icy-mint","16":"product_cat-mesh-coil","17":"product_cat-rechargeable-disposables","18":"product_cat-sfog","19":"product_cat-vape-by-flavor-profile","20":"product_cat-vape-by-nicotine-strength","21":"product_cat-vape-by-puff-count","22":"product_cat-vape-by-feature-or-type","23":"product_cat-vapes-with-screens","25":"first","26":"instock","27":"shipping-taxable","28":"purchasable","29":"product-type-variable","30":"has-default-attributes"},"tiered_pricing_type":"percentage","tiered_pricing_fixed_rules":[],"tiered_pricing_product_settings":{"layout":"default","base_unit_name":{"singular":null,"plural":null},"default_variation":null},"tiered_pricing_minimum_quantity":10,"tiered_pricing_roles_data":[],"tiered_pricing_percentage_rules":{"30":"29","50":"35","100":"40","200":"44","500":"47","1000":"49"},"tiered_pricing_maximum_quantity":null,"tiered_pricing_quantity_step":"10","_links":{"self":[{"href":"https:\/\/agoravape.com\/pl\/wp-json\/wp\/v2\/product\/13280","targetHints":{"allow":["GET"]}}],"collection":[{"href":"https:\/\/agoravape.com\/pl\/wp-json\/wp\/v2\/product"}],"about":[{"href":"https:\/\/agoravape.com\/pl\/wp-json\/wp\/v2\/types\/product"}],"replies":[{"embeddable":true,"href":"https:\/\/agoravape.com\/pl\/wp-json\/wp\/v2\/comments?post=13280"}],"version-history":[{"count":0,"href":"https:\/\/agoravape.com\/pl\/wp-json\/wp\/v2\/product\/13280\/revisions"}],"wp:featuredmedia":[{"embeddable":true,"href":"https:\/\/agoravape.com\/pl\/wp-json\/wp\/v2\/media\/13294"}],"wp:attachment":[{"href":"https:\/\/agoravape.com\/pl\/wp-json\/wp\/v2\/media?parent=13280"}],"wp:term":[{"taxonomy":"product_brand","embeddable":true,"href":"https:\/\/agoravape.com\/pl\/wp-json\/wp\/v2\/product_brand?post=13280"},{"taxonomy":"product_cat","embeddable":true,"href":"https:\/\/agoravape.com\/pl\/wp-json\/wp\/v2\/product_cat?post=13280"},{"taxonomy":"product_tag","embeddable":true,"href":"https:\/\/agoravape.com\/pl\/wp-json\/wp\/v2\/product_tag?post=13280"}],"curies":[{"name":"wp","href":"https:\/\/api.w.org\/{rel}","templated":true}]}}