{"id":13317,"date":"2025-10-11T14:46:10","date_gmt":"2025-10-11T06:46:10","guid":{"rendered":"https:\/\/green-grasshopper-921422.hostingersite.com\/?post_type=product&#038;p=13317"},"modified":"2025-12-15T21:31:08","modified_gmt":"2025-12-15T13:31:08","slug":"sfog-gazzbar-triple-60k-puffs-vape","status":"publish","type":"product","link":"https:\/\/agoravape.com\/pl\/product\/sfog-gazzbar-triple-60k-puffs-vape\/","title":{"rendered":"SFOG Gazzbar Triple 60K Puffs 3 w 1 jednorazowy Vape | Potr\u00f3jne smaki, proste \u0142adowanie"},"content":{"rendered":"<h2 data-v-md-heading=\"what-is-the-charm-of-sfog-gazzbar-triple-60k-disposable-vape\" data-v-md-line=\"3\">Na czym polega urok jednorazowego vape'a SFOG Gazzbar Triple 60K?<\/h2>\n<p data-v-md-line=\"4\">Je\u015bli potrzebujesz trwa\u0142ego i \u015bwie\u017cego jednorazowego waporyzatora, ten produkt jest idealnym wyborem. Gazzbar Triple \u0142\u0105czy trzy smaki w jednym, umo\u017cliwiaj\u0105c zmian\u0119 w dowolnym momencie w ci\u0105gu dnia bez konieczno\u015bci noszenia wielu vape. Ten vape jest \u0142atwy w obs\u0142udze i nie wymaga wysi\u0142ku, zaprojektowany tak, aby\u015b m\u00f3g\u0142 cieszy\u0107 si\u0119 przyjemno\u015bci\u0105 p\u0142yn\u0105c\u0105 z waporyzacji od rana do wieczora.<\/p>\n<p data-v-md-line=\"6\">Mo\u017cna pomy\u015ble\u0107, \u017ce posiadanie tak wielu waporyzator\u00f3w by\u0142oby skomplikowane, ale tak nie jest. Ekran wy\u015bwietla poziom na\u0142adowania baterii i poziom e-cieczy i mo\u017ce by\u0107 \u0142adowany za pomoc\u0105 interfejsu Type-C. Wystarczy podnie\u015b\u0107 i obr\u00f3ci\u0107, aby zmieni\u0107 smak. Nie jest wymagane menu, \u0142atwo zacz\u0105\u0107.<\/p>\n<h2 data-v-md-heading=\"excellent-performance-and-easy-operation\" data-v-md-line=\"8\">Doskona\u0142a wydajno\u015b\u0107 i \u0142atwa obs\u0142uga<\/h2>\n<p data-v-md-line=\"9\">Siatkowa cewka znajduje si\u0119 w jej rdzeniu, pomagaj\u0105c utrzyma\u0107 sta\u0142y smak. Nie napotkasz niskiego punktu, w kt\u00f3rym czujesz si\u0119 \u015bwietnie ju\u017c po kilku gryzach, a nast\u0119pnie ca\u0142kowicie tracisz zainteresowanie. Gdy bateria jest roz\u0142adowana, mo\u017cna bezpo\u015brednio pod\u0142\u0105czy\u0107 kabel do transmisji danych typu C, powszechnie u\u017cywany w telefonie. To proste.<\/p>\n<h2 data-v-md-heading=\"specification-overview\" data-v-md-line=\"11\">Przegl\u0105d specyfikacji<\/h2>\n<p data-v-md-line=\"12\"><strong>Liczba przyssawek<\/strong>do 60000 zasysa\u0144<br \/>\n<strong>Zawarto\u015b\u0107 nikotyny<\/strong>2% (20 mg\/ml), konkretna dostawa mo\u017ce si\u0119 r\u00f3\u017cni\u0107 w zale\u017cno\u015bci od rynku.<br \/>\n<strong>Zasada dzia\u0142ania<\/strong>: Wystarczy wdycha\u0107, aby u\u017cy\u0107<br \/>\n<strong>\u0141adowanie<\/strong>: Standardowy interfejs USB typu C<br \/>\n<strong>Status<\/strong>: Gotowy do u\u017cycia po rozpakowaniu<br \/>\n<strong>Pojemno\u015b\u0107 e-liquidu<\/strong>: \u0141\u0105cznie 60 mililitr\u00f3w<br \/>\n<strong>Bateria<\/strong>Akumulator 650 mAh<br \/>\n<strong>Rdze\u0144 rozpylaj\u0105cy<\/strong>: 1,0 \u03a9\u00d7 3 oczka siatki<br \/>\n<strong>Ekran wy\u015bwietlacza<\/strong>: Wska\u017anik LED baterii i e-cieczy<br \/>\n<strong>Funkcja 3 w 1<\/strong>: Podnie\u015b i obr\u00f3\u0107, aby prze\u0142\u0105cza\u0107 mi\u0119dzy trzema smakami<\/p>\n<h2 data-v-md-heading=\"complete-flavor-lineup\" data-v-md-line=\"23\">Pe\u0142na gama smak\u00f3w<\/h2>\n<ul data-v-md-line=\"24\">\n<li>L\u00f3d arbuzowy, Red Bull, kiwi truskawkowe<\/li>\n<li>Cytryna, limonka, truskawka, arbuz, niebieskie lody<\/li>\n<li>Truskawka, banan, malina, arbuz, cytryna z limonk\u0105<\/li>\n<li>Truskawka kiwi z kwa\u015bnym ananasem mango z Red Bullem<\/li>\n<li>Owoce tropikalne w po\u0142\u0105czeniu z truskawkami, arbuzami i brzoskwiniami cytrynowymi<\/li>\n<li>Kokos ananasowy z truskawk\u0105, banan z sokiem jagodowym<\/li>\n<li>Truskawka i malina w po\u0142\u0105czeniu z potr\u00f3jnie s\u0142odkim melonem oraz kwa\u015bnym mango i ananasem.<\/li>\n<li>Arbuz malinowy z brzoskwini\u0105 mango z kiwi truskawkowym<\/li>\n<li>Truskawkowa Waniliowa Cola z Jagodami Malinowa z Cytrynow\u0105 Limonk\u0105<\/li>\n<li>Lody arbuzowe z lodami truskawkowymi i potr\u00f3jnie s\u0142odkim melonem<\/li>\n<\/ul>\n<h2 data-v-md-heading=\"for-you-and-your-business\" data-v-md-line=\"35\">Dla Ciebie i Twojego biznesu<\/h2>\n<p data-v-md-line=\"36\">Towar mo\u017cna odebra\u0107 osobno do u\u017cytku osobistego. Je\u015bli prowadzisz sklep, mo\u017cemy pom\u00f3c Ci zaopatrzy\u0107 si\u0119 hurtowo za po\u015brednictwem UPS, DPD i DHL, korzystaj\u0105c z wysy\u0142ki DDP z p\u0142atno\u015bci\u0105 podatku, aby unikn\u0105\u0107 nieoczekiwanych op\u0142at celnych przy wej\u015bciu. Liczba opakowa\u0144 kartonowych mo\u017ce si\u0119 r\u00f3\u017cni\u0107 w zale\u017cno\u015bci od partii i rynku. Prosimy o zapoznanie si\u0119 z aktualnym rozmiarem kartonu i cen\u0105 hurtow\u0105.<\/p>\n<p data-v-md-line=\"38\">Uwaga dla europejskich nabywc\u00f3w. Nominalna pojemno\u015b\u0107 wynosi 60 mililitr\u00f3w, a zawarto\u015b\u0107 nikotyny to 2%, co nie jest zgodne z unijnymi ograniczeniami TPD\/TRRP dotycz\u0105cymi jednorazowych waporyzator\u00f3w zawieraj\u0105cych nikotyn\u0119. Te jednorazowe waporyzatory maj\u0105 limit pojemno\u015bci 2 mililitr\u00f3w i limit zawarto\u015bci nikotyny wynosz\u0105cy 20 miligram\u00f3w na mililitr. Dost\u0119pno\u015b\u0107 wersji nikotynowych mo\u017ce si\u0119 r\u00f3\u017cni\u0107 w zale\u017cno\u015bci od kraju\/regionu. Je\u015bli potrzebujesz produkt\u00f3w vape spe\u0142niaj\u0105cych normy TPD, skontaktuj si\u0119 z nami, a my polecimy Ci alternatywne produkty spe\u0142niaj\u0105ce te normy.<\/p>\n<h2 data-v-md-heading=\"why-do-you-like-it\" data-v-md-line=\"40\">Dlaczego to lubisz?<\/h2>\n<p data-v-md-line=\"41\"><strong>Wiele cykli ssania:<\/strong>\u00a0D\u0142u\u017csza \u017cywotno\u015b\u0107 baterii, brak konieczno\u015bci wymiany co kilka dni.<br \/>\n<strong>Trzy smaki:<\/strong>\u00a0Prze\u0142\u0105czanie smak\u00f3w w dowolnym momencie bez konieczno\u015bci noszenia dodatkowych urz\u0105dze\u0144.<br \/>\n<strong>Akumulator:<\/strong>\u00a0Mo\u017cesz korzysta\u0107 z zakupionego e-liquidu bez konieczno\u015bci wyrzucania w po\u0142owie zu\u017cytego urz\u0105dzenia.<br \/>\n<strong>Siatka cewki:<\/strong>\u00a0Zawsze utrzymuj sp\u00f3jny smak.<br \/>\n<strong>Wska\u017anik ekranowy:<\/strong>\u00a0Na pierwszy rzut oka mo\u017cna \u0142atwo sprawdzi\u0107 poziom na\u0142adowania baterii i poziom e-cieczy.<\/p>\n<h2 data-v-md-heading=\"why-collaborate-with-agoravape\" data-v-md-line=\"47\">Dlaczego warto wsp\u00f3\u0142pracowa\u0107 z AgoraVape?<\/h2>\n<p data-v-md-line=\"48\">Sprzedajemy wy\u0142\u0105cznie oryginalne produkty o przejrzystych specyfikacjach. Je\u015bli jeste\u015b firm\u0105, zapewnimy Ci bardzo konkurencyjne ceny hurtowe, szybkie wsparcie oraz szybkie i niezawodne us\u0142ugi dostawy DDP w ca\u0142ej Europie. Zapraszamy do skontaktowania si\u0119 z nami w celu zam\u00f3wienia SFOG Gazzbar Triple 60K Puffs trzy w jednym jednorazowym vape lub skonsultowania si\u0119 z nami w sprawie alternatywnych produkt\u00f3w zgodnych z TPD odpowiednich dla Twojego rynku.<\/p>","protected":false},"excerpt":{"rendered":"<p>&nbsp;<\/p>\n<p><script src=\"chrome-extension:\/\/fpelahbljekknahkcaegamhcndkfpfnc\/iFrame.js\" type=\"text\/javascript\"><\/script><\/p>\n<p><script src=\"chrome-extension:\/\/fpelahbljekknahkcaegamhcndkfpfnc\/iFrame.js\" type=\"text\/javascript\"><\/script><\/p>\n<p><script src=\"chrome-extension:\/\/fpelahbljekknahkcaegamhcndkfpfnc\/iFrame.js\" type=\"text\/javascript\"><\/script><\/p>\n<p><script src=\"chrome-extension:\/\/fpelahbljekknahkcaegamhcndkfpfnc\/iFrame.js\" type=\"text\/javascript\"><\/script><\/p>","protected":false},"featured_media":13338,"comment_status":"open","ping_status":"closed","template":"","meta":[],"product_brand":[208],"product_cat":[124,185,189,176,195,174,175,193,191,135,173,186,180,190],"product_tag":[],"class_list":{"0":"post-13317","1":"product","2":"type-product","3":"status-publish","4":"has-post-thumbnail","6":"product_brand-sfog","7":"product_cat-vape-by-brand","8":"product_cat-10000-puffs-high-capacity","9":"product_cat-20mg-standard-nicotine-vapes","10":"product_cat-beverage","11":"product_cat-dual-flavor-switch","12":"product_cat-fruit-flavors","13":"product_cat-icy-mint","14":"product_cat-mesh-coil","15":"product_cat-rechargeable-disposables","16":"product_cat-sfog","17":"product_cat-vape-by-flavor-profile","18":"product_cat-vape-by-nicotine-strength","19":"product_cat-vape-by-puff-count","20":"product_cat-vape-by-feature-or-type","22":"first","23":"instock","24":"shipping-taxable","25":"purchasable","26":"product-type-variable","27":"has-default-attributes"},"tiered_pricing_type":"percentage","tiered_pricing_fixed_rules":[],"tiered_pricing_product_settings":{"layout":"default","base_unit_name":{"singular":null,"plural":null},"default_variation":null},"tiered_pricing_minimum_quantity":10,"tiered_pricing_roles_data":[],"tiered_pricing_percentage_rules":{"30":"29","50":"35","100":"40","200":"44","500":"47","1000":"49"},"tiered_pricing_maximum_quantity":null,"tiered_pricing_quantity_step":"10","_links":{"self":[{"href":"https:\/\/agoravape.com\/pl\/wp-json\/wp\/v2\/product\/13317","targetHints":{"allow":["GET"]}}],"collection":[{"href":"https:\/\/agoravape.com\/pl\/wp-json\/wp\/v2\/product"}],"about":[{"href":"https:\/\/agoravape.com\/pl\/wp-json\/wp\/v2\/types\/product"}],"replies":[{"embeddable":true,"href":"https:\/\/agoravape.com\/pl\/wp-json\/wp\/v2\/comments?post=13317"}],"version-history":[{"count":0,"href":"https:\/\/agoravape.com\/pl\/wp-json\/wp\/v2\/product\/13317\/revisions"}],"wp:featuredmedia":[{"embeddable":true,"href":"https:\/\/agoravape.com\/pl\/wp-json\/wp\/v2\/media\/13338"}],"wp:attachment":[{"href":"https:\/\/agoravape.com\/pl\/wp-json\/wp\/v2\/media?parent=13317"}],"wp:term":[{"taxonomy":"product_brand","embeddable":true,"href":"https:\/\/agoravape.com\/pl\/wp-json\/wp\/v2\/product_brand?post=13317"},{"taxonomy":"product_cat","embeddable":true,"href":"https:\/\/agoravape.com\/pl\/wp-json\/wp\/v2\/product_cat?post=13317"},{"taxonomy":"product_tag","embeddable":true,"href":"https:\/\/agoravape.com\/pl\/wp-json\/wp\/v2\/product_tag?post=13317"}],"curies":[{"name":"wp","href":"https:\/\/api.w.org\/{rel}","templated":true}]}}