{"id":13355,"date":"2025-10-11T15:06:44","date_gmt":"2025-10-11T07:06:44","guid":{"rendered":"https:\/\/green-grasshopper-921422.hostingersite.com\/?post_type=product&#038;p=13355"},"modified":"2026-01-13T01:10:28","modified_gmt":"2026-01-12T17:10:28","slug":"sfog-gazzbar-ice-god-50k-puffs-vape","status":"publish","type":"product","link":"https:\/\/agoravape.com\/pl\/product\/sfog-gazzbar-ice-god-50k-puffs-vape\/","title":{"rendered":"SFOG Gazzbar Ice God 50K Puffs Regulowany Ice Vape | Niestandardowe ch\u0142odzenie z du\u017c\u0105 moc\u0105 dzia\u0142ania"},"content":{"rendered":"<h2 data-v-md-heading=\"what-is-the-sfog-gazzbar-ice-god-50k-suction-adjustable-ice-atomizer-like\" data-v-md-line=\"3\">Jaki jest atomizer do lodu SFOG Gazzbar Ice God 50K z regulacj\u0105 si\u0142y ssania?<\/h2>\n<p data-v-md-line=\"4\">Je\u015bli masz do\u015b\u0107 jednorazowych e-liquid\u00f3w zu\u017cytych w \u015brodku tygodnia, to ten produkt jest zdecydowanie wart zakupu. SFOG Gazzbar Ice God jest przeznaczony do d\u0142ugotrwa\u0142ego u\u017cytkowania, z maksymaln\u0105 wydajno\u015bci\u0105 ssania 50000 zaci\u0105gni\u0119\u0107. Prosta konstrukcja \u201cssanie i zasysanie\u201d sprawia, \u017ce wszystko jest \u0142atwe i wygodne.<\/p>\n<p data-v-md-line=\"6\">Jest odpowiedni dla ka\u017cdego, kto chce uzyska\u0107 stabilny smak i precyzyjn\u0105 kontrol\u0119 lodu. Stopie\u0144 lodu mo\u017cna regulowa\u0107 za pomoc\u0105 pi\u0119ciu poziom\u00f3w \u201cstopnia lodu\u201d, od delikatnej bryzy po zimne fale ch\u0142odu, wszystko jest dost\u0119pne. Nie ma potrzeby korzystania z menu, nie ma potrzeby wykonywania \u017cmudnych operacji. Wystarczy ustawi\u0107 zgodnie z w\u0142asnymi preferencjami i cieszy\u0107 si\u0119 smakiem.<\/p>\n<h2 data-v-md-heading=\"excellent-performance-easy-and-convenient\" data-v-md-line=\"8\">Doskona\u0142a wydajno\u015b\u0107, \u0142atwo\u015b\u0107 i wygoda<\/h2>\n<p data-v-md-line=\"9\">Potr\u00f3jna cewka siatkowa zapewnia sp\u00f3jny smak od pierwszego do ostatniego k\u0119sa. Siatkowa cewka jest r\u00f3wnomiernie podgrzewana, zapewniaj\u0105c czysty i przyjemny smak. Gdy poziom na\u0142adowania baterii jest niski, wystarczy pod\u0142\u0105czy\u0107 kabel danych typu C i u\u017cy\u0107 kabla do \u0142adowania telefonu. Proste i szybkie, nie trzeba szuka\u0107 dedykowanej \u0142adowarki.<\/p>\n<h2 data-v-md-heading=\"specification-introduction\" data-v-md-line=\"11\">Wprowadzenie do specyfikacji<\/h2>\n<ul data-v-md-line=\"12\">\n<li>Cz\u0119stotliwo\u015b\u0107 zasysania: do 50000 razy<\/li>\n<li>St\u0119\u017cenie nikotyny: 5% (poda\u017c mo\u017ce si\u0119 r\u00f3\u017cni\u0107 w r\u00f3\u017cnych krajach\/regionach w celu zapewnienia zgodno\u015bci z lokalnymi przepisami)<\/li>\n<li>Zasada dzia\u0142ania: Aktywowany przez wdychanie<\/li>\n<li>\u0141adowanie: Port USB typu C, mo\u017cliwo\u015b\u0107 \u0142adowania<\/li>\n<li>Pojemno\u015b\u0107 e-liquidu: 30 mililitr\u00f3w<\/li>\n<li>Bateria: 850 mAh<\/li>\n<li>Rdze\u0144 rozpylaj\u0105cy: Potr\u00f3jna siatka 1,0 \u03a9<\/li>\n<li>Kontrola ch\u0142odzenia: Pi\u0119ciostopniowa regulacja \u201cpunktu zamarzania\u201d<\/li>\n<li>Materia\u0142: Stop i PCTG<\/li>\n<li>Status: Gotowy do u\u017cycia po rozpakowaniu<\/li>\n<\/ul>\n<h2 data-v-md-heading=\"for-you-and-your-business\" data-v-md-line=\"23\">Dla Ciebie i Twojego biznesu<\/h2>\n<p data-v-md-line=\"24\">Mo\u017cesz wybra\u0107 SFOG Gazzbar Ice God 50K do u\u017cytku osobistego lub przechowywa\u0107 go w swoim sklepie. Dostarczamy autentyczne produkty i obs\u0142ugujemy zam\u00f3wienia hurtowe, oferuj\u0105c opcje przezroczystych pude\u0142ek. Zapraszamy do zapytania o aktualny rozmiar i cen\u0119 paczek papieros\u00f3w.<\/p>\n<p data-v-md-line=\"26\">\u015awiadczymy us\u0142ugi dostawy DDP w Europie za po\u015brednictwem UPS, DPD i DHL, dzi\u0119ki czemu taryfy mog\u0105 by\u0107 przetwarzane z wyprzedzeniem, aby unikn\u0105\u0107 nieoczekiwanych incydent\u00f3w w urz\u0119dzie celnym. Szybka wysy\u0142ka i precyzyjne \u015bledzenie zapewniaj\u0105 sprawn\u0105 realizacj\u0119 zam\u00f3wienia.<\/p>\n<h2 data-v-md-heading=\"why-do-you-like-it\" data-v-md-line=\"28\">Dlaczego to lubisz?<\/h2>\n<ul data-v-md-line=\"29\">\n<li>Du\u017ca wydajno\u015b\u0107 ssania: d\u0142u\u017cszy czas ssania, a tym samym ni\u017csza cz\u0119stotliwo\u015b\u0107 zakupu.<\/li>\n<li>Regulowane kostki lodu: mo\u017cna je dostosowa\u0107 od lekko zimnych do orze\u017awiaj\u0105cych.<\/li>\n<li>Mo\u017cliwo\u015b\u0107 wielokrotnego \u0142adowania: Wykorzystaj ca\u0142y e-liquid, za kt\u00f3ry zap\u0142aci\u0142e\u015b.<\/li>\n<li>Siatkowy rdze\u0144 rozpylaj\u0105cy: Ka\u017cde zassanie skutkuje g\u0142adk\u0105 i jednolit\u0105 tekstur\u0105.<\/li>\n<li>Du\u017ca pojemno\u015b\u0107: 30 mililitr\u00f3w, wytrzyma\u0142y i trwa\u0142y.<\/li>\n<li>Interfejs typu C, wygodne \u0142adowanie: \u0142atwe \u0142adowanie za pomoc\u0105 codziennych kabli.<\/li>\n<\/ul>\n<h2 data-v-md-heading=\"why-collaborate-with-agoravape\" data-v-md-line=\"36\">Dlaczego warto wsp\u00f3\u0142pracowa\u0107 z AgoraVape?<\/h2>\n<p data-v-md-line=\"37\">Sprzedajemy tylko oryginalne produkty 100% i nie mamy co do tego w\u0105tpliwo\u015bci. Dla nabywc\u00f3w komercyjnych oznacza to uczciwe ceny hurtowe, troskliw\u0105 obs\u0142ug\u0119 i szybk\u0105 dostaw\u0119 DDP regulowanych waporyzator\u00f3w lodowych SFOG Gazzbar Ice God 50K. Skontaktuj si\u0119 z nami, aby zaopatrzy\u0107 swojego klienta w urz\u0105dzenie warte odkupienia.<\/p>\n<p data-v-md-line=\"39\">Informacja o zgodno\u015bci: Dostawy produkt\u00f3w i st\u0119\u017cenie nikotyny mog\u0105 si\u0119 r\u00f3\u017cni\u0107 w zale\u017cno\u015bci od kraju\/regionu, aby zapewni\u0107 zgodno\u015b\u0107 z przepisami UE i lokalnymi. Je\u015bli nie masz pewno\u015bci co do przepis\u00f3w obowi\u0105zuj\u0105cych na Twoim rynku, skontaktuj si\u0119 z naszym zespo\u0142em, a my udzielimy Ci wskaz\u00f3wek.<\/p>","protected":false},"excerpt":{"rendered":"<p>What is the SFOG Gazzbar Ice God 50K suction adjustable ice atomizer like? If you\u2019re tired of disposable e-liquid used<\/p>","protected":false},"featured_media":13351,"comment_status":"open","ping_status":"closed","template":"","meta":[],"product_brand":[208],"product_cat":[124,185,1641,194,176,177,174,175,193,191,135,173,186,180,190],"product_tag":[],"class_list":{"0":"post-13355","1":"product","2":"type-product","3":"status-publish","4":"has-post-thumbnail","6":"product_brand-sfog","7":"product_cat-vape-by-brand","8":"product_cat-10000-puffs-high-capacity","9":"product_cat-50000-puffs","10":"product_cat-adjustable-airflow","11":"product_cat-beverage","12":"product_cat-dessert-sweets","13":"product_cat-fruit-flavors","14":"product_cat-icy-mint","15":"product_cat-mesh-coil","16":"product_cat-rechargeable-disposables","17":"product_cat-sfog","18":"product_cat-vape-by-flavor-profile","19":"product_cat-vape-by-nicotine-strength","20":"product_cat-vape-by-puff-count","21":"product_cat-vape-by-feature-or-type","23":"first","24":"instock","25":"shipping-taxable","26":"purchasable","27":"product-type-variable","28":"has-default-attributes"},"tiered_pricing_type":"percentage","tiered_pricing_fixed_rules":[],"tiered_pricing_product_settings":{"layout":"default","base_unit_name":{"singular":null,"plural":null},"default_variation":null},"tiered_pricing_minimum_quantity":10,"tiered_pricing_roles_data":[],"tiered_pricing_percentage_rules":{"30":"29","50":"35","100":"40","200":"44","500":"47","1000":"49"},"tiered_pricing_maximum_quantity":null,"tiered_pricing_quantity_step":"10","_links":{"self":[{"href":"https:\/\/agoravape.com\/pl\/wp-json\/wp\/v2\/product\/13355","targetHints":{"allow":["GET"]}}],"collection":[{"href":"https:\/\/agoravape.com\/pl\/wp-json\/wp\/v2\/product"}],"about":[{"href":"https:\/\/agoravape.com\/pl\/wp-json\/wp\/v2\/types\/product"}],"replies":[{"embeddable":true,"href":"https:\/\/agoravape.com\/pl\/wp-json\/wp\/v2\/comments?post=13355"}],"version-history":[{"count":0,"href":"https:\/\/agoravape.com\/pl\/wp-json\/wp\/v2\/product\/13355\/revisions"}],"wp:featuredmedia":[{"embeddable":true,"href":"https:\/\/agoravape.com\/pl\/wp-json\/wp\/v2\/media\/13351"}],"wp:attachment":[{"href":"https:\/\/agoravape.com\/pl\/wp-json\/wp\/v2\/media?parent=13355"}],"wp:term":[{"taxonomy":"product_brand","embeddable":true,"href":"https:\/\/agoravape.com\/pl\/wp-json\/wp\/v2\/product_brand?post=13355"},{"taxonomy":"product_cat","embeddable":true,"href":"https:\/\/agoravape.com\/pl\/wp-json\/wp\/v2\/product_cat?post=13355"},{"taxonomy":"product_tag","embeddable":true,"href":"https:\/\/agoravape.com\/pl\/wp-json\/wp\/v2\/product_tag?post=13355"}],"curies":[{"name":"wp","href":"https:\/\/api.w.org\/{rel}","templated":true}]}}