{"id":13389,"date":"2025-10-11T15:26:33","date_gmt":"2025-10-11T07:26:33","guid":{"rendered":"https:\/\/green-grasshopper-921422.hostingersite.com\/?post_type=product&#038;p=13389"},"modified":"2026-01-19T22:08:07","modified_gmt":"2026-01-19T14:08:07","slug":"sfog-galaxy-bar-30k-puffs-dual-mode-vape","status":"publish","type":"product","link":"https:\/\/agoravape.com\/pl\/product\/sfog-galaxy-bar-30k-puffs-dual-mode-vape\/","title":{"rendered":"SFOG Galaxy Bar 30K Puffs Dual Mode Disposable Vape | d\u0142ugotrwa\u0142y smak, mniej zamieszania"},"content":{"rendered":"<h2 data-v-md-heading=\"what-are-the-highlights-of-the-sfog-galaxy-bar-30k-dual-mode-disposable-vape\" data-v-md-line=\"3\">Jakie s\u0105 najwa\u017cniejsze cechy jednorazowego waporyzatora SFOG Galaxy Bar 30K dual-mode?<\/h2>\n<p data-v-md-line=\"4\">Je\u015bli jeste\u015b zm\u0119czony zmienianiem jednorazowych waporyzator\u00f3w nast\u0119pnego dnia, ten produkt u\u0142atwi Ci \u017cycie. SFOG Galaxy Bar 30K ma d\u0142ug\u0105 \u017cywotno\u015b\u0107 baterii i jest wyposa\u017cony w dwa tryby, dzi\u0119ki czemu mo\u017cna go u\u017cywa\u0107 przez d\u0142u\u017cszy czas lub wybra\u0107 mocniejsz\u0105 moc zgodnie z w\u0142asnymi preferencjami.<\/p>\n<p data-v-md-line=\"6\">Je\u015bli potrzebujesz prostej i niezawodnej wydajno\u015bci o bogatym smaku, bez konieczno\u015bci wykonywania \u017cmudnych operacji, to jest to idealny wyb\u00f3r. Bez menu, bez krzywej uczenia si\u0119. Wystarczy zapewni\u0107 niezmiennie p\u0142ynne wra\u017cenia od pierwszego do ostatniego k\u0119sa.<\/p>\n<h2 data-v-md-heading=\"excellent-performance-worry-free-and-effortless\" data-v-md-line=\"8\">Doskona\u0142a wydajno\u015b\u0107, bez obaw i bez wysi\u0142ku<\/h2>\n<p data-v-md-line=\"9\">Jest wyposa\u017cony w dwurdzeniowe cewki i podw\u00f3jne siatkowe rdzenie atomizuj\u0105ce. Nawet je\u015bli we\u017amiesz g\u0142\u0119boki wdech, zachowasz czysty i stabilny smak. Mo\u017cesz wybra\u0107 tryb zwyk\u0142y, kt\u00f3ry mo\u017ce wyci\u0105gn\u0105\u0107 do 30000 zaci\u0105gni\u0119\u0107; lub prze\u0142\u0105czy\u0107 si\u0119 na tryb pulsacyjny, aby uzyska\u0107 silniejsze doznania ssania, do 15000 zaci\u0105gni\u0119\u0107. Takie d\u0142ugotrwa\u0142e waporyzacje naturalnie maj\u0105 stopniowo zmniejszaj\u0105c\u0105 si\u0119 pr\u0119dko\u015b\u0107 zasysania pod koniec, ale konstrukcja cewki siatkowej utrzymuje je przez ca\u0142y czas.<\/p>\n<h2 data-v-md-heading=\"specification-overview\" data-v-md-line=\"11\">Przegl\u0105d specyfikacji<\/h2>\n<ul data-v-md-line=\"12\">\n<li>Cz\u0119stotliwo\u015b\u0107 ssania: Tryb normalny mo\u017ce zasysa\u0107 do 30000 zaci\u0105gni\u0119\u0107, tryb pulsacyjny mo\u017ce zasysa\u0107 do 15000 zaci\u0105gni\u0119\u0107<\/li>\n<li>Zawarto\u015b\u0107 nikotyny: 5%<\/li>\n<li>Tryb pracy: podw\u00f3jny (zwyk\u0142y lub impulsowy)<\/li>\n<li>Metoda \u0142adowania: akumulator<\/li>\n<li>Pojemno\u015b\u0107 e-liquidu: 28 mililitr\u00f3w<\/li>\n<li>Cewka: Cewka z podw\u00f3jn\u0105 siatk\u0105, 1,0 \u03a9<\/li>\n<li>Bateria: 850 mAh<\/li>\n<li>Status: Gotowy do u\u017cycia od razu po wyj\u0119ciu z pude\u0142ka<\/li>\n<\/ul>\n<p data-v-md-line=\"21\">Uwaga: St\u0119\u017cenie nikotyny mo\u017ce si\u0119 r\u00f3\u017cni\u0107 w zale\u017cno\u015bci od kraju\/regionu. Nale\u017cy zapozna\u0107 si\u0119 z lokalnymi przepisami.<\/p>\n<h2 data-v-md-heading=\"full-flavor-series\" data-v-md-line=\"23\">Seria o pe\u0142nym smaku<\/h2>\n<ul data-v-md-line=\"24\">\n<li>Strawberry B-POF<\/li>\n<li>W\u0142a\u015bciciel Blue Ranch<\/li>\n<li>L\u00f3d malinowo-brzoskwiniowy<\/li>\n<li>Kwa\u015bny ananas z mango<\/li>\n<li>Niebieskie lodowisko<\/li>\n<li>Limonka, jagoda, pomara\u0144cza<\/li>\n<li>Lemon Head<\/li>\n<li>Arbuzowy l\u00f3d<\/li>\n<li>BlackBerry B-POP<\/li>\n<li>Mi\u0119ta Miami<\/li>\n<li>Kwa\u015bne lody jab\u0142kowe<\/li>\n<li>Pomelo Coolness<\/li>\n<li>Bananowy l\u00f3d toffi<\/li>\n<li>Przezroczysty<\/li>\n<\/ul>\n<h2 data-v-md-heading=\"for-you-and-for-your-business-as-well\" data-v-md-line=\"39\">Dla Ciebie i dla Twojej firmy<\/h2>\n<p data-v-md-line=\"40\">Kupujesz dla siebie? Proste i wygodne. Wybierz sw\u00f3j smak, wybierz tryb i ciesz si\u0119 d\u0142ugimi okresami mi\u0119dzy wymianami. Galaxy Bar 30K ma prosty w obs\u0142udze i sp\u00f3jny smak, kt\u00f3ry jest godny zaufania.<\/p>\n<p data-v-md-line=\"42\">Prowadzisz sklep stacjonarny lub internetowy? Dostarczamy SFOG Galaxy Bar 30K w praktycznej formie hurtowej. Pude\u0142ko ekspozycyjne mo\u017ce pomie\u015bci\u0107 5 sztuk, a g\u0142\u00f3wne pude\u0142ko mo\u017ce pomie\u015bci\u0107 150 sztuk. \u015awiadczymy us\u0142ugi dostawy DDP za po\u015brednictwem zaufanych partner\u00f3w, takich jak UPS, DPD i DHL, dzi\u0119ki czemu mo\u017cna uzyska\u0107 wyra\u017ane koszty l\u0105dowania i unikn\u0105\u0107 wypadk\u00f3w celnych.<\/p>\n<h2 data-v-md-heading=\"why-do-you-like-it\" data-v-md-line=\"44\">Dlaczego to lubisz?<\/h2>\n<ul data-v-md-line=\"45\">\n<li>Du\u017ca wydajno\u015b\u0107 ssania: Trwa\u0142y i d\u0142ugowieczny, nie ma potrzeby cz\u0119stego kupowania nowych wk\u0142ad\u00f3w.<\/li>\n<li>Wyb\u00f3r trybu: Tryb regularny pozwala uzyska\u0107 najd\u0142u\u017cszy czas ssania, natomiast tryb pulsacyjny zapewnia silniejsze ssanie.<\/li>\n<li>Akumulator: umo\u017cliwia korzystanie z pojemno\u015bci 28 ml zakupionej w momencie zakupu.<\/li>\n<li>Siatkowa cewka: Zawsze zapewnia sp\u00f3jny, bogaty smak.<\/li>\n<\/ul>\n<h2 data-v-md-heading=\"why-choose-to-collaborate-with-agoravape\" data-v-md-line=\"50\">Dlaczego warto zdecydowa\u0107 si\u0119 na wsp\u00f3\u0142prac\u0119 z AgoraVape?<\/h2>\n<p data-v-md-line=\"51\">Sprzedajemy tylko oryginalne produkty 100% i jeste\u015bmy odpowiedzialni za sprzedawane przez nas produkty. Je\u015bli kupisz SFOG Galaxy Bar 30K dual-mode disposable vapes hurtowo, otrzymasz obni\u017cone ceny, niezawodne wsparcie oraz szybkie i niezawodne us\u0142ugi dostawy DDP. Chcesz zarezerwowa\u0107 urz\u0105dzenie dla sta\u0142ych klient\u00f3w? Pomo\u017cemy Ci wszystko skonfigurowa\u0107.<\/p>\n<p><script src=\"chrome-extension:\/\/fpelahbljekknahkcaegamhcndkfpfnc\/iFrame.js\" type=\"text\/javascript\"><\/script><\/p>","protected":false},"excerpt":{"rendered":"<p>What are the highlights of the SFOG Galaxy Bar 30K dual-mode disposable vape? If you\u2019re tired of changing disposable vapes<\/p>","protected":false},"featured_media":13425,"comment_status":"open","ping_status":"closed","template":"","meta":[],"product_brand":[208],"product_cat":[124,185,1637,194,174,175,193,191,135,173,186,180,190],"product_tag":[],"class_list":{"0":"post-13389","1":"product","2":"type-product","3":"status-publish","4":"has-post-thumbnail","6":"product_brand-sfog","7":"product_cat-vape-by-brand","8":"product_cat-10000-puffs-high-capacity","9":"product_cat-30000-puffs","10":"product_cat-adjustable-airflow","11":"product_cat-fruit-flavors","12":"product_cat-icy-mint","13":"product_cat-mesh-coil","14":"product_cat-rechargeable-disposables","15":"product_cat-sfog","16":"product_cat-vape-by-flavor-profile","17":"product_cat-vape-by-nicotine-strength","18":"product_cat-vape-by-puff-count","19":"product_cat-vape-by-feature-or-type","21":"first","22":"onbackorder","23":"shipping-taxable","24":"purchasable","25":"product-type-variable","26":"has-default-attributes"},"tiered_pricing_type":"percentage","tiered_pricing_fixed_rules":[],"tiered_pricing_product_settings":{"layout":"default","base_unit_name":{"singular":null,"plural":null},"default_variation":null},"tiered_pricing_minimum_quantity":10,"tiered_pricing_roles_data":[],"tiered_pricing_percentage_rules":{"30":"29","50":"35","100":"40","200":"44","500":"47","1000":"49"},"tiered_pricing_maximum_quantity":null,"tiered_pricing_quantity_step":"10","_links":{"self":[{"href":"https:\/\/agoravape.com\/pl\/wp-json\/wp\/v2\/product\/13389","targetHints":{"allow":["GET"]}}],"collection":[{"href":"https:\/\/agoravape.com\/pl\/wp-json\/wp\/v2\/product"}],"about":[{"href":"https:\/\/agoravape.com\/pl\/wp-json\/wp\/v2\/types\/product"}],"replies":[{"embeddable":true,"href":"https:\/\/agoravape.com\/pl\/wp-json\/wp\/v2\/comments?post=13389"}],"version-history":[{"count":0,"href":"https:\/\/agoravape.com\/pl\/wp-json\/wp\/v2\/product\/13389\/revisions"}],"wp:featuredmedia":[{"embeddable":true,"href":"https:\/\/agoravape.com\/pl\/wp-json\/wp\/v2\/media\/13425"}],"wp:attachment":[{"href":"https:\/\/agoravape.com\/pl\/wp-json\/wp\/v2\/media?parent=13389"}],"wp:term":[{"taxonomy":"product_brand","embeddable":true,"href":"https:\/\/agoravape.com\/pl\/wp-json\/wp\/v2\/product_brand?post=13389"},{"taxonomy":"product_cat","embeddable":true,"href":"https:\/\/agoravape.com\/pl\/wp-json\/wp\/v2\/product_cat?post=13389"},{"taxonomy":"product_tag","embeddable":true,"href":"https:\/\/agoravape.com\/pl\/wp-json\/wp\/v2\/product_tag?post=13389"}],"curies":[{"name":"wp","href":"https:\/\/api.w.org\/{rel}","templated":true}]}}