{"id":13481,"date":"2025-10-11T16:02:13","date_gmt":"2025-10-11T08:02:13","guid":{"rendered":"https:\/\/green-grasshopper-921422.hostingersite.com\/?post_type=product&#038;p=13481"},"modified":"2026-01-19T22:07:55","modified_gmt":"2026-01-19T14:07:55","slug":"sfog-s89-15000-puffow-vape","status":"publish","type":"product","link":"https:\/\/agoravape.com\/pl\/product\/sfog-s89-15000-puffs-vape\/","title":{"rendered":"SFOG S89 15000 Puffs Mesh Coil Jednorazowy Vape | D\u0142ugotrwa\u0142y smak bez zamieszania"},"content":{"rendered":"<h2 data-v-md-heading=\"what-are-the-advantages-of-sfog-s89-15000-port-mesh-coil-disposable-vapes\" data-v-md-line=\"3\">Jakie s\u0105 zalety jednorazowych waporyzator\u00f3w SFOG S89 15000 z cewk\u0105 siatkow\u0105?<\/h2>\n<p data-v-md-line=\"4\">Je\u015bli jeste\u015b zm\u0119czony jednorazowymi waporyzatorami zu\u017cywanymi w dni powszednie, warto przyjrze\u0107 si\u0119 temu produktowi. SFOG S89 ma pojemno\u015b\u0107 25 mililitr\u00f3w i mo\u017ce dostarczy\u0107 do 15000 zaci\u0105gni\u0119\u0107. Wykorzystuje on cewk\u0119 siatkow\u0105 1,0 \u03a9, dzi\u0119ki czemu smak pozostaje czysty i sp\u00f3jny od pierwszego do ostatniego \u0142yku.<\/p>\n<p data-v-md-line=\"6\">Je\u015bli potrzebujesz niezawodnego, trwa\u0142ego i bezproblemowego waporyzatora, ten produkt jest idealnym wyborem. Wybierz preferowany smak. Otw\u00f3rz opakowanie. Ciesz si\u0119 w pe\u0142ni. Mo\u017cesz pomy\u015ble\u0107, \u017ce tego typu urz\u0105dzenie z \u017cywotno\u015bci\u0105 baterii mo\u017ce wydawa\u0107 si\u0119 niepor\u0119czne, ale akumulator 600 mAh pozwala \u0142atwo schowa\u0107 go do kieszeni.<\/p>\n<h2 data-v-md-heading=\"excellent-performance-convenient-operation\" data-v-md-line=\"8\">Doskona\u0142a wydajno\u015b\u0107, wygodna obs\u0142uga<\/h2>\n<p data-v-md-line=\"9\">Siatkowa cewka r\u00f3wnomiernie podgrzewa e-ciecz, pozwalaj\u0105c cieszy\u0107 si\u0119 bogatym smakiem i p\u0142ynnym ssaniem za ka\u017cdym razem. Nie wymaga wst\u0119pnego podgrzewania, a olej nie spada. Gdy bateria jest roz\u0142adowana, wystarczy j\u0105 na\u0142adowa\u0107, aby kontynuowa\u0107 korzystanie z niej, co pozwala zmaksymalizowa\u0107 pojemno\u015b\u0107 do 25 mililitr\u00f3w.<\/p>\n<h2 data-v-md-heading=\"specification-introduction\" data-v-md-line=\"11\">Wprowadzenie do specyfikacji<\/h2>\n<ul data-v-md-line=\"12\">\n<li>Cz\u0119stotliwo\u015b\u0107 ssania: do 15000 razy<\/li>\n<li>Pojemno\u015b\u0107 e-liquidu: 25 mililitr\u00f3w<\/li>\n<li>Nikotyna: 5% s\u00f3l nikotyny<\/li>\n<li>Cewka: cewka siatkowa 1,0 \u03a9<\/li>\n<li>Bateria: akumulator o pojemno\u015bci 600 mAh<\/li>\n<li>Zasada dzia\u0142ania: Prosta jednorazowa konstrukcja, bez konieczno\u015bci konfiguracji<\/li>\n<li>Status: Gotowy do u\u017cycia po rozpakowaniu<\/li>\n<li>Opakowanie: 10 sztuk w pude\u0142ku ekspozycyjnym. 200 sztuk w pude\u0142ku<\/li>\n<\/ul>\n<h2 data-v-md-heading=\"full-range-of-flavors\" data-v-md-line=\"21\">Pe\u0142na gama smak\u00f3w<\/h2>\n<ul data-v-md-line=\"22\">\n<li>Truskawkowy l\u00f3d<\/li>\n<li>Brzoskwiniowy l\u00f3d<\/li>\n<li>Brzoskwinia i mango<\/li>\n<li>Mieszane jagody<\/li>\n<li>R\u00f3\u017cowa woda cytrynowa<\/li>\n<li>Truskawka arbuz<\/li>\n<li>Arbuzowy l\u00f3d<\/li>\n<li>Lody winogronowe<\/li>\n<li>Wi\u015bnia<\/li>\n<li>Bor\u00f3wki i maliny<\/li>\n<\/ul>\n<h2 data-v-md-heading=\"for-you-for-your-business\" data-v-md-line=\"33\">Dla Ciebie, dla Twojej firmy<\/h2>\n<p data-v-md-line=\"34\">Mo\u017cesz kupi\u0107 jednorazowe waporyzatory SFOG S89 15000 mesh coil do u\u017cytku osobistego lub uzupe\u0142ni\u0107 zapasy w swoim sklepie. Dostarczamy pude\u0142ka ekspozycyjne w opakowaniach po 10 sztuk, aby zapewni\u0107 schludn\u0105 ekspozycj\u0119 produkt\u00f3w. Je\u015bli chcesz dokona\u0107 zakupu hurtowego, wybierz du\u017ce pude\u0142ko zawieraj\u0105ce 200 sztuk, aby sprawnie uzupe\u0142nia\u0107 zapasy.<\/p>\n<p data-v-md-line=\"36\">\u015awiadczymy us\u0142ugi dostawy DDP po op\u0142aceniu podatku za po\u015brednictwem zaufanych partner\u00f3w, takich jak UPS, DPD i DHL, zapewniaj\u0105c, \u017ce Twoje zam\u00f3wienie nie napotka \u017cadnych wypadk\u00f3w podczas odprawy celnej.<\/p>\n<h2 data-v-md-heading=\"why-do-you-like-it\" data-v-md-line=\"38\">Dlaczego to lubisz?<\/h2>\n<ul data-v-md-line=\"39\">\n<li>Bardzo du\u017ca pojemno\u015b\u0107: do 15000 port\u00f3w, co oznacza mniejsz\u0105 liczb\u0119 wymian i wy\u017csz\u0105 op\u0142acalno\u015b\u0107<\/li>\n<li>Zadowalaj\u0105ca zawarto\u015b\u0107 nikotyny: 5% S\u00f3l Nikotynowa dla Mocnego Smaku<\/li>\n<li>Mo\u017cliwo\u015b\u0107 \u0142adowania: Mo\u017cna u\u017cywa\u0107 wszystkich zakupionych e-liquid\u00f3w<\/li>\n<li>Siatkowa cewka: utrzymuje sta\u0142\u0105 tekstur\u0119 przy ka\u017cdym zasysaniu<\/li>\n<\/ul>\n<h2 data-v-md-heading=\"why-choose-to-collaborate-with-agoravape\" data-v-md-line=\"44\">Dlaczego warto zdecydowa\u0107 si\u0119 na wsp\u00f3\u0142prac\u0119 z AgoraVape?<\/h2>\n<p data-v-md-line=\"45\">Oferujemy wy\u0142\u0105cznie oryginalne produkty 100%, dzi\u0119ki czemu mo\u017cesz kupowa\u0107 ze spokojem. Dla naszych klient\u00f3w komercyjnych oznacza to, \u017ce jednorazowe waporyzatory SFOG S89 15000 port mesh coil maj\u0105 obni\u017cone ceny hurtowe, niezawodne wsparcie oraz szybk\u0105 i niezawodn\u0105 dostaw\u0119. Je\u015bli chcesz kupi\u0107 urz\u0105dzenie, kt\u00f3re klienci b\u0119d\u0105 ponownie odwiedza\u0107, skontaktuj si\u0119 z nami.<\/p>\n<p><script src=\"chrome-extension:\/\/fpelahbljekknahkcaegamhcndkfpfnc\/iFrame.js\" type=\"text\/javascript\"><\/script><\/p>","protected":false},"excerpt":{"rendered":"<p>What are the advantages of SFOG S89 15000 port mesh coil disposable vapes? If you are tired of disposable vapes<\/p>","protected":false},"featured_media":13503,"comment_status":"open","ping_status":"closed","template":"","meta":[],"product_brand":[208],"product_cat":[124,185,1635,174,175,193,191,135,173,186,180,190],"product_tag":[],"class_list":{"0":"post-13481","1":"product","2":"type-product","3":"status-publish","4":"has-post-thumbnail","6":"product_brand-sfog","7":"product_cat-vape-by-brand","8":"product_cat-10000-puffs-high-capacity","9":"product_cat-15000-puffs","10":"product_cat-fruit-flavors","11":"product_cat-icy-mint","12":"product_cat-mesh-coil","13":"product_cat-rechargeable-disposables","14":"product_cat-sfog","15":"product_cat-vape-by-flavor-profile","16":"product_cat-vape-by-nicotine-strength","17":"product_cat-vape-by-puff-count","18":"product_cat-vape-by-feature-or-type","20":"first","21":"onbackorder","22":"shipping-taxable","23":"purchasable","24":"product-type-variable","25":"has-default-attributes"},"tiered_pricing_type":"percentage","tiered_pricing_fixed_rules":[],"tiered_pricing_product_settings":{"layout":"default","base_unit_name":{"singular":null,"plural":null},"default_variation":null},"tiered_pricing_minimum_quantity":10,"tiered_pricing_roles_data":[],"tiered_pricing_percentage_rules":{"30":"29","50":"35","100":"40","200":"44","500":"47","1000":"49"},"tiered_pricing_maximum_quantity":null,"tiered_pricing_quantity_step":"10","_links":{"self":[{"href":"https:\/\/agoravape.com\/pl\/wp-json\/wp\/v2\/product\/13481","targetHints":{"allow":["GET"]}}],"collection":[{"href":"https:\/\/agoravape.com\/pl\/wp-json\/wp\/v2\/product"}],"about":[{"href":"https:\/\/agoravape.com\/pl\/wp-json\/wp\/v2\/types\/product"}],"replies":[{"embeddable":true,"href":"https:\/\/agoravape.com\/pl\/wp-json\/wp\/v2\/comments?post=13481"}],"version-history":[{"count":0,"href":"https:\/\/agoravape.com\/pl\/wp-json\/wp\/v2\/product\/13481\/revisions"}],"wp:featuredmedia":[{"embeddable":true,"href":"https:\/\/agoravape.com\/pl\/wp-json\/wp\/v2\/media\/13503"}],"wp:attachment":[{"href":"https:\/\/agoravape.com\/pl\/wp-json\/wp\/v2\/media?parent=13481"}],"wp:term":[{"taxonomy":"product_brand","embeddable":true,"href":"https:\/\/agoravape.com\/pl\/wp-json\/wp\/v2\/product_brand?post=13481"},{"taxonomy":"product_cat","embeddable":true,"href":"https:\/\/agoravape.com\/pl\/wp-json\/wp\/v2\/product_cat?post=13481"},{"taxonomy":"product_tag","embeddable":true,"href":"https:\/\/agoravape.com\/pl\/wp-json\/wp\/v2\/product_tag?post=13481"}],"curies":[{"name":"wp","href":"https:\/\/api.w.org\/{rel}","templated":true}]}}