{"id":13518,"date":"2025-10-11T16:22:46","date_gmt":"2025-10-11T08:22:46","guid":{"rendered":"https:\/\/green-grasshopper-921422.hostingersite.com\/?post_type=product&#038;p=13518"},"modified":"2026-01-19T22:07:49","modified_gmt":"2026-01-19T14:07:49","slug":"sfog-gt-bar-15000-puffow-dtl-vape","status":"publish","type":"product","link":"https:\/\/agoravape.com\/pl\/product\/sfog-gt-bar-15000-puffs-dtl-vape\/","title":{"rendered":"SFOG GT Bar 15000 Puffs | D\u0142ugie sesje DTL z aromatami inspirowanymi shish\u0105"},"content":{"rendered":"<h2 data-v-md-heading=\"what-exactly-is-the-sfog-gt-bar-15000-mouth-hookah-flavored-dtl-vape\" data-v-md-line=\"3\">Czym dok\u0142adnie jest waporyzator SFOG GT Bar 15000 o smaku sziszy DTL?<\/h2>\n<p data-v-md-line=\"4\">Je\u015bli jeste\u015b zm\u0119czony jednorazowymi waporyzatorami, kt\u00f3re wyczerpuj\u0105 bateri\u0119 przed weekendem, ten produkt uwolni Ci\u0119 od zmartwie\u0144. SFOG GT Bar mo\u017ce zapewni\u0107 do\u015bwiadczenie DTL do 15000 zaci\u0105gni\u0119\u0107, z przezroczystym do\u015bwiadczeniem palenia DTL bli\u017cszym sziszy, a nie typowemu kompaktowemu waporyzatorowi z zasysaniem ustnym.<\/p>\n<p data-v-md-line=\"6\">Dla tych, kt\u00f3rzy chc\u0105 d\u0142ugotrwa\u0142ego smaku bez k\u0142opot\u00f3w z konfiguracj\u0105, ten produkt jest idealnym wyborem. Ma mieszany smak sziszy, akumulator i cewk\u0119 siatkow\u0105, kt\u00f3ra utrzymuje stabilny smak. Mo\u017cna by pomy\u015ble\u0107, \u017ce urz\u0105dzenie z tak wieloma portami b\u0119dzie niepor\u0119czne jak ceg\u0142a, ale jest zaskakuj\u0105co przyst\u0119pne cenowo.<\/p>\n<h2 data-v-md-heading=\"excellent-performance-and-easy-operation\" data-v-md-line=\"8\">Doskona\u0142a wydajno\u015b\u0107 i \u0142atwa obs\u0142uga<\/h2>\n<p data-v-md-line=\"9\">Wbudowany siatkowy rdze\u0144 rozpylaj\u0105cy 0,6 \u03a9 zapewnia p\u0142ynny przep\u0142yw dymu i sp\u00f3jny smak, bior\u0105c jeden k\u0119s za drugim. Brak menu, brak przycisk\u00f3w, \u0142atwa obs\u0142uga. Gdy bateria jest roz\u0142adowana, mo\u017cna j\u0105 na\u0142adowa\u0107 za pomoc\u0105 interfejsu Type-C. Korzystanie z tego samego kabla do transmisji danych co telefon kom\u00f3rkowy jest \u0142atwe i wygodne.<\/p>\n<h2 data-v-md-heading=\"specification-overview\" data-v-md-line=\"11\">Przegl\u0105d specyfikacji<\/h2>\n<ul data-v-md-line=\"12\">\n<li>Cz\u0119stotliwo\u015b\u0107 ssania: do 15000 razy<\/li>\n<li>Nikotyna: 0,5% soli nikotyny (oko\u0142o 5 miligram\u00f3w na mililitr)<\/li>\n<li>E-liquid: 22 mililitry<\/li>\n<li>Rdze\u0144 rozpylaj\u0105cy: rdze\u0144 rozpylaj\u0105cy o oczkach 0,6 \u03a9<\/li>\n<li>Akumulator: akumulator 600mAh<\/li>\n<li>Zasada dzia\u0142ania: Aktywacja jednym zaci\u0105gni\u0119ciem<\/li>\n<li>Spos\u00f3b \u0142adowania: Standardowy interfejs USB typu C<\/li>\n<li>Status: Gotowy do u\u017cycia od razu po wyj\u0119ciu z pude\u0142ka<\/li>\n<li>Rozmiar i waga: oko\u0142o 32 x 123 milimetry 110 gram\u00f3w<\/li>\n<\/ul>\n<h2 data-v-md-heading=\"full-flavor-series\" data-v-md-line=\"22\">Seria o pe\u0142nym smaku<\/h2>\n<ul data-v-md-line=\"23\">\n<li>Mi\u0119ta jagodowa<\/li>\n<li>Guma jagodowa<\/li>\n<li>Karnawa\u0142 Wi\u015bniowy<\/li>\n<li>Podw\u00f3jne jab\u0142ka<\/li>\n<li>Cytryna jako<\/li>\n<li>Mango Ice<\/li>\n<li>Brzoskwiniowy l\u00f3d<\/li>\n<li>S\u0142odki owoc m\u0119czennicy<\/li>\n<li>L\u00f3d z czarnej porzeczki<\/li>\n<li>Lody winogronowe<\/li>\n<\/ul>\n<h2 data-v-md-heading=\"for-you-and-for-your-business-as-well\" data-v-md-line=\"34\">Dla Ciebie i dla Twojej firmy<\/h2>\n<p data-v-md-line=\"35\">Mo\u017cesz kupi\u0107 jeden do u\u017cytku osobistego lub zaopatrzy\u0107 sw\u00f3j sklep. Dostarczamy 10 pude\u0142ek ekspozycyjnych, aby u\u0142atwi\u0107 zarz\u0105dzanie p\u00f3\u0142kami i upro\u015bci\u0107 proces uzupe\u0142niania zapas\u00f3w. Zam\u00f3wienia hurtowe mog\u0105 by\u0107 dostarczane w opakowaniach zbiorczych i zewn\u0119trznych. Je\u015bli potrzebujesz specyfikacji opakowa\u0144 do pracy w magazynie, skontaktuj si\u0119 z naszym zespo\u0142em.<\/p>\n<p data-v-md-line=\"37\">Zapewniamy us\u0142ugi dostawy DDP z zaufanymi partnerami, takimi jak UPS, DPD i DHL w ca\u0142ej Europie, dzi\u0119ki czemu mo\u017cna uzyska\u0107 jasny czas dostawy i unikn\u0105\u0107 wypadk\u00f3w celnych. Obs\u0142ugujemy g\u0142\u00f3wne karty kredytowe i bezpieczne p\u0142atno\u015bci PayPal, aby zapewni\u0107 p\u0142ynn\u0105 realizacj\u0119 transakcji.<\/p>\n<p data-v-md-line=\"39\">Kr\u00f3tkie wyja\u015bnienie zgodno\u015bci. Ten rodzaj jednorazowego du\u017cego produktu do palenia przekracza limit TPD UE dla pojemno\u015bci e-liquidu. Sytuacja w zakresie dostaw detalicznych mo\u017ce si\u0119 r\u00f3\u017cni\u0107 w zale\u017cno\u015bci od kraju\/regionu. Przed z\u0142o\u017ceniem zam\u00f3wienia nale\u017cy sprawdzi\u0107 lokalne przepisy.<\/p>\n<h2 data-v-md-heading=\"why-do-you-like-it\" data-v-md-line=\"41\">Dlaczego to lubisz?<\/h2>\n<ul data-v-md-line=\"42\">\n<li>D\u0142u\u017cszy czas ssania: d\u0142u\u017csza \u017cywotno\u015b\u0107 baterii, brak konieczno\u015bci cz\u0119stej wymiany.<\/li>\n<li>Wyb\u00f3r nikotyny: S\u00f3l nikotynowa 0,5% zapewnia \u0142agodniejsze i l\u017cejsze doznania.<\/li>\n<li>Mo\u017cliwo\u015b\u0107 wielokrotnego \u0142adowania: E-ciecz b\u0119dzie dzia\u0142a\u0107 do momentu jej wyczerpania.<\/li>\n<li>Siatkowa cewka: Ka\u017cdy k\u0119s zachowuje bogaty smak i konsystencj\u0119.<\/li>\n<\/ul>\n<h2 data-v-md-heading=\"why-choose-to-collaborate-with-agoravape\" data-v-md-line=\"47\">Dlaczego warto zdecydowa\u0107 si\u0119 na wsp\u00f3\u0142prac\u0119 z AgoraVape?<\/h2>\n<p data-v-md-line=\"48\">Kupujemy wy\u0142\u0105cznie oryginalne produkty SFOG od autoryzowanych sprzedawc\u00f3w. SFOG GT Bar 15000 hookah flavored DTL vapes, gdzie mo\u017cesz cieszy\u0107 si\u0119 wysoce konkurencyjnymi cenami hurtowymi, niezawodn\u0105 obs\u0142ug\u0105 klienta i szybkimi us\u0142ugami dostawy DDP. Chcesz stworzy\u0107 urz\u0105dzenie, kt\u00f3re pokochaj\u0105 Twoi klienci? Skontaktuj si\u0119 z nami, z przyjemno\u015bci\u0105 Ci pomo\u017cemy.<\/p>\n<p><script src=\"chrome-extension:\/\/fpelahbljekknahkcaegamhcndkfpfnc\/iFrame.js\" type=\"text\/javascript\"><\/script><\/p>","protected":false},"excerpt":{"rendered":"<p>What exactly is the SFOG GT Bar 15000 mouth hookah flavored DTL vape? If you are tired of disposable vapes<\/p>","protected":false},"featured_media":13562,"comment_status":"open","ping_status":"closed","template":"","meta":[],"product_brand":[208],"product_cat":[124,185,1635,174,175,193,191,135,173,186,180,190],"product_tag":[],"class_list":{"0":"post-13518","1":"product","2":"type-product","3":"status-publish","4":"has-post-thumbnail","6":"product_brand-sfog","7":"product_cat-vape-by-brand","8":"product_cat-10000-puffs-high-capacity","9":"product_cat-15000-puffs","10":"product_cat-fruit-flavors","11":"product_cat-icy-mint","12":"product_cat-mesh-coil","13":"product_cat-rechargeable-disposables","14":"product_cat-sfog","15":"product_cat-vape-by-flavor-profile","16":"product_cat-vape-by-nicotine-strength","17":"product_cat-vape-by-puff-count","18":"product_cat-vape-by-feature-or-type","20":"first","21":"onbackorder","22":"shipping-taxable","23":"purchasable","24":"product-type-variable","25":"has-default-attributes"},"tiered_pricing_type":"percentage","tiered_pricing_fixed_rules":[],"tiered_pricing_product_settings":{"layout":"default","base_unit_name":{"singular":null,"plural":null},"default_variation":null},"tiered_pricing_minimum_quantity":10,"tiered_pricing_roles_data":[],"tiered_pricing_percentage_rules":{"30":"29","50":"35","100":"40","200":"44","500":"47","1000":"49"},"tiered_pricing_maximum_quantity":null,"tiered_pricing_quantity_step":"10","_links":{"self":[{"href":"https:\/\/agoravape.com\/pl\/wp-json\/wp\/v2\/product\/13518","targetHints":{"allow":["GET"]}}],"collection":[{"href":"https:\/\/agoravape.com\/pl\/wp-json\/wp\/v2\/product"}],"about":[{"href":"https:\/\/agoravape.com\/pl\/wp-json\/wp\/v2\/types\/product"}],"replies":[{"embeddable":true,"href":"https:\/\/agoravape.com\/pl\/wp-json\/wp\/v2\/comments?post=13518"}],"version-history":[{"count":0,"href":"https:\/\/agoravape.com\/pl\/wp-json\/wp\/v2\/product\/13518\/revisions"}],"wp:featuredmedia":[{"embeddable":true,"href":"https:\/\/agoravape.com\/pl\/wp-json\/wp\/v2\/media\/13562"}],"wp:attachment":[{"href":"https:\/\/agoravape.com\/pl\/wp-json\/wp\/v2\/media?parent=13518"}],"wp:term":[{"taxonomy":"product_brand","embeddable":true,"href":"https:\/\/agoravape.com\/pl\/wp-json\/wp\/v2\/product_brand?post=13518"},{"taxonomy":"product_cat","embeddable":true,"href":"https:\/\/agoravape.com\/pl\/wp-json\/wp\/v2\/product_cat?post=13518"},{"taxonomy":"product_tag","embeddable":true,"href":"https:\/\/agoravape.com\/pl\/wp-json\/wp\/v2\/product_tag?post=13518"}],"curies":[{"name":"wp","href":"https:\/\/api.w.org\/{rel}","templated":true}]}}