{"id":13564,"date":"2025-10-11T17:11:01","date_gmt":"2025-10-11T09:11:01","guid":{"rendered":"https:\/\/green-grasshopper-921422.hostingersite.com\/?post_type=product&#038;p=13564"},"modified":"2026-01-13T00:53:13","modified_gmt":"2026-01-12T16:53:13","slug":"sfog-gazzbar-rocket-20k-puffs-vape","status":"publish","type":"product","link":"https:\/\/agoravape.com\/pl\/product\/sfog-gazzbar-rocket-20k-puffs-vape\/","title":{"rendered":"SFOG Gazzbar Rocket 20K Puffs Dual Mode Vape | Du\u017cy smak, kt\u00f3ry pokonuje dystans"},"content":{"rendered":"<h2 data-v-md-heading=\"what-exactly-is-the-sfog-gazzbar-rocket-20k-dual-mode-vape\" data-v-md-line=\"3\">Czym dok\u0142adnie jest waporyzator SFOG Gazzbar Rocket 20K z podw\u00f3jnym trybem pracy?<\/h2>\n<p data-v-md-line=\"4\">Je\u015bli jeste\u015b zm\u0119czony jednorazowymi waporyzatorami, kt\u00f3re trac\u0105 wa\u017cno\u015b\u0107 w ci\u0105gu kilku dni, warto przyjrze\u0107 si\u0119 temu produktowi. SFOG Gazzbar Rocket charakteryzuje si\u0119 wyj\u0105tkowo d\u0142ug\u0105 \u017cywotno\u015bci\u0105 baterii, wynosz\u0105c\u0105 do 20000 port\u00f3w w trybie zwyk\u0142ym. Je\u015bli wolisz mocniejsze i silniejsze ssanie, mo\u017cesz prze\u0142\u0105czy\u0107 si\u0119 na tryb pulsacyjny i nadal uzyska\u0107 do 10000 zaci\u0105gni\u0119\u0107.<\/p>\n<p data-v-md-line=\"6\">Je\u015bli chcesz \u0142atwo cieszy\u0107 si\u0119 bogatymi smakami, ten waporyzator jest idealnym wyborem. Nie ma potrzeby uczenia si\u0119 ustawie\u0144 ani \u017cmudnego uzupe\u0142niania paliwa. Wystarczy jeden solidny i trwa\u0142y waporyzator, kt\u00f3ry mo\u017ce by\u0107 u\u017cywany natychmiast, aby zaspokoi\u0107 codzienne potrzeby przez tydzie\u0144.<\/p>\n<h2 data-v-md-heading=\"excellent-performance-worry-free\" data-v-md-line=\"8\">Doskona\u0142a wydajno\u015b\u0107, bez obaw<\/h2>\n<p data-v-md-line=\"9\">Wbudowane cewki z podw\u00f3jnym rdzeniem i podw\u00f3jn\u0105 siatk\u0105. To w\u0142a\u015bnie ta konstrukcja zapewnia sp\u00f3jny smak przy ka\u017cdym k\u0119sie. Ssanie cewki jest p\u0142ynne, smak jest czysty i nie b\u0119dzie przypalony ani m\u0119tny. Gdy bateria jest roz\u0142adowana, wystarczy j\u0105 na\u0142adowa\u0107, aby kontynuowa\u0107 u\u017cytkowanie. \u0141atwy w u\u017cyciu.<\/p>\n<h2 data-v-md-heading=\"specification-introduction\" data-v-md-line=\"11\">Wprowadzenie do specyfikacji<\/h2>\n<p data-v-md-line=\"12\">-Cz\u0119stotliwo\u015b\u0107 ssania: do 20000 razy w trybie normalnym. Maksymalnie 10000 razy w trybie impulsowym<br \/>\n-Pojemno\u015b\u0107 p\u0142ynu E: 18 mililitr\u00f3w<br \/>\n-Nikotyna: 5% s\u00f3l nikotynowa<br \/>\n-Cewka: Dwurdzeniowa cewka z podw\u00f3jn\u0105 siatk\u0105. Rezystor 1,0 \u03a9<br \/>\n-Bateria: 650 mAh<br \/>\n-Zasada dzia\u0142ania: Aktywacja za pomoc\u0105 jednego zaci\u0105gni\u0119cia<br \/>\n-Metoda \u0142adowania: \u0141adowanie USB<br \/>\n-Status: Gotowy do u\u017cycia po wyj\u0119ciu z pude\u0142ka<br \/>\n-Rozmiar i waga: 82 \u00d7 52 \u00d7 27 milimetr\u00f3w. Waga netto 81 gram\u00f3w<\/p>\n<h2 data-v-md-heading=\"full-flavor-series\" data-v-md-line=\"22\">Seria o pe\u0142nym smaku<\/h2>\n<p data-v-md-line=\"23\">-Bia\u0142a guma lodowa<br \/>\n-L\u00f3d truskawkowy z kiwi<br \/>\n-Blue Rink Ice<br \/>\nL\u00f3d truskawkowo-bananowy<br \/>\n-L\u00f3d z kwa\u015bnego jab\u0142ka<br \/>\n-Truskawkowy l\u00f3d z mango<br \/>\n-Blue Rink Ice<br \/>\n-Tropikalna t\u0119czowa fala uderzeniowa<br \/>\n-Peach Ice<br \/>\n-Arbuzowy l\u00f3d<br \/>\n-Meksyka\u0144ski l\u00f3d z mango<br \/>\n-Przezroczysty<br \/>\n-Miami Mint<br \/>\n-Tyto\u0144<\/p>\n<h2 data-v-md-heading=\"for-you-and-for-your-business-as-well\" data-v-md-line=\"38\">Dla Ciebie i dla Twojej firmy<\/h2>\n<p data-v-md-line=\"39\">Mo\u017cesz u\u017cywa\u0107 SFOG Gazzbar Rocket 20K do u\u017cytku osobistego lub kupi\u0107 go do swojego sklepu. Hurtowe pude\u0142ko wewn\u0119trzne zawiera 10 sztuk, dzi\u0119ki czemu wygodnie jest stworzy\u0107 schludny stojak ekspozycyjny lub szybko uzupe\u0142ni\u0107 p\u00f3\u0142ki. Przeno\u015bno\u015b\u0107 tego urz\u0105dzenia jest zaskakuj\u0105co dobra, a tak\u017ce ma mniej cykli ssania. Mo\u017cesz pomy\u015ble\u0107, \u017ce jest niepor\u0119czny, ale przy rozmiarze 82 \u00d7 52 \u00d7 27 milimetr\u00f3w nie poczujesz si\u0119 jak ceg\u0142a w kieszeni.<\/p>\n<p data-v-md-line=\"41\">Wsp\u00f3\u0142pracujemy z zaufanymi partnerami, takimi jak UPS, DPD i DHL, aby wysy\u0142a\u0107 towary na zasadzie Delivered Duty Paid (DDP), zapewniaj\u0105c sprawn\u0105 dostaw\u0119 i unikaj\u0105c wypadk\u00f3w celnych. Je\u015bli dokonujesz zakup\u00f3w hurtowych, ustalimy niezawodny harmonogram i upro\u015bcimy proces dokumentowania.<\/p>\n<h2 data-v-md-heading=\"why-do-you-like-it\" data-v-md-line=\"43\">Dlaczego to lubisz?<\/h2>\n<p data-v-md-line=\"44\">-Du\u017ca obj\u0119to\u015b\u0107 palenia: d\u0142u\u017cszy czas palenia, brak konieczno\u015bci cz\u0119stego kupowania nowych papieros\u00f3w<br \/>\n-Tryb ssania: Tryb normalny, \u0142atwe ssanie. Tryb pulsacyjny, mocny i wydajny<br \/>\n-Mo\u017cliwo\u015b\u0107 \u0142adowania: Mo\u017cna u\u017cywa\u0107 wszystkich zakupionych e-liquid\u00f3w<br \/>\n-Siatkowa spirala: od pierwszego do ostatniego k\u0119sa smak pozostaje niezmienny<br \/>\n-Przeno\u015bny i \u0142atwy do przenoszenia: du\u017ca pojemno\u015b\u0107, ale nie du\u017cy rozmiar<\/p>\n<h2 data-v-md-heading=\"why-choose-to-collaborate-with-agoravape\" data-v-md-line=\"50\">Dlaczego warto zdecydowa\u0107 si\u0119 na wsp\u00f3\u0142prac\u0119 z AgoraVape?<\/h2>\n<p data-v-md-line=\"51\">Sprzedajemy wy\u0142\u0105cznie oryginalne produkty 100% i nie mamy co do tego \u017cadnych w\u0105tpliwo\u015bci. Nasi klienci komercyjni mog\u0105 cieszy\u0107 si\u0119 obni\u017conymi cenami hurtowymi, szybkim i niezawodnym wsparciem oraz szybkimi i niezawodnymi us\u0142ugami dostawy waporyzator\u00f3w SFOG Gazzbar Rocket 20K dual-mode. Je\u015bli chcesz zarezerwowa\u0107 urz\u0105dzenie, po kt\u00f3re klienci b\u0119d\u0105 naprawd\u0119 wraca\u0107, skontaktuj si\u0119 z nami.<\/p>","protected":false},"excerpt":{"rendered":"<p>What exactly is the SFOG Gazzbar Rocket 20K dual-mode vape? If you are tired of disposable vapes that expire in<\/p>","protected":false},"featured_media":13585,"comment_status":"open","ping_status":"closed","template":"","meta":[],"product_brand":[208],"product_cat":[124,185,1636,174,175,193,191,135,178,179,173,186,180,190],"product_tag":[],"class_list":{"0":"post-13564","1":"product","2":"type-product","3":"status-publish","4":"has-post-thumbnail","6":"product_brand-sfog","7":"product_cat-vape-by-brand","8":"product_cat-10000-puffs-high-capacity","9":"product_cat-20000-puffs","10":"product_cat-fruit-flavors","11":"product_cat-icy-mint","12":"product_cat-mesh-coil","13":"product_cat-rechargeable-disposables","14":"product_cat-sfog","15":"product_cat-tobacco","16":"product_cat-unique-blends","17":"product_cat-vape-by-flavor-profile","18":"product_cat-vape-by-nicotine-strength","19":"product_cat-vape-by-puff-count","20":"product_cat-vape-by-feature-or-type","22":"first","23":"instock","24":"shipping-taxable","25":"purchasable","26":"product-type-variable","27":"has-default-attributes"},"tiered_pricing_type":"percentage","tiered_pricing_fixed_rules":[],"tiered_pricing_product_settings":{"layout":"default","base_unit_name":{"singular":null,"plural":null},"default_variation":null},"tiered_pricing_minimum_quantity":10,"tiered_pricing_roles_data":[],"tiered_pricing_percentage_rules":{"30":"29","50":"35","100":"40","200":"44","500":"47","1000":"49"},"tiered_pricing_maximum_quantity":null,"tiered_pricing_quantity_step":"10","_links":{"self":[{"href":"https:\/\/agoravape.com\/pl\/wp-json\/wp\/v2\/product\/13564","targetHints":{"allow":["GET"]}}],"collection":[{"href":"https:\/\/agoravape.com\/pl\/wp-json\/wp\/v2\/product"}],"about":[{"href":"https:\/\/agoravape.com\/pl\/wp-json\/wp\/v2\/types\/product"}],"replies":[{"embeddable":true,"href":"https:\/\/agoravape.com\/pl\/wp-json\/wp\/v2\/comments?post=13564"}],"version-history":[{"count":0,"href":"https:\/\/agoravape.com\/pl\/wp-json\/wp\/v2\/product\/13564\/revisions"}],"wp:featuredmedia":[{"embeddable":true,"href":"https:\/\/agoravape.com\/pl\/wp-json\/wp\/v2\/media\/13585"}],"wp:attachment":[{"href":"https:\/\/agoravape.com\/pl\/wp-json\/wp\/v2\/media?parent=13564"}],"wp:term":[{"taxonomy":"product_brand","embeddable":true,"href":"https:\/\/agoravape.com\/pl\/wp-json\/wp\/v2\/product_brand?post=13564"},{"taxonomy":"product_cat","embeddable":true,"href":"https:\/\/agoravape.com\/pl\/wp-json\/wp\/v2\/product_cat?post=13564"},{"taxonomy":"product_tag","embeddable":true,"href":"https:\/\/agoravape.com\/pl\/wp-json\/wp\/v2\/product_tag?post=13564"}],"curies":[{"name":"wp","href":"https:\/\/api.w.org\/{rel}","templated":true}]}}