{"id":13604,"date":"2025-10-11T18:07:45","date_gmt":"2025-10-11T10:07:45","guid":{"rendered":"https:\/\/green-grasshopper-921422.hostingersite.com\/?post_type=product&#038;p=13604"},"modified":"2026-01-19T22:07:43","modified_gmt":"2026-01-19T14:07:43","slug":"sfog-soul-bar-15000-puffow-napoj-vape","status":"publish","type":"product","link":"https:\/\/agoravape.com\/pl\/product\/sfog-soul-bar-15000-puffs-beverage-vape\/","title":{"rendered":"SFOG Soul Bar 15000 Puffs Beverage Flavor Vape | Du\u017ca liczba puff\u00f3w. Smak inspirowany napojami."},"content":{"rendered":"<h2 data-v-md-heading=\"what-is-the-charm-of-sfog-soul-bar-15000-mouth-beverage-flavored-vapes\" data-v-md-line=\"3\">Na czym polega urok waporyzator\u00f3w smakowych SFOG Soul Bar 15000?<\/h2>\n<p data-v-md-line=\"4\">Je\u015bli lubisz pi\u0107 i jeste\u015b zm\u0119czony szybkim wyga\u015bni\u0119ciem jednorazowych waporyzator\u00f3w, to ten produkt b\u0119dzie idealnym wyborem. SFOG Soul Bar oferuje klasyczne smaki napoj\u00f3w, zapewniaj\u0105c relaksuj\u0105ce i wygodne do\u015bwiadczenie. Trwa\u0142y, stabilny w smaku i \u0142atwy w obs\u0142udze.<\/p>\n<p data-v-md-line=\"6\">Je\u015bli zale\u017cy Ci na niezawodnym codziennym wapowaniu bez konieczno\u015bci majstrowania przy butelce lub rdzeniu atomizera, to ten produkt jest idealnym wyborem. Wybierz smak, kt\u00f3ry cz\u0119sto pijesz i rozpocznij swoj\u0105 przygod\u0119 z waporyzacj\u0105.<\/p>\n<h2 data-v-md-heading=\"excellent-performance-easy-and-convenient\" data-v-md-line=\"8\">Doskona\u0142a wydajno\u015b\u0107, \u0142atwo\u015b\u0107 i wygoda<\/h2>\n<p data-v-md-line=\"9\">Soul Bar k\u0142adzie nacisk na sp\u00f3jno\u015b\u0107. Od pocz\u0105tku do ko\u0144ca otrzymasz g\u0142adki i r\u00f3wnomierny dym, pozwalaj\u0105cy zachowa\u0107 znajomy smak od pierwszego dnia. Gdy bateria jest roz\u0142adowana, wystarczy j\u0105 na\u0142adowa\u0107, aby kontynuowa\u0107 u\u017cytkowanie. Nie potrzeba przycisk\u00f3w ani menu. Prosty i \u0142atwy w u\u017cyciu waporyzator, kt\u00f3ry pasuje do codziennych nawyk\u00f3w. Mo\u017cesz pomy\u015ble\u0107, \u017ce obs\u0142uga urz\u0105dzenia z 15000 portami jest k\u0142opotliwa, ale w rzeczywisto\u015bci jest bardzo \u0142atwa w u\u017cyciu.<\/p>\n<h2 data-v-md-heading=\"specification-introduction\" data-v-md-line=\"11\">Wprowadzenie do specyfikacji<\/h2>\n<ul data-v-md-line=\"12\">\n<li>Liczba port\u00f3w: do 15000 port\u00f3w<\/li>\n<li>Nikotyna: R\u00f3\u017cne rynki oferuj\u0105 r\u00f3\u017cne st\u0119\u017cenia. Sprawd\u017a opcje na tej stronie<\/li>\n<li>Zasada dzia\u0142ania: Aktywowany przez wdychanie<\/li>\n<li>\u0141adowanie: Konstrukcja umo\u017cliwiaj\u0105ca \u0142adowanie. Obecnie wi\u0119kszo\u015b\u0107 modeli korzysta z interfejsu USB typu C. Sprawd\u017a swoje urz\u0105dzenie<\/li>\n<li>Status: Gotowy do u\u017cycia po rozpakowaniu<\/li>\n<\/ul>\n<h2 data-v-md-heading=\"full-flavor-series\" data-v-md-line=\"18\">Seria o pe\u0142nym smaku<\/h2>\n<ul data-v-md-line=\"19\">\n<li>Jogurt o smaku pomara\u0144czowym<\/li>\n<li>Oryginalny smak Yakut<\/li>\n<li>Napoje energetyczne<\/li>\n<li>Klasyczna cola<\/li>\n<li>Rum ananasowo-kokosowy<\/li>\n<li>Sok z mango<\/li>\n<li>Jogurt brzoskwinia-mango<\/li>\n<li>Lody Taro<\/li>\n<li>Lody truskawkowe<\/li>\n<li>Litchi i Longan<\/li>\n<li>Winogrona i jab\u0142ka<\/li>\n<li>Sok jagodowy<\/li>\n<li>Truskawka kiwi<\/li>\n<li>Arbuzowy l\u00f3d<\/li>\n<li>Podw\u00f3jna mi\u0119ta<\/li>\n<\/ul>\n<h2 data-v-md-heading=\"for-you-for-your-business\" data-v-md-line=\"35\">Dla Ciebie, dla Twojej firmy<\/h2>\n<p data-v-md-line=\"36\">Mo\u017cesz kupi\u0107 SFOG Soul Bar dla siebie lub zaopatrzy\u0107 w niego sw\u00f3j sklep. Dostarczamy hurtowe pude\u0142ka kartonowe dla sprzedawc\u00f3w detalicznych. Liczba karton\u00f3w mo\u017ce si\u0119 r\u00f3\u017cni\u0107 w zale\u017cno\u015bci od partii, dlatego prosimy o kontakt w celu uzyskania informacji o aktualnej liczbie karton\u00f3w i rabatach cenowych.<\/p>\n<p data-v-md-line=\"38\">Opcje DDP s\u0105 dost\u0119pne w ca\u0142ej Europie za po\u015brednictwem UPS, DPD i DHL, dzi\u0119ki czemu proces wysy\u0142ki jest bardzo prosty. Taryfy zosta\u0142y przetworzone z wyprzedzeniem, co oznacza, \u017ce nie b\u0119dzie \u017cadnych nieprzyjemnych niespodzianek w urz\u0119dzie celnym. Zam\u00f3wienie jest starannie zapakowane i w pe\u0142ni \u015bledzone.<\/p>\n<h2 data-v-md-heading=\"why-do-you-like-it\" data-v-md-line=\"40\">Dlaczego to lubisz?<\/h2>\n<ul data-v-md-line=\"41\">\n<li>Swoboda picia: Energi\u0119 mo\u017cna uzupe\u0142ni\u0107 w dowolnym momencie i dalej z niej korzysta\u0107, co oznacza, \u017ce nie trzeba nape\u0142nia\u0107 zbiornika w ostatniej chwili ani biec do sklepu.<\/li>\n<li>Wyb\u00f3r napoj\u00f3w: Inspiracje smakowe pochodz\u0105 z popularnych napoj\u00f3w, takich jak cola, napoje energetyczne i mieszane jogurty. S\u0142odkie, ale nie t\u0142uste.<\/li>\n<li>Mo\u017cliwo\u015b\u0107 wielokrotnego \u0142adowania: Mo\u017cesz w pe\u0142ni wykorzysta\u0107 wbudowany e-liquid bez konieczno\u015bci wyrzucania w po\u0142owie zu\u017cytego sprz\u0119tu.<\/li>\n<li>Ci\u0105g\u0142e palenie: Wystarczy delikatne zaci\u0105gni\u0119cie si\u0119, aby z \u0142atwo\u015bci\u0105 poczu\u0107 znajomy smak.<\/li>\n<li>Wiele opcji smakowych: Od g\u0142adkich bu\u0142eczek jogurtowych po orze\u017awiaj\u0105ce owoce - zawsze znajdzie si\u0119 taki, kt\u00f3ry pasuje do codziennego u\u017cytku.<\/li>\n<\/ul>\n<h2 data-v-md-heading=\"why-choose-to-collaborate-with-agoravape\" data-v-md-line=\"47\">Dlaczego warto zdecydowa\u0107 si\u0119 na wsp\u00f3\u0142prac\u0119 z AgoraVape?<\/h2>\n<p data-v-md-line=\"48\">Wysy\u0142amy tylko oryginalne produkty 100% z wiarygodnych kana\u0142\u00f3w. Mo\u017cesz by\u0107 spokojny o jako\u015b\u0107 i identyfikowalno\u015b\u0107. Klienci korporacyjni mog\u0105 cieszy\u0107 si\u0119 konkurencyjnymi cenami hurtowymi, profesjonalnymi zespo\u0142ami klient\u00f3w i szybkimi us\u0142ugami dostawy DDP od UPS, DPD i DHL w Unii Europejskiej.<\/p>\n<p data-v-md-line=\"50\">Wspieramy sprzeda\u017c z weryfikacj\u0105 wieku i przestrzegamy wytycznych rynkowych UE. Otrzymasz przejrzyste faktury, bezpieczne metody p\u0142atno\u015bci i wygodny proces zwrotu wadliwych produkt\u00f3w. Chcesz umie\u015bci\u0107 na p\u00f3\u0142kach vape o smaku napoju SFOG Soul Bar 15000? Zapraszamy do kontaktu. Pomo\u017cemy Ci wybra\u0107 odpowiedni\u0105 kombinacj\u0119 smaku i st\u0119\u017cenia nikotyny dla Twoich klient\u00f3w.<\/p>","protected":false},"excerpt":{"rendered":"<p>What is the charm of SFOG Soul Bar 15000 mouth beverage flavored vapes? If you love the choice of drinking<\/p>","protected":false},"featured_media":13632,"comment_status":"open","ping_status":"closed","template":"","meta":[],"product_brand":[208],"product_cat":[124,185,1635,176,177,174,175,193,191,135,173,186,180,190],"product_tag":[],"class_list":{"0":"post-13604","1":"product","2":"type-product","3":"status-publish","4":"has-post-thumbnail","6":"product_brand-sfog","7":"product_cat-vape-by-brand","8":"product_cat-10000-puffs-high-capacity","9":"product_cat-15000-puffs","10":"product_cat-beverage","11":"product_cat-dessert-sweets","12":"product_cat-fruit-flavors","13":"product_cat-icy-mint","14":"product_cat-mesh-coil","15":"product_cat-rechargeable-disposables","16":"product_cat-sfog","17":"product_cat-vape-by-flavor-profile","18":"product_cat-vape-by-nicotine-strength","19":"product_cat-vape-by-puff-count","20":"product_cat-vape-by-feature-or-type","22":"first","23":"onbackorder","24":"shipping-taxable","25":"purchasable","26":"product-type-variable","27":"has-default-attributes"},"tiered_pricing_type":"percentage","tiered_pricing_fixed_rules":[],"tiered_pricing_product_settings":{"layout":"default","base_unit_name":{"singular":null,"plural":null},"default_variation":null},"tiered_pricing_minimum_quantity":10,"tiered_pricing_roles_data":[],"tiered_pricing_percentage_rules":{"30":"29","50":"35","100":"40","200":"44","500":"47","1000":"49"},"tiered_pricing_maximum_quantity":null,"tiered_pricing_quantity_step":"10","_links":{"self":[{"href":"https:\/\/agoravape.com\/pl\/wp-json\/wp\/v2\/product\/13604","targetHints":{"allow":["GET"]}}],"collection":[{"href":"https:\/\/agoravape.com\/pl\/wp-json\/wp\/v2\/product"}],"about":[{"href":"https:\/\/agoravape.com\/pl\/wp-json\/wp\/v2\/types\/product"}],"replies":[{"embeddable":true,"href":"https:\/\/agoravape.com\/pl\/wp-json\/wp\/v2\/comments?post=13604"}],"version-history":[{"count":0,"href":"https:\/\/agoravape.com\/pl\/wp-json\/wp\/v2\/product\/13604\/revisions"}],"wp:featuredmedia":[{"embeddable":true,"href":"https:\/\/agoravape.com\/pl\/wp-json\/wp\/v2\/media\/13632"}],"wp:attachment":[{"href":"https:\/\/agoravape.com\/pl\/wp-json\/wp\/v2\/media?parent=13604"}],"wp:term":[{"taxonomy":"product_brand","embeddable":true,"href":"https:\/\/agoravape.com\/pl\/wp-json\/wp\/v2\/product_brand?post=13604"},{"taxonomy":"product_cat","embeddable":true,"href":"https:\/\/agoravape.com\/pl\/wp-json\/wp\/v2\/product_cat?post=13604"},{"taxonomy":"product_tag","embeddable":true,"href":"https:\/\/agoravape.com\/pl\/wp-json\/wp\/v2\/product_tag?post=13604"}],"curies":[{"name":"wp","href":"https:\/\/api.w.org\/{rel}","templated":true}]}}