{"id":13694,"date":"2025-10-11T20:53:22","date_gmt":"2025-10-11T12:53:22","guid":{"rendered":"https:\/\/green-grasshopper-921422.hostingersite.com\/?post_type=product&#038;p=13694"},"modified":"2026-01-19T22:07:38","modified_gmt":"2026-01-19T14:07:38","slug":"fihp-9000-puffs-rgb-light-vape","status":"publish","type":"product","link":"https:\/\/agoravape.com\/pl\/product\/fihp-9000-puffs-rgb-light-vape\/","title":{"rendered":"FIHP 9000 Puffs RGB Light Jednorazowy waporyzator | D\u0142ugotrwa\u0142e zaci\u0105ganie, proste \u0142adowanie"},"content":{"rendered":"<h2 data-v-md-heading=\"what-are-the-highlights-of-the-fihp-9000-rgb-disposable-vape\" data-v-md-line=\"3\">Jakie s\u0105 najwa\u017cniejsze cechy jednorazowego waporyzatora FIHP 9000 RGB?<\/h2>\n<p data-v-md-line=\"4\">Je\u015bli jeste\u015b zm\u0119czony jednorazowymi waporyzatorami i za ka\u017cdym razem szybko je zu\u017cywasz, ten waporyzator u\u0142atwi Ci \u017cycie. FIHP 9000 vape mo\u017ce zapewni\u0107 maksymaln\u0105 pojemno\u015b\u0107 9000 zaci\u0105gni\u0119\u0107 na jednostk\u0119, a jego siatkowa cewka p\u0142ynnie wch\u0142ania olej, utrzymuj\u0105c pyszno\u015b\u0107 od pocz\u0105tku do ko\u0144ca. Zastosowano w nim aktywacj\u0119 poch\u0142aniania oleju, bez konieczno\u015bci korzystania z uci\u0105\u017cliwych przycisk\u00f3w lub menu.<\/p>\n<p data-v-md-line=\"6\">Jest odpowiedni dla ka\u017cdego, kto chce \u0142atwego codziennego u\u017cytkowania i d\u0142ugotrwa\u0142ej trwa\u0142o\u015bci. Ponadto jest on wyposa\u017cony w ciekawe \u015bwiat\u0142o RGB, kt\u00f3re miga podczas wch\u0142aniania oleju, dodaj\u0105c osobowo\u015bci bez przeszkadzania. Mo\u017ce si\u0119 wydawa\u0107, \u017ce ten waporyzator o tak du\u017cej pojemno\u015bci mo\u017ce wydawa\u0107 si\u0119 niepor\u0119czny, ale jest to prosty i \u0142atwy w u\u017cyciu waporyzator kieszonkowy, kt\u00f3ry jest wygodny do noszenia.<\/p>\n<h2 data-v-md-heading=\"excellent-performance-easy-and-convenient\" data-v-md-line=\"8\">Doskona\u0142a wydajno\u015b\u0107, \u0142atwo\u015b\u0107 i wygoda<\/h2>\n<p data-v-md-line=\"9\">Wbudowany siatkowy rdze\u0144 rozpylaj\u0105cy 1,0 \u03a9 zapewnia r\u00f3wnomierne ogrzewanie i zapobiega utracie smaku w po\u0142owie drogi. Akumulator o pojemno\u015bci 650 mAh pozwala zu\u017cy\u0107 18 mililitr\u00f3w e-cieczy. Gdy bateria jest roz\u0142adowana, mo\u017cna j\u0105 uzupe\u0142ni\u0107 za pomoc\u0105 interfejsu Type-C. Mo\u017ce to by\u0107 ten sam kabel, co kabel do transmisji danych w telefonie. \u0141atwy w u\u017cyciu.<\/p>\n<h2 data-v-md-heading=\"specification-overview\" data-v-md-line=\"11\">Przegl\u0105d specyfikacji<\/h2>\n<ul data-v-md-line=\"12\">\n<li>Cz\u0119stotliwo\u015b\u0107 ssania: do 9000 razy<\/li>\n<li>Zawarto\u015b\u0107 nikotyny: 2% lub 5% (opcjonalnie dla marek zastrze\u017conych)<\/li>\n<li>Zasada dzia\u0142ania: Aktywowany przez wdychanie<\/li>\n<li>\u0141adowanie: Standardowy interfejs USB typu C<\/li>\n<li>Status: Gotowy do u\u017cycia od razu po wyj\u0119ciu z pude\u0142ka<\/li>\n<\/ul>\n<h2 data-v-md-heading=\"to-create-for-you-and-your-business\" data-v-md-line=\"18\">Aby stworzy\u0107 dla Ciebie i Twojej firmy<\/h2>\n<p data-v-md-line=\"19\">Mo\u017cesz kupi\u0107 urz\u0105dzenie do codziennego u\u017cytku lub zaopatrzy\u0107 w nie sw\u00f3j sklep. Oferujemy opakowania hurtowe po 200 sztuk w pude\u0142ku, aby upro\u015bci\u0107 inwentaryzacj\u0119 i utrzyma\u0107 mar\u017ce zysku. Ka\u017cde g\u0142\u00f3wne pude\u0142ko wa\u017cy oko\u0142o 21 kilogram\u00f3w, dzi\u0119ki czemu mo\u017cna \u0142atwo zaplanowa\u0107 przechowywanie.<\/p>\n<p data-v-md-line=\"21\">Wsp\u00f3\u0142pracujemy z zaufanymi partnerami, takimi jak UPS, DPD i DHL, aby \u015bwiadczy\u0107 us\u0142ugi dostawy DDP w ca\u0142ej Europie, zapewniaj\u0105c szybk\u0105 dostaw\u0119 zam\u00f3wienia, w\u0142a\u015bciw\u0105 obs\u0142ug\u0119 op\u0142at celnych i unikanie wypadk\u00f3w celnych. Autentyczne stany magazynowe, przejrzyste faktury i sprawna dostawa.<\/p>\n<h2 data-v-md-heading=\"why-do-you-like-it\" data-v-md-line=\"23\">Dlaczego to lubisz?<\/h2>\n<ul data-v-md-line=\"24\">\n<li>Ogromne ssanie: zmniejszenie liczby do\u0142adowa\u0144 i zminimalizowanie liczby powt\u00f3rnych zakup\u00f3w.<\/li>\n<li>Wyb\u00f3r nikotyny: Wybierz st\u0119\u017cenie nikotyny, kt\u00f3re odpowiada Twojemu klientowi lub osobistym nawykom.<\/li>\n<li>Mo\u017cliwo\u015b\u0107 wielokrotnego \u0142adowania: Wykorzystaj ka\u017cd\u0105 kropl\u0119 zakupionego e-liquidu.<\/li>\n<li>Siatkowa cewka: Sp\u00f3jny smak, od pierwszego do ostatniego \u0142yka, zapewniaj\u0105cy satysfakcjonuj\u0105ce doznania.<\/li>\n<\/ul>\n<h2 data-v-md-heading=\"why-choose-agoravape\" data-v-md-line=\"29\">Dlaczego warto wybra\u0107 AgoraVape?<\/h2>\n<p data-v-md-line=\"30\">Kupujemy tylko oryginalne produkty 100% i jeste\u015bmy odpowiedzialni za sprzedawane przez nas produkty. Jako jeden z zaufanych dystrybutor\u00f3w vape w Europie, mo\u017cesz cieszy\u0107 si\u0119 obni\u017conymi cenami hurtowymi, przyjaznym wsparciem i szybkimi us\u0142ugami dostawy DDP przy zakupie jednorazowych vape FIHP 9000 Puffs RGB Light. Czy chcesz kupi\u0107 urz\u0105dzenie, kt\u00f3re klienci cz\u0119sto odkupuj\u0105? Porozmawiajmy o tym.<\/p>\n<p><script src=\"chrome-extension:\/\/fpelahbljekknahkcaegamhcndkfpfnc\/iFrame.js\" type=\"text\/javascript\"><\/script><\/p>","protected":false},"excerpt":{"rendered":"<p>&nbsp;<\/p>\n<p><script src=\"chrome-extension:\/\/fpelahbljekknahkcaegamhcndkfpfnc\/iFrame.js\" type=\"text\/javascript\"><\/script><\/p>\n<p><script src=\"chrome-extension:\/\/fpelahbljekknahkcaegamhcndkfpfnc\/iFrame.js\" type=\"text\/javascript\"><\/script><\/p>","protected":false},"featured_media":13716,"comment_status":"open","ping_status":"closed","template":"","meta":[],"product_brand":[209],"product_cat":[124,185,189,176,136,174,175,193,191,173,186,180,190],"product_tag":[],"class_list":{"0":"post-13694","1":"product","2":"type-product","3":"status-publish","4":"has-post-thumbnail","6":"product_brand-fihp","7":"product_cat-vape-by-brand","8":"product_cat-10000-puffs-high-capacity","9":"product_cat-20mg-standard-nicotine-vapes","10":"product_cat-beverage","11":"product_cat-fihp","12":"product_cat-fruit-flavors","13":"product_cat-icy-mint","14":"product_cat-mesh-coil","15":"product_cat-rechargeable-disposables","16":"product_cat-vape-by-flavor-profile","17":"product_cat-vape-by-nicotine-strength","18":"product_cat-vape-by-puff-count","19":"product_cat-vape-by-feature-or-type","21":"first","22":"onbackorder","23":"shipping-taxable","24":"purchasable","25":"product-type-variable","26":"has-default-attributes"},"tiered_pricing_type":"percentage","tiered_pricing_fixed_rules":[],"tiered_pricing_product_settings":{"layout":"default","base_unit_name":{"singular":null,"plural":null},"default_variation":null},"tiered_pricing_minimum_quantity":10,"tiered_pricing_roles_data":[],"tiered_pricing_percentage_rules":{"50":"35","100":"40","200":"44","500":"47","1000":"49"},"tiered_pricing_maximum_quantity":null,"tiered_pricing_quantity_step":"10","_links":{"self":[{"href":"https:\/\/agoravape.com\/pl\/wp-json\/wp\/v2\/product\/13694","targetHints":{"allow":["GET"]}}],"collection":[{"href":"https:\/\/agoravape.com\/pl\/wp-json\/wp\/v2\/product"}],"about":[{"href":"https:\/\/agoravape.com\/pl\/wp-json\/wp\/v2\/types\/product"}],"replies":[{"embeddable":true,"href":"https:\/\/agoravape.com\/pl\/wp-json\/wp\/v2\/comments?post=13694"}],"version-history":[{"count":0,"href":"https:\/\/agoravape.com\/pl\/wp-json\/wp\/v2\/product\/13694\/revisions"}],"wp:featuredmedia":[{"embeddable":true,"href":"https:\/\/agoravape.com\/pl\/wp-json\/wp\/v2\/media\/13716"}],"wp:attachment":[{"href":"https:\/\/agoravape.com\/pl\/wp-json\/wp\/v2\/media?parent=13694"}],"wp:term":[{"taxonomy":"product_brand","embeddable":true,"href":"https:\/\/agoravape.com\/pl\/wp-json\/wp\/v2\/product_brand?post=13694"},{"taxonomy":"product_cat","embeddable":true,"href":"https:\/\/agoravape.com\/pl\/wp-json\/wp\/v2\/product_cat?post=13694"},{"taxonomy":"product_tag","embeddable":true,"href":"https:\/\/agoravape.com\/pl\/wp-json\/wp\/v2\/product_tag?post=13694"}],"curies":[{"name":"wp","href":"https:\/\/api.w.org\/{rel}","templated":true}]}}