{"id":13732,"date":"2025-10-11T21:10:03","date_gmt":"2025-10-11T13:10:03","guid":{"rendered":"https:\/\/green-grasshopper-921422.hostingersite.com\/?post_type=product&#038;p=13732"},"modified":"2026-01-19T22:07:30","modified_gmt":"2026-01-19T14:07:30","slug":"fihp-12000-puffs-wyswietlacz-led-vape","status":"publish","type":"product","link":"https:\/\/agoravape.com\/pl\/product\/fihp-12000-puffs-led-display-vape\/","title":{"rendered":"FIHP 12000 Puffs LED Display Mesh Coil Vape | d\u0142ugotrwa\u0142y smak z prost\u0105 kontrol\u0105"},"content":{"rendered":"<h2 data-v-md-heading=\"what-are-the-advantages-of-fihp-12000-led-display-screen-mesh-coil-electronic-cigarettes\" data-v-md-line=\"3\"><img loading=\"lazy\" decoding=\"async\" class=\"size-full wp-image-13746 alignright\" src=\"https:\/\/agoravape.com\/wp-content\/uploads\/2025\/10\/FIHP-12000-Puffs-LED-Display-Mesh-Coil-Vape_Agora_vape-1.webp\" alt=\"\" width=\"800\" height=\"800\" srcset=\"https:\/\/agoravape.com\/wp-content\/uploads\/2025\/10\/FIHP-12000-Puffs-LED-Display-Mesh-Coil-Vape_Agora_vape-1.webp 800w, https:\/\/agoravape.com\/wp-content\/uploads\/2025\/10\/FIHP-12000-Puffs-LED-Display-Mesh-Coil-Vape_Agora_vape-1-600x600.webp 600w, https:\/\/agoravape.com\/wp-content\/uploads\/2025\/10\/FIHP-12000-Puffs-LED-Display-Mesh-Coil-Vape_Agora_vape-1-300x300.webp 300w, https:\/\/agoravape.com\/wp-content\/uploads\/2025\/10\/FIHP-12000-Puffs-LED-Display-Mesh-Coil-Vape_Agora_vape-1-150x150.webp 150w, https:\/\/agoravape.com\/wp-content\/uploads\/2025\/10\/FIHP-12000-Puffs-LED-Display-Mesh-Coil-Vape_Agora_vape-1-768x768.webp 768w\" sizes=\"auto, (max-width: 800px) 100vw, 800px\" \/><\/h2>\n<h2 data-v-md-heading=\"what-are-the-advantages-of-fihp-12000-led-display-screen-mesh-coil-electronic-cigarettes\" data-v-md-line=\"3\">Jakie s\u0105 zalety elektronicznych papieros\u00f3w z wy\u015bwietlaczem LED FIHP 12000?<\/h2>\n<p data-v-md-line=\"4\">Je\u015bli jeste\u015b zm\u0119czony wymian\u0105 waporyzatora co kilka dni, ten produkt mo\u017ce u\u0142atwi\u0107 Ci \u017cycie. FIHP 12000 mo\u017ce zapewni\u0107 pojemno\u015b\u0107 do 12000 port\u00f3w, z cewk\u0105 siatkow\u0105 zapewniaj\u0105c\u0105 p\u0142ynne zasysanie i wy\u015bwietlaczem LED dla \u0142atwej widoczno\u015bci. Nie musisz si\u0119 martwi\u0107, po prostu podnie\u015b go i ciesz si\u0119 nim.<\/p>\n<p data-v-md-line=\"6\">Jest odpowiedni dla ka\u017cdego, kto chce uzyska\u0107 stabilny smak i d\u0142ugi czas pracy baterii bez konieczno\u015bci stosowania skomplikowanych ustawie\u0144. Chcesz mie\u0107 czyste i sp\u00f3jne doznania zawsze i wsz\u0119dzie. Ten produkt spe\u0142nia Twoje potrzeby.<\/p>\n<h2 data-v-md-heading=\"excellent-performance-easy-and-convenient\" data-v-md-line=\"8\">Doskona\u0142a wydajno\u015b\u0107, \u0142atwo\u015b\u0107 i wygoda<\/h2>\n<p data-v-md-line=\"9\">Siatkowa cewka 1,0 \u03a9 zapewnia jednolity smak. Oznacza to, \u017ce smak pierwszego i ostatniego \u0142yku jest niemal identyczny. Mo\u017cna pomy\u015ble\u0107, \u017ce zapach urz\u0105dze\u0144 o wysokim zasysaniu b\u0119dzie stopniowo s\u0142abn\u0105\u0107, ale cewka siatkowa mo\u017ce pozosta\u0107 stabilna. Gdy poziom na\u0142adowania baterii jest niski, mo\u017cna u\u017cy\u0107 kabla do transmisji danych typu C, aby j\u0105 na\u0142adowa\u0107. Mo\u017ce to by\u0107 ten sam kabel, kt\u00f3ry jest u\u017cywany w telefonie. To proste.<\/p>\n<h2 data-v-md-heading=\"specification-introduction\" data-v-md-line=\"11\">Wprowadzenie do specyfikacji<\/h2>\n<ul data-v-md-line=\"12\">\n<li>Cz\u0119stotliwo\u015b\u0107 ssania: do 12000 razy<\/li>\n<li>Zawarto\u015b\u0107 nikotyny: standardowo 2% (20 mg\/ml); zam\u00f3wienia pod mark\u0105 w\u0142asn\u0105 mog\u0105 zapewni\u0107 zawarto\u015b\u0107 nikotyny 5%.<\/li>\n<li>Pojemno\u015b\u0107 e-liquidu: 20 mililitr\u00f3w<\/li>\n<li>Metoda aktywacji: Mo\u017cna u\u017cywa\u0107 bez konfiguracji<\/li>\n<li>Spos\u00f3b \u0142adowania: Interfejs USB typu C<\/li>\n<li>Status: Wst\u0119pnie nape\u0142niony olejem, akumulator<\/li>\n<\/ul>\n<h2 data-v-md-heading=\"complete-flavor-series\" data-v-md-line=\"19\">Kompletna seria smak\u00f3w<\/h2>\n<ul data-v-md-line=\"20\">\n<li>Bogaty i orze\u017awiaj\u0105cy<\/li>\n<li>Winogrona s\u0105 orze\u017awiaj\u0105ce<\/li>\n<li>Wi\u015bnia<\/li>\n<li>Bor\u00f3wki i maliny<\/li>\n<li>Truskawka kiwi<\/li>\n<li>Mieszane jagody<\/li>\n<li>Truskawka arbuz<\/li>\n<li>Guma balonowa o smaku arbuza<\/li>\n<li>Brzoskwinia, mango, ananas<\/li>\n<li>Kiwi, marakuja, guawa<\/li>\n<\/ul>\n<h2 data-v-md-heading=\"for-you-and-your-business\" data-v-md-line=\"31\">Dla Ciebie i Twojego biznesu<\/h2>\n<p data-v-md-line=\"32\">Kupujesz dla siebie? Otrzymasz d\u0142ugotrwa\u0142\u0105 par\u0119 o stabilnym smaku i szybkim \u0142adowaniu. \u0141atwy w u\u017cyciu. Chcesz zaopatrzy\u0107 sw\u00f3j sklep? Oferujemy opakowania hurtowe po 200 sztuk w kartonie. Waga kartonu wynosi 17,5 kg, co u\u0142atwia planowanie przechowywania i transportu.<\/p>\n<p data-v-md-line=\"34\">Wsp\u00f3\u0142pracujemy z zaufanymi partnerami, takimi jak UPS, DPD i DHL, aby korzysta\u0107 z transportu DDP (Delivered Duty Paid) w celu zapewnienia sprawnej odprawy celnej towar\u00f3w bez \u017cadnych nieoczekiwanych incydent\u00f3w w urz\u0119dzie celnym. Ty mo\u017cesz skupi\u0107 si\u0119 na sprzeda\u017cy, a my zajmiemy si\u0119 odpowiednimi dokumentami.<\/p>\n<h2 data-v-md-heading=\"why-do-you-like-it\" data-v-md-line=\"36\">Dlaczego to lubisz?<\/h2>\n<ul data-v-md-line=\"37\">\n<li>Wiele cykli ssania: d\u0142u\u017csza \u017cywotno\u015b\u0107, brak konieczno\u015bci cz\u0119stej wymiany sprz\u0119tu.<\/li>\n<li>Wyb\u00f3r zawarto\u015bci nikotyny: Do codziennego u\u017cytku mo\u017cna wybra\u0107 nikotyn\u0119 2%, podczas gdy marki prywatne mog\u0105 wybra\u0107 nikotyn\u0119 5%.<\/li>\n<li>Akumulator: 20 ml nikotyny, wykorzystaj ostatni\u0105 kropl\u0119.<\/li>\n<li>Siatkowy rdze\u0144 atomizera: utrzymuje jednolity smak przy ka\u017cdym zassaniu.<\/li>\n<\/ul>\n<h2 data-v-md-heading=\"why-choose-to-collaborate-with-agoravape\" data-v-md-line=\"42\">Dlaczego warto zdecydowa\u0107 si\u0119 na wsp\u00f3\u0142prac\u0119 z AgoraVape?<\/h2>\n<p data-v-md-line=\"43\">Dostarczamy tylko oryginalne produkty 100% od naszych zaufanych marek. Klienci korporacyjni, kt\u00f3rzy kupuj\u0105 elektroniczne papierosy FIHP 12000 LED z wy\u015bwietlaczem siatkowym, mog\u0105 cieszy\u0107 si\u0119 obni\u017conymi cenami hurtowymi, szybkim wsparciem oraz szybkimi i niezawodnymi us\u0142ugami dostawy. Skontaktuj si\u0119 z nami, aby zaopatrzy\u0107 si\u0119 w urz\u0105dzenie, kt\u00f3re warto odkupi\u0107 dla swoich klient\u00f3w.<\/p>\n<p data-v-md-line=\"43\"><img loading=\"lazy\" decoding=\"async\" class=\"aligncenter size-full wp-image-13747\" src=\"https:\/\/agoravape.com\/wp-content\/uploads\/2025\/10\/FIHP-12000-Puffs-LED-Display-Mesh-Coil-Vape_Agora_vape-2.webp\" alt=\"\" width=\"800\" height=\"800\" srcset=\"https:\/\/agoravape.com\/wp-content\/uploads\/2025\/10\/FIHP-12000-Puffs-LED-Display-Mesh-Coil-Vape_Agora_vape-2.webp 800w, https:\/\/agoravape.com\/wp-content\/uploads\/2025\/10\/FIHP-12000-Puffs-LED-Display-Mesh-Coil-Vape_Agora_vape-2-600x600.webp 600w, https:\/\/agoravape.com\/wp-content\/uploads\/2025\/10\/FIHP-12000-Puffs-LED-Display-Mesh-Coil-Vape_Agora_vape-2-300x300.webp 300w, https:\/\/agoravape.com\/wp-content\/uploads\/2025\/10\/FIHP-12000-Puffs-LED-Display-Mesh-Coil-Vape_Agora_vape-2-150x150.webp 150w, https:\/\/agoravape.com\/wp-content\/uploads\/2025\/10\/FIHP-12000-Puffs-LED-Display-Mesh-Coil-Vape_Agora_vape-2-768x768.webp 768w\" sizes=\"auto, (max-width: 800px) 100vw, 800px\" \/><\/p>","protected":false},"excerpt":{"rendered":"<p>What are the advantages of FIHP 12000 LED display screen mesh coil electronic cigarettes? If you\u2019re tired of changing your<\/p>","protected":false},"featured_media":13757,"comment_status":"open","ping_status":"closed","template":"","meta":[],"product_brand":[209],"product_cat":[124,185,1634,189,177,136,174,175,193,191,173,186,180,190,192],"product_tag":[],"class_list":{"0":"post-13732","1":"product","2":"type-product","3":"status-publish","4":"has-post-thumbnail","6":"product_brand-fihp","7":"product_cat-vape-by-brand","8":"product_cat-10000-puffs-high-capacity","9":"product_cat-12000-puffs","10":"product_cat-20mg-standard-nicotine-vapes","11":"product_cat-dessert-sweets","12":"product_cat-fihp","13":"product_cat-fruit-flavors","14":"product_cat-icy-mint","15":"product_cat-mesh-coil","16":"product_cat-rechargeable-disposables","17":"product_cat-vape-by-flavor-profile","18":"product_cat-vape-by-nicotine-strength","19":"product_cat-vape-by-puff-count","20":"product_cat-vape-by-feature-or-type","21":"product_cat-vapes-with-screens","23":"first","24":"onbackorder","25":"shipping-taxable","26":"purchasable","27":"product-type-variable","28":"has-default-attributes"},"tiered_pricing_type":"percentage","tiered_pricing_fixed_rules":[],"tiered_pricing_product_settings":{"layout":"default","base_unit_name":{"singular":null,"plural":null},"default_variation":null},"tiered_pricing_minimum_quantity":10,"tiered_pricing_roles_data":[],"tiered_pricing_percentage_rules":{"50":"35","100":"40","200":"44","500":"47","1000":"49"},"tiered_pricing_maximum_quantity":null,"tiered_pricing_quantity_step":"10","_links":{"self":[{"href":"https:\/\/agoravape.com\/pl\/wp-json\/wp\/v2\/product\/13732","targetHints":{"allow":["GET"]}}],"collection":[{"href":"https:\/\/agoravape.com\/pl\/wp-json\/wp\/v2\/product"}],"about":[{"href":"https:\/\/agoravape.com\/pl\/wp-json\/wp\/v2\/types\/product"}],"replies":[{"embeddable":true,"href":"https:\/\/agoravape.com\/pl\/wp-json\/wp\/v2\/comments?post=13732"}],"version-history":[{"count":0,"href":"https:\/\/agoravape.com\/pl\/wp-json\/wp\/v2\/product\/13732\/revisions"}],"wp:featuredmedia":[{"embeddable":true,"href":"https:\/\/agoravape.com\/pl\/wp-json\/wp\/v2\/media\/13757"}],"wp:attachment":[{"href":"https:\/\/agoravape.com\/pl\/wp-json\/wp\/v2\/media?parent=13732"}],"wp:term":[{"taxonomy":"product_brand","embeddable":true,"href":"https:\/\/agoravape.com\/pl\/wp-json\/wp\/v2\/product_brand?post=13732"},{"taxonomy":"product_cat","embeddable":true,"href":"https:\/\/agoravape.com\/pl\/wp-json\/wp\/v2\/product_cat?post=13732"},{"taxonomy":"product_tag","embeddable":true,"href":"https:\/\/agoravape.com\/pl\/wp-json\/wp\/v2\/product_tag?post=13732"}],"curies":[{"name":"wp","href":"https:\/\/api.w.org\/{rel}","templated":true}]}}