{"id":13762,"date":"2025-10-11T21:27:21","date_gmt":"2025-10-11T13:27:21","guid":{"rendered":"https:\/\/green-grasshopper-921422.hostingersite.com\/?post_type=product&#038;p=13762"},"modified":"2026-01-19T22:07:25","modified_gmt":"2026-01-19T14:07:25","slug":"fihp-15000-puffs-wyswietlacz-led-vape","status":"publish","type":"product","link":"https:\/\/agoravape.com\/pl\/product\/fihp-15000-puffs-led-display-vape\/","title":{"rendered":"FIHP 15000 Puffs Wy\u015bwietlacz LED Jednorazowe Vape | Big Puffs. Wyra\u017any wy\u015bwietlacz. Bez zamieszania"},"content":{"rendered":"<h2 data-v-md-heading=\"what-about-disposable-vapes-with-fihp-15000-led-display-screens\" data-v-md-line=\"3\"><\/h2>\n<h2 data-v-md-heading=\"what-about-disposable-vapes-with-fihp-15000-led-display-screens\" data-v-md-line=\"3\">A co z jednorazowymi waporyzatorami z wy\u015bwietlaczami LED FIHP 15000?<\/h2>\n<p data-v-md-line=\"4\">Je\u015bli jeste\u015b zm\u0119czony jednorazowymi waporyzatorami, kt\u00f3re zu\u017cywaj\u0105 si\u0119, gdy s\u0105 najbardziej potrzebne, to z pewno\u015bci\u0105 zechcesz przyjrze\u0107 si\u0119 temu produktowi. Jednorazowy waporyzator FIHP z 15000-portowym wy\u015bwietlaczem LED zosta\u0142 zaprojektowany z my\u015bl\u0105 o d\u0142ugotrwa\u0142ym u\u017cytkowaniu. Jest \u0142atwy w obs\u0142udze, niezawodny w dzia\u0142aniu, doskona\u0142y w smaku i nie wymaga \u017cadnej obs\u0142ugi.<\/p>\n<p data-v-md-line=\"6\">Dla ka\u017cdego, kto chce du\u017cej pojemno\u015bci i \u0142atwego w u\u017cyciu jednorazowego waporyzatora, ten produkt jest najlepszym wyborem. Nie ma potrzeby u\u017cywania przycisk\u00f3w, menu, wystarczy delikatne ssanie. Mo\u017ce si\u0119 wydawa\u0107, \u017ce waporyzator o tak du\u017cej pojemno\u015bci jest niepor\u0119czny, ale o dziwo jest on bardzo przyst\u0119pny cenowo.<\/p>\n<h2 data-v-md-heading=\"excellent-performance-no-need-for-any-operation\" data-v-md-line=\"8\">Doskona\u0142a wydajno\u015b\u0107, brak konieczno\u015bci wykonywania jakichkolwiek operacji<\/h2>\n<p data-v-md-line=\"9\">Siatkowa cewka utrzymuje czysty i sp\u00f3jny smak od pierwszego do ostatniego \u0142yku. Przez tydzie\u0144 u\u017cytkowania nie b\u0119dzie wyczuwalny zapach spalenizny. Akumulator o pojemno\u015bci 650 mAh w po\u0142\u0105czeniu z interfejsem typu C umo\u017cliwia wygodne \u0142adowanie telefonu za pomoc\u0105 kabla do \u0142adowania. Wy\u015bwietlacz LED jest czytelny na pierwszy rzut oka, dzi\u0119ki czemu zawsze masz kontrol\u0119 nad wszystkim.<\/p>\n<h2 data-v-md-heading=\"specification-overview\" data-v-md-line=\"11\">Przegl\u0105d specyfikacji<\/h2>\n<ul data-v-md-line=\"12\">\n<li>Cz\u0119stotliwo\u015b\u0107 ssania: do 15000 razy<\/li>\n<li>Zawarto\u015b\u0107 nikotyny: 2%. Marki prywatne mog\u0105 korzysta\u0107 ze zni\u017cki 5%, ale musz\u0105 by\u0107 zgodne z lokalnymi przepisami.<\/li>\n<li>Zasada dzia\u0142ania: Aktywowany przez wdychanie<\/li>\n<li>\u0141adowanie: Standardowy interfejs USB typu C<\/li>\n<li>Status: Gotowy do u\u017cycia od razu po wyj\u0119ciu z pude\u0142ka<\/li>\n<\/ul>\n<p data-v-md-line=\"18\">Inne szczeg\u00f3\u0142y:<\/p>\n<ul data-v-md-line=\"19\">\n<li>Cewka: Cewka siatkowa<\/li>\n<li>Pojemno\u015b\u0107 e-liquidu: 22 mililitry<\/li>\n<li>Bateria: 650 mAh<\/li>\n<li>Funkcja: Ekran wy\u015bwietlacza LED<\/li>\n<\/ul>\n<h2 data-v-md-heading=\"full-range-of-flavors\" data-v-md-line=\"25\">Pe\u0142na gama smak\u00f3w<\/h2>\n<ul data-v-md-line=\"26\">\n<li>Mr. Blue<\/li>\n<li>Niebieskie lodowisko<\/li>\n<li>Arbuzowy l\u00f3d<\/li>\n<li>Napoje energetyczne<\/li>\n<li>Lody winogronowe<\/li>\n<li>Brzoskwiniowy l\u00f3d<\/li>\n<li>Kiwi, marakuja, guawa<\/li>\n<li>Truskawka kiwi<\/li>\n<li>Brzoskwinia, mango, ananas<\/li>\n<li>Truskawka, malina, wi\u015bnia<\/li>\n<\/ul>\n<h2 data-v-md-heading=\"for-you-for-your-business\" data-v-md-line=\"37\">Dla Ciebie, dla Twojej firmy<\/h2>\n<p data-v-md-line=\"38\">Mo\u017cesz wybiera\u0107 bez obaw, a tak\u017ce bez obaw dokonywa\u0107 zakup\u00f3w na swoje p\u00f3\u0142ki. Oferujemy opakowania hurtowe po 200 sztuk w pude\u0142ku, co pozwala mie\u0107 pod r\u0119k\u0105 popularne smaki w dowolnym momencie bez konieczno\u015bci cz\u0119stego uzupe\u0142niania zapas\u00f3w. Wsp\u00f3\u0142pracujemy z zaufanymi partnerami, takimi jak UPS, DPD i DHL, aby wysy\u0142a\u0107 za pomoc\u0105 Duty Paid Delivery (DDP), co oznacza, \u017ce nie musisz p\u0142aci\u0107 c\u0142a i nie napotkasz \u017cadnych nieoczekiwanych sytuacji w urz\u0119dzie celnym.<\/p>\n<h2 data-v-md-heading=\"why-do-you-like-it\" data-v-md-line=\"40\">Dlaczego to lubisz?<\/h2>\n<ul data-v-md-line=\"41\">\n<li>Du\u017ca pojemno\u015b\u0107 do palenia: trwa\u0142e i d\u0142ugotrwa\u0142e, nie ma potrzeby cz\u0119stego kupowania nowych papieros\u00f3w<\/li>\n<li>Wyb\u00f3r st\u0119\u017cenia nikotyny: Wybierz st\u0119\u017cenie, kt\u00f3re odpowiada Twojemu rynkowi lub preferencjom<\/li>\n<li>Mo\u017cliwo\u015b\u0107 \u0142adowania: Mo\u017cna u\u017cywa\u0107 wszystkich zakupionych e-liquid\u00f3w<\/li>\n<li>Siatkowy rdze\u0144 rozpylaj\u0105cy: zapewnia stabilny i d\u0142ugotrwa\u0142y smak za ka\u017cdym razem<\/li>\n<li>Ekran wy\u015bwietlacza LED: przejrzysty status na pierwszy rzut oka, umo\u017cliwiaj\u0105cy \u015bledzenie bie\u017c\u0105cego statusu w dowolnym momencie<\/li>\n<\/ul>\n<h2 data-v-md-heading=\"why-choose-agoravape\" data-v-md-line=\"47\">Dlaczego warto wybra\u0107 AgoraVape?<\/h2>\n<p data-v-md-line=\"48\">Sprzedajemy tylko oryginalne produkty 100% i nie mamy co do tego w\u0105tpliwo\u015bci. W przypadku klient\u00f3w komercyjnych mo\u017cesz otrzyma\u0107 bardzo konkurencyjne ceny hurtowe, niezawodne wsparcie oraz szybkie i niezawodne us\u0142ugi wysy\u0142ki jednorazowych vape z wy\u015bwietlaczem LED FIHP 15000. Je\u015bli chcesz kupi\u0107 urz\u0105dzenie, kt\u00f3re Twoi klienci naprawd\u0119 doceni\u0105, skontaktuj si\u0119 z nami.<\/p>","protected":false},"excerpt":{"rendered":"<p>What about disposable vapes with FIHP 15000 LED display screens? If you are tired of disposable vapes that are used<\/p>","protected":false},"featured_media":13784,"comment_status":"open","ping_status":"closed","template":"","meta":[],"product_brand":[209],"product_cat":[124,185,1635,189,176,136,174,175,193,191,173,186,180,190,192],"product_tag":[],"class_list":{"0":"post-13762","1":"product","2":"type-product","3":"status-publish","4":"has-post-thumbnail","6":"product_brand-fihp","7":"product_cat-vape-by-brand","8":"product_cat-10000-puffs-high-capacity","9":"product_cat-15000-puffs","10":"product_cat-20mg-standard-nicotine-vapes","11":"product_cat-beverage","12":"product_cat-fihp","13":"product_cat-fruit-flavors","14":"product_cat-icy-mint","15":"product_cat-mesh-coil","16":"product_cat-rechargeable-disposables","17":"product_cat-vape-by-flavor-profile","18":"product_cat-vape-by-nicotine-strength","19":"product_cat-vape-by-puff-count","20":"product_cat-vape-by-feature-or-type","21":"product_cat-vapes-with-screens","23":"first","24":"onbackorder","25":"shipping-taxable","26":"purchasable","27":"product-type-variable","28":"has-default-attributes"},"tiered_pricing_type":"percentage","tiered_pricing_fixed_rules":[],"tiered_pricing_product_settings":{"layout":"default","base_unit_name":{"singular":null,"plural":null},"default_variation":null},"tiered_pricing_minimum_quantity":10,"tiered_pricing_roles_data":[],"tiered_pricing_percentage_rules":{"50":"35","100":"40","200":"44","500":"47","1000":"49"},"tiered_pricing_maximum_quantity":null,"tiered_pricing_quantity_step":"10","_links":{"self":[{"href":"https:\/\/agoravape.com\/pl\/wp-json\/wp\/v2\/product\/13762","targetHints":{"allow":["GET"]}}],"collection":[{"href":"https:\/\/agoravape.com\/pl\/wp-json\/wp\/v2\/product"}],"about":[{"href":"https:\/\/agoravape.com\/pl\/wp-json\/wp\/v2\/types\/product"}],"replies":[{"embeddable":true,"href":"https:\/\/agoravape.com\/pl\/wp-json\/wp\/v2\/comments?post=13762"}],"version-history":[{"count":0,"href":"https:\/\/agoravape.com\/pl\/wp-json\/wp\/v2\/product\/13762\/revisions"}],"wp:featuredmedia":[{"embeddable":true,"href":"https:\/\/agoravape.com\/pl\/wp-json\/wp\/v2\/media\/13784"}],"wp:attachment":[{"href":"https:\/\/agoravape.com\/pl\/wp-json\/wp\/v2\/media?parent=13762"}],"wp:term":[{"taxonomy":"product_brand","embeddable":true,"href":"https:\/\/agoravape.com\/pl\/wp-json\/wp\/v2\/product_brand?post=13762"},{"taxonomy":"product_cat","embeddable":true,"href":"https:\/\/agoravape.com\/pl\/wp-json\/wp\/v2\/product_cat?post=13762"},{"taxonomy":"product_tag","embeddable":true,"href":"https:\/\/agoravape.com\/pl\/wp-json\/wp\/v2\/product_tag?post=13762"}],"curies":[{"name":"wp","href":"https:\/\/api.w.org\/{rel}","templated":true}]}}