{"id":13996,"date":"2025-10-12T13:27:58","date_gmt":"2025-10-12T05:27:58","guid":{"rendered":"https:\/\/green-grasshopper-921422.hostingersite.com\/?post_type=product&#038;p=13996"},"modified":"2026-01-19T22:07:00","modified_gmt":"2026-01-19T14:07:00","slug":"fumud-12k-puff-wskaznik-mocy-vape","status":"publish","type":"product","link":"https:\/\/agoravape.com\/pl\/product\/fumud-12k-puffs-power-indicator-vape\/","title":{"rendered":"Jednorazowy waporyzator Fumud 12K Puffs ze wska\u017anikiem mocy | Prosty spos\u00f3b na d\u0142ugotrwa\u0142y smak"},"content":{"rendered":"<h2 data-v-md-heading=\"what-about-the-fumud-12k-disposable-vape-with-battery-indicator-light\" data-v-md-line=\"3\">A co z jednorazowym vape Fumud 12K ze wska\u017anikiem na\u0142adowania baterii?<\/h2>\n<p data-v-md-line=\"4\">Je\u015bli jeste\u015b zm\u0119czony jednorazowymi waporyzatorami, kt\u00f3re szybko zu\u017cywaj\u0105 energi\u0119, to warto przyjrze\u0107 si\u0119 temu produktowi. Fumud 12K ma zdolno\u015b\u0107 zasysania do 12000 razy i jest wyposa\u017cony w wyra\u017ane wska\u017aniki baterii i e-liquidu z przodu, dzi\u0119ki czemu w ka\u017cdej chwili mo\u017cesz by\u0107 informowany o aktualnym stanie. Nie trzeba zgadywa\u0107 i nie b\u0119dzie nieoczekiwanego zasysania na sucho.<\/p>\n<p data-v-md-line=\"6\">Jest odpowiedni dla ka\u017cdego, kto chce niezawodnego, pysznego i bezwysi\u0142kowego wapowania. Wdech w celu aktywacji. \u0141adowanie przez interfejs typu C. Od pierwszego do ostatniego \u0142yku, mo\u017cesz cieszy\u0107 si\u0119 czystym smakiem dzi\u0119ki cewce siatkowej. Prosty i \u0142atwy do zrozumienia.<\/p>\n<h2 data-v-md-heading=\"excellent-performance-without-any-complexity\" data-v-md-line=\"8\">Doskona\u0142a wydajno\u015b\u0107 bez z\u0142o\u017cono\u015bci<\/h2>\n<p data-v-md-line=\"9\">Siatkowa cewka jest rdzeniem Fumud 12K. Dlatego ka\u017cdy k\u0119s zapewnia sp\u00f3jny i g\u0142adki smak. Gdy poziom na\u0142adowania baterii jest niski, mo\u017cesz u\u017cy\u0107 kabla do transmisji danych typu C, kt\u00f3ry mo\u017cesz ju\u017c mie\u0107 do pod\u0142\u0105czenia. Kontrolki baterii i paliwa na ekranie informuj\u0105 o konieczno\u015bci na\u0142adowania i niskim poziomie e-liquidu. Mo\u017ce si\u0119 wydawa\u0107, \u017ce jednorazowe papierosy z du\u017cym ustnikiem mog\u0105 by\u0107 k\u0142opotliwe, ale ten produkt jest bardzo prosty i \u0142atwy w u\u017cyciu.<\/p>\n<h2 data-v-md-heading=\"specification-introduction\" data-v-md-line=\"11\">Wprowadzenie do specyfikacji<\/h2>\n<ul data-v-md-line=\"12\">\n<li>Cz\u0119stotliwo\u015b\u0107 ssania: do 12000 razy<\/li>\n<li>Zawarto\u015b\u0107 nikotyny: 2% (20 mg\/ml), spe\u0142nia normy TPD<\/li>\n<li>Zasada dzia\u0142ania: Aktywowany przez wdychanie<\/li>\n<li>\u0141adowanie: Standardowy interfejs USB typu C<\/li>\n<li>Status: Gotowy do u\u017cycia od razu po wyj\u0119ciu z pude\u0142ka<\/li>\n<li>Pojemno\u015b\u0107 e-liquidu: 20 mililitr\u00f3w<\/li>\n<li>Atomization Core: Mesh Atomization Core<\/li>\n<li>Bateria: akumulator o pojemno\u015bci 500 mAh<\/li>\n<li>Wska\u017aniki: poziom baterii na ekranie i poziom e-cieczy<\/li>\n<li>Opakowanie: 10 sztuk w pude\u0142ku ekspozycyjnym, 200 sztuk w pude\u0142ku<\/li>\n<\/ul>\n<h2 data-v-md-heading=\"full-range-of-flavors\" data-v-md-line=\"23\">Pe\u0142na gama smak\u00f3w<\/h2>\n<ul data-v-md-line=\"24\">\n<li>Smak truskawkowy i arbuzowy<\/li>\n<li>Smak wody jagodowej i cytrynowej<\/li>\n<li>Kiwi, marakuja, aromat guawy<\/li>\n<li>Mro\u017cony smak jagodowy<\/li>\n<li>Smak lodu winogronowego<\/li>\n<li>Smak wi\u015bniowej coli<\/li>\n<li>Arbuzowy smak lodowy<\/li>\n<li>Mieszany smak jagodowy<\/li>\n<li>R\u00f3\u017cowy smak wody cytrynowej<\/li>\n<li>Brzoskwiniowy smak lodu<\/li>\n<li>Smak lod\u00f3w<\/li>\n<li>Woda cytrynowa o smaku jagodowym<\/li>\n<li>Truskawka i banan<\/li>\n<li>Dr Lan<\/li>\n<li>Wi\u015bnia<\/li>\n<li>Dragon Fruit Ice<\/li>\n<li>Mi\u0142o\u015b\u0107 66<\/li>\n<li>Truskawkowy l\u00f3d<\/li>\n<li>Czarny l\u00f3d<\/li>\n<li>Vimto<\/li>\n<\/ul>\n<p data-v-md-line=\"45\">Szybko poznaj jej smak. Woda jagodowo-cytrynowa zapewnia s\u0142odko-kwa\u015bny smak. L\u00f3d arbuzowy zapewnia \u015bwie\u017co\u015b\u0107 i ch\u0142\u00f3d, ale nie jest zbyt mocny. Mieszanka jag\u00f3d ma soczysty i \u0142agodny smak.<\/p>\n<h2 data-v-md-heading=\"for-you-and-your-business\" data-v-md-line=\"47\">Dla Ciebie i Twojego biznesu<\/h2>\n<p data-v-md-line=\"48\">Jednorazowy vape Fumud 12K ze wska\u017anikiem na\u0142adowania mo\u017cna kupi\u0107 osobno do u\u017cytku osobistego. Je\u015bli prowadzisz sklep, mo\u017cesz kupi\u0107 pude\u0142ko ekspozycyjne na 10 opakowa\u0144 lub pude\u0142ko kartonowe na 200 opakowa\u0144. \u015awiadczymy us\u0142ugi dostawy op\u0142aconej podatkiem na terenie Europy za po\u015brednictwem zaufanych przewo\u017anik\u00f3w, takich jak UPS, DPD i DHL, zapewniaj\u0105c, \u017ce zam\u00f3wienie dotrze po op\u0142aceniu podatku i unikni\u0119ciu wypadk\u00f3w celnych.<\/p>\n<p data-v-md-line=\"50\">Potrzebujemy stabilnego \u017ar\u00f3d\u0142a towar\u00f3w. Pomo\u017cemy Ci zaplanowa\u0107 uzupe\u0142nianie zapas\u00f3w i stale aktualizowa\u0107 smaki, aby Twoje p\u00f3\u0142ki by\u0142y \u015bwie\u017ce.<\/p>\n<h2 data-v-md-heading=\"why-do-you-like-it\" data-v-md-line=\"52\">Dlaczego to lubisz?<\/h2>\n<ul data-v-md-line=\"53\">\n<li>Du\u017ca pojemno\u015b\u0107: d\u0142u\u017csza \u017cywotno\u015b\u0107 baterii, brak konieczno\u015bci cz\u0119stego kupowania nowych wk\u0142ad\u00f3w.<\/li>\n<li>Wyra\u017any wska\u017anik na\u0142adowania baterii: informuje o konieczno\u015bci na\u0142adowania baterii i zmniejsza ryzyko jej roz\u0142adowania.<\/li>\n<li>Mo\u017cliwo\u015b\u0107 \u0142adowania: Mo\u017cna u\u017cywa\u0107 wszystkich zakupionych e-liquid\u00f3w.<\/li>\n<li>Siatkowa cewka: Zapewnia stabilny i bogaty smak za ka\u017cdym razem.<\/li>\n<li>Nikotyna 2% spe\u0142niaj\u0105ca normy TPD: Jest to znana atrakcja dla doros\u0142ych u\u017cytkownik\u00f3w vape, kt\u00f3rzy preferuj\u0105 silniejsze uczucie w gardle.<\/li>\n<\/ul>\n<h2 data-v-md-heading=\"why-choose-to-collaborate-with-agoravape\" data-v-md-line=\"59\">Dlaczego warto zdecydowa\u0107 si\u0119 na wsp\u00f3\u0142prac\u0119 z AgoraVape?<\/h2>\n<p data-v-md-line=\"60\">Sprzedajemy tylko oryginalne urz\u0105dzenia Fumud 100%. Mo\u017cesz cieszy\u0107 si\u0119 konkurencyjnymi cenami hurtowymi, prostymi warunkami i szybkim wsparciem. Zam\u00f3wienia mog\u0105 by\u0107 szybko wysy\u0142ane za po\u015brednictwem DDP przez UPS, DPD i DHL. Przestrzegamy przepis\u00f3w UE, w tym weryfikacji wieku i limit\u00f3w nikotyny. P\u0142atno\u015bci s\u0105 bezpieczne i niezawodne, a towary mo\u017cna \u015bledzi\u0107 przez ca\u0142y proces. Skontaktuj si\u0119 z naszym zespo\u0142em, Twoi klienci, kt\u00f3rzy dokonaj\u0105 zakupu, naprawd\u0119 doceni\u0105 Tw\u00f3j produkt.<\/p>","protected":false},"excerpt":{"rendered":"<p>&nbsp;<\/p>\n<p><script src=\"chrome-extension:\/\/fpelahbljekknahkcaegamhcndkfpfnc\/iFrame.js\" type=\"text\/javascript\"><\/script><\/p>\n<p><script src=\"chrome-extension:\/\/fpelahbljekknahkcaegamhcndkfpfnc\/iFrame.js\" type=\"text\/javascript\"><\/script><\/p>\n<p><script src=\"chrome-extension:\/\/fpelahbljekknahkcaegamhcndkfpfnc\/iFrame.js\" type=\"text\/javascript\"><\/script><\/p>","protected":false},"featured_media":14026,"comment_status":"open","ping_status":"closed","template":"","meta":[],"product_brand":[210],"product_cat":[124,185,189,137,176,177,174,175,193,191,179,173,186,180,190,192],"product_tag":[],"class_list":{"0":"post-13996","1":"product","2":"type-product","3":"status-publish","4":"has-post-thumbnail","6":"product_brand-airmez","7":"product_cat-vape-by-brand","8":"product_cat-10000-puffs-high-capacity","9":"product_cat-20mg-standard-nicotine-vapes","10":"product_cat-airmez","11":"product_cat-beverage","12":"product_cat-dessert-sweets","13":"product_cat-fruit-flavors","14":"product_cat-icy-mint","15":"product_cat-mesh-coil","16":"product_cat-rechargeable-disposables","17":"product_cat-unique-blends","18":"product_cat-vape-by-flavor-profile","19":"product_cat-vape-by-nicotine-strength","20":"product_cat-vape-by-puff-count","21":"product_cat-vape-by-feature-or-type","22":"product_cat-vapes-with-screens","24":"first","25":"onbackorder","26":"shipping-taxable","27":"purchasable","28":"product-type-variable","29":"has-default-attributes"},"tiered_pricing_type":"percentage","tiered_pricing_fixed_rules":[],"tiered_pricing_product_settings":{"layout":"default","base_unit_name":{"singular":null,"plural":null},"default_variation":null},"tiered_pricing_minimum_quantity":10,"tiered_pricing_roles_data":[],"tiered_pricing_percentage_rules":{"30":"29","50":"35","100":"40","200":"44","500":"47","1000":"49"},"tiered_pricing_maximum_quantity":null,"tiered_pricing_quantity_step":"10","_links":{"self":[{"href":"https:\/\/agoravape.com\/pl\/wp-json\/wp\/v2\/product\/13996","targetHints":{"allow":["GET"]}}],"collection":[{"href":"https:\/\/agoravape.com\/pl\/wp-json\/wp\/v2\/product"}],"about":[{"href":"https:\/\/agoravape.com\/pl\/wp-json\/wp\/v2\/types\/product"}],"replies":[{"embeddable":true,"href":"https:\/\/agoravape.com\/pl\/wp-json\/wp\/v2\/comments?post=13996"}],"version-history":[{"count":0,"href":"https:\/\/agoravape.com\/pl\/wp-json\/wp\/v2\/product\/13996\/revisions"}],"wp:featuredmedia":[{"embeddable":true,"href":"https:\/\/agoravape.com\/pl\/wp-json\/wp\/v2\/media\/14026"}],"wp:attachment":[{"href":"https:\/\/agoravape.com\/pl\/wp-json\/wp\/v2\/media?parent=13996"}],"wp:term":[{"taxonomy":"product_brand","embeddable":true,"href":"https:\/\/agoravape.com\/pl\/wp-json\/wp\/v2\/product_brand?post=13996"},{"taxonomy":"product_cat","embeddable":true,"href":"https:\/\/agoravape.com\/pl\/wp-json\/wp\/v2\/product_cat?post=13996"},{"taxonomy":"product_tag","embeddable":true,"href":"https:\/\/agoravape.com\/pl\/wp-json\/wp\/v2\/product_tag?post=13996"}],"curies":[{"name":"wp","href":"https:\/\/api.w.org\/{rel}","templated":true}]}}