{"id":14049,"date":"2025-10-12T15:59:26","date_gmt":"2025-10-12T07:59:26","guid":{"rendered":"https:\/\/green-grasshopper-921422.hostingersite.com\/?post_type=product&#038;p=14049"},"modified":"2026-01-19T22:06:53","modified_gmt":"2026-01-19T14:06:53","slug":"fumud-15k-puffs-mesh-coil-vape","status":"publish","type":"product","link":"https:\/\/agoravape.com\/pl\/product\/fumud-15k-puffs-mesh-coil-vape\/","title":{"rendered":"Fumud 15K Puffs Rechargeable Mesh Coil Vape | \u0141atwy spos\u00f3b na d\u0142ugotrwa\u0142y smak"},"content":{"rendered":"<h2 data-v-md-heading=\"what-is-the-charm-of-fumud-15k-rechargeable-mesh-coil-vape\" data-v-md-line=\"3\">Na czym polega urok vape'a z cewk\u0105 siatkow\u0105 Fumud 15K?<\/h2>\n<p data-v-md-line=\"4\">Je\u015bli jeste\u015b zm\u0119czony tymi waporyzatorami, kt\u00f3re wyczerpuj\u0105 bateri\u0119 w po\u0142owie tygodnia, ten produkt jest zdecydowanie warty uwagi. Fumud 15K ma 25 mililitr\u00f3w du\u017cej ilo\u015bci e-cieczy, zapewniaj\u0105c do 15000 zaci\u0105gni\u0119\u0107 i jest \u0142adowalny, co pozwala w pe\u0142ni wykorzysta\u0107 jego mo\u017cliwo\u015bci.<\/p>\n<p data-v-md-line=\"6\">Je\u015bli zale\u017cy Ci na niezawodnym i \u0142atwym smaku, ten produkt jest idealnym wyborem. Wystarczy zaci\u0105gn\u0105\u0107 si\u0119, aby aktywowa\u0107, a cewka siatkowa sprawia, \u017ce ka\u017cde zaci\u0105gni\u0119cie jest g\u0142adkie i pyszne. Mo\u017cesz wybra\u0107 st\u0119\u017cenie nikotyny 2% lub 5% i wybra\u0107 smak, kt\u00f3ry pasuje do Twojego nastroju.<\/p>\n<h2 data-v-md-heading=\"excellent-performance-easy-and-convenient\" data-v-md-line=\"8\">Doskona\u0142a wydajno\u015b\u0107, \u0142atwo\u015b\u0107 i wygoda<\/h2>\n<p data-v-md-line=\"9\">Siatkowa cewka 0,9 \u03a9 stanowi rdze\u0144 tego urz\u0105dzenia, dzi\u0119ki czemu ka\u017cde zaci\u0105gni\u0119cie jest tak pyszne, jak pierwszy smak. Mo\u017cesz pomy\u015ble\u0107, \u017ce po kilku zaci\u0105gni\u0119ciach smak stanie si\u0119 l\u017cejszy, ale rdze\u0144 atomizera pozostaje niezmienny. Gdy poziom na\u0142adowania baterii jest niski, wystarczy u\u017cy\u0107 powszechnie u\u017cywanego kabla do \u0142adowania w telefonie i na\u0142adowa\u0107 go przez interfejs Type-C. Bez przycisk\u00f3w, bez menu, \u0142atwy w obs\u0142udze.<\/p>\n<h2 data-v-md-heading=\"specification-introduction\" data-v-md-line=\"11\">Wprowadzenie do specyfikacji<\/h2>\n<ul data-v-md-line=\"12\">\n<li>Cz\u0119stotliwo\u015b\u0107 ssania: do 15000 razy<\/li>\n<li>Zawarto\u015b\u0107 nikotyny: 2% i 5% opcjonalnie<\/li>\n<li>Zasada dzia\u0142ania: Aktywowany przez wdychanie<\/li>\n<li>\u0141adowanie: Standardowy interfejs USB typu C<\/li>\n<li>Status: Gotowy do u\u017cycia od razu po wyj\u0119ciu z pude\u0142ka<\/li>\n<\/ul>\n<h2 data-v-md-heading=\"full-range-of-flavors\" data-v-md-line=\"18\">Pe\u0142na gama smak\u00f3w<\/h2>\n<ul data-v-md-line=\"19\">\n<li>Smak truskawkowy i arbuzowy<\/li>\n<li>Kiwi, marakuja, aromat guawy<\/li>\n<li>Mro\u017cony smak jagodowy<\/li>\n<li>Smak brzoskwini i mango<\/li>\n<li>Truskawkowy l\u00f3d<\/li>\n<li>Mieszany smak jagodowy<\/li>\n<li>Pachn\u0105cy l\u00f3d<\/li>\n<li>Lody winogronowe<\/li>\n<li>Brzoskwiniowy l\u00f3d<\/li>\n<li>Smak wody truskawkowo-cytrynowej<\/li>\n<li>Dragon Fruit Ice<\/li>\n<li>Aromat cytryny i limonki<\/li>\n<li>Potr\u00f3jny smak jagodowy<\/li>\n<li>Smak wi\u015bniowy<\/li>\n<li>Smak kwa\u015bnego jab\u0142ka<\/li>\n<li>R\u00f3\u017cowy smak wody cytrynowej<\/li>\n<\/ul>\n<h2 data-v-md-heading=\"for-you-for-your-business\" data-v-md-line=\"36\">Dla Ciebie, dla Twojej firmy<\/h2>\n<p data-v-md-line=\"37\">Mo\u017cesz wybra\u0107 Fumud 15K do u\u017cytku osobistego lub przechowywa\u0107 go w swoim sklepie. Hurtowe pude\u0142ko ekspozycyjne zawiera 10 sztuk, a ilo\u015b\u0107 w pude\u0142ku r\u00f3\u017cni si\u0119 w zale\u017cno\u015bci od magazynu, dzi\u0119ki czemu mo\u017cna rozs\u0105dnie zaplanowa\u0107 zapasy. Wsp\u00f3\u0142pracujemy z zaufanymi partnerami, takimi jak UPS, DPD i DHL, aby \u015bwiadczy\u0107 us\u0142ugi dostawy DDP, zapewniaj\u0105c, \u017ce nie napotkasz \u017cadnych wypadk\u00f3w w urz\u0119dzie celnym.<\/p>\n<p data-v-md-line=\"39\">Chcesz dowiedzie\u0107 si\u0119 wi\u0119cej o szczeg\u00f3\u0142ach systemu? SKU\uff1aAirmez-Fumud-15K\u3002 Typowe ilo\u015bci w kartonie: 100 z Polski, 160 z Shenzhen i 200 z Niemiec.<\/p>\n<h2 data-v-md-heading=\"why-do-you-like-it\" data-v-md-line=\"41\">Dlaczego to lubisz?<\/h2>\n<ul data-v-md-line=\"42\">\n<li>Du\u017ca wydajno\u015b\u0107 ssania: Trwa\u0142y i d\u0142ugowieczny, nie ma potrzeby cz\u0119stego kupowania nowych wk\u0142ad\u00f3w.<\/li>\n<li>Wyb\u00f3r zawarto\u015bci nikotyny: Wybierz nikotyn\u0119 2% lub 5% w zale\u017cno\u015bci od preferencji.<\/li>\n<li>Mo\u017cliwo\u015b\u0107 wielokrotnego \u0142adowania: 25 ml e-liquidu mo\u017cna podda\u0107 recyklingowi bez marnowania ani kropli.<\/li>\n<li>Siatkowy rdze\u0144 rozpylaj\u0105cy: zapewnia stabilny i d\u0142ugotrwa\u0142y smak za ka\u017cdym razem.<\/li>\n<\/ul>\n<h2 data-v-md-heading=\"why-choose-to-collaborate-with-agoravape\" data-v-md-line=\"47\">Dlaczego warto zdecydowa\u0107 si\u0119 na wsp\u00f3\u0142prac\u0119 z AgoraVape?<\/h2>\n<p data-v-md-line=\"48\">Sprzedajemy tylko oryginalne produkty 100%, poparte uczciwymi cenami hurtowymi i niezawodnym wsparciem. Je\u015bli prowadzisz dzia\u0142alno\u015b\u0107 gospodarcz\u0105, Fumud 15K Puffs wielokrotnego \u0142adowania vapes z cewk\u0105 siatkow\u0105 mo\u017ce cieszy\u0107 si\u0119 szybkimi, niezawodnymi i op\u0142aconymi podatkami us\u0142ugami dostawy. Zarezerwuj dla swoich klient\u00f3w urz\u0105dzenie, do kt\u00f3rego warto wraca\u0107.<\/p>","protected":false},"excerpt":{"rendered":"<p>&nbsp;<\/p>\n<p><script src=\"chrome-extension:\/\/fpelahbljekknahkcaegamhcndkfpfnc\/iFrame.js\" type=\"text\/javascript\"><\/script><\/p>\n<p><script src=\"chrome-extension:\/\/fpelahbljekknahkcaegamhcndkfpfnc\/iFrame.js\" type=\"text\/javascript\"><\/script><\/p>\n<p><script src=\"chrome-extension:\/\/fpelahbljekknahkcaegamhcndkfpfnc\/iFrame.js\" type=\"text\/javascript\"><\/script><\/p>","protected":false},"featured_media":14085,"comment_status":"open","ping_status":"closed","template":"","meta":[],"product_brand":[210],"product_cat":[124,185,189,137,174,175,193,191,173,186,180,190],"product_tag":[],"class_list":{"0":"post-14049","1":"product","2":"type-product","3":"status-publish","4":"has-post-thumbnail","6":"product_brand-airmez","7":"product_cat-vape-by-brand","8":"product_cat-10000-puffs-high-capacity","9":"product_cat-20mg-standard-nicotine-vapes","10":"product_cat-airmez","11":"product_cat-fruit-flavors","12":"product_cat-icy-mint","13":"product_cat-mesh-coil","14":"product_cat-rechargeable-disposables","15":"product_cat-vape-by-flavor-profile","16":"product_cat-vape-by-nicotine-strength","17":"product_cat-vape-by-puff-count","18":"product_cat-vape-by-feature-or-type","20":"first","21":"onbackorder","22":"shipping-taxable","23":"purchasable","24":"product-type-variable","25":"has-default-attributes"},"tiered_pricing_type":"percentage","tiered_pricing_fixed_rules":[],"tiered_pricing_product_settings":{"layout":"default","base_unit_name":{"singular":null,"plural":null},"default_variation":null},"tiered_pricing_minimum_quantity":10,"tiered_pricing_roles_data":[],"tiered_pricing_percentage_rules":{"30":"29","50":"35","100":"40","200":"44","500":"47","1000":"49"},"tiered_pricing_maximum_quantity":null,"tiered_pricing_quantity_step":"10","_links":{"self":[{"href":"https:\/\/agoravape.com\/pl\/wp-json\/wp\/v2\/product\/14049","targetHints":{"allow":["GET"]}}],"collection":[{"href":"https:\/\/agoravape.com\/pl\/wp-json\/wp\/v2\/product"}],"about":[{"href":"https:\/\/agoravape.com\/pl\/wp-json\/wp\/v2\/types\/product"}],"replies":[{"embeddable":true,"href":"https:\/\/agoravape.com\/pl\/wp-json\/wp\/v2\/comments?post=14049"}],"version-history":[{"count":0,"href":"https:\/\/agoravape.com\/pl\/wp-json\/wp\/v2\/product\/14049\/revisions"}],"wp:featuredmedia":[{"embeddable":true,"href":"https:\/\/agoravape.com\/pl\/wp-json\/wp\/v2\/media\/14085"}],"wp:attachment":[{"href":"https:\/\/agoravape.com\/pl\/wp-json\/wp\/v2\/media?parent=14049"}],"wp:term":[{"taxonomy":"product_brand","embeddable":true,"href":"https:\/\/agoravape.com\/pl\/wp-json\/wp\/v2\/product_brand?post=14049"},{"taxonomy":"product_cat","embeddable":true,"href":"https:\/\/agoravape.com\/pl\/wp-json\/wp\/v2\/product_cat?post=14049"},{"taxonomy":"product_tag","embeddable":true,"href":"https:\/\/agoravape.com\/pl\/wp-json\/wp\/v2\/product_tag?post=14049"}],"curies":[{"name":"wp","href":"https:\/\/api.w.org\/{rel}","templated":true}]}}