{"id":14104,"date":"2025-10-12T21:33:32","date_gmt":"2025-10-12T13:33:32","guid":{"rendered":"https:\/\/green-grasshopper-921422.hostingersite.com\/?post_type=product&#038;p=14104"},"modified":"2026-01-30T17:28:53","modified_gmt":"2026-01-30T09:28:53","slug":"aivono-aim-fatbear-80k-puffow-3-w-1-vape","status":"publish","type":"product","link":"https:\/\/agoravape.com\/pl\/product\/aivono-aim-fatbear-80k-puffs-3-in-1-vape\/","title":{"rendered":"Aivono Aim Fatbear 80K Puffs 3 w 1 Flavor Vape | Potr\u00f3jny smak. Ogromna \u017cywotno\u015b\u0107"},"content":{"rendered":"<h2 data-v-md-heading=\"what-is-the-charm-of-aivono-aim-fatbear-80k-vaping-three-in-one\" data-v-md-line=\"3\">Na czym polega urok waporyzatora Aivono Aim Fatbear 80K trzy w jednym?<\/h2>\n<p data-v-md-line=\"4\">Je\u015bli jeste\u015b zm\u0119czony jednorazowymi waporyzatorami, kt\u00f3re mo\u017cna zu\u017cy\u0107 w ci\u0105gu kilku dni, warto przyjrze\u0107 si\u0119 temu produktowi. Aivono Aim Fatbear to waporyzator o \u017cywotno\u015bci baterii do 80000 zaci\u0105gni\u0119\u0107, \u0142\u0105cz\u0105cy w sobie trzy smaki. Nie musisz si\u0119 wysila\u0107, po prostu we\u017a go do r\u0119ki i ciesz si\u0119 nim.<\/p>\n<p data-v-md-line=\"6\">Jest odpowiedni dla ka\u017cdego, kto chce \u0142atwo do\u015bwiadczy\u0107 wielu smak\u00f3w i ma doskona\u0142\u0105 wytrzyma\u0142o\u015b\u0107. Od pocz\u0105tku do ko\u0144ca mo\u017cesz cieszy\u0107 si\u0119 p\u0142ynnym ssaniem i bogatym smakiem. Mo\u017cna by pomy\u015ble\u0107, \u017ce waporyzatory o tak du\u017cej pojemno\u015bci b\u0119d\u0105 niepor\u0119czne, ale s\u0105 one zaskakuj\u0105co ma\u0142e, mierz\u0105c zaledwie 40 x 40 x 115 milimetr\u00f3w i z \u0142atwo\u015bci\u0105 mieszcz\u0105 si\u0119 w kieszeni.<\/p>\n<h2 data-v-md-heading=\"excellent-performance-easy-and-convenient\" data-v-md-line=\"8\">Doskona\u0142a wydajno\u015b\u0107, \u0142atwo\u015b\u0107 i wygoda<\/h2>\n<p data-v-md-line=\"9\">Podw\u00f3jna siatka 0,8 \u03a9 zapewnia czysty i sp\u00f3jny smak ka\u017cdego k\u0119sa. Szybko wch\u0142ania olej i ma d\u0142ugotrwa\u0142y zapach. Gdy bateria jest roz\u0142adowana, mo\u017cna j\u0105 na\u0142adowa\u0107 za pomoc\u0105 interfejsu typu C, a kabel do \u0142adowania mo\u017ce by\u0107 taki sam jak kabel do \u0142adowania telefonu. Bateria o pojemno\u015bci 650 mAh jest \u0142adowalna, dzi\u0119ki czemu mo\u017cna wykorzysta\u0107 ca\u0142e 58 mililitr\u00f3w e-liquidu. Ekran wy\u015bwietlacza LED umo\u017cliwia \u0142atwy podgl\u0105d stanu na pierwszy rzut oka.<\/p>\n<h2 data-v-md-heading=\"specification-introduction\" data-v-md-line=\"11\">Wprowadzenie do specyfikacji<\/h2>\n<ul data-v-md-line=\"12\">\n<li>Cz\u0119stotliwo\u015b\u0107 ssania: do 80000 razy<\/li>\n<li>Zawarto\u015b\u0107 nikotyny: 0%, 2%, 3%, 5%<\/li>\n<li>Zasada dzia\u0142ania: Aktywacja jednym zaci\u0105gni\u0119ciem<\/li>\n<li>\u0141adowanie: Standardowy interfejs USB typu C<\/li>\n<li>Status: Gotowy do u\u017cycia od razu po wyj\u0119ciu z pude\u0142ka<\/li>\n<\/ul>\n<h2 data-v-md-heading=\"full-flavor-series\" data-v-md-line=\"18\">Seria o pe\u0142nym smaku<\/h2>\n<ul data-v-md-line=\"19\">\n<li>Jagody, maliny, l\u00f3d cytrynowy i l\u00f3d ananasowy<\/li>\n<li>L\u00f3d truskawkowy+l\u00f3d arbuzowy+muzyka pop<\/li>\n<li>Mango Ice + Ananas Coconut + Brzoskwinia Ice<\/li>\n<li>Cherry soda ice+Coke ice+Melon ice<\/li>\n<li>Lody winogronowe+mi\u0119towe+truskawkowe<\/li>\n<li>Zielone jab\u0142ko (kwa\u015bne)+truskawka+banan+kwa\u015bne mango+ananas<\/li>\n<li>Mixed Berry+Strawberry Kiwi+Strawberry Watermelon<\/li>\n<li>Kiwi Passion Fruit+Love 66+Mango Ice<\/li>\n<li>L\u00f3d arbuzowy + owoc brzoskwiniowo-jagodowy + wi\u015bniowa cola<\/li>\n<li>Red Bull Energy+Truskawka+Arbuz+Cukier malinowy<\/li>\n<\/ul>\n<h2 data-v-md-heading=\"for-you-and-for-your-business-as-well\" data-v-md-line=\"30\">Dla Ciebie i dla Twojej firmy<\/h2>\n<p data-v-md-line=\"31\">Mo\u017cesz kupi\u0107 Aivono Aim Fatbear 80K trzy w jednym do u\u017cytku osobistego lub do swojego sklepu. Sprzeda\u017c hurtowa jest dostarczana w postaci 150 kartonowych pude\u0142ek o przejrzystych wymiarach u\u0142atwiaj\u0105cych obs\u0142ug\u0119. Zapewniamy us\u0142ugi dostawy DDP za po\u015brednictwem zaufanych partner\u00f3w, takich jak UPS, DPD i DHL, aby zapewni\u0107 szybkie otrzymanie towar\u00f3w i obs\u0142ug\u0119 celn\u0105 przed przybyciem. Zapobieganie wypadkom celnym.<\/p>\n<p data-v-md-line=\"33\">Przepisy r\u00f3\u017cni\u0105 si\u0119 w zale\u017cno\u015bci od kraju. Je\u015bli planujesz importowa\u0107 du\u017ce ilo\u015bci sprz\u0119tu, zapoznaj si\u0119 z lokalnymi przepisami. Sprzedajemy tylko oryginalne produkty Aivono, wi\u0119c mo\u017cesz kupowa\u0107 ze spokojem.<\/p>\n<h2 data-v-md-heading=\"the-reason-why-you-will-like-it\" data-v-md-line=\"35\">Pow\u00f3d, dla kt\u00f3rego Ci si\u0119 spodoba<\/h2>\n<ul data-v-md-line=\"36\">\n<li>Du\u017ca liczba ust: Trwa\u0142e i d\u0142ugowieczne, nie ma potrzeby cz\u0119stego kupowania nowych papieros\u00f3w.<\/li>\n<li>Wyb\u00f3r zawarto\u015bci nikotyny: Wybierz 0%, 2%, 3% lub 5% zgodnie ze swoimi przyzwyczajeniami.<\/li>\n<li>Mo\u017cliwo\u015b\u0107 wielokrotnego \u0142adowania: Ka\u017cda kropla zakupionego e-liquidu jest w pe\u0142ni wykorzystywana.<\/li>\n<li>Siatkowa cewka: Zawsze zapewnia sp\u00f3jny, bogaty smak.<\/li>\n<li>Potr\u00f3jny w jednym smaku: Wi\u0119cej mo\u017cliwo\u015bci wyboru bez konieczno\u015bci noszenia ze sob\u0105 wielu urz\u0105dze\u0144.<\/li>\n<\/ul>\n<h2 data-v-md-heading=\"why-collaborate-with-agoravape\" data-v-md-line=\"42\">Dlaczego warto wsp\u00f3\u0142pracowa\u0107 z AgoraVape?<\/h2>\n<p data-v-md-line=\"43\">Jeste\u015bmy jednym z najbardziej zaufanych dystrybutor\u00f3w vape w Europie i sprzedajemy tylko oryginalne produkty 100%. Dla nabywc\u00f3w komercyjnych oznacza to, \u017ce Aivono Aim Fatbear 80K trzy w jednym smaku vape oferuje obni\u017cone ceny hurtowe, szybk\u0105 obs\u0142ug\u0119 klienta i szybkie us\u0142ugi dostawy DDP. Skontaktuj si\u0119 z nami natychmiast, aby kupi\u0107 ten vape trzy w jednym, a Twoi klienci na pewno wr\u00f3c\u0105 ponownie.<\/p>","protected":false},"excerpt":{"rendered":"<p>&nbsp;<\/p>\n<p><script src=\"chrome-extension:\/\/fpelahbljekknahkcaegamhcndkfpfnc\/iFrame.js\" type=\"text\/javascript\"><\/script><\/p>\n<p><script src=\"chrome-extension:\/\/fpelahbljekknahkcaegamhcndkfpfnc\/iFrame.js\" type=\"text\/javascript\"><\/script><\/p>\n<p><script src=\"chrome-extension:\/\/fpelahbljekknahkcaegamhcndkfpfnc\/iFrame.js\" type=\"text\/javascript\"><\/script><\/p>\n<p><script src=\"chrome-extension:\/\/fpelahbljekknahkcaegamhcndkfpfnc\/iFrame.js\" type=\"text\/javascript\"><\/script><\/p>","protected":false},"featured_media":14131,"comment_status":"open","ping_status":"closed","template":"","meta":[],"product_brand":[211],"product_cat":[124,187,185,189,138,176,177,195,174,175,193,191,173,186,180,190,192],"product_tag":[],"class_list":{"0":"post-14104","1":"product","2":"type-product","3":"status-publish","4":"has-post-thumbnail","6":"product_brand-aivono","7":"product_cat-vape-by-brand","8":"product_cat-0mg-nicotine-free-vapes","9":"product_cat-10000-puffs-high-capacity","10":"product_cat-20mg-standard-nicotine-vapes","11":"product_cat-aivono","12":"product_cat-beverage","13":"product_cat-dessert-sweets","14":"product_cat-dual-flavor-switch","15":"product_cat-fruit-flavors","16":"product_cat-icy-mint","17":"product_cat-mesh-coil","18":"product_cat-rechargeable-disposables","19":"product_cat-vape-by-flavor-profile","20":"product_cat-vape-by-nicotine-strength","21":"product_cat-vape-by-puff-count","22":"product_cat-vape-by-feature-or-type","23":"product_cat-vapes-with-screens","25":"first","26":"instock","27":"shipping-taxable","28":"purchasable","29":"product-type-variable","30":"has-default-attributes"},"tiered_pricing_type":"percentage","tiered_pricing_fixed_rules":[],"tiered_pricing_product_settings":{"layout":"default","base_unit_name":{"singular":null,"plural":null},"default_variation":null},"tiered_pricing_minimum_quantity":10,"tiered_pricing_roles_data":[],"tiered_pricing_percentage_rules":{"30":"29","50":"35","100":"40","200":"44","500":"47","1000":"49"},"tiered_pricing_maximum_quantity":null,"tiered_pricing_quantity_step":"10","_links":{"self":[{"href":"https:\/\/agoravape.com\/pl\/wp-json\/wp\/v2\/product\/14104","targetHints":{"allow":["GET"]}}],"collection":[{"href":"https:\/\/agoravape.com\/pl\/wp-json\/wp\/v2\/product"}],"about":[{"href":"https:\/\/agoravape.com\/pl\/wp-json\/wp\/v2\/types\/product"}],"replies":[{"embeddable":true,"href":"https:\/\/agoravape.com\/pl\/wp-json\/wp\/v2\/comments?post=14104"}],"version-history":[{"count":0,"href":"https:\/\/agoravape.com\/pl\/wp-json\/wp\/v2\/product\/14104\/revisions"}],"wp:featuredmedia":[{"embeddable":true,"href":"https:\/\/agoravape.com\/pl\/wp-json\/wp\/v2\/media\/14131"}],"wp:attachment":[{"href":"https:\/\/agoravape.com\/pl\/wp-json\/wp\/v2\/media?parent=14104"}],"wp:term":[{"taxonomy":"product_brand","embeddable":true,"href":"https:\/\/agoravape.com\/pl\/wp-json\/wp\/v2\/product_brand?post=14104"},{"taxonomy":"product_cat","embeddable":true,"href":"https:\/\/agoravape.com\/pl\/wp-json\/wp\/v2\/product_cat?post=14104"},{"taxonomy":"product_tag","embeddable":true,"href":"https:\/\/agoravape.com\/pl\/wp-json\/wp\/v2\/product_tag?post=14104"}],"curies":[{"name":"wp","href":"https:\/\/api.w.org\/{rel}","templated":true}]}}